{"id":731,"date":"2019-02-10T03:16:36","date_gmt":"2019-02-10T03:16:36","guid":{"rendered":"http:\/\/esundy.nuclio.org\/?page_id=731"},"modified":"2025-05-29T11:01:40","modified_gmt":"2025-05-29T10:01:40","slug":"espaco-ciencia-e-historia-sundy","status":"publish","type":"page","link":"https:\/\/esundy.nuclio.org\/index.php\/no-principe\/espaco-ciencia-e-historia-sundy\/","title":{"rendered":"Espa\u00e7o Ci\u00eancia Sundy"},"content":{"rendered":"\r\n\r\n\r\n<p><img loading=\"lazy\" decoding=\"async\" class=\"alignnone wp-image-897 size-full\" src=\"https:\/\/esundy.nuclio.org\/wp-content\/uploads\/2019\/02\/1920_700_Espa\u00e7o-Ci\u00eancia-e-Hist\u00f3ria-Sundy.jpg\" alt=\"\" width=\"1920\" height=\"700\" srcset=\"https:\/\/esundy.nuclio.org\/wp-content\/uploads\/2019\/02\/1920_700_Espa\u00e7o-Ci\u00eancia-e-Hist\u00f3ria-Sundy.jpg 1920w, https:\/\/esundy.nuclio.org\/wp-content\/uploads\/2019\/02\/1920_700_Espa\u00e7o-Ci\u00eancia-e-Hist\u00f3ria-Sundy-300x109.jpg 300w, https:\/\/esundy.nuclio.org\/wp-content\/uploads\/2019\/02\/1920_700_Espa\u00e7o-Ci\u00eancia-e-Hist\u00f3ria-Sundy-768x280.jpg 768w, https:\/\/esundy.nuclio.org\/wp-content\/uploads\/2019\/02\/1920_700_Espa\u00e7o-Ci\u00eancia-e-Hist\u00f3ria-Sundy-1024x373.jpg 1024w\" sizes=\"auto, (max-width: 1920px) 100vw, 1920px\" \/><\/p>\r\n<h4><em>Cabe-nos guardar esse patrim\u00f3nio material e imaterial extraordin\u00e1rio, abri-lo e d\u00e1-lo a conhecer a todos quanto queiram assimil\u00e1-lo.\u00a0<\/em><\/h4>\r\n<p><em>\u00a0<\/em>Jo\u00e3o Cara\u00e7a in Carta de apoio \u00e0 iniciativa \u201cEddington na Sundy: 100 anos depois\u201d<\/p>\r\n<p>&nbsp;<\/p>\r\n<p>O Espa\u00e7o Ci\u00eancia Sundy (ECS) \u00e9 o legado f\u00edsico das observa\u00e7\u00f5es astron\u00f3micas que tiveram lugar na emblem\u00e1tica Ro\u00e7a Sundy.<\/p>\r\n\r\n\r\n\r\n<p>O Espa\u00e7o ir\u00e1 oferecer aos seus visitantes um conjunto de experi\u00eancias interativas e, em conex\u00e3o com a Natureza, permitir\u00e1 aos visitantes familiarizarem-se com a heran\u00e7a cient\u00edfica, a qual est\u00e1 associada com a hist\u00f3ria da Ro\u00e7a Sundy, mas tamb\u00e9m proporcionar\u00a0experi\u00eancias de aprendizagem cient\u00edficas\u00a0que envolvam o visitante na constru\u00e7\u00e3o de conhecimento cient\u00edfico.\u00a0 Dirige-se a curiosos entre 8 e 80 anos que residam ou visitem a ilha do Pr\u00edncipe, com especial interesse para o p\u00fablico escolar,\u00a0educadores, comunicadores e divulgadores de Ci\u00eancia.<\/p>\r\n\r\n\r\n\r\n\r\n\r\n\r\n\r\n<p>100 anos depois, as previs\u00f5es mais arrojadas de Einstein re\u00fanem-se no local onde Eddington registou informa\u00e7\u00e3o que contribuiu para fazer de Einstein uma celebridade.<\/p>\r\n<h4 dir=\"ltr\" data-placeholder=\"Tradu\u00e7\u00e3o\">\u00a0<\/h4>\r\n<h4 id=\"tw-target-text\" class=\"tw-data-text tw-ta tw-text-small\" dir=\"ltr\" data-placeholder=\"Tradu\u00e7\u00e3o\"><span lang=\"pt\" tabindex=\"0\"><br \/><\/span><strong>A escolha do local<\/strong><\/h4>\r\n<p>&nbsp;<\/p>\r\n\r\n\r\n\r\n<p>A Ro\u00e7a Sundy, enquanto patrim\u00f3nio edificado remonta ao s\u00e9c. XIX, tendo durante a sua hist\u00f3ria tornando-se emblem\u00e1tica tamb\u00e9m pela hist\u00f3ria cient\u00edfica, mas, principalmente, pela import\u00e2ncia na economia da ilha no que respeita \u00e0 produ\u00e7\u00e3o de cacau e caf\u00e9. Assim, integrado no ambiente e rentabilizando o patrim\u00f3nio industrial, ser\u00e3o recriadas neste espa\u00e7o cenas de \u00e9poca a partir da maquinaria existente no local, para que a Ci\u00eancia n\u00e3o se desligue da Hist\u00f3ria e do percurso da Ro\u00e7a nas suas diversas val\u00eancias.<\/p>\r\n<p>O local designado para constituir a parte edificada do ECS foi\u00a0em tempos secador de cacau e coco, denominado de secador el\u00e9trico ou como \u00e9 conhecido pela popula\u00e7\u00e3o local o &#8220;Museu Ferro-Ferro&#8221;. Data do final da quinta d\u00e9cada do S\u00e9c. XX e representa uma das fases de desenvolvimento da Ro\u00e7a, onde o conhecimento cient\u00edfico e tecnologias associadas eram aplicadas diretamente nas planta\u00e7\u00f5es, produ\u00e7\u00f5es da ilha.<\/p>\r\n\r\n\r\n\r\n<p>Ser\u00e1 composto por um espa\u00e7o f\u00edsico na Ro\u00e7a Sundy e um conjunto de Trilhos de Ci\u00eancia os quais ir\u00e3o culminar nesse local e no qual ser\u00e3o exploradas conex\u00f5es entre Ci\u00eancias do Mar, Ci\u00eancias da Terra e Ci\u00eancias do C\u00e9u.<\/p>\r\n<p>&nbsp;<\/p>\r\n<p>&nbsp;<\/p>\r\n\r\n\r\n\r\n\r\n\r\n\r\n\r\n<h4>Experi\u00eancia Ci\u00eancia e Hist\u00f3ria Sundy<\/h4>\r\n<p>&nbsp;<\/p>\r\n<p><span style=\"color: #333333;\">Percorrer os <strong>Trilhos da Ci\u00eancia<\/strong>\u00a0\u00e9 uma experi\u00eancia onde a Ci\u00eancia, Natureza e Cultura local se fundem num processo de\u00a0consciencializa\u00e7\u00e3o para assuntos especialmente relevantes no \u00e2mbito da ci\u00eancia e da cultura local. No Pr\u00edncipe esta experi\u00eancia torna-se \u00fanica pela riqueza da Biodiversidade e do contexto hist\u00f3rico e cultural da ilha.<\/span><\/p>\r\n<p><span style=\"color: #333333;\">Uma vers\u00e3o muito pequena de um <strong>interfer\u00f3metro<\/strong> permitir\u00e1 que os visitantes melhor compreendam a confirma\u00e7\u00e3o da Teoria de Einstein. Ser\u00e1 acompanhado de uma exposi\u00e7\u00e3o focada na original observa\u00e7\u00e3o da deflex\u00e3o da luz de Eddington, denominada\u00a0<span style=\"color: #33cccc;\">\u00a0<\/span><span style=\"color: #008080;\"><a style=\"color: #008080;\" href=\"http:\/\/www.fmsoares.pt\/iniciativas\/ilustra_iniciativas\/2009\/000739\/expo_sao_tome_2009\/\" target=\"_blank\" rel=\"noopener noreferrer\"><strong>A luz desviada pelo Sol<\/strong> <\/a><\/span>\u00a0que abrange as ideias b\u00e1sicas da relatividade geral e mec\u00e2nica qu\u00e2ntica.<\/span><\/p>\r\n<p><span style=\"color: #ff6600;\">\u00a0<\/span><span style=\"color: #333333;\">O ex-libris \u00e9 o <strong>planet\u00e1rio<\/strong> que est\u00e1 planeado para o Espa\u00e7o servir\u00e1 a popula\u00e7\u00e3o local e visitantes. Este projeto faz parte de\u00a0um plano de m\u00e9dio prazo que, estrategicamente faz uso da Astronomia como ferramenta para o desenvolvimento.<\/span><\/p>\r\n<p><span style=\"color: #333333;\">Al\u00e9m do j\u00e1 referido surgir\u00e3o no ECS\u00a0<strong>cenas\u00a0de \u00e9poca<\/strong> recorrendo a modelos que\u00a0 enquadrem historicamente o patrim\u00f3nio industrial a\u00ed existente. Esta interven\u00e7\u00e3o poder\u00e1 ser iniciada apenas ap\u00f3s a inaugura\u00e7\u00e3o do espa\u00e7o em Maio de 2019.<\/span><\/p>\r\n<h4 id=\"tw-target-text\" class=\"tw-data-text tw-ta tw-text-small\" dir=\"ltr\" data-placeholder=\"Tradu\u00e7\u00e3o\">\u00a0<\/h4>\r\n<h4 class=\"tw-data-text tw-ta tw-text-small\" dir=\"ltr\" data-placeholder=\"Tradu\u00e7\u00e3o\"><span lang=\"pt\" tabindex=\"0\"><br \/><\/span><strong>Miss\u00e3o<\/strong><\/h4>\r\n<p>&nbsp;<\/p>\r\n<p>O ECS pretende ser uma forma de marcar no local a liga\u00e7\u00e3o hist\u00f3rica com a Ci\u00eancia, salvaguardando o legado de um evento cient\u00edfico da maior import\u00e2ncia, al\u00e9m de permitir uma consolida\u00e7\u00e3o dos projetos e iniciativas desenvolvidas na ilha do Pr\u00edncipe relacionadas com este epis\u00f3dio hist\u00f3rico.<\/p>\r\n<p>Para isso, tem como objetivos:<\/p>\r\n\r\n\r\n\r\n\r\n\r\n\r\n\r\n<ul class=\"wp-block-list\">\r\n<li>Ser um espa\u00e7o ao servi\u00e7o da Educa\u00e7\u00e3o e das Escolas Do Pr\u00edncipe, na medida em que se pretende proporcionar experi\u00eancias de aprendizagem no \u00e2mbito das Ci\u00eancias;<\/li>\r\n<li>Ser o culminar dos Trilhos de Ci\u00eancia que t\u00eam sido desenvolvidos desde 2013 e por isso abranger p\u00fablicos-alvo com diferentes interesses e din\u00e2micas;<\/li>\r\n<li>Constituir um Espa\u00e7o, por excel\u00eancia, para a divulga\u00e7\u00e3o cient\u00edfica em educa\u00e7\u00e3o na ilha do Pr\u00edncipe e ser uma refer\u00eancia para pa\u00edses vizinhos;<\/li>\r\n<li>Fazer perdurar no tempo o legado hist\u00f3rico e cient\u00edfico das observa\u00e7\u00f5es astron\u00f3micas que a\u00ed tiveram lugar;<\/li>\r\n<li>Constituir uma atra\u00e7\u00e3o tur\u00edstica e um \u201ccart\u00e3o\u201d de visita na ilha do Pr\u00edncipe, em particular, na Ro\u00e7a Sundy.<\/li>\r\n<\/ul>\r\n<p>&nbsp;<\/p>\r\n<p>&nbsp;<\/p>\r\n<h4><strong>Para al\u00e9m de 2019<\/strong><\/h4>\r\n<p>&nbsp;<\/p>\r\n\r\n\r\n\r\n\r\n\r\n\r\n\r\n<p>A cria\u00e7\u00e3o do ECS enquadra-se no Plano do Desenvolvimento Sustent\u00e1vel Regional, que, por sua vez, est\u00e1 alinhando com os objetivos sustent\u00e1veis 2030, data prevista para que o ECS consiga manter um funcionamento sustent\u00e1vel.\u00a0<\/p>\r\n\r\n\r\n\r\n<p>A sustentabilidade do ECS ser\u00e1 assegurada por parcerias que permitam:<\/p>\r\n\r\n\r\n\r\n<ul>\r\n<li>Promover um programa educacional e de divulga\u00e7\u00e3o cient\u00edfica concertado internacionalmente que inclua a realiza\u00e7\u00e3o de escolas de Ver\u00e3o \/Inverno.<\/li>\r\n<li>Promover o turismo cient\u00edfico na ilha do Pr\u00edncipe.<\/li>\r\n<li>Assegurar o ECS ao servi\u00e7o da Educa\u00e7\u00e3o, no \u00e2mbito de experi\u00eancias de aprendizagem para alunos e na componente de forma\u00e7\u00e3o de professores.<\/li>\r\n<li>Atualizar conte\u00fados da exposi\u00e7\u00e3o e m\u00f3dulos interativos.<\/li>\r\n<li>Manter o ECS em termos de log\u00edstica, de recursos humanos e materiais.<\/li>\r\n<\/ul>\r\n<p>&nbsp;<\/p>\r\n<p>&nbsp;<\/p>\r\n<h4>Parceiros para a sustentabilidade<\/h4>\r\n<p>&nbsp;<\/p>\r\n\r\n\r\n\r\n<p>At\u00e9 ao momento temos confirmados os seguintes parceiros que apoiar\u00e3o o ECS:<\/p>\r\n<p><span style=\"color: #333333;\">Governo Regional do Pr\u00edncipe | HBD |Reserva da Biosfera da Ilha do Pr\u00edncipe |N\u00facleo Interativo de Astronomia (NUCLIO) | Grupo Lus\u00f3fono de Astronomia para o Desenvolvimento (PLOAD sigla em Ingl\u00eas) | Uni\u00e3o Astron\u00f3mica Internacional (UAI)\u00a0| Galileo Teacher Training Program (GTTP)\u00a0|Observat\u00f3rio Geof\u00edsico e Astron\u00f3mico da Universidade de Coimbra (OGA-UC) |<\/span><\/p>\r\n<p>Caso esteja interessado em fazer parte deste ambicioso projeto, contacte-nos eddingtonatsundy@gmail.com.\u00a0<\/p>\r\n<p>&nbsp;<\/p>\r\n<p>&nbsp;<\/p>\r\n<h4>Espa\u00e7o Ci\u00eancia Sundy em fotos<\/h4>\r\n<p>&nbsp;<\/p>\r\n\r\n<p>&nbsp;<\/p>\r\n<p>&nbsp;<\/p>\r\n<p>Atualiza\u00e7\u00e3o da exposi\u00e7\u00e3o A Luz desviada pelo Sol:<\/p>\r\n<p>\u00a0 \u00a0 \u00a0\u00a0<a href=\"http:\/\/www.lip.pt\/\"><img loading=\"lazy\" decoding=\"async\" class=\"wp-image-505 alignnone\" src=\"https:\/\/esundy.nuclio.org\/wp-content\/uploads\/2019\/01\/01-LIP-300x203.png\" alt=\"\" width=\"89\" height=\"60\" srcset=\"https:\/\/esundy.nuclio.org\/wp-content\/uploads\/2019\/01\/01-LIP-300x203.png 300w, https:\/\/esundy.nuclio.org\/wp-content\/uploads\/2019\/01\/01-LIP-768x520.png 768w, https:\/\/esundy.nuclio.org\/wp-content\/uploads\/2019\/01\/01-LIP.png 1000w\" sizes=\"auto, (max-width: 89px) 100vw, 89px\" \/><\/a>\u00a0 \u00a0 \u00a0 \u00a0 \u00a0 \u00a0 \u00a0 \u00a0 \u00a0 \u00a0<a href=\"http:\/\/www.spf.pt\/\"><img loading=\"lazy\" decoding=\"async\" class=\"alignnone wp-image-506\" src=\"https:\/\/esundy.nuclio.org\/wp-content\/uploads\/2019\/01\/02-SPF-300x155.jpg\" alt=\"\" width=\"134\" height=\"68\" srcset=\"https:\/\/esundy.nuclio.org\/wp-content\/uploads\/2019\/01\/02-SPF-300x155.jpg 300w, https:\/\/esundy.nuclio.org\/wp-content\/uploads\/2019\/01\/02-SPF.jpg 577w\" sizes=\"auto, (max-width: 134px) 100vw, 134px\" \/><\/a>\u00a0 \u00a0 \u00a0 \u00a0 \u00a0 \u00a0 <img loading=\"lazy\" decoding=\"async\" class=\"alignnone  wp-image-2009\" src=\"https:\/\/esundy.nuclio.org\/wp-content\/uploads\/2019\/05\/IPFN_color-300x125.png\" alt=\"\" width=\"184\" height=\"77\" srcset=\"https:\/\/esundy.nuclio.org\/wp-content\/uploads\/2019\/05\/IPFN_color-300x125.png 300w, https:\/\/esundy.nuclio.org\/wp-content\/uploads\/2019\/05\/IPFN_color.png 428w\" sizes=\"auto, (max-width: 184px) 100vw, 184px\" \/>\u00a0 \u00a0 \u00a0 \u00a0 \u00a0 \u00a0 \u00a0<a href=\"http:\/\/erc.europa.eu\/ \"><img loading=\"lazy\" decoding=\"async\" class=\"alignnone wp-image-507\" src=\"https:\/\/esundy.nuclio.org\/wp-content\/uploads\/2019\/01\/03-ERC-300x295.jpg\" alt=\"\" width=\"112\" height=\"110\" srcset=\"https:\/\/esundy.nuclio.org\/wp-content\/uploads\/2019\/01\/03-ERC-300x295.jpg 300w, https:\/\/esundy.nuclio.org\/wp-content\/uploads\/2019\/01\/03-ERC.jpg 329w\" sizes=\"auto, (max-width: 112px) 100vw, 112px\" \/><\/a><\/p>\r\n<p>&nbsp;<\/p>\r\n<p>Fundadores:<\/p>\r\n<p><img loading=\"lazy\" decoding=\"async\" class=\"alignnone  wp-image-2266\" src=\"https:\/\/esundy.nuclio.org\/wp-content\/uploads\/2019\/07\/Coat_of_arms_of_S\u00e3o_Tom\u00e9_and_Pr\u00edncipe.svg_-300x201.png\" alt=\"\" width=\"137\" height=\"91\" srcset=\"https:\/\/esundy.nuclio.org\/wp-content\/uploads\/2019\/07\/Coat_of_arms_of_S\u00e3o_Tom\u00e9_and_Pr\u00edncipe.svg_-300x201.png 300w, https:\/\/esundy.nuclio.org\/wp-content\/uploads\/2019\/07\/Coat_of_arms_of_S\u00e3o_Tom\u00e9_and_Pr\u00edncipe.svg_.png 512w\" sizes=\"auto, (max-width: 137px) 100vw, 137px\" \/>\u00a0 \u00a0 \u00a0 \u00a0 \u00a0 \u00a0 \u00a0 \u00a0 <img loading=\"lazy\" decoding=\"async\" class=\"alignnone  wp-image-209\" src=\"https:\/\/esundy.nuclio.org\/wp-content\/uploads\/2019\/01\/02-principe-300x146.jpg\" alt=\"\" width=\"187\" height=\"91\" srcset=\"https:\/\/esundy.nuclio.org\/wp-content\/uploads\/2019\/01\/02-principe-300x146.jpg 300w, https:\/\/esundy.nuclio.org\/wp-content\/uploads\/2019\/01\/02-principe.jpg 322w\" sizes=\"auto, (max-width: 187px) 100vw, 187px\" \/>\u00a0 \u00a0 \u00a0 \u00a0 \u00a0 \u00a0 \u00a0 \u00a0<img loading=\"lazy\" decoding=\"async\" class=\"alignnone size-medium wp-image-2267\" src=\"https:\/\/esundy.nuclio.org\/wp-content\/uploads\/2019\/07\/HBD-Pcp-logo-300x72.jpg\" alt=\"\" width=\"300\" height=\"72\" srcset=\"https:\/\/esundy.nuclio.org\/wp-content\/uploads\/2019\/07\/HBD-Pcp-logo-300x72.jpg 300w, https:\/\/esundy.nuclio.org\/wp-content\/uploads\/2019\/07\/HBD-Pcp-logo-768x184.jpg 768w, https:\/\/esundy.nuclio.org\/wp-content\/uploads\/2019\/07\/HBD-Pcp-logo.jpg 832w\" sizes=\"auto, (max-width: 300px) 100vw, 300px\" \/>\u00a0 \u00a0 \u00a0 \u00a0 \u00a0 \u00a0<img loading=\"lazy\" decoding=\"async\" class=\"alignnone  wp-image-215\" src=\"https:\/\/esundy.nuclio.org\/wp-content\/uploads\/2019\/01\/08-nuclio-300x80.png\" alt=\"\" width=\"199\" height=\"54\" srcset=\"https:\/\/esundy.nuclio.org\/wp-content\/uploads\/2019\/01\/08-nuclio-300x80.png 300w, https:\/\/esundy.nuclio.org\/wp-content\/uploads\/2019\/01\/08-nuclio-768x204.png 768w, https:\/\/esundy.nuclio.org\/wp-content\/uploads\/2019\/01\/08-nuclio-1024x272.png 1024w, https:\/\/esundy.nuclio.org\/wp-content\/uploads\/2019\/01\/08-nuclio.png 1301w\" sizes=\"auto, (max-width: 199px) 100vw, 199px\" \/>\u00a0 \u00a0 \u00a0 \u00a0 \u00a0 \u00a0 \u00a0 \u00a0<\/p>\r\n<p>\u00a0<img loading=\"lazy\" decoding=\"async\" class=\"alignnone  wp-image-2096\" src=\"https:\/\/esundy.nuclio.org\/wp-content\/uploads\/2019\/06\/Logo-CMOcoop-300x214.png\" alt=\"\" width=\"150\" height=\"107\" srcset=\"https:\/\/esundy.nuclio.org\/wp-content\/uploads\/2019\/06\/Logo-CMOcoop-300x214.png 300w, https:\/\/esundy.nuclio.org\/wp-content\/uploads\/2019\/06\/Logo-CMOcoop.png 594w\" sizes=\"auto, (max-width: 150px) 100vw, 150px\" \/>\u00a0 \u00a0 \u00a0 \u00a0 \u00a0 \u00a0 \u00a0<a href=\"http:\/\/gulbenkian.pt\/\"><img loading=\"lazy\" decoding=\"async\" class=\"alignnone wp-image-496\" src=\"https:\/\/esundy.nuclio.org\/wp-content\/uploads\/2019\/01\/FCG_01_Marca3Linhas_PRT_04-300x114.png\" alt=\"\" width=\"194\" height=\"74\" srcset=\"https:\/\/esundy.nuclio.org\/wp-content\/uploads\/2019\/01\/FCG_01_Marca3Linhas_PRT_04-300x114.png 300w, https:\/\/esundy.nuclio.org\/wp-content\/uploads\/2019\/01\/FCG_01_Marca3Linhas_PRT_04.png 446w\" sizes=\"auto, (max-width: 194px) 100vw, 194px\" \/><\/a>\u00a0 \u00a0 \u00a0 \u00a0 \u00a0 \u00a0 \u00a0 <img loading=\"lazy\" decoding=\"async\" class=\"alignnone  wp-image-2263\" src=\"https:\/\/esundy.nuclio.org\/wp-content\/uploads\/2019\/07\/Fedp-semmargens-300x86.jpg\" alt=\"\" width=\"234\" height=\"67\" srcset=\"https:\/\/esundy.nuclio.org\/wp-content\/uploads\/2019\/07\/Fedp-semmargens-300x86.jpg 300w, https:\/\/esundy.nuclio.org\/wp-content\/uploads\/2019\/07\/Fedp-semmargens-768x220.jpg 768w, https:\/\/esundy.nuclio.org\/wp-content\/uploads\/2019\/07\/Fedp-semmargens.jpg 972w\" sizes=\"auto, (max-width: 234px) 100vw, 234px\" \/>\u00a0 \u00a0 \u00a0 \u00a0 \u00a0<a href=\"http:\/\/unhabitat.org\/\"><img loading=\"lazy\" decoding=\"async\" class=\"alignnone wp-image-619\" src=\"https:\/\/esundy.nuclio.org\/wp-content\/uploads\/2019\/02\/UN-Habitat_pt-300x66.jpg\" alt=\"\" width=\"248\" height=\"55\" srcset=\"https:\/\/esundy.nuclio.org\/wp-content\/uploads\/2019\/02\/UN-Habitat_pt-300x66.jpg 300w, https:\/\/esundy.nuclio.org\/wp-content\/uploads\/2019\/02\/UN-Habitat_pt-768x169.jpg 768w, https:\/\/esundy.nuclio.org\/wp-content\/uploads\/2019\/02\/UN-Habitat_pt.jpg 932w\" sizes=\"auto, (max-width: 248px) 100vw, 248px\" \/><\/a>\u00a0 \u00a0 \u00a0 \u00a0<\/p>","protected":false},"excerpt":{"rendered":"<p>Cabe-nos guardar esse patrim\u00f3nio material e imaterial extraordin\u00e1rio, abri-lo e d\u00e1-lo a conhecer a todos quanto queiram assimil\u00e1-lo.\u00a0 \u00a0Jo\u00e3o Cara\u00e7a [&hellip;]<\/p>\n","protected":false},"author":2,"featured_media":0,"parent":24,"menu_order":1,"comment_status":"closed","ping_status":"closed","template":"","meta":{"ngg_post_thumbnail":0,"footnotes":""},"class_list":["post-731","page","type-page","status-publish","hentry"],"_links":{"self":[{"href":"https:\/\/esundy.nuclio.org\/index.php\/wp-json\/wp\/v2\/pages\/731","targetHints":{"allow":["GET"]}}],"collection":[{"href":"https:\/\/esundy.nuclio.org\/index.php\/wp-json\/wp\/v2\/pages"}],"about":[{"href":"https:\/\/esundy.nuclio.org\/index.php\/wp-json\/wp\/v2\/types\/page"}],"author":[{"embeddable":true,"href":"https:\/\/esundy.nuclio.org\/index.php\/wp-json\/wp\/v2\/users\/2"}],"replies":[{"embeddable":true,"href":"https:\/\/esundy.nuclio.org\/index.php\/wp-json\/wp\/v2\/comments?post=731"}],"version-history":[{"count":40,"href":"https:\/\/esundy.nuclio.org\/index.php\/wp-json\/wp\/v2\/pages\/731\/revisions"}],"predecessor-version":[{"id":2535,"href":"https:\/\/esundy.nuclio.org\/index.php\/wp-json\/wp\/v2\/pages\/731\/revisions\/2535"}],"up":[{"embeddable":true,"href":"https:\/\/esundy.nuclio.org\/index.php\/wp-json\/wp\/v2\/pages\/24"}],"wp:attachment":[{"href":"https:\/\/esundy.nuclio.org\/index.php\/wp-json\/wp\/v2\/media?parent=731"}],"curies":[{"name":"wp","href":"https:\/\/api.w.org\/{rel}","templated":true}]}}