{"id":724,"date":"2019-02-10T02:51:25","date_gmt":"2019-02-10T02:51:25","guid":{"rendered":"http:\/\/esundy.nuclio.org\/?page_id=724"},"modified":"2025-05-29T11:01:40","modified_gmt":"2025-05-29T10:01:40","slug":"maio-no-principe","status":"publish","type":"page","link":"https:\/\/esundy.nuclio.org\/index.php\/no-principe\/maio-no-principe\/","title":{"rendered":"Programa: 24 a 29 de maio"},"content":{"rendered":"<p>Entre <strong>24 e 29 de maio de 2019<\/strong>, S\u00e3o Tom\u00e9 e Pr\u00edncipe, em particular a ilha do Pr\u00edncipe, ir\u00e1 acolher um evento internacional com a participa\u00e7\u00e3o de ilustres cientistas e onde toda a popula\u00e7\u00e3o ser\u00e1 envolvida.<\/p>\r\n<p>Pretende-se com este evento celebrar o centen\u00e1rio do eclipse solar de 1919, criar a pedra fundamental para o legado f\u00edsico deste epis\u00f3dio na ilha do Pr\u00edncipe em estrita colabora\u00e7\u00e3o com a comunidade cient\u00edfica internacional, como aconteceu h\u00e1 100 anos atr\u00e1s.<\/p>\r\n<p>&nbsp;<\/p>\r\n<h3><a href=\"http:\/\/bit.ly\/2JHU0eK\" target=\"_blank\" rel=\"noopener noreferrer\">Programa e Resumos<\/a><\/h3>\r\n<p>&nbsp;<\/p>\r\n<h4><strong>Sess\u00f5es com live streaming<\/strong><\/h4>\r\n<!-- \/wp:post-content -->\r\n\r\n<!-- wp:paragraph -->\r\n<ul>\r\n<li><strong>Videoconfer\u00eancia Pr\u00edncipe e Sobral <\/strong>(parceria com o <a href=\"http:\/\/www.facebook.com\/CentenariodoEclipsedeSobral\/\">Centen\u00e1rio do Eclipse de Sobral<\/a>) &#8211; PT &#8211; <a href=\"http:\/\/youtu.be\/4vAkppHWJB0\">http:\/\/youtu.be\/4vAkppHWJB0<\/a><\/li>\r\n<li><strong>Gravidade 2019 <\/strong>(parte principal da Global Science Opera com alunos de Brasil e S\u00e3o Tom\u00e9 e Pr\u00edncipe) &#8211; EN &#8211;\u00a0<a href=\"http:\/\/youtu.be\/lKKo014-zd8\">http:\/\/youtu.be\/lKKo014-zd8<\/a><\/li>\r\n<\/ul>\r\n<p>&nbsp;<\/p>\r\n<h4><strong>Pain\u00e9is<\/strong><\/h4>\r\n<p><!-- \/wp:paragraph -->\r\n\r\n<!-- wp:paragraph \/-->\r\n\r\n<!-- wp:html --><\/p>\r\n<ul>\r\n<li><strong>Pr\u00edncipe e Sobral 100 anos depois<\/strong> &#8211; Chris Taxis (HBD), Manuel Penhor (Universidade de S\u00e3o Tom\u00e9 e Pr\u00edncipe), Tem\u00f3teo Neves (Governo Regional do Pr\u00edncipe), Vinicius Oliveira (Unipampa, Campus Ca\u00e7apava do Sul). Moderadora: Ana Sim\u00f5es (Universidade de Lisboa) &#8211; PT<\/li>\r\n<li><strong>Mulheres e Ci\u00eancia<\/strong>\u00a0&#8211;\u00a0 Amanda Subbarao (National Geograpnic Learning | Cengage Learning), Ewine van Dishoeck (Leiden University), Ivanilda Cabral (Universidade de Cabo-Verde), Rosalia Vargas (Ag\u00eancia Nacional de Cultura Cient\u00edfica e Tecnol\u00f3gica Ci\u00eancia Viva). Moderadora: Rosa Doran (NUCLIO) &#8211; EN<\/li>\r\n<li><strong>Astronomia, \u00c1frica e Agenda 2030 da ONU<\/strong> &#8211;\u00a0 Ana Alice Prazeres da Mata (Governo Regional do Pr\u00edncipe) , Cl\u00e1udio Torres (UN-Habitat),\u00a0 Teresa Lago (Universidade do Porto), Valente Cuambe (Universidade Educardo Mondlane). Moderador: Jo\u00e3o Cara\u00e7a\u00a0 (Funda\u00e7\u00e3o Calouste Gulbenkian)- PT<\/li>\r\n<\/ul>\r\n<p>&nbsp;<\/p>\r\n<h4><strong>Palestras<\/strong><\/h4>\r\n<!-- \/wp:html -->\r\n\r\n<!-- wp:paragraph \/-->\r\n\r\n<!-- wp:html -->\r\n<ul>\r\n<li><strong>Desafios de Mo\u00e7ambique na ERA do SKA 2018-2028 <\/strong> &#8211; Valente Cuambe &#8211; Universidade Eduardo Mondlane, Maputo &#8211; PT<\/li>\r\n<li><strong>Eddington, eclipses em Pr\u00edncipe e Sobral e Relatividade Geral<\/strong>\u00a0 &#8211; Paulo Crawford &#8211; Universidade de Lisboa &#8211; EN<\/li>\r\n<li><strong>Contar hist\u00f3rias com palavras e bonecos: De Coimbra ao Pr\u00edncipe<\/strong>&#8211; Jos\u00e9 Ramalho Santos &#8211; Universidade de Coimbra &#8211; PT<\/li>\r\n<li><strong>A Teoria Perfeita:\u00a0Um S\u00e9culo de G\u00e9nios e o Debate Sobre a Relatividade Geral<\/strong>&#8211; Pedro Gil Ferreira &#8211; University of Oxford -PT<\/li>\r\n<li><strong>100 anos do Planet\u00e1rio<\/strong>\u00a0&#8211; Mark Subbarao &#8211; Adler Planetarium, Chicago &#8211; EN<\/li>\r\n<li><strong>100 anos da teoria da relatividade geral @ Sundy e Sobral <\/strong>&#8211; Jos\u00e9 Sande Lemos &#8211; Universidade de Lisboa &#8211; PT<\/li>\r\n<\/ul>\r\n<h4>\u00a0<\/h4>\r\n<h4><strong>Caf\u00e9 Ci\u00eancia com observa\u00e7\u00e3o noturna<\/strong><\/h4>\r\n<p><!-- \/wp:html -->\r\n\r\n<!-- wp:paragraph \/-->\r\n\r\n<!-- wp:html --><\/p>\r\n<ul>\r\n<li><strong>Um C\u00e9u? <\/strong>\u00a0&#8211; Vinicius Oliveira &#8211;\u00a0 Unipampa, Campus Ca\u00e7apava do Sul &#8211; PT<\/li>\r\n<li><strong>Ro\u00e7a Sundy ao longo do \u00faltimo s\u00e9culo: de uma estrutura agr\u00e1ria \u00e0 estrutura identit\u00e1ria de S\u00e3o Tom\u00e9 e Pr\u00edncipe<\/strong> &#8211; Rita Alves &#8211; Consultora UN-Habitat e Duarte Pape &#8211; Paralelo Zero, Arquitectura &#8211; PT<\/li>\r\n<li><strong>Alcan\u00e7ando Novos Horizontes em Astronomia <\/strong> &#8211; Tim de Zeeuw &#8211; Leiden University &#8211; EN<\/li>\r\n<\/ul>\r\n<p>&nbsp;<\/p>\r\n<h4><strong>Confer\u00eancia\u00a0<\/strong><\/h4>\r\n<ul>\r\n<li><strong>From Einstein and Eddington to LIGO: 100 years of gravitational light deflection<\/strong>\u00a0&#8211; organizadores: Jos\u00e9 Sande Lemos, V\u00edtor Cardoso e Carlos Herdeiro &#8211;\u00a0 EN<\/li>\r\n<\/ul>\r\n<p>A componente cient\u00edfica do E@S concretiza-se num congresso internacional que conta com a presen\u00e7a de relativistas de renome convidados. Para mais informa\u00e7\u00f5es consulte a p\u00e1gina do evento <a href=\"http:\/\/science.esundy.tecnico.ulisboa.pt\/en\/\">aqui<\/a>.<\/p>\r\n<p>&nbsp;<\/p>\r\n<h4><strong>Apresenta\u00e7\u00e3o de livros<\/strong><\/h4>\r\n<ul>\r\n<li><strong>O Eclipse de Einstein <\/strong>&#8211;\u00a0Nuno Crato &#8211; Universidade de Lisboa &#8211; PT<\/li>\r\n<li><strong>Einstein, Eddington e o Eclipse: teaser da banda desenhada<\/strong>\u00a0&#8211; Ana Sim\u00f5es &#8211; Universidade de Lisboa &#8211; PT<\/li>\r\n<\/ul>\r\n<p>&nbsp;<\/p>\r\n<h4><strong>Conversa com cientistas <\/strong><\/h4>\r\n<!-- \/wp:html -->\r\n\r\n<!-- wp:paragraph {\"fontSize\":\"small\"} -->\r\n<p>Os cientistas v\u00e3o \u00e0s comunidades para falarem com os principenses sobre t\u00f3picos de Ci\u00eancia e da import\u00e2ncia da ilha do Pr\u00edncipe para a concep\u00e7\u00e3o que temos hoje de Relatividade, mas tamb\u00e9m para partilharem algumas das suas experi\u00eancias e trabalho com os alunos e responderem a quest\u00f5es e curiosidades que lhe sejam colocadas.<\/p>\r\n<p>&nbsp;<\/p>\r\n<!-- \/wp:paragraph -->\r\n\r\n<!-- wp:paragraph -->\r\n<h4><strong>Ci\u00eancia em rede<\/strong>\u00a0\u00a0<\/h4>\r\n<p>Alunos, professores e comunicadores de ci\u00eancia do Brasil, Inglaterra, Portugal e S\u00e3o Tom\u00e9 e Pr\u00edncipe partilham experi\u00eancias sobre ci\u00eancia e culturas distintas, nas escolas do Pr\u00edncipe ou virtualmente, com um objetivo comum de melhor compreender a influ\u00eancia das observa\u00e7\u00f5es do eclipse solar de 29 de maio de 1919 para a vis\u00e3o que temos hoje do Universo.\u00a0<\/p>\r\n<p>&nbsp;<\/p>\r\n<!-- \/wp:paragraph -->\r\n\r\n<!-- wp:paragraph -->\r\n<h4><strong>Forma\u00e7\u00e3o de professores<\/strong><\/h4>\r\n<!-- \/wp:paragraph -->\r\n\r\n<!-- wp:paragraph {\"fontSize\":\"small\"} -->\r\n<p>Professores da \u00e1rea das Ci\u00eancias ser\u00e3o convidados a participar em sess\u00f5es de forma\u00e7\u00e3o com formadores internacionais e nacionais no \u00e2mbito da Astronomia, metodologias inovadoras na sala de aula, bem como, desenho e implementa\u00e7\u00e3o de projetos nas escolas.<\/p>\r\n<p>&nbsp;<\/p>\r\n<!-- \/wp:paragraph -->\r\n\r\n<!-- wp:paragraph -->\r\n<p>Informa\u00e7\u00e3o detalhada no <a href=\"https:\/\/esundy.nuclio.org\/index.php\/calendario\/\">calend\u00e1rio<\/a>.<\/p>\r\n<p>&nbsp;<\/p>\r\n<p><img loading=\"lazy\" decoding=\"async\" class=\"alignnone  wp-image-1587\" src=\"https:\/\/esundy.nuclio.org\/wp-content\/uploads\/2019\/03\/logoCENTRA-246x300.png\" alt=\"\" width=\"161\" height=\"196\" srcset=\"https:\/\/esundy.nuclio.org\/wp-content\/uploads\/2019\/03\/logoCENTRA-246x300.png 246w, https:\/\/esundy.nuclio.org\/wp-content\/uploads\/2019\/03\/logoCENTRA-768x936.png 768w, https:\/\/esundy.nuclio.org\/wp-content\/uploads\/2019\/03\/logoCENTRA-840x1024.png 840w\" sizes=\"auto, (max-width: 161px) 100vw, 161px\" \/>\u00a0 \u00a0 \u00a0 \u00a0 \u00a0 \u00a0 \u00a0 \u00a0 \u00a0 \u00a0<a href=\"http:\/\/www.cienciaviva.pt\/home\/\"><img loading=\"lazy\" decoding=\"async\" class=\"alignnone wp-image-445\" src=\"https:\/\/esundy.nuclio.org\/wp-content\/uploads\/2019\/01\/marca_CV_versao_beta_PANTONE-300x95.png\" alt=\"\" width=\"268\" height=\"84\" srcset=\"https:\/\/esundy.nuclio.org\/wp-content\/uploads\/2019\/01\/marca_CV_versao_beta_PANTONE-300x95.png 300w, https:\/\/esundy.nuclio.org\/wp-content\/uploads\/2019\/01\/marca_CV_versao_beta_PANTONE-768x243.png 768w, https:\/\/esundy.nuclio.org\/wp-content\/uploads\/2019\/01\/marca_CV_versao_beta_PANTONE-1024x324.png 1024w, https:\/\/esundy.nuclio.org\/wp-content\/uploads\/2019\/01\/marca_CV_versao_beta_PANTONE-1568x496.png 1568w\" sizes=\"auto, (max-width: 268px) 100vw, 268px\" \/><\/a>\u00a0 \u00a0 \u00a0 \u00a0 \u00a0 \u00a0 \u00a0 \u00a0 \u00a0 \u00a0<a href=\"http:\/\/www.the-observatory.org\/\"><img loading=\"lazy\" decoding=\"async\" class=\"alignnone wp-image-513\" src=\"https:\/\/esundy.nuclio.org\/wp-content\/uploads\/2019\/01\/09-OSC-300x298.jpg\" alt=\"\" width=\"189\" height=\"187\" srcset=\"https:\/\/esundy.nuclio.org\/wp-content\/uploads\/2019\/01\/09-OSC-300x298.jpg 300w, https:\/\/esundy.nuclio.org\/wp-content\/uploads\/2019\/01\/09-OSC.jpg 591w\" sizes=\"auto, (max-width: 189px) 100vw, 189px\" \/><\/a>\u00a0 \u00a0 \u00a0 \u00a0 \u00a0 \u00a0 \u00a0 \u00a0 \u00a0 \u00a0 \u00a0 \u00a0\u00a0<a href=\"http:\/\/galileoteachers.org\/\"><img loading=\"lazy\" decoding=\"async\" class=\"alignnone wp-image-452\" src=\"https:\/\/esundy.nuclio.org\/wp-content\/uploads\/2019\/01\/gttp_logo_original-243x300.jpg\" alt=\"\" width=\"152\" height=\"188\" srcset=\"https:\/\/esundy.nuclio.org\/wp-content\/uploads\/2019\/01\/gttp_logo_original-243x300.jpg 243w, https:\/\/esundy.nuclio.org\/wp-content\/uploads\/2019\/01\/gttp_logo_original.jpg 564w\" sizes=\"auto, (max-width: 152px) 100vw, 152px\" \/><\/a>\u00a0 \u00a0 \u00a0 \u00a0<\/p>\r\n<p><a href=\"http:\/\/www.iau-100.org\/\"><img loading=\"lazy\" decoding=\"async\" class=\"alignnone wp-image-498\" src=\"https:\/\/esundy.nuclio.org\/wp-content\/uploads\/2019\/01\/IAU100_black_RGB-300x212.png\" alt=\"\" width=\"224\" height=\"159\" srcset=\"https:\/\/esundy.nuclio.org\/wp-content\/uploads\/2019\/01\/IAU100_black_RGB-300x212.png 300w, https:\/\/esundy.nuclio.org\/wp-content\/uploads\/2019\/01\/IAU100_black_RGB-768x543.png 768w, https:\/\/esundy.nuclio.org\/wp-content\/uploads\/2019\/01\/IAU100_black_RGB-1024x724.png 1024w, https:\/\/esundy.nuclio.org\/wp-content\/uploads\/2019\/01\/IAU100_black_RGB-1568x1109.png 1568w\" sizes=\"auto, (max-width: 224px) 100vw, 224px\" \/><img loading=\"lazy\" decoding=\"async\" class=\"alignnone  wp-image-1853\" src=\"https:\/\/esundy.nuclio.org\/wp-content\/uploads\/2019\/04\/BISTP-300x170.png\" alt=\"\" width=\"214\" height=\"122\" srcset=\"https:\/\/esundy.nuclio.org\/wp-content\/uploads\/2019\/04\/BISTP-300x170.png 300w, https:\/\/esundy.nuclio.org\/wp-content\/uploads\/2019\/04\/BISTP-768x435.png 768w, https:\/\/esundy.nuclio.org\/wp-content\/uploads\/2019\/04\/BISTP-1024x581.png 1024w, https:\/\/esundy.nuclio.org\/wp-content\/uploads\/2019\/04\/BISTP.png 1254w\" sizes=\"auto, (max-width: 214px) 100vw, 214px\" \/><\/a>\u00a0 \u00a0<a href=\"http:\/\/www.instituto-camoes.pt\/\"><img loading=\"lazy\" decoding=\"async\" class=\"alignnone wp-image-612\" src=\"https:\/\/esundy.nuclio.org\/wp-content\/uploads\/2019\/02\/Logo_IC-300x155.jpg\" alt=\"\" width=\"229\" height=\"118\" srcset=\"https:\/\/esundy.nuclio.org\/wp-content\/uploads\/2019\/02\/Logo_IC-300x155.jpg 300w, https:\/\/esundy.nuclio.org\/wp-content\/uploads\/2019\/02\/Logo_IC.jpg 624w\" sizes=\"auto, (max-width: 229px) 100vw, 229px\" \/><\/a>\u00a0 \u00a0\u00a0 \u00a0\u00a0<a href=\"http:\/\/www.deltacafes.pt\/ \"><img loading=\"lazy\" decoding=\"async\" class=\"alignnone wp-image-622\" src=\"https:\/\/esundy.nuclio.org\/wp-content\/uploads\/2019\/02\/LOGO-DELTA-sem-assinatura-300x300.jpg\" alt=\"\" width=\"172\" height=\"172\" srcset=\"https:\/\/esundy.nuclio.org\/wp-content\/uploads\/2019\/02\/LOGO-DELTA-sem-assinatura-300x300.jpg 300w, https:\/\/esundy.nuclio.org\/wp-content\/uploads\/2019\/02\/LOGO-DELTA-sem-assinatura-150x150.jpg 150w, https:\/\/esundy.nuclio.org\/wp-content\/uploads\/2019\/02\/LOGO-DELTA-sem-assinatura.jpg 767w\" sizes=\"auto, (max-width: 172px) 100vw, 172px\" \/><\/a><img loading=\"lazy\" decoding=\"async\" class=\"alignnone  wp-image-1748\" src=\"https:\/\/esundy.nuclio.org\/wp-content\/uploads\/2019\/04\/BPP_Rlbg-255x300.jpg\" alt=\"\" width=\"168\" height=\"198\" srcset=\"https:\/\/esundy.nuclio.org\/wp-content\/uploads\/2019\/04\/BPP_Rlbg-255x300.jpg 255w, https:\/\/esundy.nuclio.org\/wp-content\/uploads\/2019\/04\/BPP_Rlbg-768x905.jpg 768w, https:\/\/esundy.nuclio.org\/wp-content\/uploads\/2019\/04\/BPP_Rlbg.jpg 849w\" sizes=\"auto, (max-width: 168px) 100vw, 168px\" \/><\/p>\r\n<p><a href=\"http:\/\/www.belomontehotel.com\/\"><img loading=\"lazy\" decoding=\"async\" class=\"alignnone wp-image-522\" src=\"https:\/\/esundy.nuclio.org\/wp-content\/uploads\/2019\/01\/19-rocabelomonte-300x153.png\" alt=\"\" width=\"275\" height=\"140\" srcset=\"https:\/\/esundy.nuclio.org\/wp-content\/uploads\/2019\/01\/19-rocabelomonte-300x153.png 300w, https:\/\/esundy.nuclio.org\/wp-content\/uploads\/2019\/01\/19-rocabelomonte-768x391.png 768w, https:\/\/esundy.nuclio.org\/wp-content\/uploads\/2019\/01\/19-rocabelomonte-1024x521.png 1024w, https:\/\/esundy.nuclio.org\/wp-content\/uploads\/2019\/01\/19-rocabelomonte.png 1169w\" sizes=\"auto, (max-width: 275px) 100vw, 275px\" \/><\/a>\u00a0 \u00a0 \u00a0 \u00a0 \u00a0 \u00a0 \u00a0 \u00a0\u00a0<a href=\"http:\/\/omalilodge.com\"><img loading=\"lazy\" decoding=\"async\" class=\"alignnone wp-image-1337\" src=\"https:\/\/esundy.nuclio.org\/wp-content\/uploads\/2019\/02\/Omali-300x219.png\" alt=\"\" width=\"170\" height=\"124\" srcset=\"https:\/\/esundy.nuclio.org\/wp-content\/uploads\/2019\/02\/Omali-300x219.png 300w, https:\/\/esundy.nuclio.org\/wp-content\/uploads\/2019\/02\/Omali-768x562.png 768w, https:\/\/esundy.nuclio.org\/wp-content\/uploads\/2019\/02\/Omali-370x270.png 370w, https:\/\/esundy.nuclio.org\/wp-content\/uploads\/2019\/02\/Omali.png 786w\" sizes=\"auto, (max-width: 170px) 100vw, 170px\" \/><\/a>\u00a0 \u00a0 \u00a0 \u00a0 \u00a0\u00a0<a href=\"http:\/\/www.bombomprincipe.com\/\"><img loading=\"lazy\" decoding=\"async\" class=\"alignnone wp-image-521\" src=\"https:\/\/esundy.nuclio.org\/wp-content\/uploads\/2019\/01\/18-Bom-Bom-300x162.jpg\" alt=\"\" width=\"221\" height=\"119\" srcset=\"https:\/\/esundy.nuclio.org\/wp-content\/uploads\/2019\/01\/18-Bom-Bom-300x162.jpg 300w, https:\/\/esundy.nuclio.org\/wp-content\/uploads\/2019\/01\/18-Bom-Bom-768x415.jpg 768w, https:\/\/esundy.nuclio.org\/wp-content\/uploads\/2019\/01\/18-Bom-Bom-1024x553.jpg 1024w, https:\/\/esundy.nuclio.org\/wp-content\/uploads\/2019\/01\/18-Bom-Bom-1568x847.jpg 1568w\" sizes=\"auto, (max-width: 221px) 100vw, 221px\" \/><\/a>\u00a0 \u00a0 \u00a0 \u00a0 \u00a0\u00a0<a href=\"http:\/\/www.hotelrocasundy.com\/pt\"><img loading=\"lazy\" decoding=\"async\" class=\"alignnone wp-image-520\" src=\"https:\/\/esundy.nuclio.org\/wp-content\/uploads\/2019\/01\/17-Roca-Sundy-300x217.jpg\" alt=\"\" width=\"164\" height=\"118\" srcset=\"https:\/\/esundy.nuclio.org\/wp-content\/uploads\/2019\/01\/17-Roca-Sundy-300x217.jpg 300w, https:\/\/esundy.nuclio.org\/wp-content\/uploads\/2019\/01\/17-Roca-Sundy-768x555.jpg 768w, https:\/\/esundy.nuclio.org\/wp-content\/uploads\/2019\/01\/17-Roca-Sundy-1024x740.jpg 1024w, https:\/\/esundy.nuclio.org\/wp-content\/uploads\/2019\/01\/17-Roca-Sundy-1568x1133.jpg 1568w, https:\/\/esundy.nuclio.org\/wp-content\/uploads\/2019\/01\/17-Roca-Sundy.jpg 1600w\" sizes=\"auto, (max-width: 164px) 100vw, 164px\" \/><\/a>\u00a0\u00a0<\/p>","protected":false},"excerpt":{"rendered":"<p>Entre 24 e 29 de maio de 2019, S\u00e3o Tom\u00e9 e Pr\u00edncipe, em particular a ilha do Pr\u00edncipe, ir\u00e1 acolher [&hellip;]<\/p>\n","protected":false},"author":2,"featured_media":0,"parent":24,"menu_order":2,"comment_status":"closed","ping_status":"closed","template":"","meta":{"ngg_post_thumbnail":0,"footnotes":""},"class_list":["post-724","page","type-page","status-publish","hentry"],"_links":{"self":[{"href":"https:\/\/esundy.nuclio.org\/index.php\/wp-json\/wp\/v2\/pages\/724","targetHints":{"allow":["GET"]}}],"collection":[{"href":"https:\/\/esundy.nuclio.org\/index.php\/wp-json\/wp\/v2\/pages"}],"about":[{"href":"https:\/\/esundy.nuclio.org\/index.php\/wp-json\/wp\/v2\/types\/page"}],"author":[{"embeddable":true,"href":"https:\/\/esundy.nuclio.org\/index.php\/wp-json\/wp\/v2\/users\/2"}],"replies":[{"embeddable":true,"href":"https:\/\/esundy.nuclio.org\/index.php\/wp-json\/wp\/v2\/comments?post=724"}],"version-history":[{"count":55,"href":"https:\/\/esundy.nuclio.org\/index.php\/wp-json\/wp\/v2\/pages\/724\/revisions"}],"predecessor-version":[{"id":2198,"href":"https:\/\/esundy.nuclio.org\/index.php\/wp-json\/wp\/v2\/pages\/724\/revisions\/2198"}],"up":[{"embeddable":true,"href":"https:\/\/esundy.nuclio.org\/index.php\/wp-json\/wp\/v2\/pages\/24"}],"wp:attachment":[{"href":"https:\/\/esundy.nuclio.org\/index.php\/wp-json\/wp\/v2\/media?parent=724"}],"curies":[{"name":"wp","href":"https:\/\/api.w.org\/{rel}","templated":true}]}}