{"id":719,"date":"2019-02-10T02:40:42","date_gmt":"2019-02-10T02:40:42","guid":{"rendered":"http:\/\/esundy.nuclio.org\/?page_id=719"},"modified":"2025-05-29T11:01:40","modified_gmt":"2025-05-29T10:01:40","slug":"festival","status":"publish","type":"page","link":"https:\/\/esundy.nuclio.org\/index.php\/no-principe\/festival\/","title":{"rendered":"Festival de Cinema"},"content":{"rendered":"\r\n\r\n\r\n<p>Durante o m\u00eas de Janeiro de 2019, decorreu, no Pr\u00edncipe, o <strong>Festival de Cinema, Ci\u00eancia e Cultura<\/strong>, iniciativa enquadrada no \u00e2mbito do Eddington na Sundy (E@S), com organiza\u00e7\u00e3o da Reserva da Biosfera da Ilha do Pr\u00edncipe e com o apoio da Global Science Opera.<\/p>\r\n\r\n\r\n\r\n<p>A iniciativa incluiu a exibi\u00e7\u00e3o e discuss\u00e3o de quatro filmes relacionados com ci\u00eancia e quatro oficinas incidindo nas tem\u00e1ticas de eco-design, reutiliza\u00e7\u00e3o de res\u00edduos, polui\u00e7\u00e3o luminosa e m\u00fasicas tradicionais.<\/p>\r\n\r\n\r\n\r\n<div class=\"wp-block-columns has-2-columns is-layout-flex wp-container-core-columns-is-layout-9d6595d7 wp-block-columns-is-layout-flex\">\r\n<div class=\"wp-block-column is-layout-flow wp-block-column-is-layout-flow\">\r\n<div class=\"wp-block-button aligncenter\"><a class=\"wp-block-button__link\" href=\"https:\/\/esundy.nuclio.org\/wp-content\/uploads\/2019\/01\/Festival-de-Cinema-Cultura-e-Cie\u0302ncia_Programa.pdf\">Programa<\/a><\/div>\r\n<\/div>\r\n\r\n\r\n\r\n<div class=\"wp-block-column is-layout-flow wp-block-column-is-layout-flow\">\r\n<div class=\"wp-block-button aligncenter\"><a class=\"wp-block-button__link\" href=\"https:\/\/esundy.nuclio.org\/wp-content\/uploads\/2019\/01\/Festival-de-CInema-Cie\u0302ncia-e-Cultura-Cartaz.pdf\">Cartaz<\/a><\/div>\r\n<\/div>\r\n<\/div>\r\n\r\n\r\n\r\n<p>\u00a0 <a href=\"http:\/\/pt-pt.facebook.com\/principereserva\/\"><img loading=\"lazy\" decoding=\"async\" class=\"alignnone wp-image-532 size-medium\" src=\"https:\/\/esundy.nuclio.org\/wp-content\/uploads\/2019\/01\/15b-UNESCObiosfera-300x98.jpeg\" alt=\"\" width=\"300\" height=\"98\" srcset=\"https:\/\/esundy.nuclio.org\/wp-content\/uploads\/2019\/01\/15b-UNESCObiosfera-300x98.jpeg 300w, https:\/\/esundy.nuclio.org\/wp-content\/uploads\/2019\/01\/15b-UNESCObiosfera-768x252.jpeg 768w, https:\/\/esundy.nuclio.org\/wp-content\/uploads\/2019\/01\/15b-UNESCObiosfera.jpeg 862w\" sizes=\"auto, (max-width: 300px) 100vw, 300px\" \/><\/a>\u00a0 \u00a0<a href=\"http:\/\/globalscienceopera.com\/\"><img loading=\"lazy\" decoding=\"async\" class=\"alignnone wp-image-446\" src=\"https:\/\/esundy.nuclio.org\/wp-content\/uploads\/2019\/01\/GSO-LOGO-300x121.png\" alt=\"\" width=\"250\" height=\"101\" srcset=\"https:\/\/esundy.nuclio.org\/wp-content\/uploads\/2019\/01\/GSO-LOGO-300x121.png 300w, https:\/\/esundy.nuclio.org\/wp-content\/uploads\/2019\/01\/GSO-LOGO.png 640w\" sizes=\"auto, (max-width: 250px) 100vw, 250px\" \/><\/a><\/p>","protected":false},"excerpt":{"rendered":"<p>Durante o m\u00eas de Janeiro de 2019, decorreu, no Pr\u00edncipe, o Festival de Cinema, Ci\u00eancia e Cultura, iniciativa enquadrada no [&hellip;]<\/p>\n","protected":false},"author":2,"featured_media":0,"parent":24,"menu_order":3,"comment_status":"closed","ping_status":"closed","template":"","meta":{"ngg_post_thumbnail":0,"footnotes":""},"class_list":["post-719","page","type-page","status-publish","hentry"],"_links":{"self":[{"href":"https:\/\/esundy.nuclio.org\/index.php\/wp-json\/wp\/v2\/pages\/719","targetHints":{"allow":["GET"]}}],"collection":[{"href":"https:\/\/esundy.nuclio.org\/index.php\/wp-json\/wp\/v2\/pages"}],"about":[{"href":"https:\/\/esundy.nuclio.org\/index.php\/wp-json\/wp\/v2\/types\/page"}],"author":[{"embeddable":true,"href":"https:\/\/esundy.nuclio.org\/index.php\/wp-json\/wp\/v2\/users\/2"}],"replies":[{"embeddable":true,"href":"https:\/\/esundy.nuclio.org\/index.php\/wp-json\/wp\/v2\/comments?post=719"}],"version-history":[{"count":6,"href":"https:\/\/esundy.nuclio.org\/index.php\/wp-json\/wp\/v2\/pages\/719\/revisions"}],"predecessor-version":[{"id":988,"href":"https:\/\/esundy.nuclio.org\/index.php\/wp-json\/wp\/v2\/pages\/719\/revisions\/988"}],"up":[{"embeddable":true,"href":"https:\/\/esundy.nuclio.org\/index.php\/wp-json\/wp\/v2\/pages\/24"}],"wp:attachment":[{"href":"https:\/\/esundy.nuclio.org\/index.php\/wp-json\/wp\/v2\/media?parent=719"}],"curies":[{"name":"wp","href":"https:\/\/api.w.org\/{rel}","templated":true}]}}