{"id":671,"date":"2019-02-09T23:12:06","date_gmt":"2019-02-09T23:12:06","guid":{"rendered":"http:\/\/esundy.nuclio.org\/?page_id=671"},"modified":"2025-05-29T11:01:39","modified_gmt":"2025-05-29T10:01:39","slug":"eddington-e-o-peso-da-luz","status":"publish","type":"page","link":"https:\/\/esundy.nuclio.org\/index.php\/global\/eddington-e-o-peso-da-luz\/","title":{"rendered":"Eddington e o peso da luz"},"content":{"rendered":"<figure id=\"attachment_674\" aria-describedby=\"caption-attachment-674\" style=\"width: 1351px\" class=\"wp-caption aligncenter\"><img loading=\"lazy\" decoding=\"async\" class=\"wp-image-674 size-full\" src=\"https:\/\/esundy.nuclio.org\/wp-content\/uploads\/2019\/02\/Expedicao_Eddington-ESERO.png\" alt=\"\" width=\"1351\" height=\"516\" srcset=\"https:\/\/esundy.nuclio.org\/wp-content\/uploads\/2019\/02\/Expedicao_Eddington-ESERO.png 1351w, https:\/\/esundy.nuclio.org\/wp-content\/uploads\/2019\/02\/Expedicao_Eddington-ESERO-300x115.png 300w, https:\/\/esundy.nuclio.org\/wp-content\/uploads\/2019\/02\/Expedicao_Eddington-ESERO-768x293.png 768w, https:\/\/esundy.nuclio.org\/wp-content\/uploads\/2019\/02\/Expedicao_Eddington-ESERO-1024x391.png 1024w\" sizes=\"auto, (max-width: 1351px) 100vw, 1351px\" \/><figcaption id=\"caption-attachment-674\" class=\"wp-caption-text\">Da esquerda para a direita: Albert Einstein, Arthur Eddington (chefe da expedi\u00e7\u00e3o) e Andrew Crommelin (observa\u00e7\u00f5es astron\u00f3micas no Sobral).<\/figcaption><\/figure>\n<p>&nbsp;<\/p>\n<p>&nbsp;<\/p>\n<h3><a href=\"http:\/\/www.esero.pt\/432\/Vencedores-do-Projeto-e#34;Eddington-e-o-%3Ci%3Epeso%3C\/i%3E-da-luze%2334\">Escolas e trabalhos vencedores<\/a><\/h3>\n<p>&nbsp;<\/p>\n<p style=\"font-weight: 400;\">Escolas em Portugal, no Sobral, em Pr\u00edncipe e S\u00e3o Tom\u00e9 s\u00e3o convidadas a participar no concurso Eddington e o peso da luz.<\/p>\n<p style=\"font-weight: 400;\">Pretende-se que as escolas, de acordo com os seus contextos culturais, os curr\u00edculos e os n\u00edveis de escolaridade, desenvolvam um projeto que poder\u00e1 abranger diferentes vertentes relacionadas com aspetos cient\u00edficos, hist\u00f3ricos relacionados com o epis\u00f3dio hist\u00f3rico em causa, promovam a\u00e7\u00f5es de divulga\u00e7\u00e3o ou desenvolvam atividades de cariz educativo.<\/p>\n<p>Concurso promovido pela <a href=\"http:\/\/www.cienciaviva.pt\/home\/\">Ag\u00eancia Nacional de Cultura Cient\u00edfica e Tecnol\u00f3gica Ci\u00eancia Viva<\/a> no \u00e2mbito do Eddington na Sundy (E@S).<\/p>\n<p style=\"font-weight: 400;\">Para mais informa\u00e7\u00e3o sobre este concurso, visite a <a href=\"http:\/\/www.cienciaviva.pt\/projectos\/eddington.asp\">p\u00e1gina do concurso<\/a>.<\/p>\n<p><a href=\"http:\/\/www.cienciaviva.pt\/home\/\"><img loading=\"lazy\" decoding=\"async\" class=\"alignnone wp-image-445\" src=\"https:\/\/esundy.nuclio.org\/wp-content\/uploads\/2019\/01\/marca_CV_versao_beta_PANTONE-300x95.png\" alt=\"\" width=\"227\" height=\"72\" srcset=\"https:\/\/esundy.nuclio.org\/wp-content\/uploads\/2019\/01\/marca_CV_versao_beta_PANTONE-300x95.png 300w, https:\/\/esundy.nuclio.org\/wp-content\/uploads\/2019\/01\/marca_CV_versao_beta_PANTONE-768x243.png 768w, https:\/\/esundy.nuclio.org\/wp-content\/uploads\/2019\/01\/marca_CV_versao_beta_PANTONE-1024x324.png 1024w, https:\/\/esundy.nuclio.org\/wp-content\/uploads\/2019\/01\/marca_CV_versao_beta_PANTONE-1568x496.png 1568w\" sizes=\"auto, (max-width: 227px) 100vw, 227px\" \/><\/a><\/p>\n","protected":false},"excerpt":{"rendered":"<p>&nbsp; &nbsp; Escolas e trabalhos vencedores &nbsp; Escolas em Portugal, no Sobral, em Pr\u00edncipe e S\u00e3o Tom\u00e9 s\u00e3o convidadas a [&hellip;]<\/p>\n","protected":false},"author":2,"featured_media":0,"parent":153,"menu_order":5,"comment_status":"closed","ping_status":"closed","template":"","meta":{"ngg_post_thumbnail":0,"footnotes":""},"class_list":["post-671","page","type-page","status-publish","hentry"],"_links":{"self":[{"href":"https:\/\/esundy.nuclio.org\/index.php\/wp-json\/wp\/v2\/pages\/671","targetHints":{"allow":["GET"]}}],"collection":[{"href":"https:\/\/esundy.nuclio.org\/index.php\/wp-json\/wp\/v2\/pages"}],"about":[{"href":"https:\/\/esundy.nuclio.org\/index.php\/wp-json\/wp\/v2\/types\/page"}],"author":[{"embeddable":true,"href":"https:\/\/esundy.nuclio.org\/index.php\/wp-json\/wp\/v2\/users\/2"}],"replies":[{"embeddable":true,"href":"https:\/\/esundy.nuclio.org\/index.php\/wp-json\/wp\/v2\/comments?post=671"}],"version-history":[{"count":16,"href":"https:\/\/esundy.nuclio.org\/index.php\/wp-json\/wp\/v2\/pages\/671\/revisions"}],"predecessor-version":[{"id":1344,"href":"https:\/\/esundy.nuclio.org\/index.php\/wp-json\/wp\/v2\/pages\/671\/revisions\/1344"}],"up":[{"embeddable":true,"href":"https:\/\/esundy.nuclio.org\/index.php\/wp-json\/wp\/v2\/pages\/153"}],"wp:attachment":[{"href":"https:\/\/esundy.nuclio.org\/index.php\/wp-json\/wp\/v2\/media?parent=671"}],"curies":[{"name":"wp","href":"https:\/\/api.w.org\/{rel}","templated":true}]}}