{"id":665,"date":"2019-02-09T22:58:32","date_gmt":"2019-02-09T22:58:32","guid":{"rendered":"http:\/\/esundy.nuclio.org\/?page_id=665"},"modified":"2025-05-29T11:01:39","modified_gmt":"2025-05-29T10:01:39","slug":"10-x-10","status":"publish","type":"page","link":"https:\/\/esundy.nuclio.org\/index.php\/global\/10-x-10\/","title":{"rendered":"10 x 10"},"content":{"rendered":"\r\n\r\n\r\n<p>&nbsp;<\/p>\r\n<p><span style=\"font-size: 16px;\">Programa de interc\u00e2mbio virtual escolar envolvendo 10 temas transversais na Ci\u00eancia em 10 pa\u00edses.<\/span><\/p>\r\n<p>Durante 2019,\u00a0no dia 29 de cada m\u00eas (exce\u00e7\u00e3o fevereiro e maio), um tema ser\u00e1 debatido por alunos de v\u00e1rias escolas em simult\u00e2neo.\u00a0Os temas ser\u00e3o debatidos em Portugu\u00eas ou Ingl\u00eas, consoante as escolas inscritas em cada tem\u00e1tica.\u00a0<\/p>\r\n<p><img loading=\"lazy\" decoding=\"async\" class=\"wp-image-681  alignright\" src=\"https:\/\/esundy.nuclio.org\/wp-content\/uploads\/2019\/02\/16_9_10x10_vPT-300x169.jpg\" alt=\"\" width=\"564\" height=\"318\" srcset=\"https:\/\/esundy.nuclio.org\/wp-content\/uploads\/2019\/02\/16_9_10x10_vPT-300x169.jpg 300w, https:\/\/esundy.nuclio.org\/wp-content\/uploads\/2019\/02\/16_9_10x10_vPT-768x432.jpg 768w, https:\/\/esundy.nuclio.org\/wp-content\/uploads\/2019\/02\/16_9_10x10_vPT-1024x576.jpg 1024w, https:\/\/esundy.nuclio.org\/wp-content\/uploads\/2019\/02\/16_9_10x10_vPT-1568x882.jpg 1568w\" sizes=\"auto, (max-width: 564px) 100vw, 564px\" \/><\/p>\r\n<p><span style=\"font-weight: 400;\">Em cada sess\u00e3o teremos um especialista convidado que ir\u00e1 apresentar um tema que ser\u00e1 depois debatido, em simult\u00e2neo, por alunos e\u00a0<\/span><span style=\"font-weight: 400;\">professores de v\u00e1rias institui\u00e7\u00f5es de ensino.<\/span><span style=\"font-weight: 400;\">Cada sess\u00e3o ser\u00e1 constitu\u00edda por duas partes: <\/span><span style=\"font-weight: 400;\"><br \/><\/span><span style=\"font-weight: 400;\"> \u00a0\u00a0\u00a0&#8211; 1\u00aa parte &#8211; apresenta\u00e7\u00e3o do tema (20 min.)<\/span><\/p>\r\n<p><span style=\"font-weight: 400;\">\u00a0 \u00a0&#8211;\u00a0<\/span><span style=\"font-weight: 400;\">2\u00aa parte &#8211; discuss\u00e3o (20 min.)<\/span><\/p>\r\n<p><span style=\"font-weight: 400;\"><br \/><\/span><span style=\"font-weight: 400;\">As sess\u00f5es ser\u00e3o estabelecidas atrav\u00e9s do Google Hangouts e ser\u00e3o transmitidas em direto via YouTube.<\/span><\/p>\r\n<p><span style=\"font-weight: 400;\">Ao longo das v\u00e1rias sess\u00f5es ser\u00e3o abordados temas variados, tais como: Biosfera do Pr\u00edncipe, Altera\u00e7\u00f5es Clim\u00e1ticas, Observa\u00e7\u00e3o do C\u00e9u no Observat\u00f3rio Real Greenwich, eclipses, astronomia inclusiva, SKA, entre outros.<\/span><\/p>\r\n\r\n\r\n\r\n<p>Junte-se a este evento global!<\/p>\r\n\r\n\r\n\r\n<div>\u00a0<\/div>\r\n\r\n\r\n\r\n<div class=\"wp-block-button aligncenter\"><a class=\"wp-block-button__link\" href=\"https:\/\/esundy.nuclio.org\/wp-content\/uploads\/2019\/01\/16_9_10x10_vPT.jpg\" target=\"_blank\" rel=\"noopener noreferrer\">Cartaz<\/a><\/div>\r\n<div>\u00a0<\/div>\r\n<div>\u00a0<\/div>\r\n<div>\r\n<h4>As sess\u00f5es de 2019 est\u00e3o dispon\u00edveis abaixo.<\/h4>\r\n<h4>Estamos a melhorar o formato de interc\u00e2mbio virtual escolar e teremos novidades no pr\u00f3ximo ano.<\/h4>\r\n<h4>Mantenha-se atento!<\/h4>\r\n<div>\u00a0<\/div>\r\n<\/div>\r\n<div>\u00a0<\/div>\r\n<div><img loading=\"lazy\" decoding=\"async\" class=\"alignleft wp-image-2278\" src=\"https:\/\/esundy.nuclio.org\/wp-content\/uploads\/2019\/08\/16_9_10x10_vEN_5-session-1024x576.jpg\" alt=\"\" width=\"439\" height=\"247\" srcset=\"https:\/\/esundy.nuclio.org\/wp-content\/uploads\/2019\/08\/16_9_10x10_vEN_5-session-1024x576.jpg 1024w, https:\/\/esundy.nuclio.org\/wp-content\/uploads\/2019\/08\/16_9_10x10_vEN_5-session-300x169.jpg 300w, https:\/\/esundy.nuclio.org\/wp-content\/uploads\/2019\/08\/16_9_10x10_vEN_5-session-768x432.jpg 768w\" sizes=\"auto, (max-width: 439px) 100vw, 439px\" \/>\r\n<div><strong>29 de julho<\/strong><\/div>\r\n<div>\u00a0<\/div>\r\n<div>Tema: How to communicate with an \u201calien\u201d without Portuguese language\u00a0<\/div>\r\n<div>Pa\u00eds: Jap\u00e3o<\/div>\r\n<div>Oradora: Kumiko Usuda-Sato<\/div>\r\n<div>\u00a0<\/div>\r\n<div>\u00a0<\/div>\r\n<div>Clique <a href=\"http:\/\/youtu.be\/SrmBf04RMUk\" target=\"_blank\" rel=\"noopener noreferrer\">aqui<\/a> para (re)ver esta sess\u00e3o<\/div>\r\n<\/div>\r\n<div>\u00a0<\/div>\r\n<div>\u00a0<\/div>\r\n<div>\u00a0<\/div>\r\n<div>\u00a0<\/div>\r\n<div>\u00a0<\/div>\r\n<div><img loading=\"lazy\" decoding=\"async\" class=\"alignleft wp-image-2279\" src=\"https:\/\/esundy.nuclio.org\/wp-content\/uploads\/2019\/08\/16_9_10x10_vEN_4-session-300x169.png\" alt=\"\" width=\"439\" height=\"247\" srcset=\"https:\/\/esundy.nuclio.org\/wp-content\/uploads\/2019\/08\/16_9_10x10_vEN_4-session-300x169.png 300w, https:\/\/esundy.nuclio.org\/wp-content\/uploads\/2019\/08\/16_9_10x10_vEN_4-session-768x432.png 768w, https:\/\/esundy.nuclio.org\/wp-content\/uploads\/2019\/08\/16_9_10x10_vEN_4-session-1024x576.png 1024w\" sizes=\"auto, (max-width: 439px) 100vw, 439px\" \/>\r\n<div><strong>29 de junho<\/strong><\/div>\r\n<p>Tema: Ars Electronica Practises of Art and Science Residency Programs*<\/p>\r\n<p>Pa\u00eds: \u00c1ustria<\/p>\r\n<p>Oradora: Veronika Liebl<\/p>\r\n<div>* Esta sess\u00e3o do Programa 10 x 10 &#8220;10 Temas 10 Pa\u00edses&#8221; pertence \u00e0 programa\u00e7\u00e3o do StixCamp2019<\/div>\r\n<div>\u00a0<\/div>\r\n<div>Clique <a href=\"http:\/\/youtu.be\/BbNrFmbGUGs\" target=\"_blank\" rel=\"noopener noreferrer\">aqui<\/a> para (re)ver esta sess\u00e3o<\/div>\r\n<\/div>\r\n<div>\u00a0<\/div>\r\n<div>\u00a0<\/div>\r\n<div><img loading=\"lazy\" decoding=\"async\" class=\"wp-image-2000 alignleft\" src=\"https:\/\/esundy.nuclio.org\/wp-content\/uploads\/2019\/05\/16_9_10x10_vEN_3rd-session-300x169.jpg\" alt=\"\" width=\"439\" height=\"247\" srcset=\"https:\/\/esundy.nuclio.org\/wp-content\/uploads\/2019\/05\/16_9_10x10_vEN_3rd-session-300x169.jpg 300w, https:\/\/esundy.nuclio.org\/wp-content\/uploads\/2019\/05\/16_9_10x10_vEN_3rd-session-768x432.jpg 768w, https:\/\/esundy.nuclio.org\/wp-content\/uploads\/2019\/05\/16_9_10x10_vEN_3rd-session-1024x576.jpg 1024w, https:\/\/esundy.nuclio.org\/wp-content\/uploads\/2019\/05\/16_9_10x10_vEN_3rd-session.jpg 2000w\" sizes=\"auto, (max-width: 439px) 100vw, 439px\" \/><\/div>\r\n<div><strong>29 de abril<\/strong><\/div>\r\n<div>\u00a0<\/div>\r\n<div>Tema:\u00a0 The Importance of Solar Eclipses<\/div>\r\n<div>Pa\u00eds: EUA<\/div>\r\n<div>Orador: Jay Pasachoff<\/div>\r\n<div>\u00a0<\/div>\r\n<div>\u00a0<\/div>\r\n<div>Clique <a href=\"http:\/\/youtu.be\/rV77sa1rgY0\" target=\"_blank\" rel=\"noopener noreferrer\">aqui<\/a> para (re)ver esta sess\u00e3o<\/div>\r\n<div>\u00a0<\/div>\r\n<div>\u00a0<\/div>\r\n<div>\u00a0<\/div>\r\n<div>\u00a0<\/div>\r\n<div>\u00a0<\/div>\r\n<div><img loading=\"lazy\" decoding=\"async\" class=\"wp-image-1685 alignleft\" src=\"https:\/\/esundy.nuclio.org\/wp-content\/uploads\/2019\/03\/FB1-300x169.png\" alt=\"\" width=\"439\" height=\"247\" srcset=\"https:\/\/esundy.nuclio.org\/wp-content\/uploads\/2019\/03\/FB1-300x169.png 300w, https:\/\/esundy.nuclio.org\/wp-content\/uploads\/2019\/03\/FB1-768x432.png 768w, https:\/\/esundy.nuclio.org\/wp-content\/uploads\/2019\/03\/FB1-1024x576.png 1024w, https:\/\/esundy.nuclio.org\/wp-content\/uploads\/2019\/03\/FB1.png 1200w\" sizes=\"auto, (max-width: 439px) 100vw, 439px\" \/>\r\n<div>\r\n<p><strong>29 de mar\u00e7o<\/strong><\/p>\r\n<\/div>\r\n<div>Tema: Causas e efeitos das altera\u00e7\u00f5es clim\u00e1ticas &#8211; Um olhar sobre o futuro do Planeta<\/div>\r\n<div>Pa\u00eds: Portugal<\/div>\r\n<div>Orador: Lu\u00eds R. Vieira &#8211; Universidade do Porto<\/div>\r\n<div>\u00a0<\/div>\r\n<\/div>\r\n<div>\u00a0<\/div>\r\n<div>Clique <a href=\"http:\/\/www.youtube.com\/watch?v=HxdAgZ0nbNk&amp;feature=youtu.be\" target=\"_blank\" rel=\"noopener noreferrer\">aqui<\/a> para (re)ver esta sess\u00e3o.<\/div>\r\n<div>\u00a0<\/div>\r\n<div>\u00a0<\/div>\r\n<div>\u00a0<\/div>\r\n<div>\u00a0<\/div>\r\n<div>\u00a0<\/div>\r\n<div><img loading=\"lazy\" decoding=\"async\" class=\" wp-image-695 alignleft\" src=\"https:\/\/esundy.nuclio.org\/wp-content\/uploads\/2019\/02\/50849873_982229605313990_8650998212221468672_o-300x169.jpg\" alt=\"\" width=\"439\" height=\"247\" srcset=\"https:\/\/esundy.nuclio.org\/wp-content\/uploads\/2019\/02\/50849873_982229605313990_8650998212221468672_o-300x169.jpg 300w, https:\/\/esundy.nuclio.org\/wp-content\/uploads\/2019\/02\/50849873_982229605313990_8650998212221468672_o-768x432.jpg 768w, https:\/\/esundy.nuclio.org\/wp-content\/uploads\/2019\/02\/50849873_982229605313990_8650998212221468672_o-1024x576.jpg 1024w, https:\/\/esundy.nuclio.org\/wp-content\/uploads\/2019\/02\/50849873_982229605313990_8650998212221468672_o-1568x882.jpg 1568w, https:\/\/esundy.nuclio.org\/wp-content\/uploads\/2019\/02\/50849873_982229605313990_8650998212221468672_o.jpg 2048w\" sizes=\"auto, (max-width: 439px) 100vw, 439px\" \/><\/div>\r\n<div>\r\n<p><strong>29 de janeiro<\/strong><\/p>\r\n<\/div>\r\n<div>Tema: Reserva da Biosfera da Ilha do Pr\u00edncipe<\/div>\r\n<div>Pa\u00eds: S\u00e3o Tom\u00e9 e Pr\u00edncipe<\/div>\r\n<div>Oradora: Pl\u00e1cida Lopes &#8211; Coordenadora do Gabinete de Gest\u00e3o da Reserva da Biosfera da Ilha do Pr\u00edncipe<\/div>\r\n<div>\u00a0<\/div>\r\n<div>\u00a0<\/div>\r\n<div>\u00a0<\/div>\r\n<div>\u00a0<\/div>\r\n<div>\u00a0<\/div>\r\n<div>\u00a0<\/div>","protected":false},"excerpt":{"rendered":"<p>&nbsp; Programa de interc\u00e2mbio virtual escolar envolvendo 10 temas transversais na Ci\u00eancia em 10 pa\u00edses. Durante 2019,\u00a0no dia 29 de [&hellip;]<\/p>\n","protected":false},"author":2,"featured_media":683,"parent":153,"menu_order":2,"comment_status":"closed","ping_status":"closed","template":"","meta":{"ngg_post_thumbnail":0,"footnotes":""},"class_list":["post-665","page","type-page","status-publish","has-post-thumbnail","hentry"],"_links":{"self":[{"href":"https:\/\/esundy.nuclio.org\/index.php\/wp-json\/wp\/v2\/pages\/665","targetHints":{"allow":["GET"]}}],"collection":[{"href":"https:\/\/esundy.nuclio.org\/index.php\/wp-json\/wp\/v2\/pages"}],"about":[{"href":"https:\/\/esundy.nuclio.org\/index.php\/wp-json\/wp\/v2\/types\/page"}],"author":[{"embeddable":true,"href":"https:\/\/esundy.nuclio.org\/index.php\/wp-json\/wp\/v2\/users\/2"}],"replies":[{"embeddable":true,"href":"https:\/\/esundy.nuclio.org\/index.php\/wp-json\/wp\/v2\/comments?post=665"}],"version-history":[{"count":36,"href":"https:\/\/esundy.nuclio.org\/index.php\/wp-json\/wp\/v2\/pages\/665\/revisions"}],"predecessor-version":[{"id":2542,"href":"https:\/\/esundy.nuclio.org\/index.php\/wp-json\/wp\/v2\/pages\/665\/revisions\/2542"}],"up":[{"embeddable":true,"href":"https:\/\/esundy.nuclio.org\/index.php\/wp-json\/wp\/v2\/pages\/153"}],"wp:featuredmedia":[{"embeddable":true,"href":"https:\/\/esundy.nuclio.org\/index.php\/wp-json\/wp\/v2\/media\/683"}],"wp:attachment":[{"href":"https:\/\/esundy.nuclio.org\/index.php\/wp-json\/wp\/v2\/media?parent=665"}],"curies":[{"name":"wp","href":"https:\/\/api.w.org\/{rel}","templated":true}]}}