{"id":661,"date":"2019-02-09T22:38:17","date_gmt":"2019-02-09T22:38:17","guid":{"rendered":"http:\/\/esundy.nuclio.org\/?page_id=661"},"modified":"2025-05-29T11:01:39","modified_gmt":"2025-05-29T10:01:39","slug":"gravity-2019","status":"publish","type":"page","link":"https:\/\/esundy.nuclio.org\/index.php\/global\/gravity-2019\/","title":{"rendered":"Gravity 2019"},"content":{"rendered":"\r\n\r\n\r\n<p class=\"has-small-font-size\"><img loading=\"lazy\" decoding=\"async\" class=\"wp-image-1425 alignleft\" src=\"https:\/\/esundy.nuclio.org\/wp-content\/uploads\/2019\/02\/GRAVITYposter-1-200x300.jpg\" alt=\"\" width=\"233\" height=\"350\" srcset=\"https:\/\/esundy.nuclio.org\/wp-content\/uploads\/2019\/02\/GRAVITYposter-1-200x300.jpg 200w, https:\/\/esundy.nuclio.org\/wp-content\/uploads\/2019\/02\/GRAVITYposter-1-768x1152.jpg 768w, https:\/\/esundy.nuclio.org\/wp-content\/uploads\/2019\/02\/GRAVITYposter-1-683x1024.jpg 683w\" sizes=\"auto, (max-width: 233px) 100vw, 233px\" \/>A produ\u00e7\u00e3o da \u00d3pera Cient\u00edfica Global (<a href=\"http:\/\/globalscienceopera.com\/\">Global Science Opera<\/a>, em Ingl\u00eas) em 2019 foi dedicada ao tema gravidade. Assinalando o centen\u00e1rio das Expedi\u00e7\u00f5es \u00e0 ilha do Pr\u00edncipe e ao Sobral, a sinopse da \u00f3pera ir\u00e1 tra\u00e7ar o desenvolvimento da compreens\u00e3o de gravidade pela humanidade, da Teoria Geral da Relatividade de Einstein at\u00e9 ao mais avan\u00e7ado conhecimento de hoje acerca de ondas gravitacionais.<\/p>\r\n\r\n\r\n\r\n<p class=\"has-small-font-size\">Alunos de escolas no Brasil, Portugal e S\u00e3o Tom\u00e9 e Pr\u00edncipe foram respons\u00e1veis pela cocria\u00e7\u00e3o da parte principal da hist\u00f3ria cuja live performance com transmiss\u00e3o para todo o mundo ser\u00e1 no dia 29 de Maio de 2019.<\/p>\r\n\r\n\r\n\r\n<p class=\"has-small-font-size\">A estreia da \u00f3pera j\u00e1 com a participa\u00e7\u00e3o de muitos outros pa\u00edses teve lugar no dia 20 de Novembro.<\/p>\r\n<p class=\"has-small-font-size\">&nbsp;<\/p>\r\n<p>&nbsp;<\/p>\r\n<p>&nbsp;<\/p>\r\n<p>&nbsp;<\/p>\r\n<p>&nbsp;<\/p>\r\n<p><strong>Estreia \u00f3pera no dia 20 de Novembro de 2019<\/strong><\/p>\r\n<p><iframe loading=\"lazy\" title=\"GSO 20th nov 2019\" width=\"780\" height=\"439\" src=\"https:\/\/www.youtube.com\/embed\/Dxd3-Kzprwk?feature=oembed\" frameborder=\"0\" allow=\"accelerometer; autoplay; clipboard-write; encrypted-media; gyroscope; picture-in-picture\" allowfullscreen><\/iframe><\/p>\r\n<p>&nbsp;<\/p>\r\n<p><strong>Estreia mini-\u00f3pera no dia 29 de Maio de 2019<\/strong><\/p>\r\n<p><iframe loading=\"lazy\" title=\"Global Science Opera\" width=\"780\" height=\"439\" src=\"https:\/\/www.youtube.com\/embed\/lKKo014-zd8?feature=oembed\" frameborder=\"0\" allow=\"accelerometer; autoplay; clipboard-write; encrypted-media; gyroscope; picture-in-picture\" allowfullscreen><\/iframe><\/p>\r\n<figure id=\"attachment_2077\" aria-describedby=\"caption-attachment-2077\" style=\"width: 560px\" class=\"wp-caption aligncenter\"><img loading=\"lazy\" decoding=\"async\" class=\"wp-image-2077\" src=\"https:\/\/esundy.nuclio.org\/wp-content\/uploads\/2019\/06\/GSO-team-300x225.jpg\" alt=\"\" width=\"560\" height=\"420\" srcset=\"https:\/\/esundy.nuclio.org\/wp-content\/uploads\/2019\/06\/GSO-team-300x225.jpg 300w, https:\/\/esundy.nuclio.org\/wp-content\/uploads\/2019\/06\/GSO-team-768x576.jpg 768w, https:\/\/esundy.nuclio.org\/wp-content\/uploads\/2019\/06\/GSO-team-1024x768.jpg 1024w, https:\/\/esundy.nuclio.org\/wp-content\/uploads\/2019\/06\/GSO-team.jpg 2016w\" sizes=\"auto, (max-width: 560px) 100vw, 560px\" \/><figcaption id=\"caption-attachment-2077\" class=\"wp-caption-text\">Principe and Sao Tome team in Ro\u00e7a Sundy<\/figcaption><\/figure>\r\n<p>&nbsp;<\/p>\r\n<p><strong>Trailer<\/strong><\/p>\r\n<p><iframe loading=\"lazy\" title=\"Global Science Opera: The Gravity trailer\" width=\"780\" height=\"439\" src=\"https:\/\/www.youtube.com\/embed\/z2fTc-8DFgM?start=7&#038;feature=oembed\" frameborder=\"0\" allow=\"accelerometer; autoplay; clipboard-write; encrypted-media; gyroscope; picture-in-picture\" allowfullscreen><\/iframe><\/p>\r\n<p>&nbsp;<\/p>\r\n<p>&nbsp;<\/p>\r\n<p>Aqui ficam os registos de momentos de prepara\u00e7\u00e3o e de uma intensa colabora\u00e7\u00e3o transatl\u00e2ntica entre professores, alunos e investigadores.<\/p>\r\n<p><strong>O que \u00e9 a gravidade?<\/strong> &#8211; Carlos Herdeiro (a partir do min. 6)<\/p>\r\n<p><iframe loading=\"lazy\" title=\"WEBINAR: O que \u00e9 a gravidade?\" width=\"780\" height=\"439\" src=\"https:\/\/www.youtube.com\/embed\/EAvL84BDfNE?feature=oembed\" frameborder=\"0\" allow=\"accelerometer; autoplay; clipboard-write; encrypted-media; gyroscope; picture-in-picture\" allowfullscreen><\/iframe><\/p>\r\n<p>&nbsp;<\/p>\r\n<p><strong>Um pouco sobre Relatividade Geral<\/strong> &#8211; Marcelo de Souza<\/p>\r\n<p><iframe loading=\"lazy\" title=\"WEBINAR: Relatividade Geral\" width=\"780\" height=\"439\" src=\"https:\/\/www.youtube.com\/embed\/cjRUxnUpkPU?feature=oembed\" frameborder=\"0\" allow=\"accelerometer; autoplay; clipboard-write; encrypted-media; gyroscope; picture-in-picture\" allowfullscreen><\/iframe><\/p>\r\n<p>&nbsp;<\/p>\r\n<p><strong>Expedi\u00e7\u00f5es brit\u00e2nicas de eclipse de 29 de Maio de 1919<\/strong> &#8211; Joana Latas e Marcelo Souza (a partir do minuto 20)<\/p>\r\n<p><iframe loading=\"lazy\" title=\"WEBINAR: Expedi\u00e7\u00f5es brit\u00e2nicas do eclipse solar de 1919\" width=\"780\" height=\"439\" src=\"https:\/\/www.youtube.com\/embed\/VDYFYDhPTEU?feature=oembed\" frameborder=\"0\" allow=\"accelerometer; autoplay; clipboard-write; encrypted-media; gyroscope; picture-in-picture\" allowfullscreen><\/iframe><\/p>\r\n<p>&nbsp;<\/p>\r\n<p><img loading=\"lazy\" decoding=\"async\" class=\"alignnone wp-image-710\" src=\"https:\/\/esundy.nuclio.org\/wp-content\/uploads\/2019\/02\/pcp-GSO-275x300.jpg\" alt=\"\" width=\"314\" height=\"342\" srcset=\"https:\/\/esundy.nuclio.org\/wp-content\/uploads\/2019\/02\/pcp-GSO-275x300.jpg 275w, https:\/\/esundy.nuclio.org\/wp-content\/uploads\/2019\/02\/pcp-GSO.jpg 283w\" sizes=\"auto, (max-width: 314px) 100vw, 314px\" \/>&nbsp; &nbsp;&nbsp;<img loading=\"lazy\" decoding=\"async\" class=\"alignnone wp-image-714\" src=\"https:\/\/esundy.nuclio.org\/wp-content\/uploads\/2019\/02\/4equipas-GSO-300x249.jpg\" alt=\"\" width=\"413\" height=\"343\" srcset=\"https:\/\/esundy.nuclio.org\/wp-content\/uploads\/2019\/02\/4equipas-GSO-300x249.jpg 300w, https:\/\/esundy.nuclio.org\/wp-content\/uploads\/2019\/02\/4equipas-GSO.jpg 567w\" sizes=\"auto, (max-width: 413px) 100vw, 413px\" \/>&nbsp; &nbsp;<img loading=\"lazy\" decoding=\"async\" class=\"alignnone wp-image-711\" src=\"https:\/\/esundy.nuclio.org\/wp-content\/uploads\/2019\/02\/porto-gso-240x300.jpg\" alt=\"\" width=\"275\" height=\"346\"><\/p>\r\n<p>&nbsp;<\/p>\r\n<p><strong>Workshop Eco-design<\/strong>&nbsp;&#8211; Janne Robberstad<\/p>\r\n<p><img loading=\"lazy\" decoding=\"async\" class=\"alignnone  wp-image-717\" src=\"https:\/\/esundy.nuclio.org\/wp-content\/uploads\/2019\/02\/foto-eco-des-225x300.jpg\" alt=\"\" width=\"264\" height=\"352\" srcset=\"https:\/\/esundy.nuclio.org\/wp-content\/uploads\/2019\/02\/foto-eco-des-225x300.jpg 225w, https:\/\/esundy.nuclio.org\/wp-content\/uploads\/2019\/02\/foto-eco-des-768x1026.jpg 768w, https:\/\/esundy.nuclio.org\/wp-content\/uploads\/2019\/02\/foto-eco-des-767x1024.jpg 767w, https:\/\/esundy.nuclio.org\/wp-content\/uploads\/2019\/02\/foto-eco-des-1568x2095.jpg 1568w\" sizes=\"auto, (max-width: 264px) 100vw, 264px\" \/><\/p>\r\n<p>&nbsp;<\/p>\r\n<p><strong>Cocria\u00e7\u00e3o (Metodologia GSO)<\/strong><\/p>\r\n<div style=\"width: 780px;\" class=\"wp-video\"><!--[if lt IE 9]><script>document.createElement('video');<\/script><![endif]-->\n<video class=\"wp-video-shortcode\" id=\"video-661-1\" width=\"780\" height=\"780\" preload=\"metadata\" controls=\"controls\"><source type=\"video\/mp4\" src=\"https:\/\/esundy.nuclio.org\/wp-content\/uploads\/2019\/02\/video-1549316799.mp4?_=1\" \/><a href=\"https:\/\/esundy.nuclio.org\/wp-content\/uploads\/2019\/02\/video-1549316799.mp4\">https:\/\/esundy.nuclio.org\/wp-content\/uploads\/2019\/02\/video-1549316799.mp4<\/a><\/video><\/div>\r\n<p>&nbsp;<\/p>\r\n<p>Veja tamb\u00e9m <a href=\"http:\/\/www.escolaportuguesastp.com\/sundy\" target=\"_blank\" rel=\"noopener noreferrer\">os preparativos dos alunos da Escola Portuguesa de S\u00e3o Tom\u00e9 e Pr\u00edncipe<\/a>.<\/p>\r\n<p>&nbsp;<\/p>\r\n<p><a href=\"http:\/\/globalscienceopera.com\/\"><img loading=\"lazy\" decoding=\"async\" class=\"alignnone wp-image-446 size-medium\" src=\"https:\/\/esundy.nuclio.org\/wp-content\/uploads\/2019\/01\/GSO-LOGO-300x121.png\" alt=\"\" width=\"300\" height=\"121\" srcset=\"https:\/\/esundy.nuclio.org\/wp-content\/uploads\/2019\/01\/GSO-LOGO-300x121.png 300w, https:\/\/esundy.nuclio.org\/wp-content\/uploads\/2019\/01\/GSO-LOGO.png 640w\" sizes=\"auto, (max-width: 300px) 100vw, 300px\" \/><\/a><\/p>","protected":false},"excerpt":{"rendered":"<p>A produ\u00e7\u00e3o da \u00d3pera Cient\u00edfica Global (Global Science Opera, em Ingl\u00eas) em 2019 foi dedicada ao tema gravidade. Assinalando o [&hellip;]<\/p>\n","protected":false},"author":2,"featured_media":0,"parent":153,"menu_order":3,"comment_status":"closed","ping_status":"closed","template":"","meta":{"ngg_post_thumbnail":0,"footnotes":""},"class_list":["post-661","page","type-page","status-publish","hentry"],"_links":{"self":[{"href":"https:\/\/esundy.nuclio.org\/index.php\/wp-json\/wp\/v2\/pages\/661","targetHints":{"allow":["GET"]}}],"collection":[{"href":"https:\/\/esundy.nuclio.org\/index.php\/wp-json\/wp\/v2\/pages"}],"about":[{"href":"https:\/\/esundy.nuclio.org\/index.php\/wp-json\/wp\/v2\/types\/page"}],"author":[{"embeddable":true,"href":"https:\/\/esundy.nuclio.org\/index.php\/wp-json\/wp\/v2\/users\/2"}],"replies":[{"embeddable":true,"href":"https:\/\/esundy.nuclio.org\/index.php\/wp-json\/wp\/v2\/comments?post=661"}],"version-history":[{"count":22,"href":"https:\/\/esundy.nuclio.org\/index.php\/wp-json\/wp\/v2\/pages\/661\/revisions"}],"predecessor-version":[{"id":2804,"href":"https:\/\/esundy.nuclio.org\/index.php\/wp-json\/wp\/v2\/pages\/661\/revisions\/2804"}],"up":[{"embeddable":true,"href":"https:\/\/esundy.nuclio.org\/index.php\/wp-json\/wp\/v2\/pages\/153"}],"wp:attachment":[{"href":"https:\/\/esundy.nuclio.org\/index.php\/wp-json\/wp\/v2\/media?parent=661"}],"curies":[{"name":"wp","href":"https:\/\/api.w.org\/{rel}","templated":true}]}}