{"id":647,"date":"2019-02-09T19:04:35","date_gmt":"2019-02-09T19:04:35","guid":{"rendered":"http:\/\/esundy.nuclio.org\/?page_id=647"},"modified":"2025-05-29T11:01:39","modified_gmt":"2025-05-29T10:01:39","slug":"legado-e-sustentabilidade","status":"publish","type":"page","link":"https:\/\/esundy.nuclio.org\/index.php\/sobre\/legado-e-sustentabilidade\/","title":{"rendered":"Legado e sustentabilidade"},"content":{"rendered":"<div id=\"pl-647\"  class=\"panel-layout\" ><div id=\"pg-647-0\"  class=\"panel-grid panel-no-style\" ><div id=\"pgc-647-0-0\"  class=\"panel-grid-cell\" ><div id=\"panel-647-0-0-0\" class=\"so-panel widget widget_text panel-first-child\" data-index=\"0\" >\t\t\t<div class=\"textwidget\"><p>Tirando partido da proximidade do centen\u00e1rio das observa\u00e7\u00f5es astron\u00f3micas que levaram Eddington a deslocar-se \u00e0 ilha do Pr\u00edncipe em 1919 e conferindo-lhe uma dimens\u00e3o internacional, Eddington na Sundy (E@S) pretende constituir a pedra fundamental para criar um legado hist\u00f3rico e cient\u00edfico em S\u00e3o Tom\u00e9 e Pr\u00edncipe, em particular na Ro\u00e7a Sundy.<\/p>\n<p>As iniciativas que ao longo do tempo foram assinaladas na ilha do Pr\u00edncipe t\u00eam sensibilizado e evocado o orgulho do conhecimento cultural relativo ao epis\u00f3dio hist\u00f3rico e cient\u00edfico que decorreu da observa\u00e7\u00e3o do eclipse solar que aqui foi vis\u00edvel como total em Maio de 1919. Ci\u00eancia na Sundy (Science@Sundy) promove, desde 2013, atividades cient\u00edficas e culturais integradas em contextos de educa\u00e7\u00e3o formal e n\u00e3o-formal no sentido de envolver alunos, professores e a comunidade. Em particular, os Trilhos da Ci\u00eancia - caminhos que proporcionam o contacto com a Natureza com paragens dedicadas \u00e0 explora\u00e7\u00e3o de t\u00f3picos cient\u00edficos (esta\u00e7\u00f5es), integrados no contexto hist\u00f3rico e cultural local - contam com colabora\u00e7\u00e3o efetiva entre professores da Escola Secund\u00e1ria do Pr\u00edncipe e especialistas nacionais e internacionais na conce\u00e7\u00e3o das esta\u00e7\u00f5es, com a participa\u00e7\u00e3o de alunos e elementos da comunidade como p\u00fablico-alvo e avaliadores dos percursos, bem como com o apoio log\u00edstico das autoridades locais na iniciativa. S\u00e3o eles que, juntamente com a Associa\u00e7\u00e3o de Escuteiros e a Equipa de Gest\u00e3o da Reserva da Biosfera da ilha do Pr\u00edncipe, garantem a manuten\u00e7\u00e3o, divulga\u00e7\u00e3o e a continuidade de utiliza\u00e7\u00e3o dos Trilhos de Ci\u00eancia. Transversalmente \u00e0s atividades propostas no \u00e2mbito do E@S, a participa\u00e7\u00e3o deliberada e devidamente informada, bem como o envolvimento da popula\u00e7\u00e3o local \u00e9 uma premissa que garante a perpetua\u00e7\u00e3o e apropria\u00e7\u00e3o dos resultados desta iniciativa.<\/p>\n<p>Internacionalmente foram assinalados o 70\u00ba anivers\u00e1rio e o 90\u00ba anivers\u00e1rio das observa\u00e7\u00f5es astron\u00f3micas que Eddington realizou na Ro\u00e7a Sundy, um local emblem\u00e1tico para Cientistas, Antrop\u00f3logos, Arquitetos e para uma diversidade de pessoas interessadas em diferentes \u00e1reas do conhecimento. Foram deixadas sementes e fisicamente um marco de m\u00e1rmore e uma placa que assinalam o acontecimento.<\/p>\n<p>A consolida\u00e7\u00e3o do legado f\u00edsico chega com a celebra\u00e7\u00e3o do centen\u00e1rio na forma de um Espa\u00e7o Ci\u00eancia Sundy. O distanciamento de 100 anos de decorridas as observa\u00e7\u00f5es efetuadas por Eddington e Cottingham permitiu rever o \u00faltimo s\u00e9culo e projetar os pr\u00f3ximos tempos e, por isso, al\u00e9m deste Espa\u00e7o constituir o legado f\u00edsico, \u00e9 tamb\u00e9m a pedra fundamental para  a cria\u00e7\u00e3o de um espa\u00e7o din\u00e2mico e vivo de Ci\u00eancia enquadrado no plano de desenvolvimento estrat\u00e9gico da ilha do Pr\u00edncipe.<\/p>\n<p>A produ\u00e7\u00e3o de um document\u00e1rio alusivo ao centen\u00e1rio do eclipse solar de 1919 e \u00e0 valida\u00e7\u00e3o experimental da Teoria da Relatividade Geral assume um papel crucial para garantir a visibilidade mundial.<br \/>\nConhe\u00e7a em detalhe alguns dos antecedentes do E@S na ilha do Pr\u00edncipe.<\/p>\n<\/div>\n\t\t<\/div><div id=\"panel-647-0-0-1\" class=\"so-panel widget widget_themegrill_flash_blog tg-widget blog-section panel-last-child\" data-index=\"1\" >\n<div class=\"blog-wrapper tg-column-wrapper tg-blog-widget-layout-1\">\n\t\t\t<div class=\"row\">\n\t\t<div class=\"tg-blog-widget tg-column-2\">\n\t\t\t\t<div class=\"post-image \">\n\t\t\t<figure><a href=\"https:\/\/esundy.nuclio.org\/index.php\/2019\/02\/11\/2018\/\" title=\"2018\"><img loading=\"lazy\" decoding=\"async\" width=\"300\" height=\"200\" src=\"https:\/\/esundy.nuclio.org\/wp-content\/uploads\/2019\/01\/timeline03.jpg\" class=\"attachment-flash-square size-flash-square wp-post-image\" alt=\"\" srcset=\"https:\/\/esundy.nuclio.org\/wp-content\/uploads\/2019\/01\/timeline03.jpg 3072w, https:\/\/esundy.nuclio.org\/wp-content\/uploads\/2019\/01\/timeline03-300x200.jpg 300w, https:\/\/esundy.nuclio.org\/wp-content\/uploads\/2019\/01\/timeline03-768x512.jpg 768w, https:\/\/esundy.nuclio.org\/wp-content\/uploads\/2019\/01\/timeline03-1024x683.jpg 1024w, https:\/\/esundy.nuclio.org\/wp-content\/uploads\/2019\/01\/timeline03-1568x1045.jpg 1568w\" sizes=\"auto, (max-width: 300px) 100vw, 300px\" \/><\/a><\/figure>\t\t<\/div>\n\t\t<div class=\"blog-content\">\n\t\t\t<h3 class=\"entry-title\"><a href=\"https:\/\/esundy.nuclio.org\/index.php\/2019\/02\/11\/2018\/\">2018<\/a><\/h3>\n\t\t\t\t\t\t<div class=\"entry-meta\">\n\t\t\t\t<span class=\"entry-date\">\n\t\t\t\t\t<i class=\"fa fa-clock-o\"><\/i><a href=\"https:\/\/esundy.nuclio.org\/index.php\/2019\/02\/11\/2018\/\" rel=\"bookmark\">February 11, 2019<\/a>\n\t\t\t\t<\/span>\n\t\t\t\t<span class=\"entry-author\">\n\t\t\t\t\t<i class=\"fa fa-user\"><\/i><a class=\"url fn n\" href=\"https:\/\/esundy.nuclio.org\/index.php\/author\/jrbl-734-e\/\">Joana Latas<\/a>\n\t\t\t\t<\/span>\n\t\t\t<\/div>\n\t\t\t\t\t\t<div class=\"entry-summary\">\n\t\t\t\t<p>&nbsp; &nbsp;<\/p>\n\t\t\t<\/div>\n\t\t\t\t\t<\/div>\n\t<\/div>\n\t\t<div class=\"tg-blog-widget tg-column-2\">\n\t\t\t\t<div class=\"post-image \">\n\t\t\t<figure><a href=\"https:\/\/esundy.nuclio.org\/index.php\/2019\/02\/11\/2017\/\" title=\"2017\"><img loading=\"lazy\" decoding=\"async\" width=\"300\" height=\"225\" src=\"https:\/\/esundy.nuclio.org\/wp-content\/uploads\/2019\/01\/timeline01.jpg\" class=\"attachment-flash-square size-flash-square wp-post-image\" alt=\"\" srcset=\"https:\/\/esundy.nuclio.org\/wp-content\/uploads\/2019\/01\/timeline01.jpg 5152w, https:\/\/esundy.nuclio.org\/wp-content\/uploads\/2019\/01\/timeline01-300x225.jpg 300w, https:\/\/esundy.nuclio.org\/wp-content\/uploads\/2019\/01\/timeline01-768x576.jpg 768w, https:\/\/esundy.nuclio.org\/wp-content\/uploads\/2019\/01\/timeline01-1024x768.jpg 1024w, https:\/\/esundy.nuclio.org\/wp-content\/uploads\/2019\/01\/timeline01-1568x1176.jpg 1568w\" sizes=\"auto, (max-width: 300px) 100vw, 300px\" \/><\/a><\/figure>\t\t<\/div>\n\t\t<div class=\"blog-content\">\n\t\t\t<h3 class=\"entry-title\"><a href=\"https:\/\/esundy.nuclio.org\/index.php\/2019\/02\/11\/2017\/\">2017<\/a><\/h3>\n\t\t\t\t\t\t<div class=\"entry-meta\">\n\t\t\t\t<span class=\"entry-date\">\n\t\t\t\t\t<i class=\"fa fa-clock-o\"><\/i><a href=\"https:\/\/esundy.nuclio.org\/index.php\/2019\/02\/11\/2017\/\" rel=\"bookmark\">February 11, 2019<\/a>\n\t\t\t\t<\/span>\n\t\t\t\t<span class=\"entry-author\">\n\t\t\t\t\t<i class=\"fa fa-user\"><\/i><a class=\"url fn n\" href=\"https:\/\/esundy.nuclio.org\/index.php\/author\/jrbl-734-e\/\">Joana Latas<\/a>\n\t\t\t\t<\/span>\n\t\t\t<\/div>\n\t\t\t\t\t\t<div class=\"entry-summary\">\n\t\t\t\t<p>&nbsp; Observa\u00e7\u00e3o de eclipses solares vis\u00edveis na ilha do Pr\u00edncipe &#8211; 26\/02\/2017<\/p>\n\t\t\t<\/div>\n\t\t\t\t\t<\/div>\n\t<\/div>\n\t\t<\/div>\n\t\t\t<div class=\"row\">\n\t\t<div class=\"tg-blog-widget tg-column-2\">\n\t\t\t\t<div class=\"post-image \">\n\t\t\t<figure><a href=\"https:\/\/esundy.nuclio.org\/index.php\/2019\/02\/11\/2016\/\" title=\"2016\"><img loading=\"lazy\" decoding=\"async\" width=\"300\" height=\"300\" src=\"https:\/\/esundy.nuclio.org\/wp-content\/uploads\/2019\/02\/2016-300x300.jpg\" class=\"attachment-flash-square size-flash-square wp-post-image\" alt=\"\" srcset=\"https:\/\/esundy.nuclio.org\/wp-content\/uploads\/2019\/02\/2016-300x300.jpg 300w, https:\/\/esundy.nuclio.org\/wp-content\/uploads\/2019\/02\/2016-150x150.jpg 150w\" sizes=\"auto, (max-width: 300px) 100vw, 300px\" \/><\/a><\/figure>\t\t<\/div>\n\t\t<div class=\"blog-content\">\n\t\t\t<h3 class=\"entry-title\"><a href=\"https:\/\/esundy.nuclio.org\/index.php\/2019\/02\/11\/2016\/\">2016<\/a><\/h3>\n\t\t\t\t\t\t<div class=\"entry-meta\">\n\t\t\t\t<span class=\"entry-date\">\n\t\t\t\t\t<i class=\"fa fa-clock-o\"><\/i><a href=\"https:\/\/esundy.nuclio.org\/index.php\/2019\/02\/11\/2016\/\" rel=\"bookmark\">February 11, 2019<\/a>\n\t\t\t\t<\/span>\n\t\t\t\t<span class=\"entry-author\">\n\t\t\t\t\t<i class=\"fa fa-user\"><\/i><a class=\"url fn n\" href=\"https:\/\/esundy.nuclio.org\/index.php\/author\/jrbl-734-e\/\">Joana Latas<\/a>\n\t\t\t\t<\/span>\n\t\t\t<\/div>\n\t\t\t\t\t\t<div class=\"entry-summary\">\n\t\t\t\t<p>&nbsp; &nbsp; &nbsp; &nbsp;<\/p>\n\t\t\t<\/div>\n\t\t\t\t\t<\/div>\n\t<\/div>\n\t\t<div class=\"tg-blog-widget tg-column-2\">\n\t\t\t\t<div class=\"post-image \">\n\t\t\t<figure><a href=\"https:\/\/esundy.nuclio.org\/index.php\/2019\/02\/11\/2015\/\" title=\"2015\"><img loading=\"lazy\" decoding=\"async\" width=\"300\" height=\"300\" src=\"https:\/\/esundy.nuclio.org\/wp-content\/uploads\/2019\/02\/2015-300x300.jpg\" class=\"attachment-flash-square size-flash-square wp-post-image\" alt=\"\" srcset=\"https:\/\/esundy.nuclio.org\/wp-content\/uploads\/2019\/02\/2015-300x300.jpg 300w, https:\/\/esundy.nuclio.org\/wp-content\/uploads\/2019\/02\/2015-150x150.jpg 150w\" sizes=\"auto, (max-width: 300px) 100vw, 300px\" \/><\/a><\/figure>\t\t<\/div>\n\t\t<div class=\"blog-content\">\n\t\t\t<h3 class=\"entry-title\"><a href=\"https:\/\/esundy.nuclio.org\/index.php\/2019\/02\/11\/2015\/\">2015<\/a><\/h3>\n\t\t\t\t\t\t<div class=\"entry-meta\">\n\t\t\t\t<span class=\"entry-date\">\n\t\t\t\t\t<i class=\"fa fa-clock-o\"><\/i><a href=\"https:\/\/esundy.nuclio.org\/index.php\/2019\/02\/11\/2015\/\" rel=\"bookmark\">February 11, 2019<\/a>\n\t\t\t\t<\/span>\n\t\t\t\t<span class=\"entry-author\">\n\t\t\t\t\t<i class=\"fa fa-user\"><\/i><a class=\"url fn n\" href=\"https:\/\/esundy.nuclio.org\/index.php\/author\/jrbl-734-e\/\">Joana Latas<\/a>\n\t\t\t\t<\/span>\n\t\t\t<\/div>\n\t\t\t\t\t\t<div class=\"entry-summary\">\n\t\t\t\t<p>&nbsp; Celebra\u00e7\u00f5es do 29 de Maio &nbsp;<\/p>\n\t\t\t<\/div>\n\t\t\t\t\t<\/div>\n\t<\/div>\n\t\t<\/div>\n\t\t\t<div class=\"row\">\n\t\t<div class=\"tg-blog-widget tg-column-2\">\n\t\t\t\t<div class=\"post-image \">\n\t\t\t<figure><a href=\"https:\/\/esundy.nuclio.org\/index.php\/2019\/02\/11\/2014\/\" title=\"2014\"><img loading=\"lazy\" decoding=\"async\" width=\"300\" height=\"300\" src=\"https:\/\/esundy.nuclio.org\/wp-content\/uploads\/2019\/02\/2014-300x300.png\" class=\"attachment-flash-square size-flash-square wp-post-image\" alt=\"\" srcset=\"https:\/\/esundy.nuclio.org\/wp-content\/uploads\/2019\/02\/2014-300x300.png 300w, https:\/\/esundy.nuclio.org\/wp-content\/uploads\/2019\/02\/2014-150x150.png 150w\" sizes=\"auto, (max-width: 300px) 100vw, 300px\" \/><\/a><\/figure>\t\t<\/div>\n\t\t<div class=\"blog-content\">\n\t\t\t<h3 class=\"entry-title\"><a href=\"https:\/\/esundy.nuclio.org\/index.php\/2019\/02\/11\/2014\/\">2014<\/a><\/h3>\n\t\t\t\t\t\t<div class=\"entry-meta\">\n\t\t\t\t<span class=\"entry-date\">\n\t\t\t\t\t<i class=\"fa fa-clock-o\"><\/i><a href=\"https:\/\/esundy.nuclio.org\/index.php\/2019\/02\/11\/2014\/\" rel=\"bookmark\">February 11, 2019<\/a>\n\t\t\t\t<\/span>\n\t\t\t\t<span class=\"entry-author\">\n\t\t\t\t\t<i class=\"fa fa-user\"><\/i><a class=\"url fn n\" href=\"https:\/\/esundy.nuclio.org\/index.php\/author\/jrbl-734-e\/\">Joana Latas<\/a>\n\t\t\t\t<\/span>\n\t\t\t<\/div>\n\t\t\t\t\t\t<div class=\"entry-summary\">\n\t\t\t\t<p>&nbsp; Celebra\u00e7\u00f5es do 29 de Maio<\/p>\n\t\t\t<\/div>\n\t\t\t\t\t<\/div>\n\t<\/div>\n\t\t<div class=\"tg-blog-widget tg-column-2\">\n\t\t\t\t<div class=\"post-image \">\n\t\t\t<figure><a href=\"https:\/\/esundy.nuclio.org\/index.php\/2019\/02\/11\/2013\/\" title=\"2013\"><img loading=\"lazy\" decoding=\"async\" width=\"300\" height=\"278\" src=\"https:\/\/esundy.nuclio.org\/wp-content\/uploads\/2019\/01\/timeline02.jpg\" class=\"attachment-flash-square size-flash-square wp-post-image\" alt=\"\" srcset=\"https:\/\/esundy.nuclio.org\/wp-content\/uploads\/2019\/01\/timeline02.jpg 535w, https:\/\/esundy.nuclio.org\/wp-content\/uploads\/2019\/01\/timeline02-300x278.jpg 300w\" sizes=\"auto, (max-width: 300px) 100vw, 300px\" \/><\/a><\/figure>\t\t<\/div>\n\t\t<div class=\"blog-content\">\n\t\t\t<h3 class=\"entry-title\"><a href=\"https:\/\/esundy.nuclio.org\/index.php\/2019\/02\/11\/2013\/\">2013<\/a><\/h3>\n\t\t\t\t\t\t<div class=\"entry-meta\">\n\t\t\t\t<span class=\"entry-date\">\n\t\t\t\t\t<i class=\"fa fa-clock-o\"><\/i><a href=\"https:\/\/esundy.nuclio.org\/index.php\/2019\/02\/11\/2013\/\" rel=\"bookmark\">February 11, 2019<\/a>\n\t\t\t\t<\/span>\n\t\t\t\t<span class=\"entry-author\">\n\t\t\t\t\t<i class=\"fa fa-user\"><\/i><a class=\"url fn n\" href=\"https:\/\/esundy.nuclio.org\/index.php\/author\/jrbl-734-e\/\">Joana Latas<\/a>\n\t\t\t\t<\/span>\n\t\t\t<\/div>\n\t\t\t\t\t\t<div class=\"entry-summary\">\n\t\t\t\t<p>&nbsp; Celebra\u00e7\u00f5es do 29 de Maio &nbsp; Observa\u00e7\u00e3o de eclipses solares vis\u00edveis na ilha do Pr\u00edncipe 03\/11\/2013 &nbsp; Recursos educacionais [&hellip;]<\/p>\n\t\t\t<\/div>\n\t\t\t\t\t<\/div>\n\t<\/div>\n\t\t<\/div>\n\t\t\t<div class=\"row\">\n\t\t<div class=\"tg-blog-widget tg-column-2\">\n\t\t\t\t<div class=\"post-image \">\n\t\t\t<figure><a href=\"https:\/\/esundy.nuclio.org\/index.php\/2019\/02\/11\/2012\/\" title=\"2012\"><img loading=\"lazy\" decoding=\"async\" width=\"300\" height=\"300\" src=\"https:\/\/esundy.nuclio.org\/wp-content\/uploads\/2019\/02\/2012-300x300.png\" class=\"attachment-flash-square size-flash-square wp-post-image\" alt=\"\" srcset=\"https:\/\/esundy.nuclio.org\/wp-content\/uploads\/2019\/02\/2012-300x300.png 300w, https:\/\/esundy.nuclio.org\/wp-content\/uploads\/2019\/02\/2012-150x150.png 150w\" sizes=\"auto, (max-width: 300px) 100vw, 300px\" \/><\/a><\/figure>\t\t<\/div>\n\t\t<div class=\"blog-content\">\n\t\t\t<h3 class=\"entry-title\"><a href=\"https:\/\/esundy.nuclio.org\/index.php\/2019\/02\/11\/2012\/\">2012<\/a><\/h3>\n\t\t\t\t\t\t<div class=\"entry-meta\">\n\t\t\t\t<span class=\"entry-date\">\n\t\t\t\t\t<i class=\"fa fa-clock-o\"><\/i><a href=\"https:\/\/esundy.nuclio.org\/index.php\/2019\/02\/11\/2012\/\" rel=\"bookmark\">February 11, 2019<\/a>\n\t\t\t\t<\/span>\n\t\t\t\t<span class=\"entry-author\">\n\t\t\t\t\t<i class=\"fa fa-user\"><\/i><a class=\"url fn n\" href=\"https:\/\/esundy.nuclio.org\/index.php\/author\/jrbl-734-e\/\">Joana Latas<\/a>\n\t\t\t\t<\/span>\n\t\t\t<\/div>\n\t\t\t\t\t\t<div class=\"entry-summary\">\n\t\t\t\t<p>&nbsp; Paloma Polo. Posici\u00f3n aparente (Apparent position)<\/p>\n\t\t\t<\/div>\n\t\t\t\t\t<\/div>\n\t<\/div>\n\t\t<div class=\"tg-blog-widget tg-column-2\">\n\t\t\t\t<div class=\"post-image \">\n\t\t\t<figure><a href=\"https:\/\/esundy.nuclio.org\/index.php\/2019\/02\/11\/2009\/\" title=\"2009\"><img loading=\"lazy\" decoding=\"async\" width=\"300\" height=\"300\" src=\"https:\/\/esundy.nuclio.org\/wp-content\/uploads\/2019\/02\/2009-300x300.jpg\" class=\"attachment-flash-square size-flash-square wp-post-image\" alt=\"\" srcset=\"https:\/\/esundy.nuclio.org\/wp-content\/uploads\/2019\/02\/2009-300x300.jpg 300w, https:\/\/esundy.nuclio.org\/wp-content\/uploads\/2019\/02\/2009-150x150.jpg 150w\" sizes=\"auto, (max-width: 300px) 100vw, 300px\" \/><\/a><\/figure>\t\t<\/div>\n\t\t<div class=\"blog-content\">\n\t\t\t<h3 class=\"entry-title\"><a href=\"https:\/\/esundy.nuclio.org\/index.php\/2019\/02\/11\/2009\/\">2009<\/a><\/h3>\n\t\t\t\t\t\t<div class=\"entry-meta\">\n\t\t\t\t<span class=\"entry-date\">\n\t\t\t\t\t<i class=\"fa fa-clock-o\"><\/i><a href=\"https:\/\/esundy.nuclio.org\/index.php\/2019\/02\/11\/2009\/\" rel=\"bookmark\">February 11, 2019<\/a>\n\t\t\t\t<\/span>\n\t\t\t\t<span class=\"entry-author\">\n\t\t\t\t\t<i class=\"fa fa-user\"><\/i><a class=\"url fn n\" href=\"https:\/\/esundy.nuclio.org\/index.php\/author\/jrbl-734-e\/\">Joana Latas<\/a>\n\t\t\t\t<\/span>\n\t\t\t<\/div>\n\t\t\t\t\t\t<div class=\"entry-summary\">\n\t\t\t\t<p>&nbsp; Ano Internacional da Astronomia voltou a focar o epis\u00f3dio passados 90 anos<\/p>\n\t\t\t<\/div>\n\t\t\t\t\t<\/div>\n\t<\/div>\n\t\t<\/div>\n\t<\/div><!-- .blog-wrapper -->\n<\/div><\/div><\/div><\/div>","protected":false},"excerpt":{"rendered":"<p>Tirando partido da proximidade do centen\u00e1rio das observa\u00e7\u00f5es astron\u00f3micas que levaram Eddington a deslocar-se \u00e0 ilha do Pr\u00edncipe em 1919 [&hellip;]<\/p>\n","protected":false},"author":2,"featured_media":0,"parent":754,"menu_order":3,"comment_status":"closed","ping_status":"closed","template":"","meta":{"ngg_post_thumbnail":0,"footnotes":""},"class_list":["post-647","page","type-page","status-publish","hentry"],"_links":{"self":[{"href":"https:\/\/esundy.nuclio.org\/index.php\/wp-json\/wp\/v2\/pages\/647","targetHints":{"allow":["GET"]}}],"collection":[{"href":"https:\/\/esundy.nuclio.org\/index.php\/wp-json\/wp\/v2\/pages"}],"about":[{"href":"https:\/\/esundy.nuclio.org\/index.php\/wp-json\/wp\/v2\/types\/page"}],"author":[{"embeddable":true,"href":"https:\/\/esundy.nuclio.org\/index.php\/wp-json\/wp\/v2\/users\/2"}],"replies":[{"embeddable":true,"href":"https:\/\/esundy.nuclio.org\/index.php\/wp-json\/wp\/v2\/comments?post=647"}],"version-history":[{"count":30,"href":"https:\/\/esundy.nuclio.org\/index.php\/wp-json\/wp\/v2\/pages\/647\/revisions"}],"predecessor-version":[{"id":2126,"href":"https:\/\/esundy.nuclio.org\/index.php\/wp-json\/wp\/v2\/pages\/647\/revisions\/2126"}],"up":[{"embeddable":true,"href":"https:\/\/esundy.nuclio.org\/index.php\/wp-json\/wp\/v2\/pages\/754"}],"wp:attachment":[{"href":"https:\/\/esundy.nuclio.org\/index.php\/wp-json\/wp\/v2\/media?parent=647"}],"curies":[{"name":"wp","href":"https:\/\/api.w.org\/{rel}","templated":true}]}}