{"id":645,"date":"2019-02-09T19:02:19","date_gmt":"2019-02-09T19:02:19","guid":{"rendered":"http:\/\/esundy.nuclio.org\/?page_id=645"},"modified":"2025-05-29T11:01:39","modified_gmt":"2025-05-29T10:01:39","slug":"objetivos-do-projeto","status":"publish","type":"page","link":"https:\/\/esundy.nuclio.org\/index.php\/sobre\/objetivos-do-projeto\/","title":{"rendered":"Objetivos"},"content":{"rendered":"<ul>\n<li>Assinalar o centen\u00e1rio do eclipse solar de 29 de Maio de 1919;<\/li>\n<\/ul>\n<p>&nbsp;<\/p>\n<ul>\n<li>Desenvolver um programa cient\u00edfico que envolva a organiza\u00e7\u00e3o de eventos em S\u00e3o Tom\u00e9 e Pr\u00edncipe, Brasil, Portugal e Inglaterra, que seja articulado com participa\u00e7\u00f5es internacionais e permita estabelecer conex\u00f5es que possibilitem a continua\u00e7\u00e3o de contacto at\u00e9 e para al\u00e9m de 2019, nomeadamente pela utiliza\u00e7\u00e3o recursos tecnol\u00f3gicos;<\/li>\n<\/ul>\n<p>&nbsp;<\/p>\n<ul>\n<li>Envolver popula\u00e7\u00e3o do Pr\u00edncipe nos programas educacional e cient\u00edfico;<\/li>\n<\/ul>\n<p>&nbsp;<\/p>\n<ul>\n<li>Estabelecer contacto entre popula\u00e7\u00e3o do Pr\u00edncipe, em particular alunos, e membros da comunidade cient\u00edfica nacional e internacional.<\/li>\n<\/ul>\n","protected":false},"excerpt":{"rendered":"<p>Assinalar o centen\u00e1rio do eclipse solar de 29 de Maio de 1919; &nbsp; Desenvolver um programa cient\u00edfico que envolva a [&hellip;]<\/p>\n","protected":false},"author":2,"featured_media":0,"parent":754,"menu_order":2,"comment_status":"closed","ping_status":"closed","template":"","meta":{"ngg_post_thumbnail":0,"footnotes":""},"class_list":["post-645","page","type-page","status-publish","hentry"],"_links":{"self":[{"href":"https:\/\/esundy.nuclio.org\/index.php\/wp-json\/wp\/v2\/pages\/645","targetHints":{"allow":["GET"]}}],"collection":[{"href":"https:\/\/esundy.nuclio.org\/index.php\/wp-json\/wp\/v2\/pages"}],"about":[{"href":"https:\/\/esundy.nuclio.org\/index.php\/wp-json\/wp\/v2\/types\/page"}],"author":[{"embeddable":true,"href":"https:\/\/esundy.nuclio.org\/index.php\/wp-json\/wp\/v2\/users\/2"}],"replies":[{"embeddable":true,"href":"https:\/\/esundy.nuclio.org\/index.php\/wp-json\/wp\/v2\/comments?post=645"}],"version-history":[{"count":4,"href":"https:\/\/esundy.nuclio.org\/index.php\/wp-json\/wp\/v2\/pages\/645\/revisions"}],"predecessor-version":[{"id":821,"href":"https:\/\/esundy.nuclio.org\/index.php\/wp-json\/wp\/v2\/pages\/645\/revisions\/821"}],"up":[{"embeddable":true,"href":"https:\/\/esundy.nuclio.org\/index.php\/wp-json\/wp\/v2\/pages\/754"}],"wp:attachment":[{"href":"https:\/\/esundy.nuclio.org\/index.php\/wp-json\/wp\/v2\/media?parent=645"}],"curies":[{"name":"wp","href":"https:\/\/api.w.org\/{rel}","templated":true}]}}