{"id":401,"date":"2019-01-16T17:40:59","date_gmt":"2019-01-16T17:40:59","guid":{"rendered":"http:\/\/esundy.nuclio.org\/?page_id=401"},"modified":"2025-05-29T11:01:39","modified_gmt":"2025-05-29T10:01:39","slug":"e3","status":"publish","type":"page","link":"https:\/\/esundy.nuclio.org\/index.php\/global\/e3\/","title":{"rendered":"E3"},"content":{"rendered":"\r\n<p><img loading=\"lazy\" decoding=\"async\" class=\"alignnone wp-image-1910 size-full\" src=\"https:\/\/esundy.nuclio.org\/wp-content\/uploads\/2019\/04\/E@S_1920x700.jpg\" alt=\"\" width=\"1920\" height=\"700\" srcset=\"https:\/\/esundy.nuclio.org\/wp-content\/uploads\/2019\/04\/E@S_1920x700.jpg 1920w, https:\/\/esundy.nuclio.org\/wp-content\/uploads\/2019\/04\/E@S_1920x700-300x109.jpg 300w, https:\/\/esundy.nuclio.org\/wp-content\/uploads\/2019\/04\/E@S_1920x700-768x280.jpg 768w, https:\/\/esundy.nuclio.org\/wp-content\/uploads\/2019\/04\/E@S_1920x700-1024x373.jpg 1024w\" sizes=\"auto, (max-width: 1920px) 100vw, 1920px\" \/><\/p>\r\n<p><span style=\"color: #606060;\">A&nbsp; exposi\u00e7\u00e3o&nbsp;<\/span><strong>E3 \u2013 Einstein, Eddington e o Eclipse<\/strong><span style=\"color: #606060;\">&nbsp;\u2013 centra-se em aspetos hist\u00f3ricos da expedi\u00e7\u00e3o liderada por Eddington \u00e0 ilha do Pr\u00edncipe e da expedi\u00e7\u00e3o &#8220;irm\u00e3&#8221; que rumou ao Sobral,<\/span><span style=\"color: #ff0000;\"><span style=\"font-family: Montserrat;\">&nbsp;<\/span><\/span><span style=\"color: #606060;\">Brasil, incluindo o &#8220;encontro improv\u00e1vel&#8221; entre Einstein e Eddington, os preparativos das expedi\u00e7\u00f5es em tempos de guerra, as viagens, as observa\u00e7\u00f5es e o im<\/span><span style=\"color: #606060;\">pacto internacional destas expedi\u00e7\u00f5es<\/span><span style=\"color: #606060;\">&nbsp;na comunidade internacional<\/span><span style=\"color: #ff0000;\">&nbsp;<\/span><span style=\"color: #606060;\">de astr\u00f3nomos, incluindo os portugueses, e tamb\u00e9m junto do p\u00fablico em geral.&nbsp;<\/span>Atribui particular aten\u00e7\u00e3o ao papel das institui\u00e7\u00f5es, astr\u00f3nomos e especialistas em Lisboa, Portugal.<\/p>\r\n<p>Entre dia <strong>16 de Maio de 2019 e 8 de Setembro <\/strong>esteve patente no<strong>&nbsp;<a href=\"http:\/\/www.museus.ulisboa.pt\/pt-pt\/exposicao-e3\" target=\"_blank\" rel=\"noopener noreferrer\">Museu de Hist\u00f3ria Natural e da Ci\u00eancia da Universidade de Lisboa<\/a><\/strong>.<\/p>\r\n<p>A inaugura\u00e7\u00e3o coincidiu com o&nbsp;lan\u00e7amento da emiss\u00e3o de selos dos CTT alusivos ao centen\u00e1rio das observa\u00e7\u00f5es do eclipse de 29 de Maio de 1919. Veja imagens desta sess\u00e3o neste <a href=\"http:\/\/youtu.be\/8j2INMaCpBA\" target=\"_blank\" rel=\"noopener noreferrer\">v\u00eddeo<\/a>.<\/p>\r\n<p>Curadoria: <em>Ana Sim\u00f5es<\/em><\/p>\r\n<p>Equipa: <em>Ana Sim\u00f5es, Ana Eir\u00f3, Augusto Fitas, Joana Latas, Jo\u00e3o Retr\u00ea, Jos\u00e9 Afonso, Jos\u00e9 Avel\u00e3s Nunes, Lu\u00eds Tirapicos, Paula Santos, Paulo Crawford, Pedro R\u00e9.<\/em><\/p>\r\n<p>Assessoria cient\u00edfica: <em>Lu\u00eds Miguel Carolino,&nbsp;Pedro Raposo<\/em><\/p>\r\n<p>&nbsp;<\/p>\r\n<div>&nbsp;<\/div>\r\n<div>A exposi\u00e7\u00e3o foi acompanhada de v\u00e1rias atividades:<\/div>\r\n<div>&nbsp;<\/div>\r\n<div>\r\n<h4>E3 &#8211; Itiner\u00e2ncia<\/h4>\r\n<p>Informa\u00e7\u00e3o complementar sobre a exposi\u00e7\u00e3o na p\u00e1gina do <a href=\"http:\/\/ciuhct.org\/divulgacao\/exposicoes\/e3-einstein-eddington-e-o-eclipse\" target=\"_blank\" rel=\"noopener noreferrer\">Centro Interuniversit\u00e1rio de Hist\u00f3ria das Ci\u00eancias e da Tecnologia<\/a><\/p>\r\n<h4>&nbsp;<\/h4>\r\n<h4>E3 &#8211; As expedi\u00e7\u00f5es brit\u00e2nicas para observa\u00e7\u00e3o do eclipse solar total de 1919 em 18 passos<\/h4>\r\n<p style=\"text-align: left;\"><img loading=\"lazy\" decoding=\"async\" class=\"wp-image-2810 alignleft\" src=\"https:\/\/esundy.nuclio.org\/wp-content\/uploads\/2019\/12\/expedi\u00e7\u00f5es-300x234.jpg\" alt=\"\" width=\"231\" height=\"180\" srcset=\"https:\/\/esundy.nuclio.org\/wp-content\/uploads\/2019\/12\/expedi\u00e7\u00f5es-300x234.jpg 300w, https:\/\/esundy.nuclio.org\/wp-content\/uploads\/2019\/12\/expedi\u00e7\u00f5es.jpg 384w\" sizes=\"auto, (max-width: 231px) 100vw, 231px\" \/>Acompanhe as expedi\u00e7\u00f5es brit\u00e2nicas que rumaram ao Sobral e Pr\u00edncipe nesta <a href=\"https:\/\/esundy.nuclio.org\/index.php\/expedicoes-britanicas-para-observacao-do-eclipse-solar-de-1919-passo-a-passo\/\">linha do tempo<\/a> desde 8 de mar\u00e7o de 1919, data em que os expedicion\u00e1rios partiram de Liverpool, at\u00e9 6 de novembro de 1919, quando foi a apresenta\u00e7\u00e3o p\u00fablico do resultado das expedi\u00e7\u00f5es e conhe\u00e7a detalhes hilariantes desta aventura.<\/p>\r\n<\/div>\r\n<div>\r\n<h3 class=\"trail-title\">&nbsp;<\/h3>\r\n<\/div>\r\n<p>&nbsp;<\/p>\r\n<p>&nbsp;<\/p>\r\n<p>&nbsp;<\/p>\r\n<h4>E3 &#8211; Einstein, Eddington e o Eclipse: Impress\u00f5es de viagem. Ensaio\/ Banda Desenhada<\/h4>\r\n<p>\r\n\r\n<\/p>\r\n<p><img loading=\"lazy\" decoding=\"async\" class=\" wp-image-2807 alignleft\" src=\"https:\/\/esundy.nuclio.org\/wp-content\/uploads\/2019\/12\/capa-BD-206x300.jpg\" alt=\"\" width=\"166\" height=\"242\" srcset=\"https:\/\/esundy.nuclio.org\/wp-content\/uploads\/2019\/12\/capa-BD-206x300.jpg 206w, https:\/\/esundy.nuclio.org\/wp-content\/uploads\/2019\/12\/capa-BD.jpg 660w\" sizes=\"auto, (max-width: 166px) 100vw, 166px\" \/><\/p>\r\n<p>Autoria: Ana Sim\u00f5es&nbsp;(ensaio e argumento) e Ana Matilde de Sousa (arte)<\/p>\r\n<p>Edi\u00e7\u00e3o Lisboa: Chili com Carne<\/p>\r\n<p>Ano2019<\/p>\r\n<p>N\u00ba de P\u00e1ginas: 245<\/p>\r\n<p>ISBN: 978-989-8363-41-1<\/p>\r\n<p>Mais informa\u00e7\u00e3o <a href=\"http:\/\/ciuhct.org\/publicacoes\/impressoes-de-viagem\" target=\"_blank\" rel=\"noopener noreferrer\">aqui<\/a>.<\/p>\r\n<p>&nbsp;<\/p>\r\n<p>&nbsp;<\/p>\r\n<h4>E3 &#8211; Einstein, Eddington e o Eclipse. Cat\u00e1logo<\/h4>\r\n<p><img loading=\"lazy\" decoding=\"async\" class=\"wp-image-2809 alignleft\" src=\"https:\/\/esundy.nuclio.org\/wp-content\/uploads\/2019\/12\/CatE3-1-300x225.jpg\" alt=\"\" width=\"206\" height=\"154\" srcset=\"https:\/\/esundy.nuclio.org\/wp-content\/uploads\/2019\/12\/CatE3-1-300x225.jpg 300w, https:\/\/esundy.nuclio.org\/wp-content\/uploads\/2019\/12\/CatE3-1-768x576.jpg 768w, https:\/\/esundy.nuclio.org\/wp-content\/uploads\/2019\/12\/CatE3-1-1024x768.jpg 1024w, https:\/\/esundy.nuclio.org\/wp-content\/uploads\/2019\/12\/CatE3-1.jpg 1600w\" sizes=\"auto, (max-width: 206px) 100vw, 206px\" \/><\/p>\r\n<div>&nbsp;<\/div>\r\n<p>O cat\u00e1logo da exposi\u00e7\u00e3o, <em>Um Encontro Improv\u00e1vel, Duas Expedi\u00e7\u00f5es Memor\u00e1veis<\/em>, foi publicado pelo MUHNAC e a Universidade de Lisboa em Junho de 2019, com textos de Ana Sim\u00f5es, e design de Vasco Ferraz e Mariana Sousa (Once Upon a Brand).<\/p>\r\n<p>&nbsp;<\/p>\r\n<p>&nbsp;<\/p>\r\n<p>&nbsp;<\/p>\r\n<h4>E3 &#8211; N\u00famero especial da Gazeta de F\u00edsica<\/h4>\r\n<p><img loading=\"lazy\" decoding=\"async\" class=\" wp-image-2808 alignleft\" src=\"https:\/\/esundy.nuclio.org\/wp-content\/uploads\/2019\/12\/capa-Gazeta-212x300.png\" alt=\"\" width=\"167\" height=\"236\" srcset=\"https:\/\/esundy.nuclio.org\/wp-content\/uploads\/2019\/12\/capa-Gazeta-212x300.png 212w, https:\/\/esundy.nuclio.org\/wp-content\/uploads\/2019\/12\/capa-Gazeta-768x1087.png 768w, https:\/\/esundy.nuclio.org\/wp-content\/uploads\/2019\/12\/capa-Gazeta-724x1024.png 724w, https:\/\/esundy.nuclio.org\/wp-content\/uploads\/2019\/12\/capa-Gazeta.png 826w\" sizes=\"auto, (max-width: 167px) 100vw, 167px\" \/><\/p>\r\n<p>Em 2019 um n\u00famero da Gazeta de F\u00edsica, revista da Sociedade Portuguesa de F\u00edsica, ser\u00e1 dedicado ao centen\u00e1rio do eclipse solar de 1919.<\/p>\r\n<p>Editores:&nbsp;<em>Augusto Fitas, Paulo Crawford e Jos\u00e9 Sande Lemos<\/em><\/p>\r\n<p>Mais informa\u00e7\u00e3o <a href=\"http:\/\/www.spf.pt\/magazines\/GFIS\/473\">aqui<\/a>.<\/p>\r\n<p>&nbsp;<\/p>\r\n<p>&nbsp;<\/p>\r\n<p>&nbsp;<\/p>\r\n<p>&nbsp;<\/p>\r\n<h4>E3 &#8211; Ciclo de Confer\u00eancias<\/h4>\r\n<p>Decorreram entre maio e setembro no <a href=\"http:\/\/www.google.com\/maps\/place\/Instituto+de+Astrof%C3%ADsica+e+Ci%C3%AAncias+do+Espa%C3%A7o\/@38.7769703,-9.2634818,12z\/data=!4m8!1m2!2m1!1sobservat%C3%B3rio+astron%C3%B3mico+de+lisboa!3m4!1s0xd1933559afaa6b7:0xbb30ef172631902e!8m2!3d38.710408!4d-9.186575\">Observat\u00f3rio Astron\u00f3mico de Lisboa<\/a>&nbsp;(OAL), organizado pelo Instituto de Astronomia e Astrof\u00edsica (IA) e no <a href=\"http:\/\/www.google.com\/maps\/place\/Centro+Acad%C3%A9mico+do+Caleidosc%C3%B3pio\/@38.7769925,-9.2109513,14z\/data=!4m8!1m2!2m1!1scaleidosc%C3%B3pio!3m4!1s0xd1932fc57b1bbf9:0x8ba0fc4f62c03cdd!8m2!3d38.756792!4d-9.1539408\">Caleidosc\u00f3pio,<\/a> com organiza\u00e7\u00e3o do&nbsp;Centro Interuniversit\u00e1rio de Hist\u00f3ria das Ci\u00eancia e da Tecnologia (CIUHCT)<\/p>\r\n<p>O dia 29 de maio, que marca o centen\u00e1rio das observa\u00e7\u00f5es do eclipse de 1919 em Sobral e na ilha do Pr\u00edncipe, foi celebrado na <a href=\"http:\/\/www.socgeografialisboa.pt\/\">Sociedade de Geografia de Lisboa<\/a> (SGL) sob a organiza\u00e7\u00e3o desta mesma institui\u00e7\u00e3o.<\/p>\r\n<p>&nbsp;<\/p>\r\n<h5>@ SGL \u00e0s 16:15h<\/h5>\r\n<p><em>Organizadora e contacto: S\u00f3nia Frias<\/em><\/p>\r\n<p>29 de maio &#8211;&nbsp; Comemora\u00e7\u00e3o do 100\u00ba Anivers\u00e1rio da Expedi\u00e7\u00e3o Cient\u00edfica de Eddington \u00e0 Ilha do Pr\u00edncipe para comprova\u00e7\u00e3o da Teoria da Relatividade pela Observa\u00e7\u00e3o do Eclipse Total do Sol em 29 de Maio de 1919, promovida pela Comiss\u00e3o Africana e pela Sec\u00e7\u00e3o de Geografia Matem\u00e1tica e Cartografia. A sess\u00e3o realizou-se no Audit\u00f3rio Adriano Moreira, com o seguinte programa:<\/p>\r\n<p>16h15 \u2013 Abertura pelo Presidente da Sociedade de Geografia de Lisboa<\/p>\r\n<p><br>16h30 &#8211; Jos\u00e9 Joaquim Pereira Os\u00f3rio &#8211; Professor Catedr\u00e1tico Jubilado da FCUP &#8211; \u201cComprova\u00e7\u00e3o Experimental do Desvio Gravitacional da Luz segundo a Teoria da Relatividade de Albert Einstein \u2013 No Centen\u00e1rio das observa\u00e7\u00f5es de Eddington na Ilha do Pr\u00edncipe\u201d.<\/p>\r\n<p><br>17h.15 \u2013 M\u00e1ximo Ferreira \u2013 Diretor do Centro Ci\u00eancia Viva de Const\u00e2ncia \u2013 Parque de Astronomia &#8211; \u201cEddington e Einstein, Observa\u00e7\u00f5es do eclipse total do Sol de 29.maio.1919\u201d<\/p>\r\n<p><br>17h45 &#8211; Yasser Omar \u2013 Professor Associado do IST\/U. Lisboa &amp; Vanessa Zuzarte \u2013 investigadora no Instituto de Medicina Molecular\/U. Lisboa. &#8211; \u201cLiteracia Cient\u00edfica para o Desenvolvimento: o exemplo dos 100 anos das observa\u00e7\u00f5es de Eddington no Pr\u00edncipe\u201d.<\/p>\r\n<p><br>18h30 &#8211; Inaugura\u00e7\u00e3o da exposi\u00e7\u00e3o da correspond\u00eancia trocada entre colaboradores de Eddington e a Sociedade de Geografia de Lisboa em 1919, por ocasi\u00e3o da prepara\u00e7\u00e3o da Miss\u00e3o de Eddington \u00e0 Ilha do Pr\u00edncipe em 1919 com o objetivo da Verifica\u00e7\u00e3o da Teoria da Relatividade. Fazem tamb\u00e9m parte da exposi\u00e7\u00e3o algumas fotografias da Miss\u00e3o da Sociedade de Geografia ao Pr\u00edncipe em 2009, por ocasi\u00e3o das comemora\u00e7\u00f5es dos 90 anos daquela miss\u00e3o.<\/p>\r\n<p>Mais informa\u00e7\u00e3o na <a href=\"http:\/\/www.socgeografialisboa.pt\/?m=20190529&amp;cat=62\" target=\"_blank\" rel=\"noopener noreferrer\">p\u00e1gina do evento<\/a>.&nbsp;<\/p>\r\n<p>&nbsp;<\/p>\r\n<h5>@ OAL \u00e0s 21:30h<\/h5>\r\n<p><em>Organizadores: Jos\u00e9 Afonso e Jo\u00e3o Retr\u00ea&nbsp;| Contacto:&nbsp; Jo\u00e3o Retr\u00ea<\/em><\/p>\r\n<p>17 de maio &#8211;&nbsp;<strong>Ondas gravitacionais &#8211; A sinfonia c\u00f3smica que abalou o mundo<\/strong>, por Francisco Lobo, do IA.<\/p>\r\n<p>7 de junho &#8211;&nbsp;<strong>O Lado Escuro do Eclipse<\/strong>, por Tiago Barreiro, do IA.<\/p>\r\n<p>12 de julho &#8211;&nbsp;<strong>A origem do tempo em cosmologia: de regresso \u00e0 mensagem de Einstein<\/strong>, por Paulo Crawford, do IA.<\/p>\r\n<p>6 de agosto &#8211; <strong>O lado brilhante do Universo<\/strong>, por Jos\u00e9 Afonso, do IA.<\/p>\r\n<h5>&nbsp;<\/h5>\r\n<h5>@ Caleidosc\u00f3pio \u00e0s 18h<\/h5>\r\n<p><em>Organizadora: Ana Sim\u00f5es | Contacto: Jos\u00e9 Avel\u00e3s Nunes<\/em><\/p>\r\n<p>23 de maio &#8211;&nbsp;<strong>Einstein e Eddington, antes e depois do eclipse de 1919<\/strong>, por Paulo Crawford, da Faculdade de Ci\u00eancias da Universidade de Lisboa (FCUL).<\/p>\r\n<p>20 de junho &#8211;&nbsp;<strong>No interior do cone de sombra. Eclipses do Sol e da Lua<\/strong>, por Pedro R\u00e9, da FCUL.<\/p>\r\n<p>27 de junho &#8211;&nbsp;<strong>Ro\u00e7as de S. Tom\u00e9 e Pr\u00edncipe como espa\u00e7os de tecno-ci\u00eancia<\/strong>, por Marta Macedo, do Instituto de Ci\u00eancias Sociais.<\/p>\r\n<p>4 de julho &#8211;&nbsp;<strong>Ro\u00e7a Sundy depois de Eddington, 100 anos de hist\u00f3ria<\/strong>, por Duarte Pape, do Paralelo Zero<\/p>\r\n<p>&nbsp;<\/p>\r\n<p>Consulte os detalhes no nosso <a href=\"https:\/\/esundy.nuclio.org\/index.php\/calendario\/\">calend\u00e1rio<\/a>!<\/p>\r\n<div>&nbsp;<\/div>\r\n<div>&nbsp;<\/div>\r\n<p><a href=\"http:\/\/www.museus.ulisboa.pt\/\"><img loading=\"lazy\" decoding=\"async\" class=\"alignnone wp-image-638\" src=\"https:\/\/esundy.nuclio.org\/wp-content\/uploads\/2019\/02\/MUHNAC-ULISBOA_Vertical_positivo-300x125.jpg\" alt=\"\" width=\"286\" height=\"119\" srcset=\"https:\/\/esundy.nuclio.org\/wp-content\/uploads\/2019\/02\/MUHNAC-ULISBOA_Vertical_positivo-300x125.jpg 300w, https:\/\/esundy.nuclio.org\/wp-content\/uploads\/2019\/02\/MUHNAC-ULISBOA_Vertical_positivo-768x321.jpg 768w, https:\/\/esundy.nuclio.org\/wp-content\/uploads\/2019\/02\/MUHNAC-ULISBOA_Vertical_positivo.jpg 823w\" sizes=\"auto, (max-width: 286px) 100vw, 286px\" \/><\/a>&nbsp; &nbsp; &nbsp; &nbsp; &nbsp; &nbsp;&nbsp;<a href=\"http:\/\/ciencias.ulisboa.pt\/\"><img loading=\"lazy\" decoding=\"async\" class=\"alignnone wp-image-625\" src=\"https:\/\/esundy.nuclio.org\/wp-content\/uploads\/2019\/02\/Ciencias_Logo_Azul-01-300x157.png\" alt=\"\" width=\"209\" height=\"109\" srcset=\"https:\/\/esundy.nuclio.org\/wp-content\/uploads\/2019\/02\/Ciencias_Logo_Azul-01-300x157.png 300w, https:\/\/esundy.nuclio.org\/wp-content\/uploads\/2019\/02\/Ciencias_Logo_Azul-01.png 435w\" sizes=\"auto, (max-width: 209px) 100vw, 209px\" \/><\/a>&nbsp;&nbsp; &nbsp; &nbsp; &nbsp; &nbsp; &nbsp;<a href=\"http:\/\/oal.ul.pt\/\"><img loading=\"lazy\" decoding=\"async\" class=\"alignnone wp-image-510\" src=\"https:\/\/esundy.nuclio.org\/wp-content\/uploads\/2019\/01\/06-OAL.png\" alt=\"\" width=\"114\" height=\"114\"><\/a>&nbsp; &nbsp; &nbsp; &nbsp; &nbsp; &nbsp; &nbsp; &nbsp; &nbsp;<a href=\"http:\/\/www.iastro.pt\/\"><img loading=\"lazy\" decoding=\"async\" class=\"alignnone wp-image-511\" src=\"https:\/\/esundy.nuclio.org\/wp-content\/uploads\/2019\/01\/07-IA-300x171.png\" alt=\"\" width=\"212\" height=\"122\" srcset=\"https:\/\/esundy.nuclio.org\/wp-content\/uploads\/2019\/01\/07-IA-300x171.png 300w, https:\/\/esundy.nuclio.org\/wp-content\/uploads\/2019\/01\/07-IA-768x439.png 768w, https:\/\/esundy.nuclio.org\/wp-content\/uploads\/2019\/01\/07-IA.png 826w\" sizes=\"auto, (max-width: 212px) 100vw, 212px\" \/><\/a><\/p>\r\n<p>&nbsp;&nbsp;<a href=\"http:\/\/ciuhct.org\/\"><img loading=\"lazy\" decoding=\"async\" class=\"alignnone wp-image-448\" src=\"https:\/\/esundy.nuclio.org\/wp-content\/uploads\/2019\/01\/CIUHCT_horizontal_RGB_cor_positivo-300x81.png\" alt=\"\" width=\"267\" height=\"72\" srcset=\"https:\/\/esundy.nuclio.org\/wp-content\/uploads\/2019\/01\/CIUHCT_horizontal_RGB_cor_positivo-300x81.png 300w, https:\/\/esundy.nuclio.org\/wp-content\/uploads\/2019\/01\/CIUHCT_horizontal_RGB_cor_positivo-768x207.png 768w, https:\/\/esundy.nuclio.org\/wp-content\/uploads\/2019\/01\/CIUHCT_horizontal_RGB_cor_positivo-1024x276.png 1024w, https:\/\/esundy.nuclio.org\/wp-content\/uploads\/2019\/01\/CIUHCT_horizontal_RGB_cor_positivo-1568x422.png 1568w, https:\/\/esundy.nuclio.org\/wp-content\/uploads\/2019\/01\/CIUHCT_horizontal_RGB_cor_positivo.png 1753w\" sizes=\"auto, (max-width: 267px) 100vw, 267px\" \/><\/a>&nbsp;&nbsp;<a href=\"http:\/\/www.fct.pt\"><img loading=\"lazy\" decoding=\"async\" class=\"alignnone wp-image-699\" src=\"https:\/\/esundy.nuclio.org\/wp-content\/uploads\/2019\/02\/2017_FCT_H_cor-300x87.jpg\" alt=\"\" width=\"279\" height=\"81\" srcset=\"https:\/\/esundy.nuclio.org\/wp-content\/uploads\/2019\/02\/2017_FCT_H_cor-300x87.jpg 300w, https:\/\/esundy.nuclio.org\/wp-content\/uploads\/2019\/02\/2017_FCT_H_cor.jpg 596w\" sizes=\"auto, (max-width: 279px) 100vw, 279px\" \/><\/a><a href=\"http:\/\/www.spf.pt\/\"><img loading=\"lazy\" decoding=\"async\" class=\"alignnone wp-image-506\" src=\"https:\/\/esundy.nuclio.org\/wp-content\/uploads\/2019\/01\/02-SPF-300x155.jpg\" alt=\"\" width=\"164\" height=\"85\" srcset=\"https:\/\/esundy.nuclio.org\/wp-content\/uploads\/2019\/01\/02-SPF-300x155.jpg 300w, https:\/\/esundy.nuclio.org\/wp-content\/uploads\/2019\/01\/02-SPF.jpg 577w\" sizes=\"auto, (max-width: 164px) 100vw, 164px\" \/><\/a>&nbsp; &nbsp; &nbsp;&nbsp;<a href=\"http:\/\/www.socgeografialisboa.pt\/\"><img loading=\"lazy\" decoding=\"async\" class=\"alignnone wp-image-514\" src=\"https:\/\/esundy.nuclio.org\/wp-content\/uploads\/2019\/01\/10-SGL-268x300.jpg\" alt=\"\" width=\"121\" height=\"135\" srcset=\"https:\/\/esundy.nuclio.org\/wp-content\/uploads\/2019\/01\/10-SGL-268x300.jpg 268w, https:\/\/esundy.nuclio.org\/wp-content\/uploads\/2019\/01\/10-SGL.jpg 709w\" sizes=\"auto, (max-width: 121px) 100vw, 121px\" \/><\/a>&nbsp; &nbsp; &nbsp;<a href=\"http:\/\/www.ctt.pt\/home\/index.html\"><img loading=\"lazy\" decoding=\"async\" class=\"alignnone wp-image-516\" src=\"https:\/\/esundy.nuclio.org\/wp-content\/uploads\/2019\/01\/12-CTT-300x240.png\" alt=\"\" width=\"141\" height=\"113\" srcset=\"https:\/\/esundy.nuclio.org\/wp-content\/uploads\/2019\/01\/12-CTT-300x240.png 300w, https:\/\/esundy.nuclio.org\/wp-content\/uploads\/2019\/01\/12-CTT.png 559w\" sizes=\"auto, (max-width: 141px) 100vw, 141px\" \/><\/a><\/p>\r\n<p><span style=\"font-weight: 400;\">Esta exposi\u00e7\u00e3o e\u0301 co-financiada por fundos nacionais atrave\u0301s da FCT \u2013 Fundac\u0327a\u0303o para a Cie\u0302ncia e a Tecnologia, I.P., no a\u0302mbito do projeto (PTDC\/IVC-HFC\/3122\/2014) VIS\u00d5ES DE LISBOA. CI\u00caNCIA, TECNOLOGIA E MEDICINA (CTM) E A CONSTRU\u00c7\u00c3O DE UMA CAPITAL TECNO-CIENT\u00cdFICA (1870-1940).<\/span><\/p>\r\n<p><\/p>","protected":false},"excerpt":{"rendered":"<p>A&nbsp; exposi\u00e7\u00e3o&nbsp;E3 \u2013 Einstein, Eddington e o Eclipse&nbsp;\u2013 centra-se em aspetos hist\u00f3ricos da expedi\u00e7\u00e3o liderada por Eddington \u00e0 ilha do [&hellip;]<\/p>\n","protected":false},"author":4,"featured_media":0,"parent":153,"menu_order":1,"comment_status":"closed","ping_status":"closed","template":"","meta":{"ngg_post_thumbnail":0,"footnotes":""},"class_list":["post-401","page","type-page","status-publish","hentry"],"_links":{"self":[{"href":"https:\/\/esundy.nuclio.org\/index.php\/wp-json\/wp\/v2\/pages\/401","targetHints":{"allow":["GET"]}}],"collection":[{"href":"https:\/\/esundy.nuclio.org\/index.php\/wp-json\/wp\/v2\/pages"}],"about":[{"href":"https:\/\/esundy.nuclio.org\/index.php\/wp-json\/wp\/v2\/types\/page"}],"author":[{"embeddable":true,"href":"https:\/\/esundy.nuclio.org\/index.php\/wp-json\/wp\/v2\/users\/4"}],"replies":[{"embeddable":true,"href":"https:\/\/esundy.nuclio.org\/index.php\/wp-json\/wp\/v2\/comments?post=401"}],"version-history":[{"count":66,"href":"https:\/\/esundy.nuclio.org\/index.php\/wp-json\/wp\/v2\/pages\/401\/revisions"}],"predecessor-version":[{"id":2817,"href":"https:\/\/esundy.nuclio.org\/index.php\/wp-json\/wp\/v2\/pages\/401\/revisions\/2817"}],"up":[{"embeddable":true,"href":"https:\/\/esundy.nuclio.org\/index.php\/wp-json\/wp\/v2\/pages\/153"}],"wp:attachment":[{"href":"https:\/\/esundy.nuclio.org\/index.php\/wp-json\/wp\/v2\/media?parent=401"}],"curies":[{"name":"wp","href":"https:\/\/api.w.org\/{rel}","templated":true}]}}