{"id":392,"date":"2019-01-16T16:05:01","date_gmt":"2019-01-16T16:05:01","guid":{"rendered":"http:\/\/esundy.nuclio.org\/?page_id=392"},"modified":"2025-05-29T11:01:40","modified_gmt":"2025-05-29T10:01:40","slug":"cassandra","status":"publish","type":"page","link":"https:\/\/esundy.nuclio.org\/index.php\/no-principe\/mensagem-de-boas-vindas\/cassandra\/","title":{"rendered":"A Cultura, a Ci\u00eancia e a Democracia &#8211; O maio do Pr\u00edncipe"},"content":{"rendered":"\r\n\r\n\r\n<p class=\"has-small-font-size\"><img loading=\"lazy\" decoding=\"async\" class=\"wp-image-1158 size-full alignleft\" src=\"https:\/\/esundy.nuclio.org\/wp-content\/uploads\/2019\/02\/Pres.-Cass.jpeg\" alt=\"\" width=\"387\" height=\"1017\" srcset=\"https:\/\/esundy.nuclio.org\/wp-content\/uploads\/2019\/02\/Pres.-Cass.jpeg 387w, https:\/\/esundy.nuclio.org\/wp-content\/uploads\/2019\/02\/Pres.-Cass-114x300.jpeg 114w\" sizes=\"auto, (max-width: 387px) 100vw, 387px\" \/>Ainda hoje, recordo-me, com um misto de nostalgia e satisfa\u00e7\u00e3o intemporal, da forma como a minha tia, L\u00edgia, preparava, organizava e, posteriormente, desenvolvia, com artefactos caseiros, comuns e nada sofisticados, todo o processo que permitia a confe\u00e7\u00e3o do \u00f3leo de palma, l\u00e1 na ro\u00e7a, utilizando um fruto espec\u00edfico da palmeira africana, o dend\u00e9m ou andim.<\/p>\r\n\r\n\r\n\r\n<p class=\"has-small-font-size\">Tal processo, interiorizado por n\u00f3s, crian\u00e7as ou adolescentes, naquela altura, comportava, na nossa inoc\u00eancia, um misto de magia, inven\u00e7\u00e3o, des\u00edgnio prof\u00e9tico ou outra coisa qualquer, sem explica\u00e7\u00e3o f\u00e1cil, que permitia a transforma\u00e7\u00e3o da polpa do andim em azeite, que era e \u00e9, por sinal, o constituinte principal da maior parte da culin\u00e1ria da ilha do Pr\u00edncipe.<\/p>\r\n\r\n\r\n\r\n<p class=\"has-small-font-size\">Ou seja, o azeite de palma era, desde o processo da sua confe\u00e7\u00e3o e posterior utiliza\u00e7\u00e3o no contexto culin\u00e1rio, um elemento central e insubstitu\u00edvel da nossa cultura e identidade insular sem qualquer rela\u00e7\u00e3o, explicativa para n\u00f3s, com a Ci\u00eancia.<\/p>\r\n\r\n\r\n\r\n<p class=\"has-small-font-size\">N\u00e3o sab\u00edamos, nem n\u00f3s nem a minha tia L\u00edgia, por exemplo, que os conceitos de solubilidade e de densidade, entre outros, inerentes \u00e0s Ci\u00eancias F\u00edsico-Qu\u00edmicas, eram essenciais em todo o processo de confe\u00e7\u00e3o do referido azeite.<\/p>\r\n\r\n\r\n\r\n<p class=\"has-small-font-size\">Todavia, transversalmente na sociedade insular, era normal e at\u00e9 desej\u00e1vel, considerar-se que um bom azeite, qualquer que ele fosse, nunca poderia ficar por baixo da \u00e1gua, no processo da sua confe\u00e7\u00e3o.<\/p>\r\n\r\n\r\n\r\n<p class=\"has-small-font-size\">Isto perdura, at\u00e9 hoje, na nossa sociedade e j\u00e1 faz parte do senso comum e as crian\u00e7as de hoje, no Pr\u00edncipe, provavelmente, devem sentir o mesmo que eu sentia h\u00e1 30 ou 40 anos, l\u00e1 na ro\u00e7a com a minha tia.<\/p>\r\n\r\n\r\n\r\n<p class=\"has-small-font-size\">Eu poderia dar outros exemplos, para al\u00e9m deste, relacionados com outros ramos das Ci\u00eancias Naturais e at\u00e9 das Ci\u00eancias Humanas, que preencheram o meu imagin\u00e1rio, como crian\u00e7a ou adolescente, passados de gera\u00e7\u00e3o em gera\u00e7\u00e3o, e que sempre fizeram parte da nossa cultura e identidade, mas nunca deixaram de ser senso comum, nalguns casos, comportando at\u00e9 uma grande carga simb\u00f3lica negativa ou prejudicial \u00e0 sociedade.<\/p>\r\n\r\n\r\n\r\n<p class=\"has-small-font-size\">Neste \u00faltimo caso, podemos exemplificar com aquilo que acontece com os nossos idosos, invulgarmente apelidados de feiticeiros, nalguns casos maltratados e abandonados, atrav\u00e9s da mobiliza\u00e7\u00e3o, inconsciente e por ignor\u00e2ncia, deste registo intemporal que chamamos de senso comum.<\/p>\r\n\r\n\r\n\r\n<p class=\"has-small-font-size\">Mas aquilo que chamamos de senso comum e est\u00e1, nalguns casos, na base da nossa cultura e identidade, n\u00e3o ter\u00e1 nada a ver com a Ci\u00eancia?<\/p>\r\n\r\n\r\n\r\n<p class=\"has-small-font-size\">Embora n\u00e3o tenha nada a ver com a Ci\u00eancia, aquilo a que chamamos, de facto, de senso comum e que faz parte das nossas atividades di\u00e1rias, geracionalmente sustentadas por um arquivo de oralidade secular que suporta a nossa identidade e cultura, deve constituir-se num elemento imprescind\u00edvel, entre outras a\u00e7\u00f5es, para o desenvolvimento da Ci\u00eancia no contexto regional.<\/p>\r\n\r\n\r\n\r\n<p class=\"has-small-font-size\">Atravessamos, neste contexto temporal e hist\u00f3rico concreto, decorrente das oportunidades oferecidas pelo processo de globaliza\u00e7\u00e3o, por um lado, e condi\u00e7\u00f5es intr\u00ednsecas decorrente do processo de autonomia regional, por outro, um per\u00edodo prop\u00edcio para a cria\u00e7\u00e3o de condi\u00e7\u00f5es de investimento na Ci\u00eancia, apesar das nossas limita\u00e7\u00f5es e constrangimentos em m\u00faltiplos dom\u00ednios.<\/p>\r\n\r\n\r\n\r\n<p class=\"has-small-font-size\">Investir na Ci\u00eancia pressup\u00f5e tamb\u00e9m o investimento no nosso patrim\u00f3nio, material e imaterial, criando-se assim condi\u00e7\u00f5es para o conhecimento e compreens\u00e3o, apropria\u00e7\u00e3o cr\u00edtica e valoriza\u00e7\u00e3o cient\u00edfica do mesmo.<\/p>\r\n\r\n\r\n\r\n<p class=\"has-small-font-size\">\u00c9, no fundo, investir nas pessoas, na forma\u00e7\u00e3o das mesmas como ve\u00edculo de emerg\u00eancia de uma sociedade de aprendizagem, em detrimento da prolifera\u00e7\u00e3o da ignor\u00e2ncia.<\/p>\r\n\r\n\r\n\r\n<p class=\"has-small-font-size\">\u00c9, tamb\u00e9m, por isso mesmo, investir no respeito e toler\u00e2ncia pelos outros e, consequentemente, no aprofundamento da nossa democracia e na cria\u00e7\u00e3o de institui\u00e7\u00f5es, p\u00fablicas e privadas, promotoras do conhecimento e da cultura. S\u00f3 assim ser\u00e1 poss\u00edvel a assun\u00e7\u00e3o coletiva e aposta no desenvolvimento sustent\u00e1vel que tanto apregoamos como nossa bandeira e op\u00e7\u00e3o estrat\u00e9gica.<\/p>\r\n\r\n\r\n\r\n<p class=\"has-small-font-size\">Partindo desta premissa, este \u00e9 o momento ideal, para come\u00e7armos a fazer alguma coisa, neste \u00e2mbito, tendo em conta que no pr\u00f3ximo ano comemoramos o centen\u00e1rio da expedi\u00e7\u00e3o astron\u00f3mica ao Pr\u00edncipe, organizada conjuntamente pela Royal Astronomical Society e Royal Society, que foi liderada pelo astr\u00f3nomo Arthur Eddington, com o objetivo de confirma\u00e7\u00e3o da Teoria da Relatividade Geral, que alterou a vis\u00e3o que temos hoje do Universo.<\/p>\r\n\r\n\r\n\r\n<p class=\"has-small-font-size\">A Ilha do Pr\u00edncipe foi, naquele contexto hist\u00f3rico e temporal concreto, a par do Sobral, no Cear\u00e1\/Brasil, o lugar para onde convergiram todas as aten\u00e7\u00f5es.<\/p>\r\n\r\n\r\n\r\n<p class=\"has-small-font-size\">Esta \u00e9 a altura ideal de juntarmos o \u00fatil ao agrad\u00e1vel, ou seja, de celebrarmos esta efem\u00e9ride que prestigia e divulga internacionalmente o nome da Ilha do Pr\u00edncipe e, simultaneamente, lan\u00e7armos um programa espec\u00edfico, com objetivo transversal em toda a sociedade insular, de transforma\u00e7\u00e3o do m\u00eas de maio, no contexto regional, no m\u00eas da Ci\u00eancia, como j\u00e1 fazemos com o m\u00eas de agosto relativamente \u00e0 cultura.<\/p>\r\n\r\n\r\n\r\n<p class=\"has-small-font-size\">Neste \u00e2mbito, de acordo com a inten\u00e7\u00e3o do Governo Regional, pretendemos que, anualmente, no m\u00eas de maio, deva ser desenvolvido no contexto regional, um programa espec\u00edfico, contemplando diferentes p\u00fablicos-alvo, que possa, transversalmente, abordar assuntos de diferentes \u00e1reas do conhecimento cient\u00edfico e, desta forma, contribuir para a \u201cpopulariza\u00e7\u00e3o\u201d da Ci\u00eancia, por um lado, e concomitantemente, aprofundar o conhecimento e compreens\u00e3o cient\u00edfica daquilo que faz parte do nosso patrim\u00f3nio cultural.<\/p>\r\n\r\n\r\n\r\n<p class=\"has-small-font-size\">\u00c9 \u00f3bvio que, o referido programa, tendo uma base e conte\u00fado de interven\u00e7\u00e3o, no contexto regional, de forma transversal, n\u00e3o pode minimizar a import\u00e2ncia da Escola, no referido contexto, como contributo insubstitu\u00edvel para a materializa\u00e7\u00e3o deste prop\u00f3sito, apesar das limita\u00e7\u00f5es que as mesmas apresentam em termos de recursos diversos.<\/p>\r\n\r\n\r\n\r\n<p class=\"has-small-font-size\">Ser\u00e1, porventura, uma boa oportunidade, tamb\u00e9m, para a melhoria do ensino das Ci\u00eancias nas Escolas do contexto regional, criando-se, assim, condi\u00e7\u00f5es para dot\u00e1-las de alguns recursos, de natureza organizacional, material e a n\u00edvel de forma\u00e7\u00e3o de professores, com o objetivo de melhorar, radicalmente, a prepara\u00e7\u00e3o das nossas crian\u00e7as e jovens em todos os dom\u00ednios do conhecimento.<\/p>\r\n\r\n\r\n\r\n<p class=\"has-small-font-size\">Por isso \u00e9 que, tamb\u00e9m, contamos com a ajuda de todas as institui\u00e7\u00f5es, de natureza p\u00fablica ou privada, do contexto nacional e internacional, que nos queiram ajudar na concretiza\u00e7\u00e3o deste objetivo.<\/p>\r\n\r\n\r\n\r\n<p class=\"has-small-font-size\">Este tamb\u00e9m ser\u00e1 um pequeno e insubstitu\u00edvel contributo para a alimenta\u00e7\u00e3o do nosso prop\u00f3sito de um desenvolvimento sustent\u00e1vel.<\/p>\r\n\r\n\r\n\r\n<p class=\"has-small-font-size\">O maio do Pr\u00edncipe ser\u00e1 Ci\u00eancia; como agosto j\u00e1 \u00e9 Cultura!<\/p>\r\n\r\n\r\n\r\n<p class=\"has-small-font-size\">Jos\u00e9 Cardoso Cassandra<br \/><br \/>Presidente do Governo Regional da Ilha do Pr\u00edncipe<\/p>\r\n<p>Maio de 2018<\/p>\r\n<p><a href=\"https:\/\/esundy.nuclio.org\/index.php\/no-principe\/mensagem-de-boas-vindas\/\">Voltar<\/a><\/p>\r\n","protected":false},"excerpt":{"rendered":"<p>Ainda hoje, recordo-me, com um misto de nostalgia e satisfa\u00e7\u00e3o intemporal, da forma como a minha tia, L\u00edgia, preparava, organizava [&hellip;]<\/p>\n","protected":false},"author":4,"featured_media":0,"parent":1640,"menu_order":0,"comment_status":"closed","ping_status":"closed","template":"","meta":{"ngg_post_thumbnail":0,"footnotes":""},"class_list":["post-392","page","type-page","status-publish","hentry"],"_links":{"self":[{"href":"https:\/\/esundy.nuclio.org\/index.php\/wp-json\/wp\/v2\/pages\/392","targetHints":{"allow":["GET"]}}],"collection":[{"href":"https:\/\/esundy.nuclio.org\/index.php\/wp-json\/wp\/v2\/pages"}],"about":[{"href":"https:\/\/esundy.nuclio.org\/index.php\/wp-json\/wp\/v2\/types\/page"}],"author":[{"embeddable":true,"href":"https:\/\/esundy.nuclio.org\/index.php\/wp-json\/wp\/v2\/users\/4"}],"replies":[{"embeddable":true,"href":"https:\/\/esundy.nuclio.org\/index.php\/wp-json\/wp\/v2\/comments?post=392"}],"version-history":[{"count":10,"href":"https:\/\/esundy.nuclio.org\/index.php\/wp-json\/wp\/v2\/pages\/392\/revisions"}],"predecessor-version":[{"id":1645,"href":"https:\/\/esundy.nuclio.org\/index.php\/wp-json\/wp\/v2\/pages\/392\/revisions\/1645"}],"up":[{"embeddable":true,"href":"https:\/\/esundy.nuclio.org\/index.php\/wp-json\/wp\/v2\/pages\/1640"}],"wp:attachment":[{"href":"https:\/\/esundy.nuclio.org\/index.php\/wp-json\/wp\/v2\/media?parent=392"}],"curies":[{"name":"wp","href":"https:\/\/api.w.org\/{rel}","templated":true}]}}