{"id":2585,"date":"2019-10-30T11:46:59","date_gmt":"2019-10-30T11:46:59","guid":{"rendered":"http:\/\/esundy.nuclio.org\/?page_id=2585"},"modified":"2025-05-29T11:01:37","modified_gmt":"2025-05-29T10:01:37","slug":"es-in-pictures","status":"publish","type":"page","link":"https:\/\/esundy.nuclio.org\/index.php\/en\/es-in-pictures\/","title":{"rendered":"E@S in pictures"},"content":{"rendered":"<h3>Celebration in Island of Pr\u00edncipe and S\u00e3o Tom\u00e9<\/h3>\n<p><a id=\"envira-media-modal-button\" class=\"button envira-gallery-choose-gallery\" title=\"Add Gallery\" href=\"https:\/\/esundy.nuclio.org\/wp-admin\/post.php?post=2290&#038;action=edit#\" data-action=\"gallery\"><\/a><\/p>\n<h3><\/h3>\n<h3>Celebrations in Portugal<\/h3>\n\n<p>&nbsp;<\/p>\n<h3>E@S in scientific meetings<\/h3>\n\n<p>&nbsp;<\/p>\n<p>Credits<\/p>\n<p>@Maique Madeira | @Andr\u00e9 Freitas | @Marina Balbina | @S\u00edlvia Correia | @Vinicius Oliveira\u00a0 | @Valente Cuambe | @Pedro R\u00e9 | @Cristina Amieiro | @Lu\u00eds Gon\u00e7alves | @Instituto de Astrof\u00edsica e Ci\u00eancias do Espa\u00e7o | @Observat\u00f3rio do Lago Alqueva | @R\u00f3mulo &#8211; Centro de Ci\u00eancia Viva da Universidade de Coimbra<\/p>\n","protected":false},"excerpt":{"rendered":"<p>Celebration in Island of Pr\u00edncipe and S\u00e3o Tom\u00e9 Celebrations in Portugal &nbsp; E@S in scientific meetings &nbsp; Credits @Maique Madeira [&hellip;]<\/p>\n","protected":false},"author":2,"featured_media":0,"parent":0,"menu_order":0,"comment_status":"closed","ping_status":"closed","template":"","meta":{"ngg_post_thumbnail":0,"footnotes":""},"class_list":["post-2585","page","type-page","status-publish","hentry"],"_links":{"self":[{"href":"https:\/\/esundy.nuclio.org\/index.php\/wp-json\/wp\/v2\/pages\/2585","targetHints":{"allow":["GET"]}}],"collection":[{"href":"https:\/\/esundy.nuclio.org\/index.php\/wp-json\/wp\/v2\/pages"}],"about":[{"href":"https:\/\/esundy.nuclio.org\/index.php\/wp-json\/wp\/v2\/types\/page"}],"author":[{"embeddable":true,"href":"https:\/\/esundy.nuclio.org\/index.php\/wp-json\/wp\/v2\/users\/2"}],"replies":[{"embeddable":true,"href":"https:\/\/esundy.nuclio.org\/index.php\/wp-json\/wp\/v2\/comments?post=2585"}],"version-history":[{"count":4,"href":"https:\/\/esundy.nuclio.org\/index.php\/wp-json\/wp\/v2\/pages\/2585\/revisions"}],"predecessor-version":[{"id":2848,"href":"https:\/\/esundy.nuclio.org\/index.php\/wp-json\/wp\/v2\/pages\/2585\/revisions\/2848"}],"wp:attachment":[{"href":"https:\/\/esundy.nuclio.org\/index.php\/wp-json\/wp\/v2\/media?parent=2585"}],"curies":[{"name":"wp","href":"https:\/\/api.w.org\/{rel}","templated":true}]}}