{"id":2524,"date":"2019-11-19T13:22:38","date_gmt":"2019-11-19T13:22:38","guid":{"rendered":"http:\/\/esundy.nuclio.org\/?page_id=2524"},"modified":"2025-05-29T11:01:39","modified_gmt":"2025-05-29T10:01:39","slug":"es-a-olhar-para-o-futuro","status":"publish","type":"page","link":"https:\/\/esundy.nuclio.org\/index.php\/global\/es-a-olhar-para-o-futuro\/","title":{"rendered":"E@S a olhar para o futuro"},"content":{"rendered":"<h2><img loading=\"lazy\" decoding=\"async\" class=\"aligncenter wp-image-2746 size-full\" src=\"https:\/\/esundy.nuclio.org\/wp-content\/uploads\/2019\/11\/banner-1.jpg\" alt=\"\" width=\"1920\" height=\"700\" srcset=\"https:\/\/esundy.nuclio.org\/wp-content\/uploads\/2019\/11\/banner-1.jpg 1920w, https:\/\/esundy.nuclio.org\/wp-content\/uploads\/2019\/11\/banner-1-300x109.jpg 300w, https:\/\/esundy.nuclio.org\/wp-content\/uploads\/2019\/11\/banner-1-768x280.jpg 768w, https:\/\/esundy.nuclio.org\/wp-content\/uploads\/2019\/11\/banner-1-1024x373.jpg 1024w\" sizes=\"auto, (max-width: 1920px) 100vw, 1920px\" \/><\/h2>\n<p>&nbsp;<\/p>\n<p>100 anos depois da primeira confirma\u00e7\u00e3o da Teoria da Relatividade Geral de Einstein, a programa\u00e7\u00e3o das celebra\u00e7\u00f5es do centen\u00e1rio das observa\u00e7\u00f5es do eclipse solar total de 1919, <em>Eddington na Sundy<\/em>, \u00e9 encerrada no <strong>Museu da P\u00f3lvora Negra em Oeiras<\/strong>. Durante o ano de 2019 celebrou-se os 100 anos da confirma\u00e7\u00e3o experimental da Teoria da Relatividade Geral de Einstein, um marco mundialmente relevante para a Hist\u00f3ria e para a Ci\u00eancia. Numa organiza\u00e7\u00e3o conjunta entre o <em>Eddington na Sundy<\/em> e a C\u00e2mara Municipal de Oeiras, o dia 30 de novembro reuniu oradores em Portugal, Brasil e S\u00e3o Tom\u00e9 e Pr\u00edncipe para ser contada uma hist\u00f3ria global e transatl\u00e2ntica, em L\u00edngua Portuguesa, encerrando assim um ciclo de iniciativas da programa\u00e7\u00e3o <em>Eddington na Sundy: 100 anos depois<\/em>.<\/p>\n<p>&nbsp;<\/p>\n<p><strong>Programa<\/strong><\/p>\n<p>15:30h Abertura da sess\u00e3o<\/p>\n<p><a href=\"#painel\">15:45h Painel&nbsp; &#8220;Eddington na Sundy: uma celebra\u00e7\u00e3o planet\u00e1ria a olhar para o futuro&#8221; <\/a><\/p>\n<p>17:15h Pausa para caf\u00e9 e visita \u00e0 exposi\u00e7\u00e3o <a href=\"https:\/\/esundy.nuclio.org\/index.php\/global\/exposicao3e\/\" target=\"_blank\" rel=\"noopener noreferrer\">3 Eclipses<\/a><\/p>\n<p><a href=\"#visita\">17:30h Visita virtual \u00e0 exposi\u00e7\u00e3o &#8220;Eclipse: Einstein, Sobral e o GSP&#8221;<\/a><\/p>\n<p><a href=\"#apresentacao-de-livro\">18:00h Apresenta\u00e7\u00e3o da BD \u201cEinstein, Eddington e o Eclipse\u201d <\/a><\/p>\n<p>18:30h Encerramento<\/p>\n<p>&nbsp;<\/p>\n<p><strong><a href=\"http:\/\/www.cm-oeiras.pt\/pt\/descobrir\/cultura\/museu\/Paginas\/Museu_da_Polvora_Negra.aspx\">Museu da P\u00f3lvora Negra<\/a>, como chegar e onde estacionar?<\/strong><\/p>\n<p>Morada | Rua da F\u00e1brica da P\u00f3lvora de Barcarena&nbsp;<\/p>\n<p>Coordenadas GPS | 38.739955, -9.284442<\/p>\n<p><img loading=\"lazy\" decoding=\"async\" class=\"wp-image-2793 size-full aligncenter\" src=\"https:\/\/esundy.nuclio.org\/wp-content\/uploads\/2019\/11\/Croquis-FPB.jpg\" alt=\"\" width=\"600\" height=\"333\" srcset=\"https:\/\/esundy.nuclio.org\/wp-content\/uploads\/2019\/11\/Croquis-FPB.jpg 600w, https:\/\/esundy.nuclio.org\/wp-content\/uploads\/2019\/11\/Croquis-FPB-300x167.jpg 300w\" sizes=\"auto, (max-width: 600px) 100vw, 600px\" \/><\/p>\n<p>&nbsp;<\/p>\n<p>&nbsp;<\/p>\n<p>Este evento insere-se no \u00e2mbito da <a href=\"http:\/\/www.cienciaviva.pt\/semanact\/edicao2019\/\">Semana da Ci\u00eancia e da Tecnologia 2019&nbsp;<\/a><\/p>\n<p><img loading=\"lazy\" decoding=\"async\" class=\"alignnone wp-image-2725\" src=\"https:\/\/esundy.nuclio.org\/wp-content\/uploads\/2019\/11\/semanact2019_icone_cviva1-300x233.png\" alt=\"\" width=\"121\" height=\"94\" srcset=\"https:\/\/esundy.nuclio.org\/wp-content\/uploads\/2019\/11\/semanact2019_icone_cviva1-300x233.png 300w, https:\/\/esundy.nuclio.org\/wp-content\/uploads\/2019\/11\/semanact2019_icone_cviva1.png 641w\" sizes=\"auto, (max-width: 121px) 100vw, 121px\" \/><\/p>\n<p>Coorganizador:<\/p>\n<p>&nbsp;<img loading=\"lazy\" decoding=\"async\" class=\"alignnone wp-image-2741\" src=\"https:\/\/esundy.nuclio.org\/wp-content\/uploads\/2019\/11\/oValley_HORIZONTAL_CORES-300x94.png\" alt=\"\" width=\"274\" height=\"86\" srcset=\"https:\/\/esundy.nuclio.org\/wp-content\/uploads\/2019\/11\/oValley_HORIZONTAL_CORES-300x94.png 300w, https:\/\/esundy.nuclio.org\/wp-content\/uploads\/2019\/11\/oValley_HORIZONTAL_CORES-768x240.png 768w, https:\/\/esundy.nuclio.org\/wp-content\/uploads\/2019\/11\/oValley_HORIZONTAL_CORES-1024x321.png 1024w, https:\/\/esundy.nuclio.org\/wp-content\/uploads\/2019\/11\/oValley_HORIZONTAL_CORES.png 1891w\" sizes=\"auto, (max-width: 274px) 100vw, 274px\" \/>&nbsp; &nbsp;&nbsp;<\/p>\n<p>&nbsp;<\/p>\n<p>&nbsp;<\/p>\n<p>&nbsp;<\/p>\n<p>&nbsp;<\/p>\n<p>&nbsp;<\/p>\n<h3 id=\"painel\">Painel |&nbsp; &#8220;Eddington na Sundy: uma celebra\u00e7\u00e3o planet\u00e1ria a olhar para o futuro&#8221;<\/h3>\n<p>Jo\u00e3o Fernandes&nbsp; |Universidade de Coimbra (Moderador)<\/p>\n<p>Isabel Silva Costa | RTP \u00c1frica<\/p>\n<p>Joana Latas | Universidade de Coimbra,&nbsp; NUCLIO<\/p>\n<p>Jos\u00e9 Sande Lemos | Universidade de Lisboa&nbsp;&nbsp;<\/p>\n<p>Manuel Penhor | Universidade de S\u00e3o Tom\u00e9 e Pr\u00edncipe *participa\u00e7\u00e3o via Zoom<\/p>\n<p>&nbsp;<\/p>\n<p><em>Eddington na Sundy: 100 anos depois<\/em> foi uma iniciativa que teve como objectivo principal comemorar o centen\u00e1rio das observa\u00e7\u00f5es astron\u00f3micas lideradas por Arthur Eddington no dia 29 de Maio 1919, na ilha do Pr\u00edncipe e na localidade brasileira do Sobral. A data e o local foram escolhidos tendo em conta o facto de a\u00ed ter sido vis\u00edvel um eclipse total do Sol. Estas observa\u00e7\u00f5es s\u00e3o um marco maior na Ci\u00eancia mundial pois permitiram uma valida\u00e7\u00e3o experimental da Teoria da Relatividade Geral, ent\u00e3o proposta por Albert Einstein. As celebra\u00e7\u00f5es inclu\u00edram dezenas de iniciativas entre congressos cient\u00edficos, confer\u00eancias, exposi\u00e7\u00f5es, observa\u00e7\u00f5es astron\u00f3micas, atividades hand-on, cria\u00e7\u00e3o de espa\u00e7os tem\u00e1ticos, f\u00f3runs de discuss\u00e3o, relatos televisivos e radiof\u00f3nicos, etc, e decorrem em tr\u00eas continentes envolvendo centenas de participantes e dezenas de institui\u00e7\u00f5es. Esta iniciativa \u00e9 uma boa met\u00e1fora de como funcionam hoje em dia muitos dos projectos cient\u00edficos, nomeadamente na \u00e1rea das Ci\u00eancias Espaciais: colabora\u00e7\u00f5es \u00e0 escala planet\u00e1ria, envolvendo v\u00e1rios pa\u00edses, organiza\u00e7\u00f5es internacionais e uma multitude de investigadores. Enfim, um esfor\u00e7o conjugado ao servi\u00e7o do Saber. Estando agora a viver o encerramento formal do <em>Eddington na Sundy: 100 anos depois<\/em>, podemos perguntar: o que fica? Qual o legado do evento? No painel que aqui se prop\u00f5e iremos discutir o que foi e o futuro do evento, com pessoas que tiveram uma participa\u00e7\u00e3o activa em diferentes actividades.<\/p>\n<p>&nbsp;<\/p>\n<hr>\n<p>&nbsp;<\/p>\n<p><strong><img loading=\"lazy\" decoding=\"async\" class=\"alignleft wp-image-2722\" src=\"https:\/\/esundy.nuclio.org\/wp-content\/uploads\/2019\/11\/JF_dmuc-300x215.jpg\" alt=\"\" width=\"279\" height=\"200\" srcset=\"https:\/\/esundy.nuclio.org\/wp-content\/uploads\/2019\/11\/JF_dmuc-300x215.jpg 300w, https:\/\/esundy.nuclio.org\/wp-content\/uploads\/2019\/11\/JF_dmuc-768x550.jpg 768w, https:\/\/esundy.nuclio.org\/wp-content\/uploads\/2019\/11\/JF_dmuc-1024x734.jpg 1024w, https:\/\/esundy.nuclio.org\/wp-content\/uploads\/2019\/11\/JF_dmuc.jpg 1693w\" sizes=\"auto, (max-width: 279px) 100vw, 279px\" \/>Jo\u00e3o Manuel de Morais Barros Fernandes<\/strong>, natural de Arcos de Valdevez, \u00e9 Professor Auxiliar do Departamento de Matem\u00e1tica, Faculdade de Ci\u00eancias e Tecnologia da Universidade de Coimbra (FCTUC) desde 1999. Licenciou-se em F\u00edsica\/Matem\u00e1tica Aplicada (ramo Astronomia) pela Universidade do Porto (1991) e \u00e9 doutorado em Astrof\u00edsica e T\u00e9cnicas Espaciais pela Universidade de Paris VII (1996). Obteve a agrega\u00e7\u00e3o em F\u00edsica (ramo Astrof\u00edsica) pela Universidade de Coimbra (2014). As suas \u00e1reas de investiga\u00e7\u00e3o s\u00e3o a forma\u00e7\u00e3o e evolu\u00e7\u00e3o das estrelas, f\u00edsica solar e a hist\u00f3ria da Astronomia em Portugal. Publicou cerca de 80 trabalhos de investiga\u00e7\u00e3o. Foi o single point of contact nacional para o Ano Internacional da Astronomia 2009, por nomea\u00e7\u00e3o da Uni\u00e3o Astron\u00f3mica Internacional. Recebeu a distin\u00e7\u00e3o &#8220;Caras de Futuro&#8221; da revista &#8220;Vis\u00e3o&#8221; em 2013. Foi sub-director da FCTUC com o pelouro do Observat\u00f3rio Geof\u00edsico e Astron\u00f3mico da UC (2013-2018) e foi coordenador do Centro de Investiga\u00e7\u00e3o da Terra e do Espa\u00e7o da Universidade de Coimbra (2015-2018).<\/p>\n<p>&nbsp;<\/p>\n<p><strong><img loading=\"lazy\" decoding=\"async\" class=\"alignleft wp-image-2754\" src=\"https:\/\/esundy.nuclio.org\/wp-content\/uploads\/2019\/11\/ISC-248x300.jpg\" alt=\"\" width=\"165\" height=\"200\" srcset=\"https:\/\/esundy.nuclio.org\/wp-content\/uploads\/2019\/11\/ISC-248x300.jpg 248w, https:\/\/esundy.nuclio.org\/wp-content\/uploads\/2019\/11\/ISC.jpg 510w\" sizes=\"auto, (max-width: 165px) 100vw, 165px\" \/>Isabel Silva Costa<\/strong>. Nasceu no Estoril, Lisboa. Trabalhou como secret\u00e1ria e tradutora, at\u00e9 que entrou para a RTP. Foi documentalista de programas, assistente de realiza\u00e7\u00e3o, realizadora de informa\u00e7\u00e3o. \u00c9 jornalista, apresentadora, coordenadora de programas. Coordenou e apresentou o Jornal das 9, o Jornal2 e o TV2Jornal, na RTP2. Foi respons\u00e1vel pelo Jornal d\u2019\u00c1frica na RTP2. Editou telejornais de fins de semana na RTP1. Foi Chefe de Reda\u00e7\u00e3o do Telejornal. Fez grandes reportagens e document\u00e1rios.&nbsp; Foi Correspondente em Berlim durante dois anos e Delegada da RTP em Cabo Verde durante seis. Trabalha na RTP \u00c1frica em Lisboa. Frequentou a Escola Alem\u00e3 de Lisboa. Tirou licenciaturas em L\u00ednguas e Literaturas Modernas, na variante Ingl\u00eas-Alem\u00e3o, e em Hist\u00f3ria. Tem uma p\u00f3s-gradua\u00e7\u00e3o em \u201cDireito na Comunica\u00e7\u00e3o Social\u201d tirada no Instituto de Ci\u00eancias Jur\u00eddicas e Sociais de Cabo Verde. Frequentou mestrado de Antropologia Visual. Leitora insaci\u00e1vel, sedenta de conhecimento e uma viajante curiosa. Recebeu dos pais uma cultura de trabalho e esfor\u00e7o.<\/p>\n<p>&nbsp;<\/p>\n<p><strong><img loading=\"lazy\" decoding=\"async\" class=\"alignleft wp-image-2690\" src=\"https:\/\/esundy.nuclio.org\/wp-content\/uploads\/2019\/11\/JoanaLatas-2-300x219.jpg\" alt=\"\" width=\"274\" height=\"200\" srcset=\"https:\/\/esundy.nuclio.org\/wp-content\/uploads\/2019\/11\/JoanaLatas-2-300x219.jpg 300w, https:\/\/esundy.nuclio.org\/wp-content\/uploads\/2019\/11\/JoanaLatas-2-768x560.jpg 768w, https:\/\/esundy.nuclio.org\/wp-content\/uploads\/2019\/11\/JoanaLatas-2-370x270.jpg 370w, https:\/\/esundy.nuclio.org\/wp-content\/uploads\/2019\/11\/JoanaLatas-2.jpg 874w\" sizes=\"auto, (max-width: 274px) 100vw, 274px\" \/>Joana Latas<\/strong> \u00e9 professora de Matem\u00e1tica com experi\u00eancia na Guin\u00e9-Bissau, S\u00e3o Tom\u00e9 e Pr\u00edncipe e Portugal, ao n\u00edvel do 2\u00ba e 3\u00ba ciclos do Ensino B\u00e1sico, Ensino Secund\u00e1rio e Ensino Superior. Nos \u00faltimos anos coordenou projetos Educa\u00e7\u00e3o e Divulga\u00e7\u00e3o Cient\u00edfica enquanto membro do N\u00facleo Interactivo de Astronomia (NUCLIO) e, de momento, est\u00e1 a realizar investiga\u00e7\u00e3o no \u00e2mbito do doutoramento em Hist\u00f3ria das Ci\u00eancias e Educa\u00e7\u00e3o Cient\u00edfica na Universidade de Coimbra. Internacionalmente participa em redes colaborativas nas \u00e1reas da (Educa\u00e7\u00e3o) Matem\u00e1tica, co-coordena o Grupo Lus\u00f3fono de Astronomia para o Desenvolvimento (PLOAD, sigla em Ingl\u00eas) da Uni\u00e3o Astron\u00f3mica Internacional e coordena a organiza\u00e7\u00e3o do <em>Eddington@Sundy: 100 anos depois, <\/em>no \u00e2mbito do qual foi conceptualizado e desenvolvido o rec\u00e9m inaugurado Espa\u00e7o Ci\u00eancia Sundy, na Ro\u00e7a Sundy, na ilha do Pr\u00edncipe, alusivo \u00e0s observa\u00e7\u00f5es do eclipse solar de 1919 que a\u00ed tiveram lugar.<\/p>\n<p>&nbsp;<\/p>\n<p><strong><img loading=\"lazy\" decoding=\"async\" class=\"alignleft wp-image-2678\" src=\"https:\/\/esundy.nuclio.org\/wp-content\/uploads\/2019\/11\/JSL-300x225.jpg\" alt=\"\" width=\"267\" height=\"200\" srcset=\"https:\/\/esundy.nuclio.org\/wp-content\/uploads\/2019\/11\/JSL-300x225.jpg 300w, https:\/\/esundy.nuclio.org\/wp-content\/uploads\/2019\/11\/JSL.jpg 640w\" sizes=\"auto, (max-width: 267px) 100vw, 267px\" \/><\/strong><\/p>\n<p><strong>Jos\u00e9 Pizarro de Sande e Lemos<\/strong> nasceu em 1957 em Lisboa. Foi aluno do&nbsp;Col\u00e9gio S\u00e3o Jo\u00e3o de Brito e do Liceu Cam\u00f5es em Lisboa e do Col\u00e9gio S\u00e3o&nbsp;Vicente no Rio de Janeiro. Obteve o Mestrado em F\u00edsica em 1982 pela&nbsp;Pontif\u00edcia Universidade Cat\u00f3lica do Rio de Janeiro e o PhD &nbsp;em Astrof\u00edsica e Gravita\u00e7\u00e3o em 1987 pela Universidade de Cambridge.&nbsp; Trabalhou no Observat\u00f3rio Nacional do Rio de Janeiro de 1988 a 1996 onde&nbsp;foi Investigador Titular. Realizou a Agrega\u00e7\u00e3o em 1996 no Instituto&nbsp;Superior T\u00e9cnico (IST) no qual \u00e9&nbsp; Professor Catedr\u00e1tico. Foi presidente&nbsp;do Departamento de F\u00edsica e \u00e9 atualmente presidente do Centro de&nbsp;Astrof\u00edsica e Gravita\u00e7\u00e3o (CENTRA) do IST. \u00c9 membro fundador e presidente&nbsp;da assembleia geral da&nbsp;Sociedade Portuguesa de Relatividade e&nbsp;Gravita\u00e7\u00e3o. O cerne da sua investiga\u00e7\u00e3o \u00e9 em f\u00edsica e astrof\u00edsica de&nbsp;buracos negros. Tem mais de 150 trabalhos publicados em revistas internacionais nas \u00e1reas de astrof\u00edsica relativista, gravita\u00e7\u00e3o, buracos&nbsp;negros, ondas gravitacionais, cosmologia e f\u00edsica fundamental&nbsp; com um&nbsp;total de 6000 cita\u00e7\u00f5es.&nbsp; Obteve o pr\u00e9mio UTL\/Santander de 2009,&nbsp;atribu\u00eddo ao professor e investigador da Universidade de Lisboa que se&nbsp;distinguiu na respetiva \u00e1rea pelo n\u00famero e pelo impacto dos trabalhos&nbsp;que publicou em revistas cient\u00edficas de circula\u00e7\u00e3o internacional e&nbsp;obteve o pr\u00e9mio vital\u00edcio de Outstanding Referee da American Physical&nbsp;Society em 2010 pela qualidade dos seus pareceres. \u00c9 organizador da&nbsp;confer\u00eancia cient\u00edfica <em>From Einstein and Eddington to LIGO: 100 years of&nbsp; gravitational light deflection<\/em> no Pr\u00edncipe, em Maio de 2019, em&nbsp;comemora\u00e7\u00e3o dos 100 anos do eclipse solar hist\u00f3rico.<\/p>\n<p>&nbsp;<\/p>\n<p><strong><img loading=\"lazy\" decoding=\"async\" class=\"alignleft wp-image-2679\" src=\"https:\/\/esundy.nuclio.org\/wp-content\/uploads\/2019\/11\/MP-248x300.jpg\" alt=\"\" width=\"165\" height=\"200\" srcset=\"https:\/\/esundy.nuclio.org\/wp-content\/uploads\/2019\/11\/MP-248x300.jpg 248w, https:\/\/esundy.nuclio.org\/wp-content\/uploads\/2019\/11\/MP.jpg 356w\" sizes=\"auto, (max-width: 165px) 100vw, 165px\" \/>Manuel Penhor<\/strong>, licenciado em F\u00edsica e Mestre em Clima e Ambiente atmosf\u00e9rico. \u00c9 atualmente professor e coordenador do curso de F\u00edsica na Faculdade de Ci\u00eancias e das Tecnologias da Universidade de S\u00e3o Tom\u00e9 e Pr\u00edncipe (USTP). Desempenhou o cargo de Presidente da Faculdade de Ci\u00eancias da USTP (2014-2016), foi Metod\u00f3logo de F\u00edsica do Ensino Secund\u00e1rio (1993-1998). Durante uma d\u00e9cada (1998 \u2013 2008) ocupou o cargo de Chefe dos Servi\u00e7os Administrativos e coordenador do Departamento de F\u00edsica do Instituto Superior Polit\u00e9cnico (antes da cria\u00e7\u00e3o da Universidade de S\u00e3o Tom\u00e9 e Pr\u00edncipe). Foi Ponto Focal para a Comemora\u00e7\u00e3o do Ano Internacional da Astronomia (2009) em STP, Coorganizador das Masterclasses Internacionais de F\u00edsica das part\u00edculas em STP desde 2012 e participante do curso de forma\u00e7\u00e3o sobre astronomia dirigida a professores de pa\u00edses africanos de l\u00edngua oficial portuguesa, organizada pelo NUCLIO de Portugal, no \u00e2mbito da GTTP e \u00e9 coordenador do PLOAD em STP.<\/p>\n<p>&nbsp;<\/p>\n<hr>\n<h3>&nbsp;<\/h3>\n<p><a href=\"https:\/\/esundy.nuclio.org\/index.php\/global\/es-a-olhar-para-o-futuro\/\">Topo<\/a><\/p>\n<p>&nbsp;<\/p>\n<p>&nbsp;<\/p>\n<h3 id=\"visita\">Visita virtual | Exposi\u00e7\u00e3o <em>Eclipse: Einstein, Sobral e o GSP <\/em><\/h3>\n<p>Patr\u00edcia Spinelli | Museu de Astronomia e Ci\u00eancias Afins, Rio de Janeiro *participa\u00e7\u00e3o via Zoom<\/p>\n<p>&nbsp;<\/p>\n<p>A confirma\u00e7\u00e3o da Teoria da Relatividade Geral, de Albert Einstein, completou um s\u00e9culo em maio. E foi no interior do Cear\u00e1, em Sobral, que cientistas brasileiros e ingleses ajudaram o famoso f\u00edsico alem\u00e3o a provar sua tese. Esta proeza cient\u00edfica foi conseguida em 29 de maio de 1919, quando as fotografias de um eclipse solar, tiradas na cidade cearense de Sobral e na Ilha do Pr\u00edncipe, foram fundamentais para comprovar a deflex\u00e3o da luz pela gravidade, prevista por essa Teoria. Tal feito hist\u00f3rico teve grande repercuss\u00e3o na imprensa brasileira, europeia e dos Estados Unidos, transformando Einstein em celebridade mundial e abrindo novos horizontes para o conhecimento cient\u00edfico.<\/p>\n<p>Para celebrar os 100 anos do fen\u00f4meno, o Museu de Astronomia e Ci\u00eancias Afins (MAST), em parceria com o Observat\u00f3rio Nacional (ON), inaugurou em 29 de maio a exposi\u00e7\u00e3o&nbsp;<b><a href=\"http:\/\/www.mast.br\/museu\/o-eclipse-einstein-sobral-e-o-gps\/\" target=\"_blank\" rel=\"noopener noreferrer\" data-saferedirecturl=\"http:\/\/www.google.com\/url?q=http:\/\/www.mast.br\/museu\/o-eclipse-einstein-sobral-e-o-gps\/&amp;source=gmail&amp;ust=1574533410159000&amp;usg=AFQjCNGOQGcVOssYhNe41D9VlqyuBSCRQQ\">O Eclipse &#8211; Einstein, Sobral e o GPS<\/a><\/b>. Voltada para todos os p\u00fablicos, a mostra conta a hist\u00f3ria da expedi\u00e7\u00e3o cient\u00edfica que comprovou da Teoria da Relatividade Geral, trazendo detalhes sobre como foram registradas as fotografias da posi\u00e7\u00e3o das estrelas pr\u00f3ximas \u00e0 borda solar bem como \u00e0quelas obtidas pela equipe brasileira.<\/p>\n<p>&nbsp;<\/p>\n<hr>\n<p>&nbsp;<\/p>\n<p><strong><img loading=\"lazy\" decoding=\"async\" class=\"alignleft wp-image-2733\" src=\"https:\/\/esundy.nuclio.org\/wp-content\/uploads\/2019\/11\/Patrica_Spinelli-300x300.jpg\" alt=\"\" width=\"200\" height=\"200\" srcset=\"https:\/\/esundy.nuclio.org\/wp-content\/uploads\/2019\/11\/Patrica_Spinelli-300x300.jpg 300w, https:\/\/esundy.nuclio.org\/wp-content\/uploads\/2019\/11\/Patrica_Spinelli-150x150.jpg 150w, https:\/\/esundy.nuclio.org\/wp-content\/uploads\/2019\/11\/Patrica_Spinelli.jpg 512w\" sizes=\"auto, (max-width: 200px) 100vw, 200px\" \/>Patricia Spinelli<\/strong> possui gradua\u00e7\u00e3o em F\u00edsica pela Universidade Federal do Rio Grande do Sul (UFRGS, 2004), mestrado em F\u00edsica pela Universidade Federal do Rio Grande do Sul (UFRGS, 2007) e doutorado em Astrof\u00edsica pela Ludwig-Maximilians-Universit\u00e4t e International Max Planck Research School on Astrophysics (LMU, IMPRS, 2011). Realizou est\u00e1gio de p\u00f3s-doutorado no Instituto de Astronomia, Geof\u00edsica e Ci\u00eancias Atmosf\u00e9ricas da Universidade de S\u00e3o Paulo (IAG-USP, 2013). Tem experi\u00eancia na \u00e1rea de Astrof\u00edsica, com \u00eanfase em Lentes Gravitacionais Fracas, Cosmologia e Astrof\u00edsica Extragal\u00e1ctica. Atua na \u00e1rea de divulga\u00e7\u00e3o em ci\u00eancias, em especial Astronomia, sendo membro fundador do Programa GalileoMobile. Atualmente \u00e9 pesquisadora adjunta do Museu de Astronomia e Ci\u00eancias Afins (MAST, desde 2013) e professora do curso de P\u00f3s-gradua\u00e7\u00e3o Lato Sensu em Divulga\u00e7\u00e3o da Ci\u00eancia, da Tecnologia e da Sa\u00fade Fiocruz\/MAST\/Jardim Bot\u00e2nico (DCTS, desde 2014).&nbsp;<\/p>\n<p>&nbsp;<\/p>\n<hr>\n<p>&nbsp;<\/p>\n<p><a href=\"https:\/\/esundy.nuclio.org\/index.php\/global\/es-a-olhar-para-o-futuro\/\">Topo<\/a><\/p>\n<p>&nbsp;<\/p>\n<p>&nbsp;<\/p>\n<h3 id=\"apresentacao-de-livro\">Apresenta\u00e7\u00e3o de livro | Ensaio \/ Banda Desenhada <em>Einstein, Eddington e o Eclipse<\/em><\/h3>\n<p>Ana Sim\u00f5es | Universidade de Lisboa<\/p>\n<p>Ana Matilde Sousa | Universidade de Lisboa<\/p>\n<p>&nbsp;<\/p>\n<p><span style=\"font-weight: 400;\">1 ECLIPSE\/ 5 PA\u00cdSES \/2 L\u00cdNGUAS \/ 1 TEIA DE PESSOAS CONHECIDAS E DESCONHECIDAS, ANIMAIS, PLANTAS, AMBIENTES \/ MUITO DESEJO POR MORANGOS<\/span><\/p>\n<p><i><span style=\"font-weight: 400;\">Einstein, Eddington e o Eclipse. Impress\u00f5es de viagem<\/span><\/i><span style=\"font-weight: 400;\"> integra um ensaio e uma banda desenhada. O ensaio analisa as duas expedi\u00e7\u00f5es brit\u00e2nicas, que rumaram ao Pr\u00edncipe e ao Sobral para observar o eclipse solar total de 1919 e testar a previs\u00e3o de Albert Einstein do encurvamento da luz, nas suas vertentes cient\u00edfica, social, pol\u00edtica e religiosa. A banda desenhada toma excertos da correspond\u00eancia de A.S. Eddington como ponto de partida para uma narrativa gr\u00e1fica de contornos experimentais e impressionistas.&nbsp;<\/span><\/p>\n<p>&nbsp;<\/p>\n<hr>\n<p>&nbsp;<\/p>\n<p><strong><img loading=\"lazy\" decoding=\"async\" class=\"alignleft wp-image-2677\" src=\"https:\/\/esundy.nuclio.org\/wp-content\/uploads\/2019\/11\/AS-300x201.jpg\" alt=\"\" width=\"299\" height=\"200\" srcset=\"https:\/\/esundy.nuclio.org\/wp-content\/uploads\/2019\/11\/AS-300x201.jpg 300w, https:\/\/esundy.nuclio.org\/wp-content\/uploads\/2019\/11\/AS.jpg 498w\" sizes=\"auto, (max-width: 299px) 100vw, 299px\" \/><\/strong><\/p>\n<p><b>Ana Sim\u00f5es<\/b><span style=\"font-weight: 400;\"> \u00e9 Professora Catedr\u00e1tica de Hist\u00f3ria das Ci\u00eancias na Faculdade de Ci\u00eancias da Universidade de Lisboa, Portugal e Co-Coordenadora do Centro de Hist\u00f3ria da Ci\u00eancia e Tecnologia (CIUHCT). \u00c9 presidente da Sociedade Europeia para a Hist\u00f3ria da Ci\u00eancia (2018-2020). O seu trabalho sobre a apropria\u00e7\u00e3o do eclipse de 1919 pela comunidade astron\u00f3mica de Lisboa foi o ponto de partida para o seu envolvimento nas comemora\u00e7\u00f5es do eclipse de 1919. Entre v\u00e1rias atividades e publica\u00e7\u00f5es, comissariou a exposi\u00e7\u00e3o <\/span><i><span style=\"font-weight: 400;\">E3. Einstein, Eddington e o Eclipse<\/span><\/i><span style=\"font-weight: 400;\">, realizada no Museu Nacional de Hist\u00f3ria Natural e da Ci\u00eancia, Lisboa, de maio a setembro de 2019, e publicou o livro <\/span><i><span style=\"font-weight: 400;\">Einstein, Eddington e o Eclipse. Um encontro Improv\u00e1vel, duas expedi\u00e7\u00f5es memor\u00e1veis<\/span><\/i><span style=\"font-weight: 400;\"> \u200b\u200b(2019).<\/span><\/p>\n<p>&nbsp;<\/p>\n<p>&nbsp;<\/p>\n<p><b>Ana Matilde Sousa<\/b><span style=\"font-weight: 400;\"> \u00e9 artista visual e acad\u00e9mica, nascida em Lisboa, onde vive e trabalha. Em 2012, cofundou o selo portugu\u00eas de zines Clube do Inferno, come\u00e7ando a fazer banda desenhada sob o pseud\u00f3nimo Hetamo\u00e9. Desde ent\u00e3o, as suas bandas desenhadas foram publicadas por editoras de BD alternativa em Portugal e internacionalmente, incluindo Chili Com Carne (Portugal), ku\u0161! (Let\u00f3nia), Ediciones Valientes (Espanha), \u00c9ditions Trip (Canad\u00e1) e Anthropocene Curriculum (Alemanha). \u00c9 candidata a doutorada em Pintura na Faculdade de Belas Artes da Universidade de Lisboa, prevendo terminar em 2019.&nbsp; <\/span><span style=\"font-weight: 400;\">Website: <\/span><a href=\"http:\/\/www.heta.moe\/\"><span style=\"font-weight: 400;\">http:\/\/www.heta.moe\/<\/span><\/a><\/p>\n<p>&nbsp;<\/p>\n<hr>\n<p>&nbsp;<\/p>\n<p><a href=\"https:\/\/esundy.nuclio.org\/index.php\/global\/es-a-olhar-para-o-futuro\/\">Topo<\/a><\/p>\n<p>&nbsp;<\/p>\n","protected":false},"excerpt":{"rendered":"<p>&nbsp; 100 anos depois da primeira confirma\u00e7\u00e3o da Teoria da Relatividade Geral de Einstein, a programa\u00e7\u00e3o das celebra\u00e7\u00f5es do centen\u00e1rio [&hellip;]<\/p>\n","protected":false},"author":2,"featured_media":0,"parent":153,"menu_order":0,"comment_status":"closed","ping_status":"closed","template":"","meta":{"ngg_post_thumbnail":0,"footnotes":""},"class_list":["post-2524","page","type-page","status-publish","hentry"],"_links":{"self":[{"href":"https:\/\/esundy.nuclio.org\/index.php\/wp-json\/wp\/v2\/pages\/2524","targetHints":{"allow":["GET"]}}],"collection":[{"href":"https:\/\/esundy.nuclio.org\/index.php\/wp-json\/wp\/v2\/pages"}],"about":[{"href":"https:\/\/esundy.nuclio.org\/index.php\/wp-json\/wp\/v2\/types\/page"}],"author":[{"embeddable":true,"href":"https:\/\/esundy.nuclio.org\/index.php\/wp-json\/wp\/v2\/users\/2"}],"replies":[{"embeddable":true,"href":"https:\/\/esundy.nuclio.org\/index.php\/wp-json\/wp\/v2\/comments?post=2524"}],"version-history":[{"count":77,"href":"https:\/\/esundy.nuclio.org\/index.php\/wp-json\/wp\/v2\/pages\/2524\/revisions"}],"predecessor-version":[{"id":2792,"href":"https:\/\/esundy.nuclio.org\/index.php\/wp-json\/wp\/v2\/pages\/2524\/revisions\/2792"}],"up":[{"embeddable":true,"href":"https:\/\/esundy.nuclio.org\/index.php\/wp-json\/wp\/v2\/pages\/153"}],"wp:attachment":[{"href":"https:\/\/esundy.nuclio.org\/index.php\/wp-json\/wp\/v2\/media?parent=2524"}],"curies":[{"name":"wp","href":"https:\/\/api.w.org\/{rel}","templated":true}]}}