{"id":2308,"date":"2019-10-19T15:13:15","date_gmt":"2019-10-19T14:13:15","guid":{"rendered":"http:\/\/esundy.nuclio.org\/?page_id=2308"},"modified":"2025-05-29T11:01:37","modified_gmt":"2025-05-29T10:01:37","slug":"es-na-imprensa","status":"publish","type":"page","link":"https:\/\/esundy.nuclio.org\/index.php\/es-na-imprensa\/","title":{"rendered":"E@S nos media"},"content":{"rendered":"<h3>&nbsp;<\/h3>\n<h3><b>Jornais, blogs e websites&nbsp;<\/b><\/h3>\n<p>&nbsp;<\/p>\n<p>25\/04\/2019 | European Physics Society | <a href=\"http:\/\/www.epsnews.eu\/2019\/04\/the-portuguese-physical-society-is-a-partner-in-the-total-eclipse-observation-celebration\/\" target=\"_blank\" rel=\"noopener noreferrer\">The Portuguese Physical Society is a partner in the Total Eclipse Observation Celebration<\/a><\/p>\n<p>&nbsp;<\/p>\n<p>05\/05\/2019 | Di\u00e1rio de Not\u00edcias \/ Lusa | <a href=\"http:\/\/www.dn.pt\/lusa\/teoria-da-relatividade-e-tema-de-centro-cientifico-em-antiga-roca-da-ilha-do-principe-10863719.html\" target=\"_blank\" rel=\"noopener noreferrer\">Teoria da Relatividade \u00e9 tema de centro cient\u00edfico em antiga ro\u00e7a da ilha do Pr\u00edncipe<\/a><\/p>\n<p>&nbsp;<\/p>\n<p>16\/05\/2019 | Instituto Superior T\u00e9cnico | <a href=\"http:\/\/tecnico.ulisboa.pt\/pt\/eventos\/es-eddington-na-sundy-100-anos-depois\/\" target=\"_blank\" rel=\"noopener noreferrer\">E@S &#8211; Eddington na Sundy: 100 anos depois<\/a><\/p>\n<p>&nbsp;<\/p>\n<p><span style=\"font-weight: 400;\">22\/05\/2019 | T\u00e9la Non | <\/span><a href=\"http:\/\/www.telanon.info\/cultura\/2019\/05\/22\/29311\/banda-desenhada-e3-einstein-eddington-e-o-eclipse\/\" target=\"_blank\" rel=\"noopener noreferrer\"><span style=\"font-weight: 400;\">Banda desenhada \u201cE3 \u2013 Einstein, Eddington e o Eclipse\u201d<\/span><\/a><\/p>\n<p>&nbsp;<\/p>\n<p><span style=\"font-weight: 400;\">24\/05\/2019 | Comunidade dos Pa\u00edses de L\u00edngua Portuguesa &#8211; CPLP | <\/span><a href=\"http:\/\/www.cplp.org\/id-4447.aspx?Action=1&amp;NewsId=8406&amp;M=NewsV2&amp;PID=10872\" target=\"_blank\" rel=\"noopener noreferrer\"><span style=\"font-weight: 400;\">CPLP atribui apoio institucional ao evento \u201cEddington na Sundy: 100 anos depois\u201d<\/span><\/a><\/p>\n<p>&nbsp;<\/p>\n<p><span style=\"font-weight: 400;\">24\/05\/2019 | Funda\u00e7\u00e3o Calouste Gulbenkian | <\/span><a href=\"http:\/\/gulbenkian.pt\/noticias\/observacoes-astronomicas-na-ilha-do-principe\/\" target=\"_blank\" rel=\"noopener noreferrer\"><span style=\"font-weight: 400;\">Observa\u00e7\u00f5es astron\u00f3micas na Ilha do Pr\u00edncipe<\/span><\/a><span style=\"font-weight: 400;\">&nbsp;<\/span><\/p>\n<p>&nbsp;<\/p>\n<p><span style=\"font-weight: 400;\">24\/05\/2019 | Munic\u00edpio Oeiras | <\/span><a href=\"http:\/\/www.cm-oeiras.pt\/pt\/municipio\/transparencia-municipal\/Paginas\/planetario-principe-apoio.aspx\"><span style=\"font-weight: 400;\">Oeiras vai patrocinar aquisi\u00e7\u00e3o de planet\u00e1rio para a Ilha do Pr\u00edncipe<\/span><\/a><\/p>\n<p>&nbsp;<\/p>\n<p><span style=\"font-weight: 400;\">25\/05\/2019 | Observador\/ Lusa | <\/span><a href=\"http:\/\/observador.pt\/2019\/05\/29\/ilha-do-principe-e-sobral-assinalam-100-anos-da-comprovacao-da-teoria-da-relatividade\/\" target=\"_blank\" rel=\"noopener noreferrer\"><span style=\"font-weight: 400;\">Ilha do Pr\u00edncipe e Sobral assinalam 100 anos da comprova\u00e7\u00e3o da teoria da relatividade<\/span><\/a><\/p>\n<p>&nbsp;<\/p>\n<p><span style=\"font-weight: 400;\">25\/05\/2019 | O Jogo \/ Lusa | <\/span><a href=\"http:\/\/www.ojogo.pt\/extra\/lusa\/principe-e-brasil-acolhem-celebracao-dos-100-anos-da-comprovacao-da-teoria-da-relatividade-de-einstein-10939971.html\" target=\"_blank\" rel=\"noopener noreferrer\"><span style=\"font-weight: 400;\">Pr\u00edncipe e Brasil acolhem celebra\u00e7\u00e3o dos 100 anos da comprova\u00e7\u00e3o da Teoria da Relatividade de Einstein<\/span><\/a><\/p>\n<p>&nbsp;<\/p>\n<p><span style=\"font-weight: 400;\">25\/05\/2019 | Di\u00e1rio de Not\u00edcias \/ Lusa | <a href=\"http:\/\/www.dn.pt\/vida-e-futuro\/principe-e-brasil-acolhem-celebracao-dos-100-anos-da-comprovacao-da-teoria-da-relatividade-de-einstein-10939968.html\" target=\"_blank\" rel=\"noopener noreferrer\">A teoria de Einstein \u00e9 festejada no Pr\u00edncipe e no Brasil<\/a><\/span><\/p>\n<p>&nbsp;<\/p>\n<p><span style=\"font-weight: 400;\">27\/05\/2019 | T\u00e9la Non | <\/span><a href=\"http:\/\/www.telanon.info\/sociedade\/2019\/05\/27\/29336\/celebracoes-do-centenario-do-eclipse-solar-de-1919-na-ilha-do-principe\/\" target=\"_blank\" rel=\"noopener noreferrer\"><span style=\"font-weight: 400;\">Celebra\u00e7\u00f5es do eclipse solar de 1919 na ilha do Pr\u00edncipe<\/span><\/a><\/p>\n<p>&nbsp;<\/p>\n<p><span style=\"font-weight: 400;\">28\/05\/2019 | Bandas Desenhadas | <\/span><a href=\"http:\/\/bandasdesenhadas.com\/2019\/05\/28\/duas-bd-portuguesas-na-ilha-do-principe\/\" target=\"_blank\" rel=\"noopener noreferrer\"><span style=\"font-weight: 400;\">Duas BD portuguesas na ilha do Pr\u00edncipe<\/span><\/a><\/p>\n<p>&nbsp;<\/p>\n<p><span style=\"font-weight: 400;\">28\/05\/2019 | P\u00fablico | <\/span><a href=\"http:\/\/www.publico.pt\/2019\/05\/28\/ciencia\/noticia\/einstein-pais-1874474\" target=\"_blank\" rel=\"noopener noreferrer\"><span style=\"font-weight: 400;\">Einstein pelo pa\u00eds<\/span><\/a><\/p>\n<p>&nbsp;<\/p>\n<p>28\/05\/2019 | Laborat\u00f3rio de Instrumenta\u00e7\u00e3o e F\u00edsica Experimental de Part\u00edculas &#8211; LIP | <a href=\"http:\/\/www.lip.pt\/?section=press&amp;page=news-details&amp;id=780&amp;ref=homepage\" target=\"_blank\" rel=\"noopener noreferrer\">100 anos das observa\u00e7\u00f5es de Eddington no Pr\u00edncipe<\/a><\/p>\n<p>&nbsp;<\/p>\n<p><span style=\"font-weight: 400;\">28\/05\/2019 | Presid\u00eancia da Rep\u00fablica Portuguesa | <\/span><a href=\"http:\/\/www.presidencia.pt\/?idc=10&amp;idi=164685\" target=\"_blank\" rel=\"noopener noreferrer\"><span style=\"font-weight: 400;\">Presidente da Rep\u00fablica na ilha do Pr\u00edncipe no centen\u00e1rio da comprova\u00e7\u00e3o da teoria da relatividade<\/span><\/a><\/p>\n<p>&nbsp;<\/p>\n<p>29\/05\/2019 | International Astronomical Union | <a href=\"http:\/\/www.iau.org\/news\/pressreleases\/detail\/iau1907\/?fbclid=IwAR3svASOpYNRo9Jw_Vigl_rbibUtA-n9LsDfrQtxz-q_tR1PJ0aNqYo2y00\" target=\"_blank\" rel=\"noopener noreferrer\">Global Astronomical Community Celebrates the 100th Anniversary of 1919 Solar Eclipse<\/a><\/p>\n<p>&nbsp;<\/p>\n<p>29\/05\/2019 | Instituto Superior T\u00e9cnico | <a href=\"http:\/\/tecnico.ulisboa.pt\/pt\/noticias\/100-anos-depois-do-eclipse-que-confirmou-a-teoria-da-relatividade\/\" target=\"_blank\" rel=\"noopener noreferrer\">100 anos depois do eclipse que confirmou a Teoria da Relatividade<\/a><\/p>\n<p>&nbsp;<\/p>\n<p><span style=\"font-weight: 400;\">29\/05\/2019 | Presid\u00eancia da Rep\u00fablica Portuguesa | <\/span><a href=\"http:\/\/www.presidencia.pt\/?idc=10&amp;idi=164710\" target=\"_blank\" rel=\"noopener noreferrer\"><span style=\"font-weight: 400;\">Presidente da Rep\u00fablica no centen\u00e1rio da comprova\u00e7\u00e3o da teoria da relatividade<\/span><\/a><\/p>\n<p>&nbsp;<\/p>\n<p><span style=\"font-weight: 400;\">29\/05\/2019 | T\u00e9la Non | <\/span><a href=\"http:\/\/www.telanon.info\/politica\/2019\/05\/29\/29364\/ciencia-sundy-no-centro-das-atencoes-do-mundo\/\" target=\"_blank\" rel=\"noopener noreferrer\"><span style=\"font-weight: 400;\">Ci\u00eancia: Sundy no centro das aten\u00e7\u00f5es do mundo<\/span><\/a><span style=\"font-weight: 400;\">&nbsp;&nbsp;<\/span><\/p>\n<p>&nbsp;<\/p>\n<p>30\/11\/2019 | Munic\u00edpio Oeiras | <a href=\"http:\/\/www.cm-oeiras.pt\/pt\/agenda\/Paginas\/eddington-sundy.aspx\">Encerramento da programa\u00e7\u00e3o Eddingtona na Sundy: 100 anos depois<\/a><\/p>\n<h5>&nbsp;<\/h5>\n<h5 style=\"text-align: left;\">Veja Tamb\u00e9m E@S em&nbsp; &nbsp; &nbsp; &nbsp; &nbsp; &nbsp; &nbsp; &nbsp; &nbsp; &nbsp; <a href=\"http:\/\/www.iau-100.org\/eddington-sundy\" target=\"_blank\" rel=\"noopener noreferrer\">&nbsp;IAU100<\/a>&nbsp; &nbsp; &nbsp; &nbsp; &nbsp; &nbsp; &nbsp; &nbsp;|&nbsp; &nbsp; &nbsp; &nbsp; &nbsp; <a href=\"http:\/\/eclipse1919.org\/index.php\/events\" target=\"_blank\" rel=\"noopener noreferrer\">&nbsp;Eclipse 1919<\/a><\/h5>\n<p>&nbsp;<\/p>\n<h3>Revistas<\/h3>\n<p>&nbsp;<\/p>\n<p>Mar\u00e7o de 2019 | Revista da Universidade de Lisboa | <a href=\"https:\/\/esundy.nuclio.org\/wp-content\/uploads\/2019\/10\/Excerto-RevistaUL-Mar2019-E3.pdf\" target=\"_blank\" rel=\"noopener noreferrer\">Einstein, Eddington e o Eclipse: o centen\u00e1rio de uma grande revolu\u00e7\u00e3o cient\u00edfica<\/a>, Ana Sim\u00f5es<\/p>\n<p>&nbsp;<\/p>\n<p>Maio de 2019 | Gazeta de F\u00edsica da Sociedade Portuguesa de F\u00edsica | <a href=\"http:\/\/www.spf.pt\/magazines\/GFIS\/473\" target=\"_blank\" rel=\"noopener noreferrer\">E3: Einstein, Eddington e o Eclipse<\/a> | <a href=\"https:\/\/esundy.nuclio.org\/wp-content\/uploads\/2019\/10\/Atachement-III-GF-42_2_-2019_-E3_JL.pdf\" target=\"_blank\" rel=\"noopener noreferrer\">A pedra fundamental de um legado no Pr\u00edncipe: 100 anos depois<\/a>, Joana Latas<\/p>\n<p>&nbsp;<\/p>\n<h3>&nbsp;<\/h3>\n<h3><b>R\u00e1dio<\/b><\/h3>\n<p>&nbsp;<\/p>\n<p>18\/05\/2019 | Antena 1 &#8211; Edgar canelas &#8211; Dias do futuro | <a href=\"http:\/\/www.rtp.pt\/play\/p383\/e407622\/os-dias-do-futuro\" target=\"_blank\" rel=\"noopener noreferrer\">E3 &#8211; Einstein, Eddington e o Eclipse<\/a>, com Ana Sim\u00f5es (entre os 14m e os 40m)<\/p>\n<p>&nbsp;<\/p>\n<p><span style=\"font-weight: 400;\">25\/05\/2019 | Antena 1 &#8211; Jos\u00e9 Candeias &#8211; H\u00e1 conversa | <\/span><a href=\"http:\/\/www.rtp.pt\/play\/p855\/e409980\/jose-candeias-ha-conversa\" target=\"_blank\" rel=\"noopener noreferrer\"><span style=\"font-weight: 400;\">Pr\u00edncipe &#8211; Eclipse na Sundy<\/span><\/a>, com Joana Latas<\/p>\n<p>&nbsp;<\/p>\n<p><span style=\"font-weight: 400;\">29\/05\/2019 | TSF R\u00e1dio Not\u00edcias | <\/span><a href=\"http:\/\/www.tsf.pt\/futuro\/interior\/o-eclipse-no-brasil-e-no-principe-que-ajudou-a-provar-a-maior-teoria-de-einstein-10953560.html\" target=\"_blank\" rel=\"noopener noreferrer\"><span style=\"font-weight: 400;\">O eclipse no Pr\u00edncipe e no Brasil que ajudou a provar a maior teoria de Einstein<\/span><\/a>, com Rui Agostinho, Joana Latas e Rosalia Vargas<\/p>\n<p>&nbsp;<\/p>\n<p>&nbsp;<\/p>\n<h3><b>Televis\u00e3o &#8211; RTP \u00c1frica, com o apoio de E@S<\/b><\/h3>\n<h5>Informa\u00e7\u00e3o<\/h5>\n<p>&nbsp;<\/p>\n<p><img loading=\"lazy\" decoding=\"async\" class=\"alignnone size-medium wp-image-2316\" src=\"https:\/\/esundy.nuclio.org\/wp-content\/uploads\/2019\/10\/terra-principe-300x147.png\" alt=\"\" width=\"300\" height=\"147\" srcset=\"https:\/\/esundy.nuclio.org\/wp-content\/uploads\/2019\/10\/terra-principe-300x147.png 300w, https:\/\/esundy.nuclio.org\/wp-content\/uploads\/2019\/10\/terra-principe.png 556w\" sizes=\"auto, (max-width: 300px) 100vw, 300px\" \/><\/p>\n<p>Epis\u00f3dio 1 &#8211;&nbsp;<a href=\"http:\/\/www.rtp.pt\/play\/p5764\/e404451\/terra-principe\" target=\"_blank\" rel=\"noopener noreferrer\"><span style=\"font-weight: 400;\">Terra Prometida<\/span><\/a>&nbsp; &nbsp; &nbsp; &nbsp;|&nbsp; &nbsp; &nbsp;Epis\u00f3dio 2 &#8211; <a href=\"http:\/\/www.rtp.pt\/play\/p5764\/e405752\/terra-principe\" target=\"_blank\" rel=\"noopener noreferrer\"><span style=\"font-weight: 400;\">J\u00f3ias do Pr\u00edncipe<\/span><\/a>&nbsp; &nbsp; &nbsp; &nbsp; |&nbsp; &nbsp; Epis\u00f3dio 3 &#8211; <a href=\"http:\/\/www.rtp.pt\/play\/p5764\/e407125\/terra-principe\" target=\"_blank\" rel=\"noopener noreferrer\"><span style=\"font-weight: 400;\">Trilhos verdes<\/span><\/a>&nbsp; &nbsp; &nbsp; |&nbsp; &nbsp; Epis\u00f3dio 4 &#8211; <a href=\"http:\/\/www.rtp.pt\/play\/p5764\/e408464\/terra-principe\" target=\"_blank\" rel=\"noopener noreferrer\"><span style=\"font-weight: 400;\">\u00c0 espera de Einstein<\/span><\/a><\/p>\n<p>&nbsp;<\/p>\n<p><img loading=\"lazy\" decoding=\"async\" class=\"alignnone size-medium wp-image-2315\" src=\"https:\/\/esundy.nuclio.org\/wp-content\/uploads\/2019\/10\/opera\u00e7\u00e3o-einstein-300x131.png\" alt=\"\" width=\"300\" height=\"131\" srcset=\"https:\/\/esundy.nuclio.org\/wp-content\/uploads\/2019\/10\/opera\u00e7\u00e3o-einstein-300x131.png 300w, https:\/\/esundy.nuclio.org\/wp-content\/uploads\/2019\/10\/opera\u00e7\u00e3o-einstein.png 449w\" sizes=\"auto, (max-width: 300px) 100vw, 300px\" \/><\/p>\n<p>25\/05\/ 2019 <a href=\"http:\/\/www.rtp.pt\/play\/p5840\/e409421\/operacao-einstein\" target=\"_blank\" rel=\"noopener noreferrer\"><span style=\"font-weight: 400;\">Dia de \u00c1frica<\/span><\/a>&nbsp; &nbsp;|&nbsp; 29\/05\/2019 <a href=\"http:\/\/www.rtp.pt\/play\/p5896\/e409766\/operacao-einstein\" target=\"_blank\" rel=\"noopener noreferrer\"><span style=\"font-weight: 400;\">Comemora\u00e7\u00f5es do centen\u00e1rio<\/span><\/a><\/p>\n<p>&nbsp;<\/p>\n<p><span style=\"font-weight: 400;\"><img loading=\"lazy\" decoding=\"async\" class=\"alignnone size-medium wp-image-2318\" src=\"https:\/\/esundy.nuclio.org\/wp-content\/uploads\/2019\/10\/grande-entrevista-300x137.png\" alt=\"\" width=\"300\" height=\"137\" srcset=\"https:\/\/esundy.nuclio.org\/wp-content\/uploads\/2019\/10\/grande-entrevista-300x137.png 300w, https:\/\/esundy.nuclio.org\/wp-content\/uploads\/2019\/10\/grande-entrevista-768x351.png 768w, https:\/\/esundy.nuclio.org\/wp-content\/uploads\/2019\/10\/grande-entrevista.png 898w\" sizes=\"auto, (max-width: 300px) 100vw, 300px\" \/><\/span><\/p>\n<p>26\/05\/2019 <a href=\"http:\/\/www.rtp.pt\/play\/p5756\/e409407\/grande-entrevista-africa\" target=\"_blank\" rel=\"noopener noreferrer\"><span style=\"font-weight: 400;\">Jo\u00e3o Cara\u00e7a<\/span><\/a>&nbsp; &nbsp; |&nbsp; &nbsp; 16\/06\/2019&nbsp; <a href=\"http:\/\/www.rtp.pt\/play\/p5756\/e413196\/grande-entrevista-africa\" target=\"_blank\" rel=\"noopener noreferrer\"><span style=\"font-weight: 400;\">Mark Shuttleworth<\/span><\/a><\/p>\n<p>&nbsp;<\/p>\n<p><img loading=\"lazy\" decoding=\"async\" class=\"alignnone size-medium wp-image-2313\" src=\"https:\/\/esundy.nuclio.org\/wp-content\/uploads\/2019\/10\/\u00e0-espera-das-estrelas-300x168.png\" alt=\"\" width=\"300\" height=\"168\" srcset=\"https:\/\/esundy.nuclio.org\/wp-content\/uploads\/2019\/10\/\u00e0-espera-das-estrelas-300x168.png 300w, https:\/\/esundy.nuclio.org\/wp-content\/uploads\/2019\/10\/\u00e0-espera-das-estrelas.png 633w\" sizes=\"auto, (max-width: 300px) 100vw, 300px\" \/><\/p>\n<p><a href=\"http:\/\/www.rtp.pt\/play\/p5865\/espera-das-estrelas\" target=\"_blank\" rel=\"noopener noreferrer\"><span style=\"font-weight: 400;\">\u00c0 espera das estrelas<\/span><\/a><span style=\"font-weight: 400;\">&nbsp;<\/span><\/p>\n<p>&nbsp;<\/p>\n<h5>Programas<\/h5>\n<p>&nbsp;<\/p>\n<h5><img loading=\"lazy\" decoding=\"async\" class=\"alignnone size-medium wp-image-2314\" src=\"https:\/\/esundy.nuclio.org\/wp-content\/uploads\/2019\/10\/ke-kua-einstein-300x145.png\" alt=\"\" width=\"300\" height=\"145\" srcset=\"https:\/\/esundy.nuclio.org\/wp-content\/uploads\/2019\/10\/ke-kua-einstein-300x145.png 300w, https:\/\/esundy.nuclio.org\/wp-content\/uploads\/2019\/10\/ke-kua-einstein.png 584w\" sizes=\"auto, (max-width: 300px) 100vw, 300px\" \/><\/h5>\n<p>&nbsp;<\/p>\n<p><a href=\"http:\/\/www.rtp.pt\/programa\/tv\/p37224\" target=\"_blank\" rel=\"noopener noreferrer\"><span style=\"font-weight: 400;\">K\u00ea Ku\u00e1 Einstein<\/span><\/a><span style=\"font-weight: 400;\"> (12 epis\u00f3dios)<\/span><\/p>\n<p>&nbsp;<\/p>\n<p>&nbsp;<\/p>\n","protected":false},"excerpt":{"rendered":"<p>&nbsp; Jornais, blogs e websites&nbsp; &nbsp; 25\/04\/2019 | European Physics Society | The Portuguese Physical Society is a partner in [&hellip;]<\/p>\n","protected":false},"author":2,"featured_media":0,"parent":0,"menu_order":0,"comment_status":"closed","ping_status":"closed","template":"","meta":{"ngg_post_thumbnail":0,"footnotes":""},"class_list":["post-2308","page","type-page","status-publish","hentry"],"_links":{"self":[{"href":"https:\/\/esundy.nuclio.org\/index.php\/wp-json\/wp\/v2\/pages\/2308","targetHints":{"allow":["GET"]}}],"collection":[{"href":"https:\/\/esundy.nuclio.org\/index.php\/wp-json\/wp\/v2\/pages"}],"about":[{"href":"https:\/\/esundy.nuclio.org\/index.php\/wp-json\/wp\/v2\/types\/page"}],"author":[{"embeddable":true,"href":"https:\/\/esundy.nuclio.org\/index.php\/wp-json\/wp\/v2\/users\/2"}],"replies":[{"embeddable":true,"href":"https:\/\/esundy.nuclio.org\/index.php\/wp-json\/wp\/v2\/comments?post=2308"}],"version-history":[{"count":31,"href":"https:\/\/esundy.nuclio.org\/index.php\/wp-json\/wp\/v2\/pages\/2308\/revisions"}],"predecessor-version":[{"id":2802,"href":"https:\/\/esundy.nuclio.org\/index.php\/wp-json\/wp\/v2\/pages\/2308\/revisions\/2802"}],"wp:attachment":[{"href":"https:\/\/esundy.nuclio.org\/index.php\/wp-json\/wp\/v2\/media?parent=2308"}],"curies":[{"name":"wp","href":"https:\/\/api.w.org\/{rel}","templated":true}]}}