{"id":2290,"date":"2019-10-30T11:47:13","date_gmt":"2019-10-30T11:47:13","guid":{"rendered":"http:\/\/esundy.nuclio.org\/?page_id=2290"},"modified":"2025-05-29T11:01:37","modified_gmt":"2025-05-29T10:01:37","slug":"es-em-fotos","status":"publish","type":"page","link":"https:\/\/esundy.nuclio.org\/index.php\/es-em-fotos\/","title":{"rendered":"E@S em fotos"},"content":{"rendered":"<h3>Comemora\u00e7\u00f5es na ilha Pr\u00edncipe e S\u00e3o Tom\u00e9<\/h3>\n<p><a id=\"envira-media-modal-button\" class=\"button envira-gallery-choose-gallery\" title=\"Add Gallery\" href=\"https:\/\/esundy.nuclio.org\/wp-admin\/post.php?post=2290&amp;action=edit#\" data-action=\"gallery\"><\/a><\/p>\n<h3>&nbsp;<\/h3>\n<h3>Comemora\u00e7\u00f5es em Portugal<\/h3>\n\n<p>&nbsp;<\/p>\n<h3>E@S em eventos cient\u00edficos<\/h3>\n\n<p>&nbsp;<\/p>\n<p>Cr\u00e9ditos das fotografias<\/p>\n<p>@Maique Madeira | @Andr\u00e9 Freitas | @Marina Balbina | @S\u00edlvia Correia | @Vinicius Oliveira&nbsp; | @Valente Cuambe | @Observat\u00f3rio do Lago Alqueva | @Pedro R\u00e9 | @Cristina Amieiro | @Lu\u00eds Gon\u00e7alves | @Instituto de Astrof\u00edsica e Ci\u00eancias do Espa\u00e7o |&nbsp; @R\u00f3mulo &#8211; Centro de Ci\u00eancia Viva da Universidade de Coimbra | @Jos\u00e9 Saraiva<\/p>\n","protected":false},"excerpt":{"rendered":"<p>Comemora\u00e7\u00f5es na ilha Pr\u00edncipe e S\u00e3o Tom\u00e9 &nbsp; Comemora\u00e7\u00f5es em Portugal &nbsp; E@S em eventos cient\u00edficos &nbsp; Cr\u00e9ditos das fotografias [&hellip;]<\/p>\n","protected":false},"author":2,"featured_media":0,"parent":0,"menu_order":0,"comment_status":"closed","ping_status":"closed","template":"","meta":{"ngg_post_thumbnail":0,"footnotes":""},"class_list":["post-2290","page","type-page","status-publish","hentry"],"_links":{"self":[{"href":"https:\/\/esundy.nuclio.org\/index.php\/wp-json\/wp\/v2\/pages\/2290","targetHints":{"allow":["GET"]}}],"collection":[{"href":"https:\/\/esundy.nuclio.org\/index.php\/wp-json\/wp\/v2\/pages"}],"about":[{"href":"https:\/\/esundy.nuclio.org\/index.php\/wp-json\/wp\/v2\/types\/page"}],"author":[{"embeddable":true,"href":"https:\/\/esundy.nuclio.org\/index.php\/wp-json\/wp\/v2\/users\/2"}],"replies":[{"embeddable":true,"href":"https:\/\/esundy.nuclio.org\/index.php\/wp-json\/wp\/v2\/comments?post=2290"}],"version-history":[{"count":27,"href":"https:\/\/esundy.nuclio.org\/index.php\/wp-json\/wp\/v2\/pages\/2290\/revisions"}],"predecessor-version":[{"id":2801,"href":"https:\/\/esundy.nuclio.org\/index.php\/wp-json\/wp\/v2\/pages\/2290\/revisions\/2801"}],"wp:attachment":[{"href":"https:\/\/esundy.nuclio.org\/index.php\/wp-json\/wp\/v2\/media?parent=2290"}],"curies":[{"name":"wp","href":"https:\/\/api.w.org\/{rel}","templated":true}]}}