{"id":20,"date":"2019-01-10T09:49:11","date_gmt":"2019-01-10T09:49:11","guid":{"rendered":"http:\/\/esundy.nuclio.org\/?page_id=20"},"modified":"2025-05-29T11:01:38","modified_gmt":"2025-05-29T10:01:38","slug":"es","status":"publish","type":"page","link":"https:\/\/esundy.nuclio.org\/","title":{"rendered":"In\u00edcio"},"content":{"rendered":"<div id=\"pl-20\"  class=\"panel-layout\" ><div id=\"pg-20-0\"  class=\"panel-grid panel-no-style\" ><div id=\"pgc-20-0-0\"  class=\"panel-grid-cell\" ><div id=\"panel-20-0-0-0\" class=\"so-panel widget widget_themegrill_flash_slider tg-section tg-slider-widget panel-first-child\" data-index=\"0\" ><div class=\"tg-slider-widget slider-dark slider-content-center slider-control-center full-width\">\n\t<div class=\"swiper-container\">\n\t\t<div class=\"swiper-wrapper\">\n\t\t\t\n\t\t\t\t\t<div class=\"swiper-slide\">\n\t\t\t\t\t\t<figure class=\"slider-image\" >\n\t\t\t\t\t\t\t<img width=\"1920\" height=\"700\"\t\t\t\t\t\t\t\t\tsrc=\"http:\/\/esundy.nuclio.org\/wp-content\/uploads\/2019\/12\/Banner-lan\u00e7amento-e-inaugura\u00e7\u00e3o.jpg\"\n\t\t\t\t\t\t\t\t\talt=\"1 lan\u00e7amento + 2 inaugura\u00e7\u00f5es\"\n\t\t\t\t\t\t\t\t\ttitle=\"1 lan\u00e7amento + 2 inaugura\u00e7\u00f5es\"\/>\n\t\t\t\t\t\t\t<div class=\"overlay\"><\/div>\n\t\t\t\t\t\t<\/figure>\n\t\t\t\t\t\t<div class=\"slider-content\">\n\t\t\t\t\t\t\t<div class=\"tg-container\">\n\t\t\t\t\t\t\t\t<div class=\"caption-title\">1 lan\u00e7amento + 2 inaugura\u00e7\u00f5es<\/div>\n\t\t\t\t\t\t\t\t<div class=\"caption-desc\">19 Dezembro | 17h | FCUL<\/div>\n\t\t\t\t\t\t\t\t\t\t\t\t\t\t\t\t\t<div class=\"btn-wrapper\">\n\t\t\t\t\t\t\t\t\t\t<a href=\"http:\/\/esundy.nuclio.org\/index.php\/global\/e3\/\">Saiba Mais<\/a>\n\t\t\t\t\t\t\t\t\t<\/div>\n\t\t\t\t\t\t\t\t\t\t\t\t\t\t\t<\/div>\n\t\t\t\t\t\t<\/div>\n\t\t\t\t\t<\/div>\n\n\t\t\t\t\n\t\t\t\t\t<div class=\"swiper-slide\">\n\t\t\t\t\t\t<figure class=\"slider-image\" >\n\t\t\t\t\t\t\t<img width=\"1920\" height=\"700\"\t\t\t\t\t\t\t\t\tsrc=\"http:\/\/esundy.nuclio.org\/wp-content\/uploads\/2019\/07\/3e-banner-1.jpg\"\n\t\t\t\t\t\t\t\t\talt=\"3 Eclipses\"\n\t\t\t\t\t\t\t\t\ttitle=\"3 Eclipses\"\/>\n\t\t\t\t\t\t\t<div class=\"overlay\"><\/div>\n\t\t\t\t\t\t<\/figure>\n\t\t\t\t\t\t<div class=\"slider-content\">\n\t\t\t\t\t\t\t<div class=\"tg-container\">\n\t\t\t\t\t\t\t\t<div class=\"caption-title\">3 Eclipses<\/div>\n\t\t\t\t\t\t\t\t<div class=\"caption-desc\">Empr\u00e9stimo de exposi\u00e7\u00e3o<\/div>\n\t\t\t\t\t\t\t\t\t\t\t\t\t\t\t\t\t<div class=\"btn-wrapper\">\n\t\t\t\t\t\t\t\t\t\t<a href=\"http:\/\/esundy.nuclio.org\/index.php\/global\/exposicao3e\/%20\u200e\">Saiba mais<\/a>\n\t\t\t\t\t\t\t\t\t<\/div>\n\t\t\t\t\t\t\t\t\t\t\t\t\t\t\t<\/div>\n\t\t\t\t\t\t<\/div>\n\t\t\t\t\t<\/div>\n\n\t\t\t\t\n\t\t\t\t\t<div class=\"swiper-slide\">\n\t\t\t\t\t\t<figure class=\"slider-image\" >\n\t\t\t\t\t\t\t<img width=\"1920\" height=\"700\"\t\t\t\t\t\t\t\t\tsrc=\"http:\/\/esundy.nuclio.org\/wp-content\/uploads\/2019\/11\/banner-fotos-1920-por-700.jpg\"\n\t\t\t\t\t\t\t\t\talt=\"E@S\"\n\t\t\t\t\t\t\t\t\ttitle=\"E@S\"\/>\n\t\t\t\t\t\t\t<div class=\"overlay\"><\/div>\n\t\t\t\t\t\t<\/figure>\n\t\t\t\t\t\t<div class=\"slider-content\">\n\t\t\t\t\t\t\t<div class=\"tg-container\">\n\t\t\t\t\t\t\t\t<div class=\"caption-title\">E@S<\/div>\n\t\t\t\t\t\t\t\t<div class=\"caption-desc\">em fotos<\/div>\n\t\t\t\t\t\t\t\t\t\t\t\t\t\t\t\t\t<div class=\"btn-wrapper\">\n\t\t\t\t\t\t\t\t\t\t<a href=\"http:\/\/esundy.nuclio.org\/index.php\/es-em-fotos\/\">Saiba mais<\/a>\n\t\t\t\t\t\t\t\t\t<\/div>\n\t\t\t\t\t\t\t\t\t\t\t\t\t\t\t<\/div>\n\t\t\t\t\t\t<\/div>\n\t\t\t\t\t<\/div>\n\n\t\t\t\t\n\t\t\t\t\t<div class=\"swiper-slide\">\n\t\t\t\t\t\t<figure class=\"slider-image\" >\n\t\t\t\t\t\t\t<img width=\"1920\" height=\"700\"\t\t\t\t\t\t\t\t\tsrc=\"http:\/\/esundy.nuclio.org\/wp-content\/uploads\/2019\/02\/1920_700_quem-est\u00e1-por-tr\u00e1s-do-projecto.jpg\"\n\t\t\t\t\t\t\t\t\talt=\"Quem est\u00e1 por tr\u00e1s do E@S?\"\n\t\t\t\t\t\t\t\t\ttitle=\"Quem est\u00e1 por tr\u00e1s do E@S?\"\/>\n\t\t\t\t\t\t\t<div class=\"overlay\"><\/div>\n\t\t\t\t\t\t<\/figure>\n\t\t\t\t\t\t<div class=\"slider-content\">\n\t\t\t\t\t\t\t<div class=\"tg-container\">\n\t\t\t\t\t\t\t\t<div class=\"caption-title\">Quem est\u00e1 por tr\u00e1s do E@S?<\/div>\n\t\t\t\t\t\t\t\t<div class=\"caption-desc\">Conhe\u00e7a a equipa<\/div>\n\t\t\t\t\t\t\t\t\t\t\t\t\t\t\t\t\t<div class=\"btn-wrapper\">\n\t\t\t\t\t\t\t\t\t\t<a href=\"http:\/\/esundy.nuclio.org\/index.php\/sobre\/comissoes\/\">saiba mais<\/a>\n\t\t\t\t\t\t\t\t\t<\/div>\n\t\t\t\t\t\t\t\t\t\t\t\t\t\t\t<\/div>\n\t\t\t\t\t\t<\/div>\n\t\t\t\t\t<\/div>\n\n\t\t\t\t\n\t\t\t\t\t<div class=\"swiper-slide\">\n\t\t\t\t\t\t<figure class=\"slider-image\" >\n\t\t\t\t\t\t\t<img width=\"1920\" height=\"700\"\t\t\t\t\t\t\t\t\tsrc=\"http:\/\/esundy.nuclio.org\/wp-content\/uploads\/2019\/10\/Banner-RTP-1920-por-700.jpg\"\n\t\t\t\t\t\t\t\t\talt=\"\u00c0 espera das estrelas\"\n\t\t\t\t\t\t\t\t\ttitle=\"\u00c0 espera das estrelas\"\/>\n\t\t\t\t\t\t\t<div class=\"overlay\"><\/div>\n\t\t\t\t\t\t<\/figure>\n\t\t\t\t\t\t<div class=\"slider-content\">\n\t\t\t\t\t\t\t<div class=\"tg-container\">\n\t\t\t\t\t\t\t\t<div class=\"caption-title\">\u00c0 espera das estrelas<\/div>\n\t\t\t\t\t\t\t\t<div class=\"caption-desc\">Document\u00e1rio RTP \u00c1frica<\/div>\n\t\t\t\t\t\t\t\t\t\t\t\t\t\t\t\t\t<div class=\"btn-wrapper\">\n\t\t\t\t\t\t\t\t\t\t<a href=\"http:\/\/www.rtp.pt\/play\/p5865\/espera-das-estrelas\">Assista aqui<\/a>\n\t\t\t\t\t\t\t\t\t<\/div>\n\t\t\t\t\t\t\t\t\t\t\t\t\t\t\t<\/div>\n\t\t\t\t\t\t<\/div>\n\t\t\t\t\t<\/div>\n\n\t\t\t\t\t\t<\/div>\n\t\t<div class=\"swiper-pagination\"><\/div>\n\t\t<div class=\"slider-arrow\">\n\t\t\t<div class=\"swiper-button-next\"><\/div>\n\t\t\t<div class=\"swiper-button-prev\"><\/div>\n\t\t<\/div>\n\t<\/div>\n<\/div>\n<\/div><div id=\"panel-20-0-0-1\" class=\"widget_text so-panel widget widget_custom_html panel-last-child\" data-index=\"1\" ><div class=\"textwidget custom-html-widget\">\u00a0<\/p>\nDurante o eclipse solar de 29 de Maio de 1919, a ilha do Pr\u00edncipe, uma ilha na costa Oeste de \u00c1frica e o Sobral, no Brasil, foram palcos de observa\u00e7\u00f5es astron\u00f3micas hist\u00f3ricas levadas a cabo por um grupo de astr\u00f3nomos liderados por Arthur Eddington numa expedi\u00e7\u00e3o conjunta entre a Royal Astronomical Society e da Royal Society. Essas observa\u00e7\u00f5es s\u00e3o um marco relevante para a vis\u00e3o que temos hoje do Universo pois permitiram, pela primeira vez, confirmar experimentalmente a Teoria da Relatividade Geral de Einstein.<\/p>\n\nEddington na Sundy: 100 anos depois(E@S) est\u00e1 a levar a cabo as celebra\u00e7\u00f5es do centen\u00e1rio do eclipse de 1919, promovendo iniciativas \u00e0 escala global, mas tendo igualmente como prop\u00f3sito ser a pedra fundamental para criar um legado hist\u00f3rico e cient\u00edfico em S\u00e3o Tom\u00e9 e Pr\u00edncipe, em particular na Ro\u00e7a Sundy.\nCom base num concertado programa orientado para a Ci\u00eancia, Hist\u00f3ria da Ci\u00eancia, Ensino das Ci\u00eancias e Divulga\u00e7\u00e3o, pretendemos que a popula\u00e7\u00e3o santomense, paulatinamente, se aproprie e que a comunidade internacional se envolva. <\/p>\n\nDestacamos entre as iniciativas a organiza\u00e7\u00e3o de um  evento internacional a decorrer no Pr\u00edncipe <\/a> e um ciclo de confer\u00eancia em Lisboa, cria\u00e7\u00e3o do  Espa\u00e7o Ci\u00eancia Sundy <\/a> junto ao local das observa\u00e7\u00f5es na ilha do Pr\u00edncipe, a produ\u00e7\u00e3o de um   document\u00e1rio <\/a> alusivo ao centen\u00e1rio do epis\u00f3dio em causa, exposi\u00e7\u00f5es e publica\u00e7\u00f5es de artigos resultantes do programa cient\u00edfico e de divulga\u00e7\u00e3o cient\u00edfica do evento.<\/p> \n\nConvidamos comunidade cient\u00edfica e historiadores da ci\u00eancia, nacionais e internacionais, comunidade escolar e toda a popula\u00e7\u00e3o a juntarem-se a esta iniciativa, contactando-nos para: eddingtonatsundy@gmail.com.<\/p>\n\nConsulte o nosso  calend\u00e1rio <\/a>.<\/p>\n\u00a0<\/p><\/div><\/div><\/div><\/div><div id=\"pg-20-1\"  class=\"panel-grid panel-no-style\" ><div id=\"pgc-20-1-0\"  class=\"panel-grid-cell\" ><div id=\"panel-20-1-0-0\" class=\"so-panel widget widget_text panel-first-child panel-last-child\" data-index=\"2\" ><h3 class=\"widget-title\">Curta-nos no Facebook!<\/h3>\t\t\t<div class=\"textwidget\"><p>[efb_feed fanpage_id=&#8221;783366905200262&#8243; words_limit=&#8221;20&#8243; post_limit=&#8221;2&#8243; skin_id=&#8221;2373&#8243; cache_unit=&#8221;5&#8243; cache_duration=&#8221;days&#8221; links_new_tab=&#8221;1&#8243; show_like_box=&#8221;1&#8243;]<\/p>\n<\/div>\n\t\t<\/div><\/div><div id=\"pgc-20-1-1\"  class=\"panel-grid-cell\" ><div id=\"panel-20-1-1-0\" class=\"so-panel widget panel-first-child panel-last-child\" data-index=\"3\" ><div class=\"panel-widget-style panel-widget-style-for-20-1-1-0\" ><\/div><\/div><\/div><\/div><\/div>","protected":false},"excerpt":{"rendered":"<p>[efb_feed fanpage_id=&#8221;783366905200262&#8243; words_limit=&#8221;20&#8243; post_limit=&#8221;2&#8243; skin_id=&#8221;2373&#8243; cache_unit=&#8221;5&#8243; cache_duration=&#8221;days&#8221; links_new_tab=&#8221;1&#8243; show_like_box=&#8221;1&#8243;]<\/p>\n","protected":false},"author":4,"featured_media":0,"parent":0,"menu_order":1,"comment_status":"closed","ping_status":"closed","template":"","meta":{"ngg_post_thumbnail":0,"footnotes":""},"class_list":["post-20","page","type-page","status-publish","hentry"],"_links":{"self":[{"href":"https:\/\/esundy.nuclio.org\/index.php\/wp-json\/wp\/v2\/pages\/20","targetHints":{"allow":["GET"]}}],"collection":[{"href":"https:\/\/esundy.nuclio.org\/index.php\/wp-json\/wp\/v2\/pages"}],"about":[{"href":"https:\/\/esundy.nuclio.org\/index.php\/wp-json\/wp\/v2\/types\/page"}],"author":[{"embeddable":true,"href":"https:\/\/esundy.nuclio.org\/index.php\/wp-json\/wp\/v2\/users\/4"}],"replies":[{"embeddable":true,"href":"https:\/\/esundy.nuclio.org\/index.php\/wp-json\/wp\/v2\/comments?post=20"}],"version-history":[{"count":223,"href":"https:\/\/esundy.nuclio.org\/index.php\/wp-json\/wp\/v2\/pages\/20\/revisions"}],"predecessor-version":[{"id":2860,"href":"https:\/\/esundy.nuclio.org\/index.php\/wp-json\/wp\/v2\/pages\/20\/revisions\/2860"}],"wp:attachment":[{"href":"https:\/\/esundy.nuclio.org\/index.php\/wp-json\/wp\/v2\/media?parent=20"}],"curies":[{"name":"wp","href":"https:\/\/api.w.org\/{rel}","templated":true}]}}