{"id":1640,"date":"2019-03-14T11:05:13","date_gmt":"2019-03-14T11:05:13","guid":{"rendered":"http:\/\/esundy.nuclio.org\/?page_id=1640"},"modified":"2025-05-29T11:01:40","modified_gmt":"2025-05-29T10:01:40","slug":"mensagem-de-boas-vindas","status":"publish","type":"page","link":"https:\/\/esundy.nuclio.org\/index.php\/no-principe\/mensagem-de-boas-vindas\/","title":{"rendered":"Mensagem de boas-vindas"},"content":{"rendered":"<p><img loading=\"lazy\" decoding=\"async\" class=\"alignleft wp-image-1158 size-full\" src=\"https:\/\/esundy.nuclio.org\/wp-content\/uploads\/2019\/02\/Pres.-Cass.jpeg\" alt=\"\" width=\"387\" height=\"1017\" srcset=\"https:\/\/esundy.nuclio.org\/wp-content\/uploads\/2019\/02\/Pres.-Cass.jpeg 387w, https:\/\/esundy.nuclio.org\/wp-content\/uploads\/2019\/02\/Pres.-Cass-114x300.jpeg 114w\" sizes=\"auto, (max-width: 387px) 100vw, 387px\" \/>Caro (a) visitante e amigo (a)!<\/p>\n<p>Eis-nos num momento particular da hist\u00f3ria universal, caracterizada por alguns te\u00f3ricos da hipermodernidade como o da cultura-mundo, prop\u00edcio \u00e0 revivifica\u00e7\u00e3o de um acontecimento cient\u00edfico mundial que, indelevelmente, assinalou a nossa entrada no mundo moderno: a comprova\u00e7\u00e3o da Teoria da Relatividade Geral de Albert Einstein, em 29 de maio de 1919. Esta valida\u00e7\u00e3o resultou de observa\u00e7\u00f5es do eclipse solar total de 29 de maio de 1919, levadas a cabo por um grupo de astr\u00f3nomos liderados por Arthur Eddington, cujos palcos foram a ilha do Pr\u00edncipe, juntamente com o Sobral no Brasil.<\/p>\n<p>A ilha do Pr\u00edncipe, pela sua import\u00e2ncia hist\u00f3rica neste contexto cient\u00edfico t\u00e3o importante e marcante para o chamado mundo moderno, n\u00e3o poderia ficar indiferente na celebra\u00e7\u00e3o deste centen\u00e1rio que marcou, de forma multifacetada, a era moderna.<\/p>\n<p>Fazemo-lo, por um lado, para contrariar a tenta\u00e7\u00e3o, um pouco enraizada entre n\u00f3s, erradamente, que o passado, qualquer que ele seja, deve ser erradicado; e, por outro, para comemorar o futuro.<\/p>\n<p>Pretendemos, pois, com a comemora\u00e7\u00e3o deste facto hist\u00f3rico, reabrir as janelas deste pequeno Pr\u00edncipe para o mundo, reabilitando este mesmo passado, ao mesmo tempo que n\u00e3o abdicamos de criar as condi\u00e7\u00f5es para a configura\u00e7\u00e3o de um desenvolvimento regional sustent\u00e1vel, paradigma desta cultura-mundo, mobilizando todas as nossas mem\u00f3rias identit\u00e1rias para este empreendimento.<\/p>\n<p>Com o advento desta cultura-mundo, pass\u00e1mos a estar ligados a todos, independentemente do contexto geogr\u00e1fico, e este pequeno Pr\u00edncipe, indisfar\u00e7avelmente condenado, gera\u00e7\u00e3o sobre gera\u00e7\u00e3o, por um sintoma de perificidade cr\u00f3nica, faz-se grande, neste momento \u00edmpar, atrav\u00e9s deste site ou portal institucional que pretende assinalar o centen\u00e1rio do eclipse solar de 29 de maio de 1919.<\/p>\n<p>Queremos, pois, atrav\u00e9s deste site, como aconteceu h\u00e1 100 anos, neste contexto temporal hipermoderno, destacar algumas particularidades idiossincr\u00e1ticas do Pr\u00edncipe, que tiveram import\u00e2ncia hist\u00f3ria universal, e colocar em contacto o local com o Global.<\/p>\n<p>O governo Regional do Pr\u00edncipe aproveita a ocasi\u00e3o para agradecer a todos aqueles que participaram neste projeto, \u00e2mbito individual e institucional, com muito esfor\u00e7o, dedica\u00e7\u00e3o e profissionalismo, para lhe fornecer este instrumento de pesquisa sobre algo, hist\u00f3rica e cientificamente, t\u00e3o relevante, e agradece, desde j\u00e1, a sua visita e contributos para a melhoria do mesmo.<\/p>\n<p>Seja um Pr\u00edncipe nesta nossa aldeia global e vasculhe alguns segredos que lhe fornecemos nesta encantadora janela sempre aberta.<\/p>\n<p style=\"text-align: center;\"><strong>Boas-vindas!<\/strong><\/p>\n<p>Presidente do Governo da Regi\u00e3o Aut\u00f3noma do Pr\u00edncipe<\/p>\n<p>Jos\u00e9 Cardoso Cassandra<\/p>\n<p>&nbsp;<\/p>\n<h3><a href=\"https:\/\/esundy.nuclio.org\/index.php\/cassandra\/\">A Cultura, a Ci\u00eancia e a Democracia &#8211; O maio do Pr\u00edncipe<\/a><\/h3>\n<p>Por Presidente do Governo Regional do Pr\u00edncipe, Jos\u00e9 Cardoso Cassandra<\/p>\n<p>&nbsp;<\/p>\n","protected":false},"excerpt":{"rendered":"<p>Caro (a) visitante e amigo (a)! Eis-nos num momento particular da hist\u00f3ria universal, caracterizada por alguns te\u00f3ricos da hipermodernidade como [&hellip;]<\/p>\n","protected":false},"author":2,"featured_media":0,"parent":24,"menu_order":0,"comment_status":"closed","ping_status":"closed","template":"","meta":{"ngg_post_thumbnail":0,"footnotes":""},"class_list":["post-1640","page","type-page","status-publish","hentry"],"_links":{"self":[{"href":"https:\/\/esundy.nuclio.org\/index.php\/wp-json\/wp\/v2\/pages\/1640","targetHints":{"allow":["GET"]}}],"collection":[{"href":"https:\/\/esundy.nuclio.org\/index.php\/wp-json\/wp\/v2\/pages"}],"about":[{"href":"https:\/\/esundy.nuclio.org\/index.php\/wp-json\/wp\/v2\/types\/page"}],"author":[{"embeddable":true,"href":"https:\/\/esundy.nuclio.org\/index.php\/wp-json\/wp\/v2\/users\/2"}],"replies":[{"embeddable":true,"href":"https:\/\/esundy.nuclio.org\/index.php\/wp-json\/wp\/v2\/comments?post=1640"}],"version-history":[{"count":5,"href":"https:\/\/esundy.nuclio.org\/index.php\/wp-json\/wp\/v2\/pages\/1640\/revisions"}],"predecessor-version":[{"id":1648,"href":"https:\/\/esundy.nuclio.org\/index.php\/wp-json\/wp\/v2\/pages\/1640\/revisions\/1648"}],"up":[{"embeddable":true,"href":"https:\/\/esundy.nuclio.org\/index.php\/wp-json\/wp\/v2\/pages\/24"}],"wp:attachment":[{"href":"https:\/\/esundy.nuclio.org\/index.php\/wp-json\/wp\/v2\/media?parent=1640"}],"curies":[{"name":"wp","href":"https:\/\/api.w.org\/{rel}","templated":true}]}}