{"id":158,"date":"2019-01-10T11:42:56","date_gmt":"2019-01-10T11:42:56","guid":{"rendered":"http:\/\/esundy.nuclio.org\/?page_id=158"},"modified":"2025-05-29T11:01:38","modified_gmt":"2025-05-29T10:01:38","slug":"comissoes","status":"publish","type":"page","link":"https:\/\/esundy.nuclio.org\/index.php\/sobre\/comissoes\/","title":{"rendered":"Equipa"},"content":{"rendered":"\r\n\r\n\r\n<h4 class=\"wp-block-heading\" id=\"comissaoorganizadora\"><strong>Comiss\u00e3o organizadora:<\/strong><\/h4>\r\n\r\n\r\n\r\n<ul class=\"wp-block-list\">\r\n<li><strong>Helga Aguiar<\/strong> | Universidade de S\u00e3o Tom\u00e9 e Pr\u00edncipe<\/li>\r\n<li><strong>Andr\u00e9 Ferdinand<\/strong> | Universidade de S\u00e3o Tom\u00e9 e Pr\u00edncipe<\/li>\r\n<li><strong>Joana Latas<\/strong> | N\u00facleo Interactivo de Astronomia (NUCLIO)<\/li>\r\n<li><strong>Andr\u00e9 Freitas<\/strong> | Escola Portuguesa de S\u00e3o Tom\u00e9 e Pr\u00edncipe &#8211; Centro de Ensino de L\u00edngua Portuguesa<\/li>\r\n<li><strong>Carlota Sim\u00f5es<\/strong> | Museu da Ci\u00eancia da Universidade de Coimbra<\/li>\r\n<li><strong>Egino Santiago<\/strong> | Secret\u00e1rio da Educa\u00e7\u00e3o, Sa\u00fade e Inclus\u00e3o Social da Regi\u00e3o Aut\u00f3noma do Pr\u00edncipe<\/li>\r\n<li><strong>Eliezetai Trindade<\/strong> | Clube de Astronomia da Escola Secund\u00e1ria do Pr\u00edncipe<\/li>\r\n<li><strong>Ilv\u00e9cio Ramos<\/strong> | Universidade de S\u00e3o Tom\u00e9 e Pr\u00edncipe<\/li>\r\n<li><strong>Jo\u00e3o Fernandes<\/strong> | Observat\u00f3rio Geof\u00edsico e Astron\u00f3mico da Universidade de Coimbra<\/li>\r\n<li><strong>Jos\u00e9 Saraiva<\/strong> | NUCLIO<\/li>\r\n<li><strong>Juvenal Esp\u00edrito Santo<\/strong> | Universidade de S\u00e3o Tom\u00e9 e Pr\u00edncipe<\/li>\r\n<li><strong>L\u00facio Carvalho<\/strong> | Universidade de S\u00e3o Tom\u00e9 e Pr\u00edncipe<\/li>\r\n<li><strong>Paulo Jorge Louren\u00e7o<\/strong> | Plataforma de Ci\u00eancia Aberta \u2013 Figueira de Castelo Rodrigo<\/li>\r\n<li><strong>Rita Alves<\/strong> | Consultora na UN-Habitat<\/li>\r\n<li><strong>Rosa Doran<\/strong> | NUCLIO, Portuguese Language Office of Astronomy for Development (PLOAD)<\/li>\r\n<\/ul>\r\n\r\n\r\n\r\n<h4 class=\"wp-block-heading\" id=\"comissaocientifica\"><strong>Comiss\u00e3o cient\u00edfica:<\/strong><\/h4>\r\n\r\n\r\n\r\n<ul class=\"wp-block-list\">\r\n<li><strong>Manuel Penhor<\/strong> | Universidade de S\u00e3o Tom\u00e9 e Pr\u00edncipe<\/li>\r\n<li><strong>Teresa Lago<\/strong> | Universidade do Porto, Uni\u00e3o Astron\u00f3mica Internacional (UAI)<\/li>\r\n<li><strong>Ana Isabel Sim\u00f5es<\/strong> | Centro Interunivesit\u00e1rio de Hist\u00f3ria das Ci\u00eancias e Tecnologia da Universidade de Lisboa, Sociedade Portuguesa de F\u00edsica<\/li>\r\n<li><strong>Carlos Herdeiro<\/strong> | Instituto Superior T\u00e9cnico<\/li>\r\n<li><strong>Jo\u00e3o Cara\u00e7a<\/strong> | Funda\u00e7\u00e3o Calouste Gulbenkian, Sociedade Portuguesa de F\u00edsica<\/li>\r\n<li><strong>Jos\u00e9 Sande Lemos<\/strong> | Instituto Superior T\u00e9cnico<\/li>\r\n<li><strong>Paulo Crawford<\/strong> | Instituto de Astrof\u00edsica e Ci\u00eancias do Espa\u00e7o, Sociedade Portuguesa de F\u00edsica<\/li>\r\n<li><strong>Pedro Gil Ferreira<\/strong> | University of Oxford<\/li>\r\n<li><strong>V\u00edtor Bonif\u00e1cio<\/strong> | Universidade de Aveiro<\/li>\r\n<li><strong>V\u00edtor Cardoso<\/strong> | Instituto Superior T\u00e9cnico<\/li>\r\n<\/ul>\r\n\r\n\r\n\r\n<h4 class=\"wp-block-heading\" id=\"organizadores\"><strong>Organizadores<\/strong><\/h4>\r\n<h4><a href=\"http:\/\/www.mnec.gov.st\/index.php\/o-pais\"><img loading=\"lazy\" decoding=\"async\" class=\"wp-image-208\" src=\"https:\/\/esundy.nuclio.org\/wp-content\/uploads\/2019\/01\/01-stp.png\" alt=\"\" width=\"130\" height=\"65\" data-id=\"208\" data-link=\"https:\/\/esundy.nuclio.org\/01-stp\/\" srcset=\"https:\/\/esundy.nuclio.org\/wp-content\/uploads\/2019\/01\/01-stp.png 800w, https:\/\/esundy.nuclio.org\/wp-content\/uploads\/2019\/01\/01-stp-300x150.png 300w, https:\/\/esundy.nuclio.org\/wp-content\/uploads\/2019\/01\/01-stp-768x384.png 768w\" sizes=\"auto, (max-width: 130px) 100vw, 130px\" \/><\/a>\u00a0 \u00a0 \u00a0<a href=\"http:\/\/www.facebook.com\/Presid%C3%AAncia-do-Governo-Regional-do-Pr%C3%ADncipe-413438285520337\/\"><img loading=\"lazy\" decoding=\"async\" class=\"wp-image-209\" src=\"https:\/\/esundy.nuclio.org\/wp-content\/uploads\/2019\/01\/02-principe.jpg\" alt=\"\" width=\"137\" height=\"67\" data-id=\"209\" data-link=\"https:\/\/esundy.nuclio.org\/02-principe\/\" srcset=\"https:\/\/esundy.nuclio.org\/wp-content\/uploads\/2019\/01\/02-principe.jpg 322w, https:\/\/esundy.nuclio.org\/wp-content\/uploads\/2019\/01\/02-principe-300x146.jpg 300w\" sizes=\"auto, (max-width: 137px) 100vw, 137px\" \/><\/a>\u00a0 \u00a0\u00a0<a href=\"http:\/\/escolapstp.wixsite.com\/epstp\" target=\"_blank\" rel=\"noopener\"><img loading=\"lazy\" decoding=\"async\" class=\"wp-image-214\" src=\"https:\/\/esundy.nuclio.org\/wp-content\/uploads\/2019\/01\/07-escola-1024x282.png\" alt=\"\" width=\"240\" height=\"66\" data-id=\"214\" data-link=\"https:\/\/esundy.nuclio.org\/07-escola\/\" srcset=\"https:\/\/esundy.nuclio.org\/wp-content\/uploads\/2019\/01\/07-escola-1024x282.png 1024w, https:\/\/esundy.nuclio.org\/wp-content\/uploads\/2019\/01\/07-escola-300x82.png 300w, https:\/\/esundy.nuclio.org\/wp-content\/uploads\/2019\/01\/07-escola-768x211.png 768w, https:\/\/esundy.nuclio.org\/wp-content\/uploads\/2019\/01\/07-escola-1568x431.png 1568w\" sizes=\"auto, (max-width: 240px) 100vw, 240px\" \/><\/a>\u00a0 \u00a0<a href=\"http:\/\/www.astro.mat.uc.pt\/novo\/observatorio\/site\/index2.html\"><img loading=\"lazy\" decoding=\"async\" class=\"alignnone wp-image-211\" src=\"https:\/\/esundy.nuclio.org\/wp-content\/uploads\/2019\/01\/04-observatorio-300x127.png\" alt=\"\" width=\"179\" height=\"76\" srcset=\"https:\/\/esundy.nuclio.org\/wp-content\/uploads\/2019\/01\/04-observatorio-300x127.png 300w, https:\/\/esundy.nuclio.org\/wp-content\/uploads\/2019\/01\/04-observatorio-768x325.png 768w, https:\/\/esundy.nuclio.org\/wp-content\/uploads\/2019\/01\/04-observatorio-1024x433.png 1024w, https:\/\/esundy.nuclio.org\/wp-content\/uploads\/2019\/01\/04-observatorio-1568x664.png 1568w\" sizes=\"auto, (max-width: 179px) 100vw, 179px\" \/><\/a>\u00a0<a href=\"http:\/\/www.museudaciencia.org\/\"><img loading=\"lazy\" decoding=\"async\" class=\"alignnone wp-image-631\" src=\"https:\/\/esundy.nuclio.org\/wp-content\/uploads\/2019\/02\/museu-ciencia-720x380-2-300x126.jpg\" alt=\"\" width=\"204\" height=\"86\" srcset=\"https:\/\/esundy.nuclio.org\/wp-content\/uploads\/2019\/02\/museu-ciencia-720x380-2-300x126.jpg 300w, https:\/\/esundy.nuclio.org\/wp-content\/uploads\/2019\/02\/museu-ciencia-720x380-2.jpg 492w\" sizes=\"auto, (max-width: 204px) 100vw, 204px\" \/><\/a><\/h4>\r\n<h4><a href=\"http:\/\/www.ustp.st\/\"><img loading=\"lazy\" decoding=\"async\" class=\"wp-image-210\" src=\"https:\/\/esundy.nuclio.org\/wp-content\/uploads\/2019\/01\/03-ustp.jpg\" alt=\"\" width=\"145\" height=\"67\" data-id=\"210\" data-link=\"https:\/\/esundy.nuclio.org\/03-ustp\/\" srcset=\"https:\/\/esundy.nuclio.org\/wp-content\/uploads\/2019\/01\/03-ustp.jpg 407w, https:\/\/esundy.nuclio.org\/wp-content\/uploads\/2019\/01\/03-ustp-300x139.jpg 300w\" sizes=\"auto, (max-width: 145px) 100vw, 145px\" \/><\/a>\u00a0 \u00a0<a href=\"http:\/\/nuclio.org\/\" target=\"_blank\" rel=\"noopener\"><img loading=\"lazy\" decoding=\"async\" class=\"wp-image-215\" src=\"https:\/\/esundy.nuclio.org\/wp-content\/uploads\/2019\/01\/08-nuclio-1024x272.png\" alt=\"\" width=\"189\" height=\"50\" data-id=\"215\" data-link=\"https:\/\/esundy.nuclio.org\/08-nuclio\/\" srcset=\"https:\/\/esundy.nuclio.org\/wp-content\/uploads\/2019\/01\/08-nuclio-1024x272.png 1024w, https:\/\/esundy.nuclio.org\/wp-content\/uploads\/2019\/01\/08-nuclio-300x80.png 300w, https:\/\/esundy.nuclio.org\/wp-content\/uploads\/2019\/01\/08-nuclio-768x204.png 768w, https:\/\/esundy.nuclio.org\/wp-content\/uploads\/2019\/01\/08-nuclio.png 1301w\" sizes=\"auto, (max-width: 189px) 100vw, 189px\" \/><\/a>\u00a0 \u00a0\u00a0<a style=\"font-family: NonBreakingSpaceOverride, 'Hoefler Text', 'Baskerville Old Face', Garamond, 'Times New Roman', serif; font-size: 22px;\" href=\"http:\/\/www.plataforma.edu.pt\/\" target=\"_blank\" rel=\"noopener\"><img loading=\"lazy\" decoding=\"async\" class=\"wp-image-212\" src=\"https:\/\/esundy.nuclio.org\/wp-content\/uploads\/2019\/01\/05-plataforma.png\" alt=\"\" width=\"171\" height=\"59\" data-id=\"212\" data-link=\"https:\/\/esundy.nuclio.org\/05-plataforma\/\" srcset=\"https:\/\/esundy.nuclio.org\/wp-content\/uploads\/2019\/01\/05-plataforma.png 945w, https:\/\/esundy.nuclio.org\/wp-content\/uploads\/2019\/01\/05-plataforma-300x103.png 300w, https:\/\/esundy.nuclio.org\/wp-content\/uploads\/2019\/01\/05-plataforma-768x265.png 768w\" sizes=\"auto, (max-width: 171px) 100vw, 171px\" \/><img loading=\"lazy\" decoding=\"async\" class=\"alignnone  wp-image-629\" src=\"https:\/\/esundy.nuclio.org\/wp-content\/uploads\/2019\/02\/logotipo-cm-fcr-300x110.png\" alt=\"\" width=\"146\" height=\"53\" srcset=\"https:\/\/esundy.nuclio.org\/wp-content\/uploads\/2019\/02\/logotipo-cm-fcr-300x110.png 300w, https:\/\/esundy.nuclio.org\/wp-content\/uploads\/2019\/02\/logotipo-cm-fcr-768x281.png 768w, https:\/\/esundy.nuclio.org\/wp-content\/uploads\/2019\/02\/logotipo-cm-fcr-1024x374.png 1024w, https:\/\/esundy.nuclio.org\/wp-content\/uploads\/2019\/02\/logotipo-cm-fcr-1568x573.png 1568w\" sizes=\"auto, (max-width: 146px) 100vw, 146px\" \/><\/a>\u00a0 \u00a0\u00a0<a href=\"http:\/\/pload.org\/\" target=\"_blank\" rel=\"noopener\"><img loading=\"lazy\" decoding=\"async\" class=\"wp-image-213\" src=\"https:\/\/esundy.nuclio.org\/wp-content\/uploads\/2019\/01\/06-pload-1024x236.png\" alt=\"\" width=\"253\" height=\"59\" data-id=\"213\" data-link=\"https:\/\/esundy.nuclio.org\/06-pload\/\" srcset=\"https:\/\/esundy.nuclio.org\/wp-content\/uploads\/2019\/01\/06-pload-1024x236.png 1024w, https:\/\/esundy.nuclio.org\/wp-content\/uploads\/2019\/01\/06-pload-300x69.png 300w, https:\/\/esundy.nuclio.org\/wp-content\/uploads\/2019\/01\/06-pload-768x177.png 768w, https:\/\/esundy.nuclio.org\/wp-content\/uploads\/2019\/01\/06-pload.png 1100w\" sizes=\"auto, (max-width: 253px) 100vw, 253px\" \/><\/a><\/h4>\r\n","protected":false},"excerpt":{"rendered":"<p>Comiss\u00e3o organizadora: Helga Aguiar | Universidade de S\u00e3o Tom\u00e9 e Pr\u00edncipe Andr\u00e9 Ferdinand | Universidade de S\u00e3o Tom\u00e9 e Pr\u00edncipe [&hellip;]<\/p>\n","protected":false},"author":4,"featured_media":0,"parent":754,"menu_order":0,"comment_status":"closed","ping_status":"closed","template":"","meta":{"ngg_post_thumbnail":0,"footnotes":""},"class_list":["post-158","page","type-page","status-publish","hentry"],"_links":{"self":[{"href":"https:\/\/esundy.nuclio.org\/index.php\/wp-json\/wp\/v2\/pages\/158","targetHints":{"allow":["GET"]}}],"collection":[{"href":"https:\/\/esundy.nuclio.org\/index.php\/wp-json\/wp\/v2\/pages"}],"about":[{"href":"https:\/\/esundy.nuclio.org\/index.php\/wp-json\/wp\/v2\/types\/page"}],"author":[{"embeddable":true,"href":"https:\/\/esundy.nuclio.org\/index.php\/wp-json\/wp\/v2\/users\/4"}],"replies":[{"embeddable":true,"href":"https:\/\/esundy.nuclio.org\/index.php\/wp-json\/wp\/v2\/comments?post=158"}],"version-history":[{"count":27,"href":"https:\/\/esundy.nuclio.org\/index.php\/wp-json\/wp\/v2\/pages\/158\/revisions"}],"predecessor-version":[{"id":1072,"href":"https:\/\/esundy.nuclio.org\/index.php\/wp-json\/wp\/v2\/pages\/158\/revisions\/1072"}],"up":[{"embeddable":true,"href":"https:\/\/esundy.nuclio.org\/index.php\/wp-json\/wp\/v2\/pages\/754"}],"wp:attachment":[{"href":"https:\/\/esundy.nuclio.org\/index.php\/wp-json\/wp\/v2\/media?parent=158"}],"curies":[{"name":"wp","href":"https:\/\/api.w.org\/{rel}","templated":true}]}}