{"id":1228,"date":"2019-02-16T15:42:01","date_gmt":"2019-02-16T15:42:01","guid":{"rendered":"http:\/\/esundy.nuclio.org\/?page_id=1228"},"modified":"2025-05-29T11:01:40","modified_gmt":"2025-05-29T10:01:40","slug":"3eexhibition","status":"publish","type":"page","link":"https:\/\/esundy.nuclio.org\/index.php\/en\/global-2\/3eexhibition\/","title":{"rendered":"3E"},"content":{"rendered":"<p><img loading=\"lazy\" decoding=\"async\" class=\"alignnone wp-image-2248 size-full\" src=\"https:\/\/esundy.nuclio.org\/wp-content\/uploads\/2019\/07\/3e-banner-2.jpg\" alt=\"\" width=\"1920\" height=\"700\" srcset=\"https:\/\/esundy.nuclio.org\/wp-content\/uploads\/2019\/07\/3e-banner-2.jpg 1920w, https:\/\/esundy.nuclio.org\/wp-content\/uploads\/2019\/07\/3e-banner-2-300x109.jpg 300w, https:\/\/esundy.nuclio.org\/wp-content\/uploads\/2019\/07\/3e-banner-2-768x280.jpg 768w, https:\/\/esundy.nuclio.org\/wp-content\/uploads\/2019\/07\/3e-banner-2-1024x373.jpg 1024w\" sizes=\"auto, (max-width: 1920px) 100vw, 1920px\" \/><\/p>\n<p>&nbsp;<\/p>\n<p>The <strong>3E<\/strong> exhibit is centred on <strong>3 total solar eclipses<\/strong>, the first took place in <strong>1914,<\/strong> the second in <strong>1919<\/strong> and the third in <strong>2013<\/strong>.<\/p>\n<p>The 1914 total solar eclipse, whose totality strip crossed Europe between Norway and Ukraine, mobilized the international astronomic community. From the University of Coimbra, Francisco Costa Lobo, prepared a Portuguese expedition that travelled with the intention of observing the eclipse in Crimea. The delegation was in Berlin on the 1<sup>st<\/sup> of August 1914, the day in which Germany declared war on Russia and was forced to forgo the project and return to Portugal. On the 21<sup>st<\/sup> of August, Costa Lobo ended up by only observing a partial eclipse in Coimbra.<\/p>\n<p>The solar eclipse of the 29<sup>th<\/sup> of May 1919, total in the island of Pr\u00edncipe (west coast of Africa) and in Sobral (Brazil), was observed and photographed by a group of astronomers led by Arthur Eddington in a joint expedition by the Royal Astronomical Society and the Royal Society. The observations of this eclipse are a relevant cornerstone for the vision of the universe we have today, since it finally allowed, for the first time, to experimentally confirm Eintein\u2019s Theory of General Relativity.<\/p>\n<p>In 2013, on the 3<sup>rd<\/sup> of November, a new total solar eclipse was visible on the island of Pr\u00edncipe, in a trajectory similar to the 1919 eclipse. It was a unique opportunity for Pr\u00edncipe to recover the scientific event of 1919 and connect it to modern science. The <a href=\"http:\/\/www.mat.uc.pt\/mpt2013\/eclipse-2013.html\">ECLIPSE 2013: History and Science in Pr\u00edncipe<\/a> project &nbsp;relied on two main objectives: on one hand, to promote and diffuse Science, on the other, to reassert the scientific legacy of the island of Pr\u00edncipe in the History of sciences.<\/p>\n<p>&nbsp;<\/p>\n<p><img loading=\"lazy\" decoding=\"async\" class=\"wp-image-1774 aligncenter\" src=\"https:\/\/esundy.nuclio.org\/wp-content\/uploads\/2019\/04\/3E.jpg\" alt=\"\" width=\"760\" height=\"268\" srcset=\"https:\/\/esundy.nuclio.org\/wp-content\/uploads\/2019\/04\/3E.jpg 590w, https:\/\/esundy.nuclio.org\/wp-content\/uploads\/2019\/04\/3E-300x106.jpg 300w\" sizes=\"auto, (max-width: 760px) 100vw, 760px\" \/><\/p>\n<p>&nbsp;<\/p>\n<p>It was on display to the public at the <strong>University of Coimbra\u2019s Science Museum<\/strong>, between the <strong>16<sup>th<\/sup> of May and the 22<sup>nd<\/sup> of September 2019<\/strong>.<\/p>\n<p>Team: Equipa: <em>Carlota Sim\u00f5es, Lu\u00eds Gon\u00e7alves,&nbsp; Orlando Oliveira, Pedro Cunha e &nbsp;Teresa Gir\u00e3o<\/em><em>.<\/em><\/p>\n<p><em>&nbsp;<\/em>Complementary information about the exhibit on <a href=\"http:\/\/www.museudaciencia.org\/index.php?module=events&amp;option=&amp;action=&amp;id=930\">University of Coimbra\u2019s Science Museum<\/a> webpage.<\/p>\n<p>Pictures from the exhibition <a href=\"https:\/\/esundy.nuclio.org\/index.php\/en\/es-in-pictures\/\">here<\/a>.<\/p>\n<p>&nbsp;<\/p>\n<p><strong>3E \u2013 Associated events <\/strong><\/p>\n<p>Taking place between May and September @ <a href=\"http:\/\/www.museudaciencia.org\/\">Museu da Ci\u00eancia da Universidade de Coimbra<\/a>, @ <a href=\"http:\/\/www.uc.pt\/iii\/romuloccv\">Centro de Ci\u00eancia Viva R\u00f3mulo de Carvalho<\/a> organised by&nbsp;Sec\u00e7\u00e3o de Astronomia, Astrof\u00edsica e Astron\u00e1utica da Associa\u00e7\u00e3o Acad\u00e9mica de Coimbra (SAC) and&nbsp;@ <a href=\"http:\/\/www.uc.pt\/org\/observatorio\">Observat\u00f3rio Geof\u00edsico e Astron\u00f3mico da Universidade de Coimbra<\/a>, organised by the same institution.<\/p>\n<p>Look at our&nbsp;&nbsp;<a href=\"https:\/\/esundy.nuclio.org\/index.php\/en\/calendar-2\/\" target=\"_blank\" rel=\"noopener noreferrer\" data-saferedirecturl=\"http:\/\/www.google.com\/url?q=https:\/\/esundy.nuclio.org\/index.php\/calendario\/&amp;source=gmail&amp;ust=1550830682031000&amp;usg=AFQjCNGu1MO9wUh81Mm1rDSAlm1EZWVaVg\">calendar<\/a>!<\/p>\n<p>&nbsp;<\/p>\n<p>&nbsp;<\/p>\n<p><img loading=\"lazy\" decoding=\"async\" class=\"alignnone wp-image-2008\" src=\"https:\/\/esundy.nuclio.org\/wp-content\/uploads\/2019\/05\/uc_-300x125.png\" alt=\"\" width=\"295\" height=\"123\" srcset=\"https:\/\/esundy.nuclio.org\/wp-content\/uploads\/2019\/05\/uc_-300x125.png 300w, https:\/\/esundy.nuclio.org\/wp-content\/uploads\/2019\/05\/uc_-768x320.png 768w, https:\/\/esundy.nuclio.org\/wp-content\/uploads\/2019\/05\/uc_.png 800w\" sizes=\"auto, (max-width: 295px) 100vw, 295px\" \/>&nbsp; &nbsp; &nbsp; &nbsp; &nbsp; &nbsp; &nbsp; &nbsp; &nbsp; &nbsp; &nbsp; &nbsp; &nbsp; &nbsp; &nbsp; &nbsp; &nbsp; &nbsp; &nbsp; &nbsp; &nbsp;<img loading=\"lazy\" decoding=\"async\" class=\"alignnone wp-image-631\" src=\"https:\/\/esundy.nuclio.org\/wp-content\/uploads\/2019\/02\/museu-ciencia-720x380-2-300x126.jpg\" alt=\"\" width=\"221\" height=\"93\" srcset=\"https:\/\/esundy.nuclio.org\/wp-content\/uploads\/2019\/02\/museu-ciencia-720x380-2-300x126.jpg 300w, https:\/\/esundy.nuclio.org\/wp-content\/uploads\/2019\/02\/museu-ciencia-720x380-2.jpg 492w\" sizes=\"auto, (max-width: 221px) 100vw, 221px\" \/>&nbsp; &nbsp; &nbsp; &nbsp; &nbsp; &nbsp; &nbsp; &nbsp; &nbsp; &nbsp; &nbsp; &nbsp; &nbsp; &nbsp; &nbsp; &nbsp; &nbsp; &nbsp; &nbsp; &nbsp; &nbsp;<img loading=\"lazy\" decoding=\"async\" class=\"alignnone wp-image-2236\" src=\"https:\/\/esundy.nuclio.org\/wp-content\/uploads\/2019\/07\/FCTUC_PR-226x300.png\" alt=\"\" width=\"108\" height=\"143\" srcset=\"https:\/\/esundy.nuclio.org\/wp-content\/uploads\/2019\/07\/FCTUC_PR-226x300.png 226w, https:\/\/esundy.nuclio.org\/wp-content\/uploads\/2019\/07\/FCTUC_PR-768x1020.png 768w, https:\/\/esundy.nuclio.org\/wp-content\/uploads\/2019\/07\/FCTUC_PR-771x1024.png 771w, https:\/\/esundy.nuclio.org\/wp-content\/uploads\/2019\/07\/FCTUC_PR.png 1666w\" sizes=\"auto, (max-width: 108px) 100vw, 108px\" \/> &nbsp; &nbsp; &nbsp; &nbsp; &nbsp; &nbsp; &nbsp; &nbsp; &nbsp; &nbsp;<img loading=\"lazy\" decoding=\"async\" class=\"alignnone wp-image-211\" src=\"https:\/\/esundy.nuclio.org\/wp-content\/uploads\/2019\/01\/04-observatorio-300x127.png\" alt=\"\" width=\"219\" height=\"93\" srcset=\"https:\/\/esundy.nuclio.org\/wp-content\/uploads\/2019\/01\/04-observatorio-300x127.png 300w, https:\/\/esundy.nuclio.org\/wp-content\/uploads\/2019\/01\/04-observatorio-768x325.png 768w, https:\/\/esundy.nuclio.org\/wp-content\/uploads\/2019\/01\/04-observatorio-1024x433.png 1024w, https:\/\/esundy.nuclio.org\/wp-content\/uploads\/2019\/01\/04-observatorio-1568x664.png 1568w\" sizes=\"auto, (max-width: 219px) 100vw, 219px\" \/>&nbsp; &nbsp; &nbsp; &nbsp; &nbsp; &nbsp; &nbsp; &nbsp; &nbsp; &nbsp; &nbsp; &nbsp; &nbsp; &nbsp; &nbsp; &nbsp; &nbsp; &nbsp; &nbsp; &nbsp; &nbsp; &nbsp; &nbsp; &nbsp; &nbsp; &nbsp; &nbsp; &nbsp; &nbsp; &nbsp; &nbsp; <img loading=\"lazy\" decoding=\"async\" class=\"alignnone wp-image-2024\" src=\"https:\/\/esundy.nuclio.org\/wp-content\/uploads\/2019\/05\/romulo_logotipo-300x246.jpg\" alt=\"\" width=\"125\" height=\"102\">&nbsp; &nbsp; &nbsp; &nbsp; &nbsp; &nbsp; &nbsp; &nbsp; &nbsp; &nbsp; &nbsp; &nbsp; &nbsp; &nbsp; &nbsp; &nbsp; &nbsp; &nbsp; &nbsp; &nbsp; &nbsp; &nbsp; &nbsp; &nbsp; &nbsp; &nbsp; &nbsp; &nbsp; &nbsp; &nbsp; &nbsp; &nbsp;<img loading=\"lazy\" decoding=\"async\" class=\"alignnone wp-image-2237\" src=\"https:\/\/esundy.nuclio.org\/wp-content\/uploads\/2019\/07\/sac-uc.png\" alt=\"\" width=\"102\" height=\"102\" srcset=\"https:\/\/esundy.nuclio.org\/wp-content\/uploads\/2019\/07\/sac-uc.png 224w, https:\/\/esundy.nuclio.org\/wp-content\/uploads\/2019\/07\/sac-uc-150x150.png 150w\" sizes=\"auto, (max-width: 102px) 100vw, 102px\" \/><\/p>\n","protected":false},"excerpt":{"rendered":"<p>&nbsp; The 3E exhibit is centred on 3 total solar eclipses, the first took place in 1914, the second in [&hellip;]<\/p>\n","protected":false},"author":2,"featured_media":0,"parent":1136,"menu_order":6,"comment_status":"closed","ping_status":"closed","template":"","meta":{"ngg_post_thumbnail":0,"footnotes":""},"class_list":["post-1228","page","type-page","status-publish","hentry"],"_links":{"self":[{"href":"https:\/\/esundy.nuclio.org\/index.php\/wp-json\/wp\/v2\/pages\/1228","targetHints":{"allow":["GET"]}}],"collection":[{"href":"https:\/\/esundy.nuclio.org\/index.php\/wp-json\/wp\/v2\/pages"}],"about":[{"href":"https:\/\/esundy.nuclio.org\/index.php\/wp-json\/wp\/v2\/types\/page"}],"author":[{"embeddable":true,"href":"https:\/\/esundy.nuclio.org\/index.php\/wp-json\/wp\/v2\/users\/2"}],"replies":[{"embeddable":true,"href":"https:\/\/esundy.nuclio.org\/index.php\/wp-json\/wp\/v2\/comments?post=1228"}],"version-history":[{"count":12,"href":"https:\/\/esundy.nuclio.org\/index.php\/wp-json\/wp\/v2\/pages\/1228\/revisions"}],"predecessor-version":[{"id":1362,"href":"https:\/\/esundy.nuclio.org\/index.php\/wp-json\/wp\/v2\/pages\/1228\/revisions\/1362"}],"up":[{"embeddable":true,"href":"https:\/\/esundy.nuclio.org\/index.php\/wp-json\/wp\/v2\/pages\/1136"}],"wp:attachment":[{"href":"https:\/\/esundy.nuclio.org\/index.php\/wp-json\/wp\/v2\/media?parent=1228"}],"curies":[{"name":"wp","href":"https:\/\/api.w.org\/{rel}","templated":true}]}}