{"id":1221,"date":"2019-02-16T15:35:46","date_gmt":"2019-02-16T15:35:46","guid":{"rendered":"http:\/\/esundy.nuclio.org\/?page_id=1221"},"modified":"2025-05-29T11:01:39","modified_gmt":"2025-05-29T10:01:39","slug":"exposicao3e","status":"publish","type":"page","link":"https:\/\/esundy.nuclio.org\/index.php\/global\/exposicao3e\/","title":{"rendered":"3E"},"content":{"rendered":"<p><img loading=\"lazy\" decoding=\"async\" class=\"alignnone wp-image-2245 size-full\" src=\"https:\/\/esundy.nuclio.org\/wp-content\/uploads\/2019\/07\/3e-banner-1.jpg\" alt=\"\" width=\"1920\" height=\"700\" srcset=\"https:\/\/esundy.nuclio.org\/wp-content\/uploads\/2019\/07\/3e-banner-1.jpg 1920w, https:\/\/esundy.nuclio.org\/wp-content\/uploads\/2019\/07\/3e-banner-1-300x109.jpg 300w, https:\/\/esundy.nuclio.org\/wp-content\/uploads\/2019\/07\/3e-banner-1-768x280.jpg 768w, https:\/\/esundy.nuclio.org\/wp-content\/uploads\/2019\/07\/3e-banner-1-1024x373.jpg 1024w\" sizes=\"auto, (max-width: 1920px) 100vw, 1920px\" \/><\/p>\n<p>A exposi\u00e7\u00e3o <strong>3E<\/strong> centra-se em <strong>3 eclipses solares totais<\/strong>, o primeiro ocorreu <strong>1914<\/strong>, o segundo em <strong>1919<\/strong>, e o terceiro em <strong>2013<\/strong>.<\/p>\n<p>O eclipse total do Sol de 1914, cuja faixa de totalidade atravessava a Europa entre a Noruega e a Ucr\u00e2nia, mobilizou a comunidade astron\u00f3mica internacional. Da Universidade de Coimbra, Francisco Costa Lobo, preparou uma expedi\u00e7\u00e3o portuguesa que viajou com inten\u00e7\u00e3o de observar o eclipse na Crimeia. A comitiva encontrava-se em Berlim a 1 de Agosto de 1914, dia em que a Alemanha declarou guerra \u00e0 R\u00fassia e foi obrigada a desistir do projecto e a regressar a Portugal. No dia 21 de Agosto, Costa Lobo acabou por apenas observar um eclipse parcial em Coimbra.<\/p>\n<p>O eclipse solar de 29 de Maio de 1919, total na ilha do Pr\u00edncipe (costa Oeste de \u00c1frica) e no Sobral (Brasil), foi observado e fotografado por um grupo de astr\u00f3nomos liderados por Arthur Eddington numa expedi\u00e7\u00e3o conjunta entre a Royal Astronomical Society e da Royal Society. As observa\u00e7\u00f5es deste eclipse s\u00e3o um marco relevante para a vis\u00e3o que temos hoje do Universo pois permitiram finalmente, pela primeira vez, confirmar experimentalmente a Teoria da Relatividade Geral de Einstein.<\/p>\n<p>Em 2013, a 3 de Novembro, um novo eclipse solar total foi vis\u00edvel na ilha do Pr\u00edncipe, numa traject\u00f3ria muito semelhante \u00e0 do eclipse de 1919. Foi uma oportunidade \u00fanica para o Pr\u00edncipe recuperar o evento cient\u00edfico de 1919 e lig\u00e1-lo \u00e0 ci\u00eancia moderna.<br \/>\nO projecto <a href=\"http:\/\/www.mat.uc.pt\/mpt2013\/eclipse-2013.html\">ECLIPSE 2013: Hist\u00f3ria e Ci\u00eancia no Pr\u00edncipe<\/a> contou com dois objectivos principais: por um lado, promover e divulgar a Ci\u00eancia; por outro, reafirmar o legado cient\u00edfico da ilha do Pr\u00edncipe na Hist\u00f3ria das ci\u00eancias.<\/p>\n<p>&nbsp;<\/p>\n<p><img loading=\"lazy\" decoding=\"async\" class=\"wp-image-1774 aligncenter\" src=\"https:\/\/esundy.nuclio.org\/wp-content\/uploads\/2019\/04\/3E.jpg\" alt=\"\" width=\"760\" height=\"268\" srcset=\"https:\/\/esundy.nuclio.org\/wp-content\/uploads\/2019\/04\/3E.jpg 590w, https:\/\/esundy.nuclio.org\/wp-content\/uploads\/2019\/04\/3E-300x106.jpg 300w\" sizes=\"auto, (max-width: 760px) 100vw, 760px\" \/><\/p>\n<p>&nbsp;<\/p>\n<p>Esteve patente entre dia <strong>16 de Maio e 22 de Setemb<\/strong><strong>ro de 2019&nbsp;&nbsp;<\/strong>no&nbsp; <a href=\"http:\/\/www.museudaciencia.org\/index.php?module=events&amp;option=&amp;action=&amp;id=930\" target=\"_blank\" rel=\"noopener noreferrer\"><strong>Museu da Ci\u00eancia da Universidade de Coimbra<\/strong><\/a>.<\/p>\n<p>Equipa: <em>Carlota Sim\u00f5es, Lu\u00eds Gon\u00e7alves,&nbsp; Orlando Oliveira, Pedro Cunha e &nbsp;Teresa Gir\u00e3o<\/em><\/p>\n<p>&nbsp;<\/p>\n<p>Fotos da exposi\u00e7\u00e3o na p\u00e1gina <a href=\"https:\/\/esundy.nuclio.org\/index.php\/es-em-fotos\/\" target=\"_blank\" rel=\"noopener noreferrer\">E@S em fotos<\/a>.<\/p>\n<p>&nbsp;<\/p>\n<p>&nbsp;<\/p>\n<h4>3E \u2013 Empr\u00e9stimo da exposi\u00e7\u00e3o<\/h4>\n<div>O Museu da Ci\u00eancia da Universidade de Coimbra possibilita o empr\u00e9stimo da exposi\u00e7\u00e3o 3 Eclipses.&nbsp;<\/div>\n<div>Para mais informa\u00e7\u00f5es, por favor, contacte o Museu atrav\u00e9s do endere\u00e7o de e-mail:&nbsp;<a href=\"mailto:geral@museudaciencia.org\" target=\"_blank\" rel=\"noopener noreferrer\">geral@museudaciencia.org<\/a><\/div>\n<h4>&nbsp;<\/h4>\n<p>&nbsp;<\/p>\n<h4>3E \u2013 Eventos afins<\/h4>\n<p>A decorrer entre maio e setembro no&nbsp;<a href=\"http:\/\/www.museudaciencia.org\/\">Museu da Ci\u00eancia da Universidade de Coimbra<\/a>, no&nbsp;<a href=\"http:\/\/www.uc.pt\/iii\/romuloccv\">Centro de Ci\u00eancia Viva R\u00f3mulo de Carvalho<\/a> organizado pela Sec\u00e7\u00e3o de Astronomia, Astrof\u00edsica e Astron\u00e1utica da Associa\u00e7\u00e3o Acad\u00e9mica de Coimbra (SAC) e no <a href=\"http:\/\/www.uc.pt\/org\/observatorio\">Observat\u00f3rio Geof\u00edsico e Astron\u00f3mico da Universidade de Coimbra<\/a>.<\/p>\n<p>&nbsp;<\/p>\n<h5>@ Museu da Ci\u00eancia da Universidade de Coimbra<\/h5>\n<p>29 de Maio &#8211; no dia em que se comemoram os 100 anos do eclipse que&nbsp;confirmou a Teoria da Relatividade Geral de Einstein, haver\u00e1 palestras e actividades hands-on para o p\u00fablico em geral, com o seguinte programa:<\/p>\n<p>14h30 &#8211; Video Confer\u00eancia Pr\u00edncipe &#8211; Sobral (transmiss\u00e3o online)<\/p>\n<p>16h00 &#8211;<a href=\"http:\/\/www.museudaciencia.org\/index.php?module=events&amp;option=calendar&amp;action=&amp;id=946\" target=\"_blank\" rel=\"noopener noreferrer\">&nbsp;29 de maio de 1919 &#8211; o eclipse de Eddington e Einstein<\/a> por Fernando Pinheiro (Centro de Investiga\u00e7\u00e3o da Terra e&nbsp; do Espa\u00e7o da Universidade de Coimbra &#8211; CITEUC)<\/p>\n<p>18h00 &#8211; \u00d3pera Gravity 2019 (transmiss\u00e3o online)<\/p>\n<p>&nbsp;<\/p>\n<h5>@ Centro de Ci\u00eancia Viva R\u00f3mulo de Carvalho<\/h5>\n<p>2 de Abril &#8211;&nbsp;<strong>O Eclipse Solar de 1919: as expedi\u00e7\u00f5es cient\u00edficas e as observa\u00e7\u00f5es feitas em Sobral<\/strong>, por Ildeu Moreira,&nbsp; da Universidade Federal do Rio de Janeiro.<\/p>\n<p>16 de Maio &#8211; <strong>A primeira fotografia de um buraco negro<\/strong>, por Hugo Messias, ATLAS (<em>Atacama Large&nbsp;Millimeter Array) | O<\/em>rganiza\u00e7\u00e3o: Sec\u00e7\u00e3o de Astronomia, Astrof\u00edsica e Astron\u00e1utica da Associa\u00e7\u00e3o Acad\u00e9mica de Coimbra (SAC).<\/p>\n<p>13 de Junho &#8211; Apresenta\u00e7\u00e3o do livro <strong>O Eclipse de Einstein<\/strong>, da autoria de Nuno Crato e Lu\u00eds Tirapicos, com a presen\u00e7a de um dos autores, Lu\u00eds Tirapicos | Organiza\u00e7\u00e3o: SAC.<\/p>\n<p>&nbsp;<\/p>\n<h5>@ Observat\u00f3rio Geof\u00edsico e Astron\u00f3mico da Universidade de Coimbra<\/h5>\n<p>30 de Mar\u00e7o &#8211;&nbsp;<strong>Eddington e a ilha do Pr\u00edncipe, <\/strong>por Fernando Pinheiro, do CITEUC<\/p>\n<p>&nbsp;<\/p>\n<p>Ver informa\u00e7\u00e3o detalhada no <a href=\"https:\/\/esundy.nuclio.org\/index.php\/calendario\/\">calend\u00e1rio<\/a>.<\/p>\n<p>&nbsp;<\/p>\n<p>&nbsp;<\/p>\n<p><img loading=\"lazy\" decoding=\"async\" class=\"alignnone wp-image-2008\" src=\"https:\/\/esundy.nuclio.org\/wp-content\/uploads\/2019\/05\/uc_-300x125.png\" alt=\"\" width=\"295\" height=\"123\" srcset=\"https:\/\/esundy.nuclio.org\/wp-content\/uploads\/2019\/05\/uc_-300x125.png 300w, https:\/\/esundy.nuclio.org\/wp-content\/uploads\/2019\/05\/uc_-768x320.png 768w, https:\/\/esundy.nuclio.org\/wp-content\/uploads\/2019\/05\/uc_.png 800w\" sizes=\"auto, (max-width: 295px) 100vw, 295px\" \/>&nbsp; &nbsp; &nbsp; &nbsp; &nbsp; &nbsp; &nbsp; &nbsp; &nbsp; &nbsp; &nbsp; &nbsp; &nbsp; &nbsp; &nbsp; &nbsp; &nbsp; &nbsp; &nbsp; &nbsp; &nbsp;<img loading=\"lazy\" decoding=\"async\" class=\"alignnone wp-image-631\" src=\"https:\/\/esundy.nuclio.org\/wp-content\/uploads\/2019\/02\/museu-ciencia-720x380-2-300x126.jpg\" alt=\"\" width=\"221\" height=\"93\" srcset=\"https:\/\/esundy.nuclio.org\/wp-content\/uploads\/2019\/02\/museu-ciencia-720x380-2-300x126.jpg 300w, https:\/\/esundy.nuclio.org\/wp-content\/uploads\/2019\/02\/museu-ciencia-720x380-2.jpg 492w\" sizes=\"auto, (max-width: 221px) 100vw, 221px\" \/>&nbsp; &nbsp; &nbsp; &nbsp; &nbsp; &nbsp; &nbsp; &nbsp; &nbsp; &nbsp; &nbsp; &nbsp; &nbsp; &nbsp; &nbsp; &nbsp; &nbsp; &nbsp; &nbsp; &nbsp; &nbsp;<img loading=\"lazy\" decoding=\"async\" class=\"alignnone wp-image-2236\" src=\"https:\/\/esundy.nuclio.org\/wp-content\/uploads\/2019\/07\/FCTUC_PR-226x300.png\" alt=\"\" width=\"108\" height=\"143\" srcset=\"https:\/\/esundy.nuclio.org\/wp-content\/uploads\/2019\/07\/FCTUC_PR-226x300.png 226w, https:\/\/esundy.nuclio.org\/wp-content\/uploads\/2019\/07\/FCTUC_PR-768x1020.png 768w, https:\/\/esundy.nuclio.org\/wp-content\/uploads\/2019\/07\/FCTUC_PR-771x1024.png 771w, https:\/\/esundy.nuclio.org\/wp-content\/uploads\/2019\/07\/FCTUC_PR.png 1666w\" sizes=\"auto, (max-width: 108px) 100vw, 108px\" \/> &nbsp; &nbsp; &nbsp; &nbsp; &nbsp; &nbsp; &nbsp; &nbsp; &nbsp; &nbsp;<img loading=\"lazy\" decoding=\"async\" class=\"alignnone wp-image-211\" src=\"https:\/\/esundy.nuclio.org\/wp-content\/uploads\/2019\/01\/04-observatorio-300x127.png\" alt=\"\" width=\"219\" height=\"93\" srcset=\"https:\/\/esundy.nuclio.org\/wp-content\/uploads\/2019\/01\/04-observatorio-300x127.png 300w, https:\/\/esundy.nuclio.org\/wp-content\/uploads\/2019\/01\/04-observatorio-768x325.png 768w, https:\/\/esundy.nuclio.org\/wp-content\/uploads\/2019\/01\/04-observatorio-1024x433.png 1024w, https:\/\/esundy.nuclio.org\/wp-content\/uploads\/2019\/01\/04-observatorio-1568x664.png 1568w\" sizes=\"auto, (max-width: 219px) 100vw, 219px\" \/>&nbsp; &nbsp; &nbsp; &nbsp; &nbsp; &nbsp; &nbsp; &nbsp; &nbsp; &nbsp; &nbsp; &nbsp; &nbsp; &nbsp; &nbsp; &nbsp; &nbsp; &nbsp; &nbsp; &nbsp; &nbsp; &nbsp; &nbsp; &nbsp; &nbsp; &nbsp; &nbsp; &nbsp; &nbsp; &nbsp; &nbsp; <img loading=\"lazy\" decoding=\"async\" class=\"alignnone wp-image-2024\" src=\"https:\/\/esundy.nuclio.org\/wp-content\/uploads\/2019\/05\/romulo_logotipo-300x246.jpg\" alt=\"\" width=\"125\" height=\"102\">&nbsp; &nbsp; &nbsp; &nbsp; &nbsp; &nbsp; &nbsp; &nbsp; &nbsp; &nbsp; &nbsp; &nbsp; &nbsp; &nbsp; &nbsp; &nbsp; &nbsp; &nbsp; &nbsp; &nbsp; &nbsp; &nbsp; &nbsp; &nbsp; &nbsp; &nbsp; &nbsp; &nbsp; &nbsp; &nbsp; &nbsp; &nbsp;<img loading=\"lazy\" decoding=\"async\" class=\"alignnone wp-image-2237\" src=\"https:\/\/esundy.nuclio.org\/wp-content\/uploads\/2019\/07\/sac-uc.png\" alt=\"\" width=\"102\" height=\"102\" srcset=\"https:\/\/esundy.nuclio.org\/wp-content\/uploads\/2019\/07\/sac-uc.png 224w, https:\/\/esundy.nuclio.org\/wp-content\/uploads\/2019\/07\/sac-uc-150x150.png 150w\" sizes=\"auto, (max-width: 102px) 100vw, 102px\" \/><\/p>\n","protected":false},"excerpt":{"rendered":"<p>A exposi\u00e7\u00e3o 3E centra-se em 3 eclipses solares totais, o primeiro ocorreu 1914, o segundo em 1919, e o terceiro [&hellip;]<\/p>\n","protected":false},"author":2,"featured_media":0,"parent":153,"menu_order":2,"comment_status":"closed","ping_status":"closed","template":"","meta":{"ngg_post_thumbnail":0,"footnotes":""},"class_list":["post-1221","page","type-page","status-publish","hentry"],"_links":{"self":[{"href":"https:\/\/esundy.nuclio.org\/index.php\/wp-json\/wp\/v2\/pages\/1221","targetHints":{"allow":["GET"]}}],"collection":[{"href":"https:\/\/esundy.nuclio.org\/index.php\/wp-json\/wp\/v2\/pages"}],"about":[{"href":"https:\/\/esundy.nuclio.org\/index.php\/wp-json\/wp\/v2\/types\/page"}],"author":[{"embeddable":true,"href":"https:\/\/esundy.nuclio.org\/index.php\/wp-json\/wp\/v2\/users\/2"}],"replies":[{"embeddable":true,"href":"https:\/\/esundy.nuclio.org\/index.php\/wp-json\/wp\/v2\/comments?post=1221"}],"version-history":[{"count":37,"href":"https:\/\/esundy.nuclio.org\/index.php\/wp-json\/wp\/v2\/pages\/1221\/revisions"}],"predecessor-version":[{"id":2829,"href":"https:\/\/esundy.nuclio.org\/index.php\/wp-json\/wp\/v2\/pages\/1221\/revisions\/2829"}],"up":[{"embeddable":true,"href":"https:\/\/esundy.nuclio.org\/index.php\/wp-json\/wp\/v2\/pages\/153"}],"wp:attachment":[{"href":"https:\/\/esundy.nuclio.org\/index.php\/wp-json\/wp\/v2\/media?parent=1221"}],"curies":[{"name":"wp","href":"https:\/\/api.w.org\/{rel}","templated":true}]}}