{"id":1163,"date":"2019-02-16T14:22:21","date_gmt":"2019-02-16T14:22:21","guid":{"rendered":"http:\/\/esundy.nuclio.org\/?page_id=1163"},"modified":"2025-05-29T11:01:40","modified_gmt":"2025-05-29T10:01:40","slug":"sundy-science-and-history-space","status":"publish","type":"page","link":"https:\/\/esundy.nuclio.org\/index.php\/en\/island-of-principe\/sundy-science-and-history-space\/","title":{"rendered":"Sundy Science Space"},"content":{"rendered":"<p><img loading=\"lazy\" decoding=\"async\" class=\"alignnone wp-image-897 size-full\" src=\"https:\/\/esundy.nuclio.org\/wp-content\/uploads\/2019\/02\/1920_700_Espa\u00e7o-Ci\u00eancia-e-Hist\u00f3ria-Sundy.jpg\" alt=\"\" width=\"1920\" height=\"700\" srcset=\"https:\/\/esundy.nuclio.org\/wp-content\/uploads\/2019\/02\/1920_700_Espa\u00e7o-Ci\u00eancia-e-Hist\u00f3ria-Sundy.jpg 1920w, https:\/\/esundy.nuclio.org\/wp-content\/uploads\/2019\/02\/1920_700_Espa\u00e7o-Ci\u00eancia-e-Hist\u00f3ria-Sundy-300x109.jpg 300w, https:\/\/esundy.nuclio.org\/wp-content\/uploads\/2019\/02\/1920_700_Espa\u00e7o-Ci\u00eancia-e-Hist\u00f3ria-Sundy-768x280.jpg 768w, https:\/\/esundy.nuclio.org\/wp-content\/uploads\/2019\/02\/1920_700_Espa\u00e7o-Ci\u00eancia-e-Hist\u00f3ria-Sundy-1024x373.jpg 1024w\" sizes=\"auto, (max-width: 1920px) 100vw, 1920px\" \/><\/p>\r\n<h4><em>Cabe-nos guardar esse patrim\u00f3nio material e imaterial extraordin\u00e1rio, abri-lo e d\u00e1-lo a conhecer a todos quanto queiram assimil\u00e1-lo.\u00a0<\/em><\/h4>\r\n<p><em>\u00a0<\/em>Jo\u00e3o Cara\u00e7a in Carta de apoio \u00e0 iniciativa \u201cEddington na Sundy: 100 anos depois\u201d\u00a0 \u00a0<\/p>\r\n<!-- \/wp:post-content -->\r\n\r\n<!-- wp:paragraph {\"fontSize\":\"small\"} -->\r\n<p>Sundy Science Space (SSS) is the physical legacy of the astronomical observations which took place at the iconic Ro\u00e7a Sundy. The space will offer its visitors a group of interactive experiences and, in connection to nature, will allow visitors to get familiar with the scientific heritage, which is related to Ro\u00e7a Sundy\u2019s history, but also offer scientific learning experiences which involve the visitor in the building of scientific knowledge. It is aimed at curious from 8 to 80 years old who reside in or visit the Island of Pr\u00edncipe, with a special interest for school audiences, educators, communicators and Science disseminators.<\/p>\r\n<p>100 years later, Einstein\u2019s boldest predictions gather in the place in which Eddington recorded the information that contributed to make Einstein a celebrity.<\/p>\r\n<p>&nbsp;<\/p>\r\n<h4><strong>The choice of the place<\/strong><\/h4>\r\n<p>&nbsp;<\/p>\r\n<p>Ro\u00e7a Sundy, as a built heritage goes back to the 19<sup>th<\/sup> century, having become iconic, during its history, also because of scientific history, but mainly due to the importance of the production of cocoa and coffee. Thus, integrated in the environment and profiting from the industrial heritage, scenes from the period will be recreated from the machinery existing on site, so that Science does not disconnect from History and from Ro\u00e7a Sundy\u2019s path in its different facets.<\/p>\r\n<p>The place designated to constitute the build section of SSS was, in previous times, a cocoa and coffee dryer, named electrical dryer or, as it is known by the local population, the \u201cFerro-Ferro Museum. It is dated from the fifth decade of the 20<sup>th<\/sup> century and represents one of the stages of the Ro\u00e7a\u2019s development, in which scientific knowledge and the associated technologies were directly applied in the plantations and the island\u2019s productions. It will be made up of a physical space in Ro\u00e7a Sundy and a set of Science Trails, which will peak at that place and in which connections between the Sciences of the Sea, Land and Air will be explored.<\/p>\r\n<p>&nbsp;<\/p>\r\n<h4><strong>Sundy Science and History experience<\/strong><\/h4>\r\n<p>&nbsp;<\/p>\r\n<p>Going through the <strong>Science Trails<\/strong> is an experience in which Science, Nature and local Culture merge in a process of awareness for especially relevant subjects related to science and local culture. In Pr\u00edncipe, this experience becomes unique due to the wealth of biodiversity and the island\u2019s historical and cultural context.<\/p>\r\n<p>A very small version of an interferometer will allow the visitors to understand the confirmation of Einstein\u2019s theory. It will be accompanied by and exhibit focused on Eddington\u2019s original observation of the deflection of light named <span style=\"color: #333333;\"><span style=\"color: #008080;\"><a style=\"color: #008080;\" href=\"http:\/\/www.fmsoares.pt\/iniciativas\/ilustra_iniciativas\/2009\/000739\/expo_sao_tome_2009\/\" target=\"_blank\" rel=\"noopener noreferrer\"><strong>Light deviated by the Sun &#8211; PT<\/strong>\u00a0<\/a><\/span>\u00a0<\/span>which covers the basic ideas of general relativity and quantum mechanics.<\/p>\r\n<p>The ex-libris is the <strong>Planetarium<\/strong> which is planned for the space will serve the local population and visitors. This project is part of a medium-term plan which strategically uses Astronomy as a tool for development.<\/p>\r\n<p>Apart from what has already been mentioned, period scenes will appear in SSS resorting to models which historically accommodate the industrial heritage that exists therein. This intervention can begin after the space\u2019s opening in May 2019.<\/p>\r\n<p>&nbsp;<\/p>\r\n<h4><strong>Mission<\/strong><\/h4>\r\n<p>&nbsp;<\/p>\r\n<p>SSS aims at being a means of signalling on site the historical connection to Science, safeguarding the legacy of a scientific event of the utmost importance, apart from allowing the consolidation of projects and initiatives developed in the island of Pr\u00edncipe related to this historical episode.<\/p>\r\n<p>To that end, its objectives are:<\/p>\r\n<ul>\r\n<li>to be a space in the service of Pr\u00edncipe&#8217;s Education and School community, intended to provide learning experiences in the field of Science;<\/li>\r\n<li>to be the culmination of the Science Trails that have been developed since 2013 and therefore cover target audiences with different interests and dynamics;<\/li>\r\n<li>to constitute a space by excellence for scientific outreach in education in the Island of Principe and a reference to neighbouring countries;<\/li>\r\n<li>to protect the historical and scientific legacy of the astronomical observations that took place there;<\/li>\r\n<li>to constitute a tourist attraction and a &#8220;business card&#8221; on Pr\u00edncipe Island, in particular in Ro\u00e7a Sundy.<\/li>\r\n<\/ul>\r\n<p>&nbsp;<\/p>\r\n<h4><strong>Beyond 2019<\/strong><\/h4>\r\n<p>&nbsp;<\/p>\r\n<p>The creation of SSS is framed by the Regional Plan for Sustainable Development, which, on its turn, is aligned with the 2030 Sustainable Goals, date for SSS to be able to maintain a sustainable operation.<\/p>\r\n<p>SSS\u2019 sustainability will be ensured by partnership which allow:<\/p>\r\n<ul>\r\n<li>To promote an internationally arranged educational and scientific outreach programme which includes the implementation of Summer\/Winter schools.<\/li>\r\n<li>To promote scientific tourism in the Island of Pr\u00edncipe.<\/li>\r\n<li>To ensure SSS\u2019 serves Education, in the scope of learning experiences for students and in the teacher training component.<\/li>\r\n<li>To update the exhibit\u2019s contents and interactive modules.<\/li>\r\n<li>To maintain SSS in regards to logistics, human and material resources.<\/li>\r\n<\/ul>\r\n<p>&nbsp;<\/p>\r\n<h4><strong>Partners for sustainability<\/strong><\/h4>\r\n<p>&nbsp;<\/p>\r\n<p>Up to this moment, we have confirmed the following partners who will support SSS:<\/p>\r\n<p>Pr\u00edncipe\u2019s Regional Government| HBD |Island of Pr\u00edncipe Biosphere Reserve |N\u00facleo Interativo de Astronomia (NUCLIO) | Portuguese Language Office of Astronomy for Development (POLAD)| International Astronomical Union (IAU) | Galileo Teacher Training Program (GTTP) | Geophysics and Astronomical Observatory of the University of Coimbra (OGA-UC, in Portuguese) |<\/p>\r\n<p>If you\u2019re interested in being a part of this ambitious project, contact us: eddingtonatsundy@gmail.com.<\/p>\r\n<p>&nbsp;<\/p>\r\n<p>&nbsp;<\/p>\r\n<h4>Sundy Science Sapce in pictures<\/h4>\r\n<p>&nbsp;<\/p>\r\n\r\n<p>&nbsp;<\/p>\r\n<p>&nbsp;<\/p>\r\n<p>A Luz desviada pelo Sol exhibition updated by:<\/p>\r\n<p>\u00a0 \u00a0 \u00a0\u00a0<a href=\"http:\/\/www.lip.pt\/\"><img loading=\"lazy\" decoding=\"async\" class=\"wp-image-505 alignnone\" src=\"https:\/\/esundy.nuclio.org\/wp-content\/uploads\/2019\/01\/01-LIP-300x203.png\" alt=\"\" width=\"89\" height=\"60\" srcset=\"https:\/\/esundy.nuclio.org\/wp-content\/uploads\/2019\/01\/01-LIP-300x203.png 300w, https:\/\/esundy.nuclio.org\/wp-content\/uploads\/2019\/01\/01-LIP-768x520.png 768w, https:\/\/esundy.nuclio.org\/wp-content\/uploads\/2019\/01\/01-LIP.png 1000w\" sizes=\"auto, (max-width: 89px) 100vw, 89px\" \/><\/a>\u00a0 \u00a0 \u00a0 \u00a0 \u00a0 \u00a0 \u00a0 \u00a0 \u00a0 \u00a0<a href=\"http:\/\/www.spf.pt\/\"><img loading=\"lazy\" decoding=\"async\" class=\"alignnone wp-image-506\" src=\"https:\/\/esundy.nuclio.org\/wp-content\/uploads\/2019\/01\/02-SPF-300x155.jpg\" alt=\"\" width=\"134\" height=\"68\" srcset=\"https:\/\/esundy.nuclio.org\/wp-content\/uploads\/2019\/01\/02-SPF-300x155.jpg 300w, https:\/\/esundy.nuclio.org\/wp-content\/uploads\/2019\/01\/02-SPF.jpg 577w\" sizes=\"auto, (max-width: 134px) 100vw, 134px\" \/><\/a>\u00a0 \u00a0 \u00a0 \u00a0 \u00a0 \u00a0 <img loading=\"lazy\" decoding=\"async\" class=\"alignnone  wp-image-2009\" src=\"https:\/\/esundy.nuclio.org\/wp-content\/uploads\/2019\/05\/IPFN_color-300x125.png\" alt=\"\" width=\"184\" height=\"77\" srcset=\"https:\/\/esundy.nuclio.org\/wp-content\/uploads\/2019\/05\/IPFN_color-300x125.png 300w, https:\/\/esundy.nuclio.org\/wp-content\/uploads\/2019\/05\/IPFN_color.png 428w\" sizes=\"auto, (max-width: 184px) 100vw, 184px\" \/>\u00a0 \u00a0 \u00a0 \u00a0 \u00a0 \u00a0 \u00a0<a href=\"http:\/\/erc.europa.eu\/ \"><img loading=\"lazy\" decoding=\"async\" class=\"alignnone wp-image-507\" src=\"https:\/\/esundy.nuclio.org\/wp-content\/uploads\/2019\/01\/03-ERC-300x295.jpg\" alt=\"\" width=\"112\" height=\"110\" srcset=\"https:\/\/esundy.nuclio.org\/wp-content\/uploads\/2019\/01\/03-ERC-300x295.jpg 300w, https:\/\/esundy.nuclio.org\/wp-content\/uploads\/2019\/01\/03-ERC.jpg 329w\" sizes=\"auto, (max-width: 112px) 100vw, 112px\" \/><\/a><\/p>\r\n<p>&nbsp;<\/p>\r\n<p>Founders:<\/p>\r\n<p><img loading=\"lazy\" decoding=\"async\" class=\"alignnone  wp-image-2266\" src=\"https:\/\/esundy.nuclio.org\/wp-content\/uploads\/2019\/07\/Coat_of_arms_of_S\u00e3o_Tom\u00e9_and_Pr\u00edncipe.svg_-300x201.png\" alt=\"\" width=\"137\" height=\"91\" srcset=\"https:\/\/esundy.nuclio.org\/wp-content\/uploads\/2019\/07\/Coat_of_arms_of_S\u00e3o_Tom\u00e9_and_Pr\u00edncipe.svg_-300x201.png 300w, https:\/\/esundy.nuclio.org\/wp-content\/uploads\/2019\/07\/Coat_of_arms_of_S\u00e3o_Tom\u00e9_and_Pr\u00edncipe.svg_.png 512w\" sizes=\"auto, (max-width: 137px) 100vw, 137px\" \/>\u00a0 \u00a0 \u00a0 \u00a0 \u00a0 \u00a0 \u00a0 \u00a0 <img loading=\"lazy\" decoding=\"async\" class=\"alignnone  wp-image-209\" src=\"https:\/\/esundy.nuclio.org\/wp-content\/uploads\/2019\/01\/02-principe-300x146.jpg\" alt=\"\" width=\"187\" height=\"91\" srcset=\"https:\/\/esundy.nuclio.org\/wp-content\/uploads\/2019\/01\/02-principe-300x146.jpg 300w, https:\/\/esundy.nuclio.org\/wp-content\/uploads\/2019\/01\/02-principe.jpg 322w\" sizes=\"auto, (max-width: 187px) 100vw, 187px\" \/>\u00a0 \u00a0 \u00a0 \u00a0 \u00a0 \u00a0 \u00a0 \u00a0<img loading=\"lazy\" decoding=\"async\" class=\"alignnone size-medium wp-image-2267\" src=\"https:\/\/esundy.nuclio.org\/wp-content\/uploads\/2019\/07\/HBD-Pcp-logo-300x72.jpg\" alt=\"\" width=\"300\" height=\"72\" srcset=\"https:\/\/esundy.nuclio.org\/wp-content\/uploads\/2019\/07\/HBD-Pcp-logo-300x72.jpg 300w, https:\/\/esundy.nuclio.org\/wp-content\/uploads\/2019\/07\/HBD-Pcp-logo-768x184.jpg 768w, https:\/\/esundy.nuclio.org\/wp-content\/uploads\/2019\/07\/HBD-Pcp-logo.jpg 832w\" sizes=\"auto, (max-width: 300px) 100vw, 300px\" \/>\u00a0 \u00a0 \u00a0 \u00a0 \u00a0 \u00a0<img loading=\"lazy\" decoding=\"async\" class=\"alignnone  wp-image-215\" src=\"https:\/\/esundy.nuclio.org\/wp-content\/uploads\/2019\/01\/08-nuclio-300x80.png\" alt=\"\" width=\"199\" height=\"54\" srcset=\"https:\/\/esundy.nuclio.org\/wp-content\/uploads\/2019\/01\/08-nuclio-300x80.png 300w, https:\/\/esundy.nuclio.org\/wp-content\/uploads\/2019\/01\/08-nuclio-768x204.png 768w, https:\/\/esundy.nuclio.org\/wp-content\/uploads\/2019\/01\/08-nuclio-1024x272.png 1024w, https:\/\/esundy.nuclio.org\/wp-content\/uploads\/2019\/01\/08-nuclio.png 1301w\" sizes=\"auto, (max-width: 199px) 100vw, 199px\" \/>\u00a0 \u00a0 \u00a0 \u00a0 \u00a0 \u00a0<\/p>\r\n<p>\u00a0<img loading=\"lazy\" decoding=\"async\" class=\"alignnone  wp-image-2096\" src=\"https:\/\/esundy.nuclio.org\/wp-content\/uploads\/2019\/06\/Logo-CMOcoop-300x214.png\" alt=\"\" width=\"150\" height=\"107\" srcset=\"https:\/\/esundy.nuclio.org\/wp-content\/uploads\/2019\/06\/Logo-CMOcoop-300x214.png 300w, https:\/\/esundy.nuclio.org\/wp-content\/uploads\/2019\/06\/Logo-CMOcoop.png 594w\" sizes=\"auto, (max-width: 150px) 100vw, 150px\" \/>\u00a0 \u00a0 \u00a0 \u00a0 \u00a0 \u00a0 \u00a0<a href=\"http:\/\/gulbenkian.pt\/\"><img loading=\"lazy\" decoding=\"async\" class=\"alignnone wp-image-496\" src=\"https:\/\/esundy.nuclio.org\/wp-content\/uploads\/2019\/01\/FCG_01_Marca3Linhas_PRT_04-300x114.png\" alt=\"\" width=\"194\" height=\"74\" srcset=\"https:\/\/esundy.nuclio.org\/wp-content\/uploads\/2019\/01\/FCG_01_Marca3Linhas_PRT_04-300x114.png 300w, https:\/\/esundy.nuclio.org\/wp-content\/uploads\/2019\/01\/FCG_01_Marca3Linhas_PRT_04.png 446w\" sizes=\"auto, (max-width: 194px) 100vw, 194px\" \/><\/a>\u00a0 \u00a0 \u00a0 \u00a0 \u00a0 \u00a0 \u00a0 <img loading=\"lazy\" decoding=\"async\" class=\"alignnone  wp-image-2263\" src=\"https:\/\/esundy.nuclio.org\/wp-content\/uploads\/2019\/07\/Fedp-semmargens-300x86.jpg\" alt=\"\" width=\"234\" height=\"67\" srcset=\"https:\/\/esundy.nuclio.org\/wp-content\/uploads\/2019\/07\/Fedp-semmargens-300x86.jpg 300w, https:\/\/esundy.nuclio.org\/wp-content\/uploads\/2019\/07\/Fedp-semmargens-768x220.jpg 768w, https:\/\/esundy.nuclio.org\/wp-content\/uploads\/2019\/07\/Fedp-semmargens.jpg 972w\" sizes=\"auto, (max-width: 234px) 100vw, 234px\" \/>\u00a0 \u00a0 \u00a0 \u00a0 \u00a0<a href=\"http:\/\/unhabitat.org\/\"><img loading=\"lazy\" decoding=\"async\" class=\"alignnone wp-image-619\" src=\"https:\/\/esundy.nuclio.org\/wp-content\/uploads\/2019\/02\/UN-Habitat_pt-300x66.jpg\" alt=\"\" width=\"248\" height=\"55\" srcset=\"https:\/\/esundy.nuclio.org\/wp-content\/uploads\/2019\/02\/UN-Habitat_pt-300x66.jpg 300w, https:\/\/esundy.nuclio.org\/wp-content\/uploads\/2019\/02\/UN-Habitat_pt-768x169.jpg 768w, https:\/\/esundy.nuclio.org\/wp-content\/uploads\/2019\/02\/UN-Habitat_pt.jpg 932w\" sizes=\"auto, (max-width: 248px) 100vw, 248px\" \/><\/a>\u00a0 \u00a0 \u00a0 \u00a0 \u00a0\u00a0<\/p>","protected":false},"excerpt":{"rendered":"<p>Cabe-nos guardar esse patrim\u00f3nio material e imaterial extraordin\u00e1rio, abri-lo e d\u00e1-lo a conhecer a todos quanto queiram assimil\u00e1-lo.\u00a0 \u00a0Jo\u00e3o Cara\u00e7a [&hellip;]<\/p>\n","protected":false},"author":2,"featured_media":0,"parent":1161,"menu_order":1,"comment_status":"closed","ping_status":"closed","template":"","meta":{"ngg_post_thumbnail":0,"footnotes":""},"class_list":["post-1163","page","type-page","status-publish","hentry"],"_links":{"self":[{"href":"https:\/\/esundy.nuclio.org\/index.php\/wp-json\/wp\/v2\/pages\/1163","targetHints":{"allow":["GET"]}}],"collection":[{"href":"https:\/\/esundy.nuclio.org\/index.php\/wp-json\/wp\/v2\/pages"}],"about":[{"href":"https:\/\/esundy.nuclio.org\/index.php\/wp-json\/wp\/v2\/types\/page"}],"author":[{"embeddable":true,"href":"https:\/\/esundy.nuclio.org\/index.php\/wp-json\/wp\/v2\/users\/2"}],"replies":[{"embeddable":true,"href":"https:\/\/esundy.nuclio.org\/index.php\/wp-json\/wp\/v2\/comments?post=1163"}],"version-history":[{"count":13,"href":"https:\/\/esundy.nuclio.org\/index.php\/wp-json\/wp\/v2\/pages\/1163\/revisions"}],"predecessor-version":[{"id":2536,"href":"https:\/\/esundy.nuclio.org\/index.php\/wp-json\/wp\/v2\/pages\/1163\/revisions\/2536"}],"up":[{"embeddable":true,"href":"https:\/\/esundy.nuclio.org\/index.php\/wp-json\/wp\/v2\/pages\/1161"}],"wp:attachment":[{"href":"https:\/\/esundy.nuclio.org\/index.php\/wp-json\/wp\/v2\/media?parent=1163"}],"curies":[{"name":"wp","href":"https:\/\/api.w.org\/{rel}","templated":true}]}}