{"id":1150,"date":"2019-02-16T14:04:41","date_gmt":"2019-02-16T14:04:41","guid":{"rendered":"http:\/\/esundy.nuclio.org\/?page_id=1150"},"modified":"2025-05-29T11:01:39","modified_gmt":"2025-05-29T10:01:39","slug":"e3","status":"publish","type":"page","link":"https:\/\/esundy.nuclio.org\/index.php\/en\/global-2\/e3\/","title":{"rendered":"E3"},"content":{"rendered":"<p><img loading=\"lazy\" decoding=\"async\" class=\"alignnone wp-image-1910 size-full\" src=\"https:\/\/esundy.nuclio.org\/wp-content\/uploads\/2019\/04\/E@S_1920x700.jpg\" alt=\"\" width=\"1920\" height=\"700\" srcset=\"https:\/\/esundy.nuclio.org\/wp-content\/uploads\/2019\/04\/E@S_1920x700.jpg 1920w, https:\/\/esundy.nuclio.org\/wp-content\/uploads\/2019\/04\/E@S_1920x700-300x109.jpg 300w, https:\/\/esundy.nuclio.org\/wp-content\/uploads\/2019\/04\/E@S_1920x700-768x280.jpg 768w, https:\/\/esundy.nuclio.org\/wp-content\/uploads\/2019\/04\/E@S_1920x700-1024x373.jpg 1024w\" sizes=\"auto, (max-width: 1920px) 100vw, 1920px\" \/><\/p>\r\n<p>The exhibition <strong>E3 &#8211; Einstein, Eddington and the Eclipse&nbsp;<\/strong>&#8211; focused on historical aspects of the expeditions which brought Eddington and his companions Cottingham, Davidson and Crommelin to the island of Pr\u00edncipe and &nbsp;to Sobral, Brazil. It focuses on the unlikely encounter between Einstein and Eddington, the preparations of the expeditions in a time of war, the voyages, the observations and the impact of these expeditions on the national and international community of&nbsp; astronomers, and also on the general public. It pays particular attention to the role of institutions, astronomers and experts in Lisbon, Portugal.<\/p>\r\n<p>From <strong>16th of May&nbsp; and 8th of September of 2019<\/strong> it was on display to the public at the <strong>University of Lisbon Museum of&nbsp; Natural History and Science (MUNHAC)<\/strong>.<\/p>\r\n<p>The opening coincided with the release of the emission of&nbsp;CTT (Portuguese Post) postal stamps alluding to the centenary of the eclipse observations of 19th of May 1919 . See footage of this session in this&nbsp;<a href=\"http:\/\/youtu.be\/8j2INMaCpBA\" target=\"_blank\" rel=\"noopener noreferrer\" data-saferedirecturl=\"http:\/\/www.google.com\/url?q=http:\/\/youtu.be\/8j2INMaCpBA&amp;source=gmail&amp;ust=1560765404971000&amp;usg=AFQjCNHVpeljjFaLe1KW5WizvJqsO6DxLw\">video<\/a>.<\/p>\r\n<p>Curatorship:&nbsp;<em>Ana Sim\u00f5es<\/em><\/p>\r\n<p>Team: <em>Ana Sim\u00f5es, Ana Eir\u00f3, Augusto Fitas, Joana Latas, Jo\u00e3o Retr\u00ea, Jos\u00e9 Afonso, Jos\u00e9 Avel\u00e3s Nunes, Lu\u00eds Tirapicos, Paula Santos, Paulo Crawford, Pedro R\u00e9.<\/em><\/p>\r\n<p>Scientific consultants:&nbsp;<em>Lu\u00eds Miguel Carolino,&nbsp;Pedro Raposo<\/em><\/p>\r\n<p>&nbsp;<\/p>\r\n<div>The exhibit was accompanied by several activities:<\/div>\r\n<div>&nbsp;<\/div>\r\n<div>\r\n<div>&nbsp;<\/div>\r\n<div>\r\n<h4>E3 &#8211;<a href=\"https:\/\/esundy.nuclio.org\/index.php\/en\/british-expeditions-for-the-1919-solar-total-eclipse-step-by-step\/\">British expeditions for the 1919 total solar eclipse, in 18 steps<\/a><\/h4>\r\n<p style=\"text-align: left;\"><img loading=\"lazy\" decoding=\"async\" class=\"wp-image-2810 alignleft\" src=\"https:\/\/esundy.nuclio.org\/wp-content\/uploads\/2019\/12\/expedi\u00e7\u00f5es-300x234.jpg\" alt=\"\" width=\"231\" height=\"180\" srcset=\"https:\/\/esundy.nuclio.org\/wp-content\/uploads\/2019\/12\/expedi\u00e7\u00f5es-300x234.jpg 300w, https:\/\/esundy.nuclio.org\/wp-content\/uploads\/2019\/12\/expedi\u00e7\u00f5es.jpg 384w\" sizes=\"auto, (max-width: 231px) 100vw, 231px\" \/>We invite you to follow and learn hilarious deteails of the British expedition to Sobral and Pr\u00edncipe on this <a href=\"https:\/\/esundy.nuclio.org\/index.php\/en\/british-expeditions-for-the-1919-solar-total-eclipse-step-by-step\/\" target=\"_blank\" rel=\"noopener noreferrer\">timeline<\/a> from 1919, March 8th, the day the expeditioners left from Liverpool, until 1919, November 6th, the day of the public anouncement of the expedition&#8217;s results.<\/p>\r\n<p style=\"text-align: left;\">&nbsp;<\/p>\r\n<\/div>\r\n<div>\r\n<pre id=\"tw-target-text\" class=\"tw-data-text tw-text-large tw-ta\" dir=\"ltr\" data-placeholder=\"Tradu\u00e7\u00e3o\">&nbsp;<\/pre>\r\n<\/div>\r\n<\/div>\r\n<p>&nbsp;<\/p>\r\n<pre id=\"tw-target-text\" class=\"tw-data-text tw-text-large tw-ta\" dir=\"ltr\" data-placeholder=\"Tradu\u00e7\u00e3o\"> <\/pre>\r\n<h4>E3 \u2013 Einstein, Eddington and the Eclipse: Travel Impressions. Essay\/Comics Book<\/h4>\r\n<div>\r\n<p><img loading=\"lazy\" decoding=\"async\" class=\" wp-image-2807 alignleft\" src=\"https:\/\/esundy.nuclio.org\/wp-content\/uploads\/2019\/12\/capa-BD-206x300.jpg\" alt=\"\" width=\"166\" height=\"242\" srcset=\"https:\/\/esundy.nuclio.org\/wp-content\/uploads\/2019\/12\/capa-BD-206x300.jpg 206w, https:\/\/esundy.nuclio.org\/wp-content\/uploads\/2019\/12\/capa-BD.jpg 660w\" sizes=\"auto, (max-width: 166px) 100vw, 166px\" \/><\/p>\r\n<p>Autors: <em>Ana Sim\u00f5es<\/em> (essay and argument) and <em>Ana Matilde de Sousa<\/em> (art)<\/p>\r\n<p>Edition Lisboa: Chili com Carne<\/p>\r\n<p>Year: 2019<\/p>\r\n<p>ISBN: 978-989-8363-41-1<\/p>\r\n<p>&nbsp;<\/p>\r\n<p>&nbsp;<\/p>\r\n<\/div>\r\n<p>&nbsp;<\/p>\r\n<p>&nbsp;<\/p>\r\n<h4>E3 &#8211; Einstein, Eddington and the Eclipse. Catalogue<\/h4>\r\n<p><img loading=\"lazy\" decoding=\"async\" class=\"wp-image-2809 alignleft\" src=\"https:\/\/esundy.nuclio.org\/wp-content\/uploads\/2019\/12\/CatE3-1-300x225.jpg\" alt=\"\" width=\"206\" height=\"154\" srcset=\"https:\/\/esundy.nuclio.org\/wp-content\/uploads\/2019\/12\/CatE3-1-300x225.jpg 300w, https:\/\/esundy.nuclio.org\/wp-content\/uploads\/2019\/12\/CatE3-1-768x576.jpg 768w, https:\/\/esundy.nuclio.org\/wp-content\/uploads\/2019\/12\/CatE3-1-1024x768.jpg 1024w, https:\/\/esundy.nuclio.org\/wp-content\/uploads\/2019\/12\/CatE3-1.jpg 1600w\" sizes=\"auto, (max-width: 206px) 100vw, 206px\" \/><\/p>\r\n<div>&nbsp;<\/div>\r\n<p>The exhibition catalogue, <em>Um Encontro Improv\u00e1vel, Duas Expedi\u00e7\u00f5es Memor\u00e1veis (An Unlikely Encounter, Two Memorable Expeditions)<\/em>, published by MUHNAC and University of Lisboa. Text by Ana Sim\u00f5es, design by Vasco Ferraz and Mariana Sousa (Once Upon a Brand).<\/p>\r\n<p>&nbsp;<\/p>\r\n<p>&nbsp;<\/p>\r\n<p>&nbsp;<\/p>\r\n<div>\r\n<h4>E3 &#8211;&nbsp; Gazeta de F\u00edsica Special Issue<\/h4>\r\n<img loading=\"lazy\" decoding=\"async\" class=\" wp-image-2808 alignleft\" src=\"https:\/\/esundy.nuclio.org\/wp-content\/uploads\/2019\/12\/capa-Gazeta-212x300.png\" alt=\"\" width=\"167\" height=\"236\" srcset=\"https:\/\/esundy.nuclio.org\/wp-content\/uploads\/2019\/12\/capa-Gazeta-212x300.png 212w, https:\/\/esundy.nuclio.org\/wp-content\/uploads\/2019\/12\/capa-Gazeta-768x1087.png 768w, https:\/\/esundy.nuclio.org\/wp-content\/uploads\/2019\/12\/capa-Gazeta-724x1024.png 724w, https:\/\/esundy.nuclio.org\/wp-content\/uploads\/2019\/12\/capa-Gazeta.png 826w\" sizes=\"auto, (max-width: 167px) 100vw, 167px\" \/>\r\n<p>In 2019, an issue of Gazeta de F\u00edsica,&nbsp; a magazine of the Portuguese Physics Society, will be dedicated to the centenary of the 1919 solar eclipse.<\/p>\r\n<p>Editors:&nbsp;<em>Augusto Fitas, Paulo Crawford e Jos\u00e9 Sande Lemos<\/em><\/p>\r\n<\/div>\r\n<h4>&nbsp;<\/h4>\r\n<p>&nbsp;<\/p>\r\n<p>&nbsp;<\/p>\r\n<p>&nbsp;<\/p>\r\n<p>&nbsp;<\/p>\r\n<div>\r\n<h4>E3 &#8211; Conference cycle&nbsp;<\/h4>\r\n<\/div>\r\n<p>Taking place between May and September @&nbsp;&nbsp;<a href=\"http:\/\/www.google.com\/maps\/place\/Instituto+de+Astrof%C3%ADsica+e+Ci%C3%AAncias+do+Espa%C3%A7o\/@38.7769703,-9.2634818,12z\/data=!4m8!1m2!2m1!1sobservat%C3%B3rio+astron%C3%B3mico+de+lisboa!3m4!1s0xd1933559afaa6b7:0xbb30ef172631902e!8m2!3d38.710408!4d-9.186575\" target=\"_blank\" rel=\"noopener noreferrer\" data-saferedirecturl=\"http:\/\/www.google.com\/url?q=http:\/\/www.google.com\/maps\/place\/Instituto%2Bde%2BAstrof%25C3%25ADsica%2Be%2BCi%25C3%25AAncias%2Bdo%2BEspa%25C3%25A7o\/@38.7769703,-9.2634818,12z\/data%3D!4m8!1m2!2m1!1sobservat%25C3%25B3rio%2Bastron%25C3%25B3mico%2Bde%2Blisboa!3m4!1s0xd1933559afaa6b7:0xbb30ef172631902e!8m2!3d38.710408!4d-9.186575&amp;source=gmail&amp;ust=1550830682031000&amp;usg=AFQjCNG2W9a0Jnat2epDp4zlTgyM5QKJFg\">Observat\u00f3rio Astron\u00f3mico de Lisboa<\/a>&nbsp;(OAL), organised by Instituto de Astronomia e Astrof\u00edsica (IA),&nbsp; @&nbsp;<a href=\"http:\/\/www.google.com\/maps\/place\/Centro+Acad%C3%A9mico+do+Caleidosc%C3%B3pio\/@38.7769925,-9.2109513,14z\/data=!4m8!1m2!2m1!1scaleidosc%C3%B3pio!3m4!1s0xd1932fc57b1bbf9:0x8ba0fc4f62c03cdd!8m2!3d38.756792!4d-9.1539408\" target=\"_blank\" rel=\"noopener noreferrer\" data-saferedirecturl=\"http:\/\/www.google.com\/url?q=http:\/\/www.google.com\/maps\/place\/Centro%2BAcad%25C3%25A9mico%2Bdo%2BCaleidosc%25C3%25B3pio\/@38.7769925,-9.2109513,14z\/data%3D!4m8!1m2!2m1!1scaleidosc%25C3%25B3pio!3m4!1s0xd1932fc57b1bbf9:0x8ba0fc4f62c03cdd!8m2!3d38.756792!4d-9.1539408&amp;source=gmail&amp;ust=1550830682031000&amp;usg=AFQjCNEkdWTLuwMT24UNttdATVBoZkt75w\">Caleidosc\u00f3pi<\/a>o, organised by Centro Interuniversit\u00e1rio de Hist\u00f3ria das Ci\u00eancias e da Tecnologia and @ <a href=\"http:\/\/www.socgeografialisboa.pt\/\">Sociedade de Geografia de Lisboa<\/a> (SGL), organised by the same institution.<\/p>\r\n<p>Look at our&nbsp;&nbsp;<a href=\"https:\/\/esundy.nuclio.org\/index.php\/en\/calendar-2\/\" target=\"_blank\" rel=\"noopener noreferrer\" data-saferedirecturl=\"http:\/\/www.google.com\/url?q=https:\/\/esundy.nuclio.org\/index.php\/calendario\/&amp;source=gmail&amp;ust=1550830682031000&amp;usg=AFQjCNGu1MO9wUh81Mm1rDSAlm1EZWVaVg\">calendar<\/a>!<\/p>\r\n<div>&nbsp;<\/div>\r\n<h4>&nbsp;<\/h4>\r\n<p><a href=\"http:\/\/www.museus.ulisboa.pt\/\"><img loading=\"lazy\" decoding=\"async\" class=\"alignnone wp-image-638\" src=\"https:\/\/esundy.nuclio.org\/wp-content\/uploads\/2019\/02\/MUHNAC-ULISBOA_Vertical_positivo-300x125.jpg\" alt=\"\" width=\"286\" height=\"119\" srcset=\"https:\/\/esundy.nuclio.org\/wp-content\/uploads\/2019\/02\/MUHNAC-ULISBOA_Vertical_positivo-300x125.jpg 300w, https:\/\/esundy.nuclio.org\/wp-content\/uploads\/2019\/02\/MUHNAC-ULISBOA_Vertical_positivo-768x321.jpg 768w, https:\/\/esundy.nuclio.org\/wp-content\/uploads\/2019\/02\/MUHNAC-ULISBOA_Vertical_positivo.jpg 823w\" sizes=\"auto, (max-width: 286px) 100vw, 286px\" \/><\/a>&nbsp; &nbsp; &nbsp; &nbsp; &nbsp; &nbsp;&nbsp;<a href=\"http:\/\/ciencias.ulisboa.pt\/\"><img loading=\"lazy\" decoding=\"async\" class=\"alignnone wp-image-625\" src=\"https:\/\/esundy.nuclio.org\/wp-content\/uploads\/2019\/02\/Ciencias_Logo_Azul-01-300x157.png\" alt=\"\" width=\"209\" height=\"109\" srcset=\"https:\/\/esundy.nuclio.org\/wp-content\/uploads\/2019\/02\/Ciencias_Logo_Azul-01-300x157.png 300w, https:\/\/esundy.nuclio.org\/wp-content\/uploads\/2019\/02\/Ciencias_Logo_Azul-01.png 435w\" sizes=\"auto, (max-width: 209px) 100vw, 209px\" \/><\/a>&nbsp;&nbsp; &nbsp; &nbsp; &nbsp; &nbsp; &nbsp;<a href=\"http:\/\/oal.ul.pt\/\"><img loading=\"lazy\" decoding=\"async\" class=\"alignnone wp-image-510\" src=\"https:\/\/esundy.nuclio.org\/wp-content\/uploads\/2019\/01\/06-OAL.png\" alt=\"\" width=\"114\" height=\"114\"><\/a>&nbsp; &nbsp; &nbsp; &nbsp; &nbsp; &nbsp; &nbsp; &nbsp; &nbsp;<a href=\"http:\/\/www.iastro.pt\/\"><img loading=\"lazy\" decoding=\"async\" class=\"alignnone wp-image-511\" src=\"https:\/\/esundy.nuclio.org\/wp-content\/uploads\/2019\/01\/07-IA-300x171.png\" alt=\"\" width=\"212\" height=\"122\" srcset=\"https:\/\/esundy.nuclio.org\/wp-content\/uploads\/2019\/01\/07-IA-300x171.png 300w, https:\/\/esundy.nuclio.org\/wp-content\/uploads\/2019\/01\/07-IA-768x439.png 768w, https:\/\/esundy.nuclio.org\/wp-content\/uploads\/2019\/01\/07-IA.png 826w\" sizes=\"auto, (max-width: 212px) 100vw, 212px\" \/><\/a><\/p>\r\n<p>&nbsp;&nbsp;<a href=\"http:\/\/ciuhct.org\/\"><img loading=\"lazy\" decoding=\"async\" class=\"alignnone wp-image-448\" src=\"https:\/\/esundy.nuclio.org\/wp-content\/uploads\/2019\/01\/CIUHCT_horizontal_RGB_cor_positivo-300x81.png\" alt=\"\" width=\"267\" height=\"72\" srcset=\"https:\/\/esundy.nuclio.org\/wp-content\/uploads\/2019\/01\/CIUHCT_horizontal_RGB_cor_positivo-300x81.png 300w, https:\/\/esundy.nuclio.org\/wp-content\/uploads\/2019\/01\/CIUHCT_horizontal_RGB_cor_positivo-768x207.png 768w, https:\/\/esundy.nuclio.org\/wp-content\/uploads\/2019\/01\/CIUHCT_horizontal_RGB_cor_positivo-1024x276.png 1024w, https:\/\/esundy.nuclio.org\/wp-content\/uploads\/2019\/01\/CIUHCT_horizontal_RGB_cor_positivo-1568x422.png 1568w, https:\/\/esundy.nuclio.org\/wp-content\/uploads\/2019\/01\/CIUHCT_horizontal_RGB_cor_positivo.png 1753w\" sizes=\"auto, (max-width: 267px) 100vw, 267px\" \/><\/a>&nbsp;&nbsp;<a href=\"http:\/\/www.fct.pt\"><img loading=\"lazy\" decoding=\"async\" class=\"alignnone wp-image-699\" src=\"https:\/\/esundy.nuclio.org\/wp-content\/uploads\/2019\/02\/2017_FCT_H_cor-300x87.jpg\" alt=\"\" width=\"279\" height=\"81\" srcset=\"https:\/\/esundy.nuclio.org\/wp-content\/uploads\/2019\/02\/2017_FCT_H_cor-300x87.jpg 300w, https:\/\/esundy.nuclio.org\/wp-content\/uploads\/2019\/02\/2017_FCT_H_cor.jpg 596w\" sizes=\"auto, (max-width: 279px) 100vw, 279px\" \/><\/a><img loading=\"lazy\" decoding=\"async\" class=\"alignnone  wp-image-506\" src=\"https:\/\/esundy.nuclio.org\/wp-content\/uploads\/2019\/01\/02-SPF-300x155.jpg\" alt=\"\" width=\"164\" height=\"85\" srcset=\"https:\/\/esundy.nuclio.org\/wp-content\/uploads\/2019\/01\/02-SPF-300x155.jpg 300w, https:\/\/esundy.nuclio.org\/wp-content\/uploads\/2019\/01\/02-SPF.jpg 577w\" sizes=\"auto, (max-width: 164px) 100vw, 164px\" \/>&nbsp; &nbsp; &nbsp;&nbsp;<a href=\"http:\/\/www.socgeografialisboa.pt\/\"><img loading=\"lazy\" decoding=\"async\" class=\"alignnone wp-image-514\" src=\"https:\/\/esundy.nuclio.org\/wp-content\/uploads\/2019\/01\/10-SGL-268x300.jpg\" alt=\"\" width=\"121\" height=\"135\" srcset=\"https:\/\/esundy.nuclio.org\/wp-content\/uploads\/2019\/01\/10-SGL-268x300.jpg 268w, https:\/\/esundy.nuclio.org\/wp-content\/uploads\/2019\/01\/10-SGL.jpg 709w\" sizes=\"auto, (max-width: 121px) 100vw, 121px\" \/><\/a>&nbsp; &nbsp; &nbsp;<a href=\"http:\/\/www.ctt.pt\/home\/index.html\"><img loading=\"lazy\" decoding=\"async\" class=\"alignnone wp-image-516\" src=\"https:\/\/esundy.nuclio.org\/wp-content\/uploads\/2019\/01\/12-CTT-300x240.png\" alt=\"\" width=\"141\" height=\"113\" srcset=\"https:\/\/esundy.nuclio.org\/wp-content\/uploads\/2019\/01\/12-CTT-300x240.png 300w, https:\/\/esundy.nuclio.org\/wp-content\/uploads\/2019\/01\/12-CTT.png 559w\" sizes=\"auto, (max-width: 141px) 100vw, 141px\" \/><\/a><\/p>\r\n<!-- \/wp:post-content -->\r\n\r\n<!-- wp:paragraph {\"fontSize\":\"small\"} -->\r\n<p><span style=\"font-weight: 400;\">This exhibition is co-financed by national funds through&nbsp; FCT \u2013 Fundac\u0327a\u0303o para a Cie\u0302ncia e a Tecnologia, I.P., in the scope of the (PTDC\/IVC-HFC\/3122\/2014) VIS\u00d5ES DE LISBOA. CI\u00caNCIA, TECNOLOGIA E MEDICINA (CTM) E A CONSTRU\u00c7\u00c3O DE UMA CAPITAL TECNO-CIENT\u00cdFICA (1870-1940) project.<\/span><\/p>","protected":false},"excerpt":{"rendered":"<p>The exhibition E3 &#8211; Einstein, Eddington and the Eclipse&nbsp;&#8211; focused on historical aspects of the expeditions which brought Eddington and [&hellip;]<\/p>\n","protected":false},"author":2,"featured_media":0,"parent":1136,"menu_order":1,"comment_status":"closed","ping_status":"closed","template":"","meta":{"ngg_post_thumbnail":0,"footnotes":""},"class_list":["post-1150","page","type-page","status-publish","hentry"],"_links":{"self":[{"href":"https:\/\/esundy.nuclio.org\/index.php\/wp-json\/wp\/v2\/pages\/1150","targetHints":{"allow":["GET"]}}],"collection":[{"href":"https:\/\/esundy.nuclio.org\/index.php\/wp-json\/wp\/v2\/pages"}],"about":[{"href":"https:\/\/esundy.nuclio.org\/index.php\/wp-json\/wp\/v2\/types\/page"}],"author":[{"embeddable":true,"href":"https:\/\/esundy.nuclio.org\/index.php\/wp-json\/wp\/v2\/users\/2"}],"replies":[{"embeddable":true,"href":"https:\/\/esundy.nuclio.org\/index.php\/wp-json\/wp\/v2\/comments?post=1150"}],"version-history":[{"count":22,"href":"https:\/\/esundy.nuclio.org\/index.php\/wp-json\/wp\/v2\/pages\/1150\/revisions"}],"predecessor-version":[{"id":2832,"href":"https:\/\/esundy.nuclio.org\/index.php\/wp-json\/wp\/v2\/pages\/1150\/revisions\/2832"}],"up":[{"embeddable":true,"href":"https:\/\/esundy.nuclio.org\/index.php\/wp-json\/wp\/v2\/pages\/1136"}],"wp:attachment":[{"href":"https:\/\/esundy.nuclio.org\/index.php\/wp-json\/wp\/v2\/media?parent=1150"}],"curies":[{"name":"wp","href":"https:\/\/api.w.org\/{rel}","templated":true}]}}