{"id":1146,"date":"2019-02-16T14:01:57","date_gmt":"2019-02-16T14:01:57","guid":{"rendered":"http:\/\/esundy.nuclio.org\/?page_id=1146"},"modified":"2025-05-29T11:01:40","modified_gmt":"2025-05-29T10:01:40","slug":"eddington-e-o-peso-da-luz","status":"publish","type":"page","link":"https:\/\/esundy.nuclio.org\/index.php\/en\/global-2\/eddington-e-o-peso-da-luz\/","title":{"rendered":"Eddington e o peso da luz"},"content":{"rendered":"<figure id=\"attachment_674\" aria-describedby=\"caption-attachment-674\" style=\"width: 1351px\" class=\"wp-caption aligncenter\"><img loading=\"lazy\" decoding=\"async\" class=\"wp-image-674 size-full\" src=\"https:\/\/esundy.nuclio.org\/wp-content\/uploads\/2019\/02\/Expedicao_Eddington-ESERO.png\" alt=\"\" width=\"1351\" height=\"516\" srcset=\"https:\/\/esundy.nuclio.org\/wp-content\/uploads\/2019\/02\/Expedicao_Eddington-ESERO.png 1351w, https:\/\/esundy.nuclio.org\/wp-content\/uploads\/2019\/02\/Expedicao_Eddington-ESERO-300x115.png 300w, https:\/\/esundy.nuclio.org\/wp-content\/uploads\/2019\/02\/Expedicao_Eddington-ESERO-768x293.png 768w, https:\/\/esundy.nuclio.org\/wp-content\/uploads\/2019\/02\/Expedicao_Eddington-ESERO-1024x391.png 1024w\" sizes=\"auto, (max-width: 1351px) 100vw, 1351px\" \/><figcaption id=\"caption-attachment-674\" class=\"wp-caption-text\">From left to right: Albert Einstein, Arthur Eddington (expedition leader) e Andrew Crommelin (Astronomical observations in Sobral).<\/figcaption><\/figure>\n<p>&nbsp;<\/p>\n<h3><a href=\"http:\/\/www.esero.pt\/432\/Vencedores-do-Projeto-e#34;Eddington-e-o-%3Ci%3Epeso%3C\/i%3E-da-luze%2334\">Winning projects<\/a><\/h3>\n<p>&nbsp;<\/p>\n<p>Schools in Portugal, in Sobral and S\u00e3o Tom\u00e9 and Pr\u00edncipe are invited to participate in Eddington e o pesa da luz contest.<\/p>\n<p>It is intended that schools, accordingly to their cultural contexts, the curricula and the school levels, develop a project which can cover different components related to scientific and historical aspects pertaining to the historical episode in question, promote outreach actions which develop educational activities.<\/p>\n<p>Contest promoted by <u><a href=\"http:\/\/www.cienciaviva.pt\/home\/\">Ag\u00eancia Nacional de Cultura Cient\u00edfica e Tecnol\u00f3gica Ci\u00eancia Viva<\/a><a href=\"http:\/\/www.cienciaviva.pt\/home\/\">\u00a0<\/a><\/u>\u00a0 in the scope of Eddington at Sundy (E@S).<\/p>\n<p>For more information about the contest, visit this\u00a0<u><a href=\"http:\/\/www.cienciaviva.pt\/projectos\/eddington.asp\">page.<\/a><\/u><\/p>\n<p><a href=\"http:\/\/www.cienciaviva.pt\/home\/\"><img loading=\"lazy\" decoding=\"async\" class=\"alignnone wp-image-445\" src=\"https:\/\/esundy.nuclio.org\/wp-content\/uploads\/2019\/01\/marca_CV_versao_beta_PANTONE-300x95.png\" alt=\"\" width=\"227\" height=\"72\" srcset=\"https:\/\/esundy.nuclio.org\/wp-content\/uploads\/2019\/01\/marca_CV_versao_beta_PANTONE-300x95.png 300w, https:\/\/esundy.nuclio.org\/wp-content\/uploads\/2019\/01\/marca_CV_versao_beta_PANTONE-768x243.png 768w, https:\/\/esundy.nuclio.org\/wp-content\/uploads\/2019\/01\/marca_CV_versao_beta_PANTONE-1024x324.png 1024w, https:\/\/esundy.nuclio.org\/wp-content\/uploads\/2019\/01\/marca_CV_versao_beta_PANTONE-1568x496.png 1568w\" sizes=\"auto, (max-width: 227px) 100vw, 227px\" \/><\/a><\/p>\n","protected":false},"excerpt":{"rendered":"<p>&nbsp; Winning projects &nbsp; Schools in Portugal, in Sobral and S\u00e3o Tom\u00e9 and Pr\u00edncipe are invited to participate in Eddington [&hellip;]<\/p>\n","protected":false},"author":2,"featured_media":0,"parent":1136,"menu_order":5,"comment_status":"closed","ping_status":"closed","template":"","meta":{"ngg_post_thumbnail":0,"footnotes":""},"class_list":["post-1146","page","type-page","status-publish","hentry"],"_links":{"self":[{"href":"https:\/\/esundy.nuclio.org\/index.php\/wp-json\/wp\/v2\/pages\/1146","targetHints":{"allow":["GET"]}}],"collection":[{"href":"https:\/\/esundy.nuclio.org\/index.php\/wp-json\/wp\/v2\/pages"}],"about":[{"href":"https:\/\/esundy.nuclio.org\/index.php\/wp-json\/wp\/v2\/types\/page"}],"author":[{"embeddable":true,"href":"https:\/\/esundy.nuclio.org\/index.php\/wp-json\/wp\/v2\/users\/2"}],"replies":[{"embeddable":true,"href":"https:\/\/esundy.nuclio.org\/index.php\/wp-json\/wp\/v2\/comments?post=1146"}],"version-history":[{"count":8,"href":"https:\/\/esundy.nuclio.org\/index.php\/wp-json\/wp\/v2\/pages\/1146\/revisions"}],"predecessor-version":[{"id":2071,"href":"https:\/\/esundy.nuclio.org\/index.php\/wp-json\/wp\/v2\/pages\/1146\/revisions\/2071"}],"up":[{"embeddable":true,"href":"https:\/\/esundy.nuclio.org\/index.php\/wp-json\/wp\/v2\/pages\/1136"}],"wp:attachment":[{"href":"https:\/\/esundy.nuclio.org\/index.php\/wp-json\/wp\/v2\/media?parent=1146"}],"curies":[{"name":"wp","href":"https:\/\/api.w.org\/{rel}","templated":true}]}}