{"id":1144,"date":"2019-02-16T14:00:51","date_gmt":"2019-02-16T14:00:51","guid":{"rendered":"http:\/\/esundy.nuclio.org\/?page_id=1144"},"modified":"2025-05-29T11:01:40","modified_gmt":"2025-05-29T10:01:40","slug":"e-science-cafes","status":"publish","type":"page","link":"https:\/\/esundy.nuclio.org\/index.php\/en\/global-2\/e-science-cafes\/","title":{"rendered":"e-Science Caf\u00e9s"},"content":{"rendered":"<p>During 2018 and 2019 there are (e)Science-caf\u00e9s about themes related to the experimental confirmation of the Theory of General Relativity which are recorded and made available so as the celebration of the centenary of the 1919 eclipse reaches a wider community of Portuguese speaking people.<\/p>\r\n<p>Those who did not have the chance of watching and are interested can do it now.<\/p>\r\n<p>Initiative promoted by&nbsp;<a href=\"http:\/\/olagoalqueva.pt\/\">Observat\u00f3rio do Lago Alqueva<\/a> (OLA)&nbsp;&nbsp;in the scope of the Eddington at Sundy (E@S) partnership.<\/p>\r\n<p>&nbsp;<\/p>\r\n<p class=\"has-small-font-size\"><a href=\"http:\/\/olagoalqueva.pt\/events\/cafe-ciencia-20180414\/\" target=\"_blank\" rel=\"noopener noreferrer\"><strong>2019: 50 years of Man on the Moon and 100 years of&nbsp; Eddington in Pr\u00edncipe &#8211; PT<\/strong><\/a> &#8211;&nbsp; Jos\u00e9 Saraiva, Joana Latas e Rosa Doran (NUCLIO)<\/p>\r\n<p><iframe loading=\"lazy\" title=\"Caf\u00e9 Ci\u00eancia Webinar: 2019 - 50 anos do Homem na Lua e 100 anos de Eddington no Pr\u00edncipe\" width=\"780\" height=\"439\" src=\"https:\/\/www.youtube.com\/embed\/rLp7-BUI-jE?feature=oembed\" frameborder=\"0\" allow=\"accelerometer; autoplay; clipboard-write; encrypted-media; gyroscope; picture-in-picture\" allowfullscreen><\/iframe><\/p>\r\n<p><!-- \/wp:post-content -->\r\n\r\n<!-- wp:paragraph {\"fontSize\":\"small\"} --><\/p>\r\n<p>&nbsp;<\/p>\r\n<p class=\"has-small-font-size\"><a href=\"http:\/\/olagoalqueva.pt\/events\/cafe-ciencia-o-inicio-do-universo\/\" target=\"_blank\" rel=\"noopener noreferrer\"><strong>The beginning of the Universe &#8211; PT<\/strong><\/a> &#8211; Pedro Gil Ferreira (Oxford University)<\/p>\r\n<p>&nbsp;<\/p>\r\n<p><!-- \/wp:paragraph -->\r\n\r\n<!-- wp:paragraph {\"fontSize\":\"small\"} --><\/p>\r\n<p>&nbsp;<\/p>\r\n<p class=\"has-small-font-size\"><a href=\"http:\/\/olagoalqueva.pt\/events\/cafe-ciencia-melo-e-simas-o-astronomo-portugues-que-testou-einstein\" target=\"_blank\" rel=\"noopener noreferrer\"><strong>Melo e Simas, the Portuguese astronomer who tested Einstein? &#8211; PT<\/strong><\/a> &#8211; Ana Sim\u00f5es (University of Lisbon)<\/p>\r\n<p><iframe loading=\"lazy\" title=\"Caf\u00e9 Ci\u00eancia Webinar: Melo e Simas, o astr\u00f3nomo portugu\u00eas que testou Einstein? - Ana Sim\u00f5es\" width=\"780\" height=\"439\" src=\"https:\/\/www.youtube.com\/embed\/3qOnuhEAqA4?start=4&#038;feature=oembed\" frameborder=\"0\" allow=\"accelerometer; autoplay; clipboard-write; encrypted-media; gyroscope; picture-in-picture\" allowfullscreen><\/iframe><\/p>\r\n<p><!-- \/wp:paragraph -->\r\n\r\n<!-- wp:paragraph {\"fontSize\":\"small\"} --><\/p>\r\n<p>&nbsp;<\/p>\r\n<p>&nbsp;<\/p>\r\n<p><strong><a href=\"http:\/\/olagoalqueva.pt\/events\/cafe-ciencia-100-anos-de-lentes-gravitacionais\/\" target=\"_blank\" rel=\"noopener noreferrer\">100 years of gavitational waves &#8211; PT\/ENG<\/a><\/strong> &#8211; Ismael Tereno (University of Lisbon)<\/p>\r\n<p><iframe loading=\"lazy\" title=\"Caf\u00e9 Ci\u00eancia Webinar: 100 anos de lentes gravitacionais - Ismael Tereno\" width=\"780\" height=\"439\" src=\"https:\/\/www.youtube.com\/embed\/4U6k1wBhuYE?list=PLURvQUcAJXoy14m-e5zJcwk-2-mhFDAJE\" frameborder=\"0\" allow=\"accelerometer; autoplay; clipboard-write; encrypted-media; gyroscope; picture-in-picture\" allowfullscreen><\/iframe><\/p>\r\n<p>&nbsp;<\/p>\r\n<p><a href=\"http:\/\/olagoalqueva.pt\/events\/cafe-ciencia-luz-o-mediador-para-o-cosmos\/\" target=\"_blank\" rel=\"noopener noreferrer\"><strong>Light, the mediator for the cosmos &#8211; PT<\/strong><\/a>&nbsp; &#8211; Jos\u00e9 Manuel Rebord\u00e3o (University of Lisbon)<\/p>\r\n<p>&nbsp;<\/p>\r\n<p>&nbsp;<\/p>\r\n<p><strong><a href=\"http:\/\/olagoalqueva.pt\/events\/cafe-ciencia-o-lado-escuro-da-forca\/\" target=\"_blank\" rel=\"noopener noreferrer\">The dark side of the force &#8211; PT<\/a><\/strong> &#8211; Tiago Barreiro (Lus\u00f3fona Univertisity)<\/p>\r\n<p>&nbsp;<\/p>\r\n<p>&nbsp;<\/p>\r\n<p><strong><a href=\"http:\/\/olagoalqueva.pt\/events\/cafe-ciencia-curvando-a-luz\/\" target=\"_blank\" rel=\"noopener noreferrer\">Bending light, from Eddington to the black holes &#8211; PT<\/a><\/strong> &#8211; Carlos Herdeiro (University of Lisbon)<\/p>\r\n<p>&nbsp;<\/p>\r\n<p>&nbsp;<\/p>\r\n<p><a href=\"http:\/\/olagoalqueva.pt\/&nbsp;\"><img loading=\"lazy\" decoding=\"async\" class=\"alignnone wp-image-512 size-medium\" src=\"https:\/\/esundy.nuclio.org\/wp-content\/uploads\/2019\/01\/08-OLAlqueva-300x60.png\" alt=\"\" width=\"300\" height=\"60\" srcset=\"https:\/\/esundy.nuclio.org\/wp-content\/uploads\/2019\/01\/08-OLAlqueva-300x60.png 300w, https:\/\/esundy.nuclio.org\/wp-content\/uploads\/2019\/01\/08-OLAlqueva-768x154.png 768w, https:\/\/esundy.nuclio.org\/wp-content\/uploads\/2019\/01\/08-OLAlqueva-1024x205.png 1024w, https:\/\/esundy.nuclio.org\/wp-content\/uploads\/2019\/01\/08-OLAlqueva-1568x314.png 1568w\" sizes=\"auto, (max-width: 300px) 100vw, 300px\" \/><\/a><\/p>","protected":false},"excerpt":{"rendered":"<p>During 2018 and 2019 there are (e)Science-caf\u00e9s about themes related to the experimental confirmation of the Theory of General Relativity [&hellip;]<\/p>\n","protected":false},"author":2,"featured_media":0,"parent":1136,"menu_order":4,"comment_status":"closed","ping_status":"closed","template":"","meta":{"ngg_post_thumbnail":0,"footnotes":""},"class_list":["post-1144","page","type-page","status-publish","hentry"],"_links":{"self":[{"href":"https:\/\/esundy.nuclio.org\/index.php\/wp-json\/wp\/v2\/pages\/1144","targetHints":{"allow":["GET"]}}],"collection":[{"href":"https:\/\/esundy.nuclio.org\/index.php\/wp-json\/wp\/v2\/pages"}],"about":[{"href":"https:\/\/esundy.nuclio.org\/index.php\/wp-json\/wp\/v2\/types\/page"}],"author":[{"embeddable":true,"href":"https:\/\/esundy.nuclio.org\/index.php\/wp-json\/wp\/v2\/users\/2"}],"replies":[{"embeddable":true,"href":"https:\/\/esundy.nuclio.org\/index.php\/wp-json\/wp\/v2\/comments?post=1144"}],"version-history":[{"count":14,"href":"https:\/\/esundy.nuclio.org\/index.php\/wp-json\/wp\/v2\/pages\/1144\/revisions"}],"predecessor-version":[{"id":2697,"href":"https:\/\/esundy.nuclio.org\/index.php\/wp-json\/wp\/v2\/pages\/1144\/revisions\/2697"}],"up":[{"embeddable":true,"href":"https:\/\/esundy.nuclio.org\/index.php\/wp-json\/wp\/v2\/pages\/1136"}],"wp:attachment":[{"href":"https:\/\/esundy.nuclio.org\/index.php\/wp-json\/wp\/v2\/media?parent=1144"}],"curies":[{"name":"wp","href":"https:\/\/api.w.org\/{rel}","templated":true}]}}