{"id":1119,"date":"2019-02-16T13:20:40","date_gmt":"2019-02-16T13:20:40","guid":{"rendered":"http:\/\/esundy.nuclio.org\/?page_id=1119"},"modified":"2025-05-29T11:01:38","modified_gmt":"2025-05-29T10:01:38","slug":"legacy-and-sustainability","status":"publish","type":"page","link":"https:\/\/esundy.nuclio.org\/index.php\/en\/about-es\/legacy-and-sustainability\/","title":{"rendered":"Legacy and sustainability"},"content":{"rendered":"<div id=\"pl-1119\"  class=\"panel-layout\" ><div id=\"pg-1119-0\"  class=\"panel-grid panel-no-style\" ><div id=\"pgc-1119-0-0\"  class=\"panel-grid-cell\" ><div id=\"panel-1119-0-0-0\" class=\"so-panel widget widget_text panel-first-child\" data-index=\"0\" >\t\t\t<div class=\"textwidget\"><p>Taking advantage of the proximity of the centenary of the astronomical observations which made Eddington travel to the Island of Pr\u00edncipe in 1919 and giving it an international dimension, Eddington at Sundy (E@S) aims at being the cornerstone in creating an historical and scientific legacy in S\u00e3o Tom\u00e9 and Pr\u00edncipe, especially at Ro\u00e7a Sundy.<\/p>\n<p>The initiatives that, throughout time, took place in the island of Pr\u00edncipe have raised awareness and evoked the pride of the cultural knowledge regarding the historic and scientific episode which was a consequence of the observation of the solar eclipse that was visible here as total in May 1919. Science at Sundy promotes, since 2013, scientific and cultural activities integrated in contexts of formal and non-formal education so as to involve students, teachers and the community. In particular Science Trails- paths which offer contact with nature with stops dedicated to the exploration of scientific topic (stations) integrated in the local historic and scientific context- count on the effective collaboration between teacher from Pr\u00edncipe\u2019s High School and national and international specialist  in conceiving the stations, with the participation of students and members of the community as a target-audience and evaluators of the path, as well as the logistic support of local authorities in the initiative. It is them that, together with the Scouts Association and the Management Team of the Island of Pr\u00edncipe\u2019s Biosphere Reserve who guarantee maintenance, outreach and the continuity of the Science Trails. Transversally to the activities proposed in the scope of E@S, the deliberate and informed participation, as well as the involvement of the local population is a premise which ensures the perpetuation and appropriation of the results of this initiative.<\/p>\n<p>Internationally, the 70th and 90th anniversary of the astronomical observation which Eddington made at Ro\u00e7a Sundy, an iconic place for Scientist, Anthropologists, Architects and a diversity of people interested in the several areas of knowledge were marked. Seeds were left and a marble landmark and a plate which mark the event. <\/p>\n<p>The consolidation of the physical legacy comes with the celebration of the centenary in the form of Sundy\u2019s Science Space. The distance of 100 years since the observations made Eddington and Cottigham\u2019s allowed to review the last century and plan the very near future and therefore, apart from this space constituting the physical legacy, it is also the cornerstone for the creation of a truly dynamic and live Science Space framed in the strategic plan for the island of Pr\u00edncipe\u2019s development. <\/p>\n<p>The production of a documentary regarding the centenary of the 1919 solar eclipse and the experimental validation of the Theory of General Relativity takes on a crucial role to ensure world visibility.<br \/>\nKnow in detail some of the background of E@S in the island of Pr\u00edncipe. <\/p>\n<\/div>\n\t\t<\/div><div id=\"panel-1119-0-0-1\" class=\"so-panel widget widget_themegrill_flash_blog tg-widget blog-section panel-last-child\" data-index=\"1\" >\n<div class=\"blog-wrapper tg-column-wrapper tg-blog-widget-layout-1\">\n\t\t\t<div class=\"row\">\n\t\t<div class=\"tg-blog-widget tg-column-2\">\n\t\t\t\t<div class=\"post-image \">\n\t\t\t<figure><a href=\"https:\/\/esundy.nuclio.org\/index.php\/en\/2019\/02\/16\/2018-2\/\" title=\"2018\"><img loading=\"lazy\" decoding=\"async\" width=\"300\" height=\"200\" src=\"https:\/\/esundy.nuclio.org\/wp-content\/uploads\/2019\/01\/timeline03.jpg\" class=\"attachment-flash-square size-flash-square wp-post-image\" alt=\"\" srcset=\"https:\/\/esundy.nuclio.org\/wp-content\/uploads\/2019\/01\/timeline03.jpg 3072w, https:\/\/esundy.nuclio.org\/wp-content\/uploads\/2019\/01\/timeline03-300x200.jpg 300w, https:\/\/esundy.nuclio.org\/wp-content\/uploads\/2019\/01\/timeline03-768x512.jpg 768w, https:\/\/esundy.nuclio.org\/wp-content\/uploads\/2019\/01\/timeline03-1024x683.jpg 1024w, https:\/\/esundy.nuclio.org\/wp-content\/uploads\/2019\/01\/timeline03-1568x1045.jpg 1568w\" sizes=\"auto, (max-width: 300px) 100vw, 300px\" \/><\/a><\/figure>\t\t<\/div>\n\t\t<div class=\"blog-content\">\n\t\t\t<h3 class=\"entry-title\"><a href=\"https:\/\/esundy.nuclio.org\/index.php\/en\/2019\/02\/16\/2018-2\/\">2018<\/a><\/h3>\n\t\t\t\t\t\t<div class=\"entry-meta\">\n\t\t\t\t<span class=\"entry-date\">\n\t\t\t\t\t<i class=\"fa fa-clock-o\"><\/i><a href=\"https:\/\/esundy.nuclio.org\/index.php\/en\/2019\/02\/16\/2018-2\/\" rel=\"bookmark\">February 16, 2019<\/a>\n\t\t\t\t<\/span>\n\t\t\t\t<span class=\"entry-author\">\n\t\t\t\t\t<i class=\"fa fa-user\"><\/i><a class=\"url fn n\" href=\"https:\/\/esundy.nuclio.org\/index.php\/author\/jrbl-734-e\/\">Joana Latas<\/a>\n\t\t\t\t<\/span>\n\t\t\t<\/div>\n\t\t\t\t\t\t<div class=\"entry-summary\">\n\t\t\t\t<p>&nbsp; Webinar: 99th aniversary of the Eddington expedition to the Island of Principe &#8211; Manuel Penhor e L\u00facio Carvalho &nbsp;<\/p>\n\t\t\t<\/div>\n\t\t\t\t\t<\/div>\n\t<\/div>\n\t\t<div class=\"tg-blog-widget tg-column-2\">\n\t\t\t\t<div class=\"post-image \">\n\t\t\t<figure><a href=\"https:\/\/esundy.nuclio.org\/index.php\/en\/2019\/02\/16\/2017-2\/\" title=\"2017\"><img loading=\"lazy\" decoding=\"async\" width=\"300\" height=\"225\" src=\"https:\/\/esundy.nuclio.org\/wp-content\/uploads\/2019\/01\/timeline01.jpg\" class=\"attachment-flash-square size-flash-square wp-post-image\" alt=\"\" srcset=\"https:\/\/esundy.nuclio.org\/wp-content\/uploads\/2019\/01\/timeline01.jpg 5152w, https:\/\/esundy.nuclio.org\/wp-content\/uploads\/2019\/01\/timeline01-300x225.jpg 300w, https:\/\/esundy.nuclio.org\/wp-content\/uploads\/2019\/01\/timeline01-768x576.jpg 768w, https:\/\/esundy.nuclio.org\/wp-content\/uploads\/2019\/01\/timeline01-1024x768.jpg 1024w, https:\/\/esundy.nuclio.org\/wp-content\/uploads\/2019\/01\/timeline01-1568x1176.jpg 1568w\" sizes=\"auto, (max-width: 300px) 100vw, 300px\" \/><\/a><\/figure>\t\t<\/div>\n\t\t<div class=\"blog-content\">\n\t\t\t<h3 class=\"entry-title\"><a href=\"https:\/\/esundy.nuclio.org\/index.php\/en\/2019\/02\/16\/2017-2\/\">2017<\/a><\/h3>\n\t\t\t\t\t\t<div class=\"entry-meta\">\n\t\t\t\t<span class=\"entry-date\">\n\t\t\t\t\t<i class=\"fa fa-clock-o\"><\/i><a href=\"https:\/\/esundy.nuclio.org\/index.php\/en\/2019\/02\/16\/2017-2\/\" rel=\"bookmark\">February 16, 2019<\/a>\n\t\t\t\t<\/span>\n\t\t\t\t<span class=\"entry-author\">\n\t\t\t\t\t<i class=\"fa fa-user\"><\/i><a class=\"url fn n\" href=\"https:\/\/esundy.nuclio.org\/index.php\/author\/jrbl-734-e\/\">Joana Latas<\/a>\n\t\t\t\t<\/span>\n\t\t\t<\/div>\n\t\t\t\t\t\t<div class=\"entry-summary\">\n\t\t\t\t<p>&nbsp; Solar eclipse observation &#8211; 26\/02\/2017<\/p>\n\t\t\t<\/div>\n\t\t\t\t\t<\/div>\n\t<\/div>\n\t\t<\/div>\n\t\t\t<div class=\"row\">\n\t\t<div class=\"tg-blog-widget tg-column-2\">\n\t\t\t\t<div class=\"post-image \">\n\t\t\t<figure><a href=\"https:\/\/esundy.nuclio.org\/index.php\/en\/2019\/02\/16\/2016-2\/\" title=\"2016\"><img loading=\"lazy\" decoding=\"async\" width=\"300\" height=\"300\" src=\"https:\/\/esundy.nuclio.org\/wp-content\/uploads\/2019\/02\/2016-300x300.jpg\" class=\"attachment-flash-square size-flash-square wp-post-image\" alt=\"\" srcset=\"https:\/\/esundy.nuclio.org\/wp-content\/uploads\/2019\/02\/2016-300x300.jpg 300w, https:\/\/esundy.nuclio.org\/wp-content\/uploads\/2019\/02\/2016-150x150.jpg 150w\" sizes=\"auto, (max-width: 300px) 100vw, 300px\" \/><\/a><\/figure>\t\t<\/div>\n\t\t<div class=\"blog-content\">\n\t\t\t<h3 class=\"entry-title\"><a href=\"https:\/\/esundy.nuclio.org\/index.php\/en\/2019\/02\/16\/2016-2\/\">2016<\/a><\/h3>\n\t\t\t\t\t\t<div class=\"entry-meta\">\n\t\t\t\t<span class=\"entry-date\">\n\t\t\t\t\t<i class=\"fa fa-clock-o\"><\/i><a href=\"https:\/\/esundy.nuclio.org\/index.php\/en\/2019\/02\/16\/2016-2\/\" rel=\"bookmark\">February 16, 2019<\/a>\n\t\t\t\t<\/span>\n\t\t\t\t<span class=\"entry-author\">\n\t\t\t\t\t<i class=\"fa fa-user\"><\/i><a class=\"url fn n\" href=\"https:\/\/esundy.nuclio.org\/index.php\/author\/jrbl-734-e\/\">Joana Latas<\/a>\n\t\t\t\t<\/span>\n\t\t\t<\/div>\n\t\t\t\t\t\t<div class=\"entry-summary\">\n\t\t\t\t<p>&nbsp; Science trail &nbsp; Solar eclipse advertise &nbsp;<\/p>\n\t\t\t<\/div>\n\t\t\t\t\t<\/div>\n\t<\/div>\n\t\t<div class=\"tg-blog-widget tg-column-2\">\n\t\t\t\t<div class=\"post-image \">\n\t\t\t<figure><a href=\"https:\/\/esundy.nuclio.org\/index.php\/en\/2019\/02\/16\/2015-2\/\" title=\"2015\"><img loading=\"lazy\" decoding=\"async\" width=\"300\" height=\"300\" src=\"https:\/\/esundy.nuclio.org\/wp-content\/uploads\/2019\/02\/2015-300x300.jpg\" class=\"attachment-flash-square size-flash-square wp-post-image\" alt=\"\" srcset=\"https:\/\/esundy.nuclio.org\/wp-content\/uploads\/2019\/02\/2015-300x300.jpg 300w, https:\/\/esundy.nuclio.org\/wp-content\/uploads\/2019\/02\/2015-150x150.jpg 150w\" sizes=\"auto, (max-width: 300px) 100vw, 300px\" \/><\/a><\/figure>\t\t<\/div>\n\t\t<div class=\"blog-content\">\n\t\t\t<h3 class=\"entry-title\"><a href=\"https:\/\/esundy.nuclio.org\/index.php\/en\/2019\/02\/16\/2015-2\/\">2015<\/a><\/h3>\n\t\t\t\t\t\t<div class=\"entry-meta\">\n\t\t\t\t<span class=\"entry-date\">\n\t\t\t\t\t<i class=\"fa fa-clock-o\"><\/i><a href=\"https:\/\/esundy.nuclio.org\/index.php\/en\/2019\/02\/16\/2015-2\/\" rel=\"bookmark\">February 16, 2019<\/a>\n\t\t\t\t<\/span>\n\t\t\t\t<span class=\"entry-author\">\n\t\t\t\t\t<i class=\"fa fa-user\"><\/i><a class=\"url fn n\" href=\"https:\/\/esundy.nuclio.org\/index.php\/author\/jrbl-734-e\/\">Joana Latas<\/a>\n\t\t\t\t<\/span>\n\t\t\t<\/div>\n\t\t\t\t\t\t<div class=\"entry-summary\">\n\t\t\t\t<p>&nbsp; 29th of May celebrations &nbsp;<\/p>\n\t\t\t<\/div>\n\t\t\t\t\t<\/div>\n\t<\/div>\n\t\t<\/div>\n\t\t\t<div class=\"row\">\n\t\t<div class=\"tg-blog-widget tg-column-2\">\n\t\t\t\t<div class=\"post-image \">\n\t\t\t<figure><a href=\"https:\/\/esundy.nuclio.org\/index.php\/en\/2019\/02\/16\/2014-2\/\" title=\"2014\"><img loading=\"lazy\" decoding=\"async\" width=\"300\" height=\"300\" src=\"https:\/\/esundy.nuclio.org\/wp-content\/uploads\/2019\/02\/2014-300x300.png\" class=\"attachment-flash-square size-flash-square wp-post-image\" alt=\"\" srcset=\"https:\/\/esundy.nuclio.org\/wp-content\/uploads\/2019\/02\/2014-300x300.png 300w, https:\/\/esundy.nuclio.org\/wp-content\/uploads\/2019\/02\/2014-150x150.png 150w\" sizes=\"auto, (max-width: 300px) 100vw, 300px\" \/><\/a><\/figure>\t\t<\/div>\n\t\t<div class=\"blog-content\">\n\t\t\t<h3 class=\"entry-title\"><a href=\"https:\/\/esundy.nuclio.org\/index.php\/en\/2019\/02\/16\/2014-2\/\">2014<\/a><\/h3>\n\t\t\t\t\t\t<div class=\"entry-meta\">\n\t\t\t\t<span class=\"entry-date\">\n\t\t\t\t\t<i class=\"fa fa-clock-o\"><\/i><a href=\"https:\/\/esundy.nuclio.org\/index.php\/en\/2019\/02\/16\/2014-2\/\" rel=\"bookmark\">February 16, 2019<\/a>\n\t\t\t\t<\/span>\n\t\t\t\t<span class=\"entry-author\">\n\t\t\t\t\t<i class=\"fa fa-user\"><\/i><a class=\"url fn n\" href=\"https:\/\/esundy.nuclio.org\/index.php\/author\/jrbl-734-e\/\">Joana Latas<\/a>\n\t\t\t\t<\/span>\n\t\t\t<\/div>\n\t\t\t\t\t\t<div class=\"entry-summary\">\n\t\t\t\t<p>&nbsp; &nbsp; 29th of May celebrations<\/p>\n\t\t\t<\/div>\n\t\t\t\t\t<\/div>\n\t<\/div>\n\t\t<div class=\"tg-blog-widget tg-column-2\">\n\t\t\t\t<div class=\"post-image \">\n\t\t\t<figure><a href=\"https:\/\/esundy.nuclio.org\/index.php\/en\/2019\/02\/16\/2013-2\/\" title=\"2013\"><img loading=\"lazy\" decoding=\"async\" width=\"300\" height=\"278\" src=\"https:\/\/esundy.nuclio.org\/wp-content\/uploads\/2019\/01\/timeline02.jpg\" class=\"attachment-flash-square size-flash-square wp-post-image\" alt=\"\" srcset=\"https:\/\/esundy.nuclio.org\/wp-content\/uploads\/2019\/01\/timeline02.jpg 535w, https:\/\/esundy.nuclio.org\/wp-content\/uploads\/2019\/01\/timeline02-300x278.jpg 300w\" sizes=\"auto, (max-width: 300px) 100vw, 300px\" \/><\/a><\/figure>\t\t<\/div>\n\t\t<div class=\"blog-content\">\n\t\t\t<h3 class=\"entry-title\"><a href=\"https:\/\/esundy.nuclio.org\/index.php\/en\/2019\/02\/16\/2013-2\/\">2013<\/a><\/h3>\n\t\t\t\t\t\t<div class=\"entry-meta\">\n\t\t\t\t<span class=\"entry-date\">\n\t\t\t\t\t<i class=\"fa fa-clock-o\"><\/i><a href=\"https:\/\/esundy.nuclio.org\/index.php\/en\/2019\/02\/16\/2013-2\/\" rel=\"bookmark\">February 16, 2019<\/a>\n\t\t\t\t<\/span>\n\t\t\t\t<span class=\"entry-author\">\n\t\t\t\t\t<i class=\"fa fa-user\"><\/i><a class=\"url fn n\" href=\"https:\/\/esundy.nuclio.org\/index.php\/author\/jrbl-734-e\/\">Joana Latas<\/a>\n\t\t\t\t<\/span>\n\t\t\t<\/div>\n\t\t\t\t\t\t<div class=\"entry-summary\">\n\t\t\t\t<p>&nbsp; 29th of May celebrations &nbsp; Solar eclipse observation &#8211; 03\/11\/2013 &nbsp; Educational resources Eclipse 2013<\/p>\n\t\t\t<\/div>\n\t\t\t\t\t<\/div>\n\t<\/div>\n\t\t<\/div>\n\t\t\t<div class=\"row\">\n\t\t<div class=\"tg-blog-widget tg-column-2\">\n\t\t\t\t<div class=\"post-image \">\n\t\t\t<figure><a href=\"https:\/\/esundy.nuclio.org\/index.php\/en\/2019\/02\/16\/2012-2\/\" title=\"2012\"><img loading=\"lazy\" decoding=\"async\" width=\"300\" height=\"300\" src=\"https:\/\/esundy.nuclio.org\/wp-content\/uploads\/2019\/02\/2012-300x300.png\" class=\"attachment-flash-square size-flash-square wp-post-image\" alt=\"\" srcset=\"https:\/\/esundy.nuclio.org\/wp-content\/uploads\/2019\/02\/2012-300x300.png 300w, https:\/\/esundy.nuclio.org\/wp-content\/uploads\/2019\/02\/2012-150x150.png 150w\" sizes=\"auto, (max-width: 300px) 100vw, 300px\" \/><\/a><\/figure>\t\t<\/div>\n\t\t<div class=\"blog-content\">\n\t\t\t<h3 class=\"entry-title\"><a href=\"https:\/\/esundy.nuclio.org\/index.php\/en\/2019\/02\/16\/2012-2\/\">2012<\/a><\/h3>\n\t\t\t\t\t\t<div class=\"entry-meta\">\n\t\t\t\t<span class=\"entry-date\">\n\t\t\t\t\t<i class=\"fa fa-clock-o\"><\/i><a href=\"https:\/\/esundy.nuclio.org\/index.php\/en\/2019\/02\/16\/2012-2\/\" rel=\"bookmark\">February 16, 2019<\/a>\n\t\t\t\t<\/span>\n\t\t\t\t<span class=\"entry-author\">\n\t\t\t\t\t<i class=\"fa fa-user\"><\/i><a class=\"url fn n\" href=\"https:\/\/esundy.nuclio.org\/index.php\/author\/jrbl-734-e\/\">Joana Latas<\/a>\n\t\t\t\t<\/span>\n\t\t\t<\/div>\n\t\t\t\t\t\t<div class=\"entry-summary\">\n\t\t\t\t<p>&nbsp; Paloma Polo. Posici\u00f3n aparente (Apparent position)<\/p>\n\t\t\t<\/div>\n\t\t\t\t\t<\/div>\n\t<\/div>\n\t\t<div class=\"tg-blog-widget tg-column-2\">\n\t\t\t\t<div class=\"post-image \">\n\t\t\t<figure><a href=\"https:\/\/esundy.nuclio.org\/index.php\/en\/2019\/02\/16\/2009-2\/\" title=\"2009\"><img loading=\"lazy\" decoding=\"async\" width=\"300\" height=\"300\" src=\"https:\/\/esundy.nuclio.org\/wp-content\/uploads\/2019\/02\/2009-300x300.jpg\" class=\"attachment-flash-square size-flash-square wp-post-image\" alt=\"\" srcset=\"https:\/\/esundy.nuclio.org\/wp-content\/uploads\/2019\/02\/2009-300x300.jpg 300w, https:\/\/esundy.nuclio.org\/wp-content\/uploads\/2019\/02\/2009-150x150.jpg 150w\" sizes=\"auto, (max-width: 300px) 100vw, 300px\" \/><\/a><\/figure>\t\t<\/div>\n\t\t<div class=\"blog-content\">\n\t\t\t<h3 class=\"entry-title\"><a href=\"https:\/\/esundy.nuclio.org\/index.php\/en\/2019\/02\/16\/2009-2\/\">2009<\/a><\/h3>\n\t\t\t\t\t\t<div class=\"entry-meta\">\n\t\t\t\t<span class=\"entry-date\">\n\t\t\t\t\t<i class=\"fa fa-clock-o\"><\/i><a href=\"https:\/\/esundy.nuclio.org\/index.php\/en\/2019\/02\/16\/2009-2\/\" rel=\"bookmark\">February 16, 2019<\/a>\n\t\t\t\t<\/span>\n\t\t\t\t<span class=\"entry-author\">\n\t\t\t\t\t<i class=\"fa fa-user\"><\/i><a class=\"url fn n\" href=\"https:\/\/esundy.nuclio.org\/index.php\/author\/jrbl-734-e\/\">Joana Latas<\/a>\n\t\t\t\t<\/span>\n\t\t\t<\/div>\n\t\t\t\t\t\t<div class=\"entry-summary\">\n\t\t\t\t<p>&nbsp; \u00a0Celebrating the 1919 eclipse at Pr\u00edncipe<\/p>\n\t\t\t<\/div>\n\t\t\t\t\t<\/div>\n\t<\/div>\n\t\t<\/div>\n\t<\/div><!-- .blog-wrapper -->\n<\/div><\/div><\/div><\/div>","protected":false},"excerpt":{"rendered":"<p>Taking advantage of the proximity of the centenary of the astronomical observations which made Eddington travel to the Island of [&hellip;]<\/p>\n","protected":false},"author":2,"featured_media":0,"parent":1078,"menu_order":3,"comment_status":"closed","ping_status":"closed","template":"","meta":{"ngg_post_thumbnail":0,"footnotes":""},"class_list":["post-1119","page","type-page","status-publish","hentry"],"_links":{"self":[{"href":"https:\/\/esundy.nuclio.org\/index.php\/wp-json\/wp\/v2\/pages\/1119","targetHints":{"allow":["GET"]}}],"collection":[{"href":"https:\/\/esundy.nuclio.org\/index.php\/wp-json\/wp\/v2\/pages"}],"about":[{"href":"https:\/\/esundy.nuclio.org\/index.php\/wp-json\/wp\/v2\/types\/page"}],"author":[{"embeddable":true,"href":"https:\/\/esundy.nuclio.org\/index.php\/wp-json\/wp\/v2\/users\/2"}],"replies":[{"embeddable":true,"href":"https:\/\/esundy.nuclio.org\/index.php\/wp-json\/wp\/v2\/comments?post=1119"}],"version-history":[{"count":15,"href":"https:\/\/esundy.nuclio.org\/index.php\/wp-json\/wp\/v2\/pages\/1119\/revisions"}],"predecessor-version":[{"id":2120,"href":"https:\/\/esundy.nuclio.org\/index.php\/wp-json\/wp\/v2\/pages\/1119\/revisions\/2120"}],"up":[{"embeddable":true,"href":"https:\/\/esundy.nuclio.org\/index.php\/wp-json\/wp\/v2\/pages\/1078"}],"wp:attachment":[{"href":"https:\/\/esundy.nuclio.org\/index.php\/wp-json\/wp\/v2\/media?parent=1119"}],"curies":[{"name":"wp","href":"https:\/\/api.w.org\/{rel}","templated":true}]}}