{"id":1084,"date":"2019-02-16T20:55:35","date_gmt":"2019-02-16T20:55:35","guid":{"rendered":"http:\/\/esundy.nuclio.org\/?page_id=1084"},"modified":"2025-05-29T11:01:38","modified_gmt":"2025-05-29T10:01:38","slug":"homepage","status":"publish","type":"page","link":"https:\/\/esundy.nuclio.org\/index.php\/en\/homepage\/","title":{"rendered":"Homepage"},"content":{"rendered":"<div id=\"pl-1084\"  class=\"panel-layout\" ><div id=\"pg-1084-0\"  class=\"panel-grid panel-no-style\" ><div id=\"pgc-1084-0-0\"  class=\"panel-grid-cell\" ><div id=\"panel-1084-0-0-0\" class=\"so-panel widget widget_themegrill_flash_slider tg-section tg-slider-widget panel-first-child\" data-index=\"0\" ><div class=\"tg-slider-widget slider-dark slider-content-center slider-control-center full-width\">\n\t<div class=\"swiper-container\">\n\t\t<div class=\"swiper-wrapper\">\n\t\t\t\n\t\t\t\t\t<div class=\"swiper-slide\">\n\t\t\t\t\t\t<figure class=\"slider-image\" >\n\t\t\t\t\t\t\t<img width=\"1920\" height=\"700\"\t\t\t\t\t\t\t\t\tsrc=\"https:\/\/esundy.nuclio.org\/wp-content\/uploads\/2019\/11\/banner-fotos-1920-por-700-1.jpg\"\n\t\t\t\t\t\t\t\t\talt=\"E@S\"\n\t\t\t\t\t\t\t\t\ttitle=\"E@S\"\/>\n\t\t\t\t\t\t\t<div class=\"overlay\"><\/div>\n\t\t\t\t\t\t<\/figure>\n\t\t\t\t\t\t<div class=\"slider-content\">\n\t\t\t\t\t\t\t<div class=\"tg-container\">\n\t\t\t\t\t\t\t\t<div class=\"caption-title\">E@S<\/div>\n\t\t\t\t\t\t\t\t<div class=\"caption-desc\">in pictures<\/div>\n\t\t\t\t\t\t\t\t\t\t\t\t\t\t\t\t\t<div class=\"btn-wrapper\">\n\t\t\t\t\t\t\t\t\t\t<a href=\"https:\/\/esundy.nuclio.org\/index.php\/en\/es-in-pictures\/\">Read more<\/a>\n\t\t\t\t\t\t\t\t\t<\/div>\n\t\t\t\t\t\t\t\t\t\t\t\t\t\t\t<\/div>\n\t\t\t\t\t\t<\/div>\n\t\t\t\t\t<\/div>\n\n\t\t\t\t\n\t\t\t\t\t<div class=\"swiper-slide\">\n\t\t\t\t\t\t<figure class=\"slider-image\" >\n\t\t\t\t\t\t\t<img width=\"1920\" height=\"700\"\t\t\t\t\t\t\t\t\tsrc=\"https:\/\/esundy.nuclio.org\/wp-content\/uploads\/2019\/07\/1920x700mapav3.png\"\n\t\t\t\t\t\t\t\t\talt=\"Brithish expeditions of the 1919 solar eclipse\"\n\t\t\t\t\t\t\t\t\ttitle=\"Brithish expeditions of the 1919 solar eclipse\"\/>\n\t\t\t\t\t\t\t<div class=\"overlay\"><\/div>\n\t\t\t\t\t\t<\/figure>\n\t\t\t\t\t\t<div class=\"slider-content\">\n\t\t\t\t\t\t\t<div class=\"tg-container\">\n\t\t\t\t\t\t\t\t<div class=\"caption-title\">Brithish expeditions of the 1919 solar eclipse<\/div>\n\t\t\t\t\t\t\t\t<div class=\"caption-desc\">18 steps<\/div>\n\t\t\t\t\t\t\t\t\t\t\t\t\t\t\t\t\t<div class=\"btn-wrapper\">\n\t\t\t\t\t\t\t\t\t\t<a href=\"https:\/\/esundy.nuclio.org\/index.php\/expedicoes-britanicas-para-observacao-do-eclipse-solar-de-1919-passo-a-passo\/\">Read more<\/a>\n\t\t\t\t\t\t\t\t\t<\/div>\n\t\t\t\t\t\t\t\t\t\t\t\t\t\t\t<\/div>\n\t\t\t\t\t\t<\/div>\n\t\t\t\t\t<\/div>\n\n\t\t\t\t\n\t\t\t\t\t<div class=\"swiper-slide\">\n\t\t\t\t\t\t<figure class=\"slider-image\" >\n\t\t\t\t\t\t\t<img width=\"1920\" height=\"700\"\t\t\t\t\t\t\t\t\tsrc=\"https:\/\/esundy.nuclio.org\/wp-content\/uploads\/2019\/02\/1920_700_quem-est\u00e1-por-tr\u00e1s-do-projecto.jpg\"\n\t\t\t\t\t\t\t\t\talt=\"Who is behind the E@S?\"\n\t\t\t\t\t\t\t\t\ttitle=\"Who is behind the E@S?\"\/>\n\t\t\t\t\t\t\t<div class=\"overlay\"><\/div>\n\t\t\t\t\t\t<\/figure>\n\t\t\t\t\t\t<div class=\"slider-content\">\n\t\t\t\t\t\t\t<div class=\"tg-container\">\n\t\t\t\t\t\t\t\t<div class=\"caption-title\">Who is behind the E@S?<\/div>\n\t\t\t\t\t\t\t\t<div class=\"caption-desc\">Meet the team<\/div>\n\t\t\t\t\t\t\t\t\t\t\t\t\t\t\t\t\t<div class=\"btn-wrapper\">\n\t\t\t\t\t\t\t\t\t\t<a href=\"https:\/\/esundy.nuclio.org\/index.php\/en\/about-es\/team\/\">Read more<\/a>\n\t\t\t\t\t\t\t\t\t<\/div>\n\t\t\t\t\t\t\t\t\t\t\t\t\t\t\t<\/div>\n\t\t\t\t\t\t<\/div>\n\t\t\t\t\t<\/div>\n\n\t\t\t\t\n\t\t\t\t\t<div class=\"swiper-slide\">\n\t\t\t\t\t\t<figure class=\"slider-image\" >\n\t\t\t\t\t\t\t<img width=\"1920\" height=\"700\"\t\t\t\t\t\t\t\t\tsrc=\"https:\/\/esundy.nuclio.org\/wp-content\/uploads\/2019\/10\/Banner-RTP-1920-por-700-1.jpg\"\n\t\t\t\t\t\t\t\t\talt=\"Waiting for the stars\"\n\t\t\t\t\t\t\t\t\ttitle=\"Waiting for the stars\"\/>\n\t\t\t\t\t\t\t<div class=\"overlay\"><\/div>\n\t\t\t\t\t\t<\/figure>\n\t\t\t\t\t\t<div class=\"slider-content\">\n\t\t\t\t\t\t\t<div class=\"tg-container\">\n\t\t\t\t\t\t\t\t<div class=\"caption-title\">Waiting for the stars<\/div>\n\t\t\t\t\t\t\t\t<div class=\"caption-desc\">RTP \u00c1frica documentary<\/div>\n\t\t\t\t\t\t\t\t\t\t\t\t\t\t\t\t\t<div class=\"btn-wrapper\">\n\t\t\t\t\t\t\t\t\t\t<a href=\"https:\/\/www.rtp.pt\/play\/p5865\/espera-das-estrelas\">Watch here<\/a>\n\t\t\t\t\t\t\t\t\t<\/div>\n\t\t\t\t\t\t\t\t\t\t\t\t\t\t\t<\/div>\n\t\t\t\t\t\t<\/div>\n\t\t\t\t\t<\/div>\n\n\t\t\t\t\t\t<\/div>\n\t\t<div class=\"swiper-pagination\"><\/div>\n\t\t<div class=\"slider-arrow\">\n\t\t\t<div class=\"swiper-button-next\"><\/div>\n\t\t\t<div class=\"swiper-button-prev\"><\/div>\n\t\t<\/div>\n\t<\/div>\n<\/div>\n<\/div><div id=\"panel-1084-0-0-1\" class=\"widget_text so-panel widget widget_custom_html panel-last-child\" data-index=\"1\" ><div class=\"textwidget custom-html-widget\"><p>&nbsp;<\/p>\n<p>During the eclipse of the 29th of May 1919, the Island of Pr\u00edncipe, an island on the west coast of Africa, and Sobral, in Brazil, were the stage of historical astronomical observations undertaken by a group of astronomers led by Arthur Eddington in a joint expedition by the Royal Astronomical Society and the Royal Society. Those observations are a relevant milestone for the vision of the Universe we now have, given that they allowed, for the first time, to experimentally confirm Einstein\u2019s Theory of General Relativity.<\/p>\n\n<p>Eddington at Sundy: 100 years later is undertaking the celebration of the one hundredth anniversary of the 1919 eclipse, promoting initiatives on a global scale, but also having the goal of being a cornerstone to create an historic and scientific legacy in S\u00e3o Tom\u00e9 and Pr\u00edncipe, especially at Ro\u00e7a Sundy.\nBased on a concerted programme oriented for Science, History of Science, Science Education and Science Outreach, we aim that the Santomean population gradually takes ownership and that the international community gets involved.<\/p>\n\n<p>We highlight, among the initiatives, the organization of an <a href=\"https:\/\/esundy.nuclio.org\/index.php\/en\/island-of-principe\/celebrating-may\/\">international event taking place in Pr\u00edncipe<\/a> and a cycle of conferences in Lisbon, the creation of <a href=\"https:\/\/esundy.nuclio.org\/index.php\/en\/island-of-principe\/sundy-science-and-history-space\/\"> Sundy Science Space<\/a>\u00a0near the place of the observations in the island of Pr\u00edncipe, the production of a <a href=\"https:\/\/www.rtp.pt\/play\/p5865\/espera-das-estrelas\"> documentary <\/a> referent to the hundredth year of the episode in question, exhibitions and publication of articles resulting from the event\u2019s scientific and scientific outreach programme.<\/p> \n\n<p>We invite the scientific community and science historians, national and international, the school community and the whole of the population to join this initiative and contact us at: eddingtonatsundy@gmail.com.<\/p>\n\n<p> See the <a href=\"https:\/\/esundy.nuclio.org\/index.php\/en\/calendar-2\/\"> calendar <\/a>.<\/p>\n<p>&nbsp;<\/p><\/div><\/div><\/div><\/div><div id=\"pg-1084-1\"  class=\"panel-grid panel-no-style\" ><div id=\"pgc-1084-1-0\"  class=\"panel-grid-cell\" ><div id=\"panel-1084-1-0-0\" class=\"so-panel widget widget_text panel-first-child panel-last-child\" data-index=\"2\" ><h3 class=\"widget-title\">Like us on Facebool!<\/h3>\t\t\t<div class=\"textwidget\"><p>[efb_feed fanpage_id=&#8221;783366905200262&#8243; words_limit=&#8221;20&#8243; post_limit=&#8221;2&#8243; skin_id=&#8221;2373&#8243; cache_unit=&#8221;5&#8243; cache_duration=&#8221;days&#8221; links_new_tab=&#8221;1&#8243; show_like_box=&#8221;1&#8243;]<\/p>\n<\/div>\n\t\t<\/div><\/div><div id=\"pgc-1084-1-1\"  class=\"panel-grid-cell\" ><div id=\"panel-1084-1-1-0\" class=\"so-panel widget panel-first-child panel-last-child\" data-index=\"3\" ><\/div><\/div><\/div><\/div>","protected":false},"excerpt":{"rendered":"<p>[efb_feed fanpage_id=&#8221;783366905200262&#8243; words_limit=&#8221;20&#8243; post_limit=&#8221;2&#8243; skin_id=&#8221;2373&#8243; cache_unit=&#8221;5&#8243; cache_duration=&#8221;days&#8221; links_new_tab=&#8221;1&#8243; show_like_box=&#8221;1&#8243;]<\/p>\n","protected":false},"author":2,"featured_media":0,"parent":0,"menu_order":1,"comment_status":"closed","ping_status":"closed","template":"","meta":{"ngg_post_thumbnail":0,"footnotes":""},"class_list":["post-1084","page","type-page","status-publish","hentry"],"_links":{"self":[{"href":"https:\/\/esundy.nuclio.org\/index.php\/wp-json\/wp\/v2\/pages\/1084","targetHints":{"allow":["GET"]}}],"collection":[{"href":"https:\/\/esundy.nuclio.org\/index.php\/wp-json\/wp\/v2\/pages"}],"about":[{"href":"https:\/\/esundy.nuclio.org\/index.php\/wp-json\/wp\/v2\/types\/page"}],"author":[{"embeddable":true,"href":"https:\/\/esundy.nuclio.org\/index.php\/wp-json\/wp\/v2\/users\/2"}],"replies":[{"embeddable":true,"href":"https:\/\/esundy.nuclio.org\/index.php\/wp-json\/wp\/v2\/comments?post=1084"}],"version-history":[{"count":98,"href":"https:\/\/esundy.nuclio.org\/index.php\/wp-json\/wp\/v2\/pages\/1084\/revisions"}],"predecessor-version":[{"id":2845,"href":"https:\/\/esundy.nuclio.org\/index.php\/wp-json\/wp\/v2\/pages\/1084\/revisions\/2845"}],"wp:attachment":[{"href":"https:\/\/esundy.nuclio.org\/index.php\/wp-json\/wp\/v2\/media?parent=1084"}],"curies":[{"name":"wp","href":"https:\/\/api.w.org\/{rel}","templated":true}]}}