{"id":1039,"date":"2019-02-13T07:28:03","date_gmt":"2019-02-13T07:28:03","guid":{"rendered":"http:\/\/esundy.nuclio.org\/?page_id=1039"},"modified":"2025-05-29T11:01:39","modified_gmt":"2025-05-29T10:01:39","slug":"visao-2","status":"publish","type":"page","link":"https:\/\/esundy.nuclio.org\/index.php\/sobre\/visao-2\/","title":{"rendered":"Vis\u00e3o"},"content":{"rendered":"<p><img loading=\"lazy\" decoding=\"async\" class=\"wp-image-281 alignleft\" src=\"https:\/\/esundy.nuclio.org\/wp-content\/uploads\/2019\/01\/Eddington-copy-1-789x1024.jpg\" sizes=\"auto, (max-width: 789px) 100vw, 789px\" srcset=\"https:\/\/esundy.nuclio.org\/wp-content\/uploads\/2019\/01\/Eddington-copy-1-789x1024.jpg 789w, https:\/\/esundy.nuclio.org\/wp-content\/uploads\/2019\/01\/Eddington-copy-1-231x300.jpg 231w, https:\/\/esundy.nuclio.org\/wp-content\/uploads\/2019\/01\/Eddington-copy-1-768x997.jpg 768w, https:\/\/esundy.nuclio.org\/wp-content\/uploads\/2019\/01\/Eddington-copy-1-1568x2036.jpg 1568w\" alt=\"\" width=\"355\" height=\"461\" \/><\/p>\n<p id=\"visao\">As observa\u00e7\u00f5es realizadas em 29 de Maio de 1919 no Pr\u00edncipe foram um marco relevante para a Hist\u00f3ria da Ci\u00eancia e para a Ci\u00eancia.<\/p>\n<p>Embora tenha vindo a ser gradualmente valorizado pelos \u00f3rg\u00e3os governamentais da ilha e da popula\u00e7\u00e3o educativa, a proje\u00e7\u00e3o nacional e internacional deste epis\u00f3dio assenta numa linha de a\u00e7\u00e3o que deve ser inclu\u00edda quer num programa educacional, quer cient\u00edfico.<\/p>\n<div class=\"wp-block-column\">\n<p class=\"has-small-font-size\">Promover conex\u00f5es entre o epis\u00f3dio de 29 de Maio de 1919 com projetos internacionais \u00e9 um ve\u00edculo de comunica\u00e7\u00e3o com a comunidade cient\u00edfica internacional que, desejavelmente, dever\u00e1 acontecer de forma continuada.<\/p>\n<\/div>\n<p class=\"has-small-font-size\">O culminar das comemora\u00e7\u00f5es em 29 de Maio de 2019 dever\u00e1 refor\u00e7ar o orgulho local e ampliar a consci\u00eancia do valor hist\u00f3rico\u00a0da Ro\u00e7a Sundy.<\/p>\n<p>&nbsp;<\/p>\n<p>&nbsp;<\/p>\n<p>&nbsp;<\/p>\n<p>&nbsp;<\/p>\n","protected":false},"excerpt":{"rendered":"<p>As observa\u00e7\u00f5es realizadas em 29 de Maio de 1919 no Pr\u00edncipe foram um marco relevante para a Hist\u00f3ria da Ci\u00eancia [&hellip;]<\/p>\n","protected":false},"author":2,"featured_media":0,"parent":754,"menu_order":2,"comment_status":"closed","ping_status":"closed","template":"","meta":{"ngg_post_thumbnail":0,"footnotes":""},"class_list":["post-1039","page","type-page","status-publish","hentry"],"_links":{"self":[{"href":"https:\/\/esundy.nuclio.org\/index.php\/wp-json\/wp\/v2\/pages\/1039","targetHints":{"allow":["GET"]}}],"collection":[{"href":"https:\/\/esundy.nuclio.org\/index.php\/wp-json\/wp\/v2\/pages"}],"about":[{"href":"https:\/\/esundy.nuclio.org\/index.php\/wp-json\/wp\/v2\/types\/page"}],"author":[{"embeddable":true,"href":"https:\/\/esundy.nuclio.org\/index.php\/wp-json\/wp\/v2\/users\/2"}],"replies":[{"embeddable":true,"href":"https:\/\/esundy.nuclio.org\/index.php\/wp-json\/wp\/v2\/comments?post=1039"}],"version-history":[{"count":8,"href":"https:\/\/esundy.nuclio.org\/index.php\/wp-json\/wp\/v2\/pages\/1039\/revisions"}],"predecessor-version":[{"id":1050,"href":"https:\/\/esundy.nuclio.org\/index.php\/wp-json\/wp\/v2\/pages\/1039\/revisions\/1050"}],"up":[{"embeddable":true,"href":"https:\/\/esundy.nuclio.org\/index.php\/wp-json\/wp\/v2\/pages\/754"}],"wp:attachment":[{"href":"https:\/\/esundy.nuclio.org\/index.php\/wp-json\/wp\/v2\/media?parent=1039"}],"curies":[{"name":"wp","href":"https:\/\/api.w.org\/{rel}","templated":true}]}}